{"id":3593,"date":"2025-10-14T18:28:06","date_gmt":"2025-10-14T10:28:06","guid":{"rendered":"https:\/\/jer-tech.com\/?post_type=product&#038;p=3593"},"modified":"2025-10-16T19:24:29","modified_gmt":"2025-10-16T11:24:29","slug":"16-kanalli-ag-video-kaydedici","status":"publish","type":"product","link":"https:\/\/jer-tech.com\/tr\/urun\/16-kanalli-ag-video-kaydedici\/","title":{"rendered":"HiEasy 16 Kanal NVR 4K A\u011f Video Kaydedici Deste\u011fi AI \u0130\u015flevi"},"content":{"rendered":"","protected":false},"excerpt":{"rendered":"<p>JER-N316B Teknik \u00d6zellikler<br \/>\n16 kanal 4K eri\u015fimi destekler; y\u00fcz yakalama, y\u00fcz kar\u015f\u0131la\u015ft\u0131rma ve plaka tan\u0131ma i\u015flevlerini destekler;<br \/>\nY\u00fcz yakalama kar\u015f\u0131la\u015ft\u0131rma \u00e7al\u0131\u015fma modu: kanal modunun ayarlanmas\u0131 gerekir \u00d6n yakalama ve \u00f6n kar\u015f\u0131la\u015ft\u0131rma modu: 10 kanall\u0131 tam kanall\u0131 kar\u015f\u0131la\u015ft\u0131rma yapabilen 10 kanall\u0131 y\u00fcz yakalama ve kar\u015f\u0131la\u015ft\u0131rma kameras\u0131na ba\u011fl\u0131; \u00f6n yakalama ve \u00f6n kar\u015f\u0131la\u015ft\u0131rma kameras\u0131: T5AI-F Kar\u0131\u015f\u0131k mod: 10 kanal s\u0131radan kameraya ba\u011flan\u0131n, AI deste\u011fini etkinle\u015ftirmek i\u00e7in 1 kanal se\u00e7in ve ard\u0131ndan di\u011fer kanallarda s\u0131radan izleme ger\u00e7ekle\u015ftirin;<br \/>\n4K video \u00e7\u0131k\u0131\u015f\u0131n\u0131 destekler ve HDMI e\u015fzamanl\u0131 ses \u00e7\u0131k\u0131\u015f\u0131n\u0131 destekler;<br \/>\nKaynak bant geni\u015fli\u011fini optimize edin ve 80 Mbps eri\u015fimi destekleyin;<br \/>\n1.000 y\u00fcze kadar saklayabilen dahili y\u00fcz veritaban\u0131;<br \/>\nP6S kamera ile insan \u015fekli alg\u0131lama ve ara\u00e7 \u015fekli alg\u0131lama gibi alarm i\u015flevlerini destekler.<br \/>\nY\u00fcz yakalama ve y\u00fcz kar\u015f\u0131la\u015ft\u0131rmay\u0131 destekler (yapay zekay\u0131 g\u00fc\u00e7lendirmek i\u00e7in bir video kaydedici kullan\u0131n veya T5AI kamera ile i\u015fbirli\u011fi yap\u0131n);<br \/>\nYakalanan sayfalardaki y\u00fczlerin h\u0131zl\u0131 bir \u015fekilde depolanmas\u0131n\u0131 ve y\u00fczlerin veritaban\u0131na toplu olarak aktar\u0131lmas\u0131n\u0131 destekler;<br \/>\nVideolar\u0131 ki\u015finin ad\u0131na ve y\u00fcz g\u00f6r\u00fcnt\u00fcs\u00fcne g\u00f6re aramay\u0131 destekler; video arama daha h\u0131zl\u0131d\u0131r<br \/>\n\u00c7e\u015fitli kar\u015f\u0131la\u015ft\u0131rma kurallar\u0131n\u0131 destekler, ba\u011flant\u0131l\u0131 video kaydedici a\u00e7\u0131l\u0131r alarmlar\u0131n\u0131, sesli yay\u0131nlar\u0131 ve di\u011fer i\u015flevleri destekler;<br \/>\nKamera sesinin yerinde izlenmesi i\u00e7in hoparl\u00f6r aray\u00fcz\u00fcn\u00fc destekler; geni\u015fletilebilir giri\u015f ve \u00e7\u0131k\u0131\u015f i\u00e7in 3,5 mm ses aray\u00fcz\u00fcn\u00fc destekler.<br \/>\n\u25cf1 adet sabit s\u00fcr\u00fcc\u00fcye eri\u015fimi destekler, en b\u00fcy\u00fck sabit s\u00fcr\u00fcc\u00fc 14 TB'\u0131 destekler;<br \/>\nVideo oynatma zaman \u00e7izelgesinde g\u00f6r\u00fcnt\u00fclenir ve video t\u00fcr\u00fc renkle g\u00f6sterilerek video verilerinin kolay ve h\u0131zl\u0131 bir \u015fekilde al\u0131nmas\u0131n\u0131 sa\u011flar.<br \/>\nVideo yedekleme i\u015flevini destekler ve yedekleme saniyeye kadar do\u011fru olabilir.<br \/>\n\u00d6n u\u00e7 kamera adreslerinin toplu olarak de\u011fi\u015ftirilmesini, otomatik resim \u00e7\u0131k\u0131\u015f\u0131n\u0131 ve a\u011flar aras\u0131 segment resim \u00e7\u0131k\u0131\u015f\u0131 i\u015flevlerini destekler;<br \/>\nONVIF protokol\u00fcn\u00fc destekler;<br \/>\n\u00d6n u\u00e7 kamera g\u00f6r\u00fcnt\u00fc parametrelerini kontrol etme i\u015flevini destekler;<br \/>\n\u00c7oklu oynatma modlar\u0131, h\u0131zl\u0131 ileri sarma, geri sarma ve di\u011fer i\u015flevler;<br \/>\nEasyVMS bilgisayar istemci yaz\u0131l\u0131m\u0131, kay\u0131tlar\u0131 uzaktan izlemek ve oynatmak i\u00e7in kullan\u0131labilir.<br \/>\nKay\u0131tlar\u0131 uzaktan izlemek ve oynatmak i\u00e7in P6SLite cep telefonu yaz\u0131l\u0131m\u0131n\u0131 kullanabilirsiniz;<\/p>\n<p><strong>\u00d6zellikler:<\/strong><\/p>\n<table width=\"1164\">\n<tbody>\n<tr>\n<td colspan=\"2\" width=\"1164\">Sistem<\/td>\n<\/tr>\n<tr>\n<td>Model<\/td>\n<td width=\"970\">JER-N316B<\/td>\n<\/tr>\n<tr>\n<td>Ana Yonga Seti<\/td>\n<td width=\"970\">A1N<\/td>\n<\/tr>\n<tr>\n<td>\u00c7al\u0131\u015fma aray\u00fcz\u00fc<\/td>\n<td width=\"970\">Grafik i\u015flem aray\u00fcz\u00fc, fare i\u015flemini destekler<\/td>\n<\/tr>\n<tr>\n<td>G\u00f6r\u00fcnt\u00fc ekran\u0131<\/td>\n<td width=\"970\">1\/4\/6\/9\/16 ekran<\/td>\n<\/tr>\n<tr>\n<td colspan=\"2\">Video<\/td>\n<\/tr>\n<tr>\n<td>Video eri\u015fimi<\/td>\n<td width=\"970\">16ch 4K<\/td>\n<\/tr>\n<tr>\n<td>Video karesi<\/td>\n<td width=\"970\">\u00a0NTSC@ 30fps\uff0cPAL@25fps<\/td>\n<\/tr>\n<tr>\n<td>Video \u00e7\u0131k\u0131\u015f\u0131<\/td>\n<td width=\"970\">VGA*1, HDMI*1<\/td>\n<\/tr>\n<tr>\n<td>G\u00f6r\u00fcnt\u00fc kod \u00e7\u00f6zme<\/td>\n<td width=\"970\">H.264\/H.265<\/td>\n<\/tr>\n<tr>\n<td>Alan t\u0131kan\u0131kl\u0131\u011f\u0131<\/td>\n<td width=\"970\">Destek (kamera deste\u011fine ihtiya\u00e7 var)<\/td>\n<\/tr>\n<tr>\n<td>Hareket alg\u0131lama<\/td>\n<td width=\"970\">Destek (kamera deste\u011fine ihtiya\u00e7 var)<\/td>\n<\/tr>\n<tr>\n<td colspan=\"2\">Ak\u0131ll\u0131 fonksiyon<\/td>\n<\/tr>\n<tr>\n<td>E-\u00e7it<\/td>\n<td width=\"970\">Destek, ba\u011flant\u0131 itme, geni\u015f ekran, NVR sesli alarm ve di\u011fer alarm i\u015flevleri (kamera deste\u011fine ihtiya\u00e7 duyar)<\/td>\n<\/tr>\n<tr>\n<td>ge\u00e7i\u015f<\/td>\n<td width=\"970\">Destek, ba\u011flant\u0131 itme, geni\u015f ekran, NVR sesli alarm ve di\u011fer alarm i\u015flevleri (kamera deste\u011fine ihtiya\u00e7 duyar)<\/td>\n<\/tr>\n<tr>\n<td>G\u00f6rev kapatma alg\u0131lama<\/td>\n<td width=\"970\">Destek, ba\u011flant\u0131 itme, geni\u015f ekran, NVR sesli alarm ve di\u011fer alarm i\u015flevleri (kamera deste\u011fine ihtiya\u00e7 duyar)<\/td>\n<\/tr>\n<tr>\n<td>yolcu ak\u0131\u015f istatistikleri<\/td>\n<td width=\"970\">Yolcu ak\u0131\u015f\u0131 sorgusunu destekleyin (kamera deste\u011fine ihtiya\u00e7 var)<\/td>\n<\/tr>\n<tr>\n<td rowspan=\"2\">Y\u00fcz yakalama<\/td>\n<td width=\"970\">Y\u00fcz yakalama deste\u011fi<\/td>\n<\/tr>\n<tr>\n<td width=\"970\">NVR yakalama: Ayn\u0131 anda saniyede 8 ki\u015fiyi yakalar, 20*20-384*384 y\u00fcz piksel boyutlar\u0131n\u0131 destekler<\/td>\n<\/tr>\n<tr>\n<td rowspan=\"3\" width=\"194\">Y\u00fcz kar\u015f\u0131la\u015ft\u0131rmas\u0131<\/td>\n<td width=\"970\">Kamera yakalama ve Kamera kar\u015f\u0131la\u015ft\u0131rma modu: 10 y\u00fcz yakalama ve kar\u015f\u0131la\u015ft\u0131rma kameras\u0131 ba\u011flayarak tam 10 kanal kar\u015f\u0131la\u015ft\u0131rmas\u0131na olanak tan\u0131r; (Y\u00fcz yakalama ve kar\u015f\u0131la\u015ft\u0131rma kameras\u0131: T5AI-F)<\/p>\n<p>Hibrit mod: 10 s\u0131radan kamera ba\u011flay\u0131n, AI'y\u0131 etkinle\u015ftirmek i\u00e7in 1 kanal se\u00e7in, ard\u0131ndan \u00e7ekim yap\u0131n ve di\u011fer kanallar\u0131 s\u0131radan izleme i\u00e7in kullan\u0131n.<\/p>\n<p>Siyah ve beyaz liste kar\u015f\u0131la\u015ft\u0131rma i\u015flevini destekler, \u00e7oklu kural ayarlar\u0131n\u0131 destekler ve birden fazla alarm y\u00f6ntemini ba\u011flayabilir.<\/p>\n<p>1000 y\u00fcz\u00fc destekler;<\/td>\n<\/tr>\n<tr>\n<td width=\"970\">Beyaz liste ve kara listeyi destekleyin, \u00e7oklu kural kurulumunu destekleyin ve \u00e7oklu formatlar\u0131 ba\u011flay\u0131n.<\/td>\n<\/tr>\n<tr>\n<td width=\"970\">NVR kar\u015f\u0131la\u015ft\u0131rmas\u0131: saniyede 2 ki\u015fiyi ayn\u0131 anda kar\u015f\u0131la\u015ft\u0131rabilir<\/td>\n<\/tr>\n<tr>\n<td>Alarm Fonksiyonu<\/td>\n<td width=\"970\">NVR alarm a\u00e7\u0131l\u0131r pencerelerini destekler, NVR ses yay\u0131n\u0131 ba\u011flant\u0131s\u0131n\u0131 destekler ve NVR ak\u0131ll\u0131 kayd\u0131 destekler.<br \/>\nY\u00fcz\/plaka g\u00f6r\u00fcnt\u00fcs\u00fcne g\u00f6re video aramay\u0131, isme\/plaka numaras\u0131na g\u00f6re video aramay\u0131 ve USB \u00fczerinden g\u00f6r\u00fcnt\u00fc y\u00fckleyerek video aramay\u0131 destekler;<\/td>\n<\/tr>\n<tr>\n<td>Ak\u0131ll\u0131 oynatma<\/td>\n<td width=\"970\">AI i\u015flevi alma ve oynatma deste\u011fi; Personel ad\u0131 ve y\u00fcz g\u00f6r\u00fcnt\u00fclerine g\u00f6re video arama deste\u011fi<\/td>\n<\/tr>\n<tr>\n<td colspan=\"2\">Ses<\/td>\n<\/tr>\n<tr>\n<td>Sesli alarm<\/td>\n<td width=\"970\">Kamera sesli alarm istemini ayarlama (kameran\u0131n sesli alarm istemlerini desteklemesi gerekir)<\/td>\n<\/tr>\n<tr>\n<td>Ses format\u0131<\/td>\n<td width=\"970\">G.711U\u3001G.711A\u3001G.726<\/td>\n<\/tr>\n<tr>\n<td>Sesli interkom<\/td>\n<td width=\"970\">Desteklenir, ses geni\u015fletilmi\u015f kart\u0131na ihtiya\u00e7 duyar<\/td>\n<\/tr>\n<tr>\n<td>Ses giri\u015fi<\/td>\n<td width=\"970\">Kanal say\u0131s\u0131na g\u00f6re 1:1 a\u011f ses giri\u015fi<\/td>\n<\/tr>\n<tr>\n<td>Ses \u00e7\u0131k\u0131\u015f\u0131<\/td>\n<td width=\"970\">HDMI ses \u00e7\u0131k\u0131\u015f\u0131n\u0131, 3,5 mm ses \u00e7\u0131k\u0131\u015f\u0131n\u0131 ve hoparl\u00f6r ses \u00e7\u0131k\u0131\u015fl\u0131 1,25 pimli ba\u011flant\u0131y\u0131 destekler<\/td>\n<\/tr>\n<tr>\n<td colspan=\"2\">Oynatma<\/td>\n<\/tr>\n<tr>\n<td>Kay\u0131t y\u00f6ntemi<\/td>\n<td width=\"970\">Zamanl\u0131 kay\u0131t, hareket alg\u0131lamal\u0131 kay\u0131t, manuel kay\u0131t ve ak\u0131ll\u0131 kay\u0131t<\/td>\n<\/tr>\n<tr>\n<td width=\"194\">Oynatma kanal\u0131<\/td>\n<td width=\"970\">1*4K\/2*5MP<\/td>\n<\/tr>\n<tr>\n<td>Kay\u0131t sorgusu<\/td>\n<td width=\"970\">Zaman oynatma, tarama oynatma, ak\u0131ll\u0131 olay oynatma, g\u00f6r\u00fcnt\u00fc arama ve kay\u0131t<\/td>\n<\/tr>\n<tr>\n<td colspan=\"2\">Depolama yedeklemesi<\/td>\n<\/tr>\n<tr>\n<td>Video depolama<\/td>\n<td width=\"970\">Yerel sabit disk, a\u011f<\/td>\n<\/tr>\n<tr>\n<td>Yedekleme t\u00fcr\u00fc<\/td>\n<td width=\"970\">USB Ta\u015f\u0131nabilir depolama ayg\u0131t\u0131, U-disk<\/td>\n<\/tr>\n<tr>\n<td colspan=\"2\">Uzaktan izleme<\/td>\n<\/tr>\n<tr>\n<td>Mobil izleme<\/td>\n<td width=\"970\">Uygulama: Hieasy\uff0c PC: EasyVMS<\/td>\n<\/tr>\n<tr>\n<td width=\"194\">Uzak kanal say\u0131s\u0131<\/td>\n<td width=\"970\">Ayn\u0131 anda 8 kullan\u0131c\u0131 ba\u011flant\u0131s\u0131 ile ayn\u0131 anda 32ch'ye kadar \u00f6nizleme;<\/td>\n<\/tr>\n<tr>\n<td colspan=\"2\">Harici Aray\u00fcz<\/td>\n<\/tr>\n<tr>\n<td>Video \u00e7\u0131k\u0131\u015f\u0131<\/td>\n<td width=\"970\">1 adet VGA, 1 adet HDMI<\/td>\n<\/tr>\n<tr>\n<td>\u015eebeke<\/td>\n<td width=\"970\">1 adet RJ45 100M, kendinden uyarlamal\u0131 Ethernet aray\u00fcz\u00fc<\/td>\n<\/tr>\n<tr>\n<td>USB<\/td>\n<td width=\"970\">2 adet USB 2.0<\/td>\n<\/tr>\n<tr>\n<td>Sabit disk<\/td>\n<td width=\"970\">1 adet SATA 2.0; maksimum 14T deste\u011fi<\/td>\n<\/tr>\n<tr>\n<td colspan=\"2\">Di\u011fer<\/td>\n<\/tr>\n<tr>\n<td>Pan e\u011fim kontrol\u00fc<\/td>\n<td width=\"970\">PTZ kameralar\u0131 a\u011f \u00fczerinden kontrol edin<\/td>\n<\/tr>\n<tr>\n<td>ONVIF<\/td>\n<td width=\"970\">Destek<\/td>\n<\/tr>\n<tr>\n<td>G\u00fc\u00e7<\/td>\n<td width=\"970\">DC12V 5A<\/td>\n<\/tr>\n<tr>\n<td>\u00c7al\u0131\u015fma ortam\u0131<\/td>\n<td width=\"970\">-10\u2103~+50\u2103 10%\uff5e95%RH<\/td>\n<\/tr>\n<\/tbody>\n<\/table>\n<p>&nbsp;<\/p>\n<p>&nbsp;<\/p>","protected":false},"featured_media":3596,"comment_status":"open","ping_status":"closed","template":"","meta":{"_seopress_robots_primary_cat":"none","_seopress_titles_title":"H.265 HiEasy 16CH NVR 4K Network Video Recorder Support AI Function","_seopress_titles_desc":"Professional 16ch 4K Network Video Recorder support human shape detection and vehicle shape detection. Contact JER Company for CCTV OEM services.","_seopress_robots_index":""},"product_brand":[],"product_cat":[60],"product_tag":[],"class_list":{"0":"post-3593","1":"product","2":"type-product","3":"status-publish","4":"has-post-thumbnail","6":"product_cat-nvr","8":"first","9":"instock","10":"shipping-taxable","11":"product-type-simple"},"_links":{"self":[{"href":"https:\/\/jer-tech.com\/tr\/wp-json\/wp\/v2\/product\/3593","targetHints":{"allow":["GET"]}}],"collection":[{"href":"https:\/\/jer-tech.com\/tr\/wp-json\/wp\/v2\/product"}],"about":[{"href":"https:\/\/jer-tech.com\/tr\/wp-json\/wp\/v2\/types\/product"}],"replies":[{"embeddable":true,"href":"https:\/\/jer-tech.com\/tr\/wp-json\/wp\/v2\/comments?post=3593"}],"wp:featuredmedia":[{"embeddable":true,"href":"https:\/\/jer-tech.com\/tr\/wp-json\/wp\/v2\/media\/3596"}],"wp:attachment":[{"href":"https:\/\/jer-tech.com\/tr\/wp-json\/wp\/v2\/media?parent=3593"}],"wp:term":[{"taxonomy":"product_brand","embeddable":true,"href":"https:\/\/jer-tech.com\/tr\/wp-json\/wp\/v2\/product_brand?post=3593"},{"taxonomy":"product_cat","embeddable":true,"href":"https:\/\/jer-tech.com\/tr\/wp-json\/wp\/v2\/product_cat?post=3593"},{"taxonomy":"product_tag","embeddable":true,"href":"https:\/\/jer-tech.com\/tr\/wp-json\/wp\/v2\/product_tag?post=3593"}],"curies":[{"name":"wp","href":"https:\/\/api.w.org\/{rel}","templated":true}]}}