{"id":3587,"date":"2025-10-14T17:58:21","date_gmt":"2025-10-14T09:58:21","guid":{"rendered":"https:\/\/jer-tech.com\/?post_type=product&#038;p=3587"},"modified":"2025-10-14T18:02:56","modified_gmt":"2025-10-14T10:02:56","slug":"64ch-4k-nvr","status":"publish","type":"product","link":"https:\/\/jer-tech.com\/tr\/urun\/64ch-4k-nvr\/","title":{"rendered":"AI Fonksiyon Deste\u011fi ile 64CH 4K NVR 8 adet 10TB Sabit Disk"},"content":{"rendered":"","protected":false},"excerpt":{"rendered":"<p><strong>\u00d6zellikler<\/strong><\/p>\n<p>\u25c664ch tam ger\u00e7ek zamanl\u0131 a\u011f video eri\u015fimi, 64ch 4K eri\u015fim, 2U kasa NVR<\/p>\n<p>\u25c6H.265 kod \u00e7\u00f6zme, g\u00f6m\u00fcl\u00fc Linux i\u015fletim sistemi<\/p>\n<p>Senkron kay\u0131t, uzaktan izleme ve yedeklemeyi destekler<\/p>\n<p>\u25c6 \u00c7ift HDMI hetero kaynak \u00e7\u0131k\u0131\u015f\u0131 ve 4K y\u00fcksek \u00e7\u00f6z\u00fcn\u00fcrl\u00fckl\u00fc \u00f6nizleme deste\u011fi<\/p>\n<p>\u25c6 \u00d6nizleme g\u00f6r\u00fcnt\u00fclerinin ve oynatma g\u00f6r\u00fcnt\u00fclerinin elektronik amplifikasyonunu destekler<\/p>\n<p>\u25c6 Standart ONVIF, RTSP, GB28181 protokolleri<\/p>\n<p>Harici alarm, \u00e7ift a\u011f ba\u011flant\u0131 noktas\u0131, iki y\u00f6nl\u00fc sesli interkom, alarm anl\u0131k g\u00f6r\u00fcnt\u00fcs\u00fc ve alarm e-postas\u0131 g\u00f6nderme i\u015flevlerini destekler<\/p>\n<p>DDNS, EMAIL, UPNP, NTP, P2P ve di\u011fer i\u015flevleri destekler<\/p>\n<p>\u25c6 WEB, cep telefonu izleme, istemci deste\u011fi<\/p>\n<p>\u25c6 \u0130ki depolama modunu destekler: farkl\u0131 kanallar i\u00e7in farkl\u0131 kay\u0131t depolama kapasiteleri tahsis edebilen disk grubu kotas\u0131 ve disk grubu.<\/p>\n<p>IPC parametre yap\u0131land\u0131rmas\u0131, bilgi i\u00e7e ve d\u0131\u015fa aktarma, ger\u00e7ek zamanl\u0131 bilgi edinme ve di\u011fer i\u015flevler dahil olmak \u00fczere IPC merkezi y\u00f6netimini destekler<\/p>\n<p>\u25c6 \u00c7ift a\u011f IP ayarlar\u0131n\u0131 ve di\u011ferlerini destekleyen \u00e7ift Gigabit a\u011f kart\u0131<\/p>\n<p>RAID0, RAID1, RAID5, RAID6 ve RAID10, global s\u0131cak yedekleme deste\u011fi<\/p>\n<p>\u25c6 Kanal gruplama ve \u00f6nizleme turunu destekleyin<\/p>\n<p>A\u011f alg\u0131lamay\u0131 (a\u011f trafi\u011fi izleme, a\u011f paketi yakalama, a\u011f d\u00fczg\u00fcnl\u00fc\u011f\u00fc) ve di\u011fer i\u015flevleri destekler<\/p>\n<p>\u25c6 16ch 1080P videoya kadar senkronize oynatma ve \u00e7ok kanall\u0131 senkronize ters oynatma deste\u011fi<\/p>\n<p>\u25c6An\u0131nda oynatma i\u015flevini destekler,<\/p>\n<p>\u25c6Yepyeni UI i\u015fletim aray\u00fcz\u00fc, kay\u0131t i\u015flevini ba\u015flatmak i\u00e7in tek t\u0131klamay\u0131 destekler<\/p>\n<p>\u25c6 N+1 s\u0131cak yedekleme ve IP filtreleme deste\u011fi<\/p>\n<p>\u25c6 Uzaktan izleme ve video oynatma i\u00e7in EasyVMS bilgisayar istemci yaz\u0131l\u0131m\u0131n\u0131 destekleyin<\/p>\n<p>\u25c6 Uzaktan izleme ve video oynatma i\u00e7in HiEasy cep telefonu yaz\u0131l\u0131m\u0131n\u0131 destekleyin<\/p>\n<p>&nbsp;<\/p>","protected":false},"featured_media":3592,"comment_status":"open","ping_status":"closed","template":"","meta":{"_seopress_robots_primary_cat":"none","_seopress_titles_title":"H.265 Professional HiEasy 64CH 4K NVR with AI Function Support 8pcs 10TB Hard Disk","_seopress_titles_desc":"Looking for a reliable 64CH4K NVR supplier? Contact JER Company and we will provide you with professional CCTV solutions.","_seopress_robots_index":""},"product_brand":[],"product_cat":[60],"product_tag":[],"class_list":{"0":"post-3587","1":"product","2":"type-product","3":"status-publish","4":"has-post-thumbnail","6":"product_cat-nvr","8":"first","9":"instock","10":"shipping-taxable","11":"product-type-simple"},"_links":{"self":[{"href":"https:\/\/jer-tech.com\/tr\/wp-json\/wp\/v2\/product\/3587","targetHints":{"allow":["GET"]}}],"collection":[{"href":"https:\/\/jer-tech.com\/tr\/wp-json\/wp\/v2\/product"}],"about":[{"href":"https:\/\/jer-tech.com\/tr\/wp-json\/wp\/v2\/types\/product"}],"replies":[{"embeddable":true,"href":"https:\/\/jer-tech.com\/tr\/wp-json\/wp\/v2\/comments?post=3587"}],"wp:featuredmedia":[{"embeddable":true,"href":"https:\/\/jer-tech.com\/tr\/wp-json\/wp\/v2\/media\/3592"}],"wp:attachment":[{"href":"https:\/\/jer-tech.com\/tr\/wp-json\/wp\/v2\/media?parent=3587"}],"wp:term":[{"taxonomy":"product_brand","embeddable":true,"href":"https:\/\/jer-tech.com\/tr\/wp-json\/wp\/v2\/product_brand?post=3587"},{"taxonomy":"product_cat","embeddable":true,"href":"https:\/\/jer-tech.com\/tr\/wp-json\/wp\/v2\/product_cat?post=3587"},{"taxonomy":"product_tag","embeddable":true,"href":"https:\/\/jer-tech.com\/tr\/wp-json\/wp\/v2\/product_tag?post=3587"}],"curies":[{"name":"wp","href":"https:\/\/api.w.org\/{rel}","templated":true}]}}