{"id":3338,"date":"2025-08-16T21:55:53","date_gmt":"2025-08-16T13:55:53","guid":{"rendered":"https:\/\/jer-tech.com\/?post_type=product&#038;p=3338"},"modified":"2025-08-16T21:55:54","modified_gmt":"2025-08-16T13:55:54","slug":"yuz-tanima-ai-ip-kamera","status":"publish","type":"product","link":"https:\/\/jer-tech.com\/tr\/urun\/yuz-tanima-ai-ip-kamera\/","title":{"rendered":"5MP AI IP Kameralar Y\u00fcz Tan\u0131ma Deste\u011fi"},"content":{"rendered":"","protected":false},"excerpt":{"rendered":"<p>1. 1\/2,7\u2033 T41NQ+SC500AI, HD Y\u00fcksek Hassasiyetli CMOS Sens\u00f6r,<br \/>\n2. H.264, H.265 Kodlama Formatlar\u0131n\u0131 Destekler<br \/>\nAna Ak\u0131\u015f \u00c7\u00f6z\u00fcn\u00fcrl\u00fckleri: 5MP (2880 * 1624) \/ 4MP (2560 * 1440) \/ 3MP (2304 * 1296) \/ 2MP (1920 * 1080)<br \/>\nAlt Ak\u0131\u015f \u00c7\u00f6z\u00fcn\u00fcrl\u00fckleri: 448P (800 * 448) \/ D1 (704 * 576) \/ 360P (640 * 360) \/ CIF (352 * 288)<br \/>\n3. E\u015fzamanl\u0131 \u00e7ift ak\u0131\u015f \u00e7\u0131k\u0131\u015f\u0131n\u0131 destekler.<br \/>\n4. Y\u00fcz\/plaka algoritmalar\u0131yla optimum performans i\u00e7in 6 mm HD lens kullan\u0131n.<br \/>\n5. \u0130ste\u011fe ba\u011fl\u0131 ak\u0131ll\u0131 algoritma aktivasyonu: Y\u00fcz Tan\u0131ma, Plaka Yap\u0131land\u0131rma Algoritmas\u0131, Alev Alg\u0131lama Algoritmas\u0131.<br \/>\n<strong>6. \u0130nsan\/Ara\u00e7 \u015eekli Alg\u0131lama Algoritmas\u0131 (Y\u00fcz Tan\u0131ma, Plaka Tan\u0131ma veya Alev Alg\u0131laman\u0131n etkinle\u015ftirilmesini gerektirir).<\/strong><br \/>\n1) AI Uzatma Uygulamalar\u0131: Elektronik \u00c7it, \u0130zinsiz Giri\u015f Tespiti, G\u00f6zetimsiz Posta Tespiti, \u0130nsan Sayma, Ara\u00e7 Sayma.<br \/>\n<strong>7. Ak\u0131ll\u0131 Y\u00fcz Yakalama ve Tan\u0131ma Algoritmas\u0131:<\/strong><br \/>\n1) Kare ba\u015f\u0131na 6 adede kadar y\u00fcz\u00fcn alg\u0131lanmas\u0131n\u0131 ve izlenmesini destekler.<br \/>\n2) H\u0131zl\u0131 yakalama veya kaliteli yakalamay\u0131 destekler (ayarlanabilir y\u00fcz kalitesi e\u015fikleri); ayn\u0131 anda 6 y\u00fcze kadar yakalar; minimum alg\u0131lanabilir y\u00fcz boyutu: 20\u00d720 piksel.<br \/>\n3) Y\u00fcz kar\u015f\u0131la\u015ft\u0131rmas\u0131n\u0131 destekler.<br \/>\n4) Maske alg\u0131lamay\u0131 destekler.<br \/>\n5) Ba\u011f\u0131ms\u0131z olarak \u00e7al\u0131\u015f\u0131r (ba\u011f\u0131ms\u0131z); VMS, APP veya NVR arac\u0131l\u0131\u011f\u0131yla cihaza y\u00fcz foto\u011fraflar\u0131n\u0131n y\u00fcklenmesini destekler; beyaz liste \/ kara liste alarm ba\u011flant\u0131s\u0131n\u0131 destekler.<br \/>\n6) Uyumlu Ak\u0131ll\u0131 NVR'lerle (N310B, N316B, N336A modelleri) e\u015fle\u015ftirildi\u011finde, i\u015flevleri etkinle\u015ftirir: y\u00fcz veritaban\u0131 y\u00f6netimi, beyaz liste \/ kara liste alarm ba\u011flant\u0131s\u0131, yabanc\u0131 arama ve kay\u0131tlar\u0131 y\u00fcze g\u00f6re arama.<br \/>\n<strong>8. Plaka Yakalama, Tan\u0131ma ve Yap\u0131land\u0131rma Algoritmas\u0131:<\/strong><\/p>\n<p>1) K\u00fcresel plaka yakalamay\u0131 destekler.<br \/>\n2) Plaka rengini, plaka bilgisini ve ara\u00e7 tipi bilgisini tan\u0131r.<br \/>\n3) Otomatik \u00e7al\u0131\u015fma modu anahtar\u0131: Plaka alg\u0131lanmad\u0131\u011f\u0131nda sahne g\u00f6r\u00fcn\u00fcrl\u00fc\u011f\u00fcn\u00fc optimize eder, plaka tan\u0131ma moduna ge\u00e7er ve bir plaka alg\u0131land\u0131\u011f\u0131nda pozlamay\u0131 optimize eder.<br \/>\n4) Tan\u0131nan plaka numaras\u0131 ve ara\u00e7 tipi bilgileri video ak\u0131\u015f\u0131n\u0131n \u00fczerine yerle\u015ftirilebilir.<br \/>\n5) Farkl\u0131 uygulama senaryolar\u0131 i\u00e7in otomatik yakalama modunu ve manuel yakalama modunu destekler.<br \/>\n6) Uyumlu Intelligent NVR'lerle (N310B, N316B, N336A modelleri) e\u015fle\u015ftirildi\u011finde, i\u015flevleri etkinle\u015ftirir: plaka veritaban\u0131 y\u00f6netimi, bilinmeyen plaka kayd\u0131, beyaz liste\/kara liste alarm ba\u011flant\u0131s\u0131, plakaya g\u00f6re kay\u0131t arama.<br \/>\n<strong>9. Alev Alg\u0131lama Algoritmas\u0131:<\/strong><br \/>\n1) Genel g\u00fcvenlik\/h\u0131rs\u0131zl\u0131k \u00f6nleme i\u00e7in 7\/24 s\u00fcrekli izleme; alev tespit edildi\u011finde yang\u0131n alarm\u0131n\u0131 tetikler.<br \/>\n2) Minimum alg\u0131lama piksel boyutu: 50\u00d780 piksel.<br \/>\n3) Yanl\u0131\u015f alarmlar\u0131 en aza indirirken y\u00fcksek hassasiyet i\u00e7in alev spektral \u00f6zellikleri ve yang\u0131n g\u00f6vdesi \u00f6zellikleri tespiti ile birlikte g\u00f6r\u00fcnt\u00fc analizi kullan\u0131r.<br \/>\n10. \u0130ki y\u00f6nl\u00fc sesli ileti\u015fim i\u00e7in Ses Giri\u015fi ve \u00c7\u0131k\u0131\u015f\u0131n\u0131 destekler; Alarm Giri\u015fi ve \u00c7\u0131k\u0131\u015f\u0131n\u0131 destekler.<br \/>\n11. FTP i\u015flevselli\u011fini destekler (resim y\u00fckleme dahil); protokolleri destekler: GB28181, MQTT, HTTP\/HTTPS.<br \/>\n12. TF kart depolamay\u0131 destekler (512GB kapasiteye kadar).<br \/>\n13. Gizlilik Maskelemeyi destekler (belirli alanlar\u0131 gizlemek i\u00e7in); OSD metin kaplamas\u0131n\u0131 destekler;<br \/>\n14. A\u011f zaman senkronizasyonunu (NTP) destekler.<br \/>\n15. Mobil Uygulamalar (iOS, Android) ve PC istemcileri arac\u0131l\u0131\u011f\u0131yla uzaktan izlemeyi destekler.<\/p>\n<table style=\"border-collapse: collapse; width: 756.62pt;\" border=\"0\" width=\"1261\" cellspacing=\"0\" cellpadding=\"0\">\n<tbody>\n<tr style=\"height: 31.00pt;\">\n<td class=\"et3\" style=\"height: 31.00pt; width: 756.60pt;\" colspan=\"2\" width=\"1261\" height=\"51\">Fonksiyon<\/td>\n<\/tr>\n<tr style=\"height: 38.00pt;\">\n<td class=\"et4\" style=\"height: 38.00pt; width: 129.60pt;\" width=\"216\" height=\"63\">D\/N anahtar\u0131<\/td>\n<td class=\"et4\" style=\"width: 627.00pt;\" width=\"1045\">D\/N anahtarlama deste\u011fi (IR-CUT iste\u011fe ba\u011fl\u0131)<\/td>\n<\/tr>\n<tr style=\"height: 38.00pt;\">\n<td class=\"et4\" style=\"height: 38.00pt; width: 129.60pt;\" width=\"216\" height=\"63\">Beyaz dengesi<\/td>\n<td class=\"et4\" style=\"width: 627.00pt;\" width=\"1045\">Otomatik beyaz dengesi deste\u011fi<\/td>\n<\/tr>\n<tr style=\"height: 38.00pt;\">\n<td class=\"et4\" style=\"height: 38.00pt; width: 129.60pt;\" width=\"216\" height=\"63\">G\u00fcr\u00fclt\u00fc Azaltma<\/td>\n<td class=\"et4\" style=\"width: 627.00pt;\" width=\"1045\">3DNR'yi Destekleyin<\/td>\n<\/tr>\n<tr style=\"height: 38.00pt;\">\n<td class=\"et4\" style=\"height: 38.00pt; width: 129.60pt;\" width=\"216\" height=\"63\">WDR<\/td>\n<td class=\"et4\" style=\"width: 627.00pt;\" width=\"1045\">Destek<\/td>\n<\/tr>\n<tr style=\"height: 38.00pt;\">\n<td class=\"et4\" style=\"height: 38.00pt; width: 129.60pt;\" width=\"216\" height=\"63\">Gizlilik s\u0131\u011f\u0131na\u011f\u0131<\/td>\n<td class=\"et4\" style=\"width: 627.00pt;\" width=\"1045\">Destek<\/td>\n<\/tr>\n<tr style=\"height: 38.00pt;\">\n<td class=\"et4\" style=\"height: 38.00pt; width: 129.60pt;\" width=\"216\" height=\"63\">Ayna<\/td>\n<td class=\"et4\" style=\"width: 627.00pt;\" width=\"1045\">Destek<\/td>\n<\/tr>\n<tr style=\"height: 38.00pt;\">\n<td class=\"et4\" style=\"height: 38.00pt; width: 129.60pt;\" width=\"216\" height=\"63\">OSD<\/td>\n<td class=\"et4\" style=\"width: 627.00pt;\" width=\"1045\">OSD ayar\u0131n\u0131 destekleyin, konumu serbest\u00e7e s\u00fcr\u00fckleyin<\/td>\n<\/tr>\n<tr style=\"height: 38.00pt;\">\n<td class=\"et4\" style=\"height: 38.00pt; width: 129.60pt;\" width=\"216\" height=\"63\">Yeniden Ba\u015flat<\/td>\n<td class=\"et4\" style=\"width: 627.00pt;\" width=\"1045\">Destek<\/td>\n<\/tr>\n<tr style=\"height: 38.00pt;\">\n<td class=\"et3\" style=\"height: 38.00pt; width: 756.60pt;\" colspan=\"2\" width=\"1261\" height=\"63\">Ak\u0131ll\u0131 fonksiyon<\/td>\n<\/tr>\n<tr style=\"height: 66.00pt;\">\n<td class=\"et4\" style=\"height: 66.00pt; width: 129.60pt;\" width=\"216\" height=\"110\">Ak\u0131ll\u0131 Alg\u0131lama<\/td>\n<td class=\"et4\" style=\"width: 627.00pt;\" width=\"1045\">Ak\u0131ll\u0131 alarm ve insan say\u0131s\u0131 istatistikleri i\u00e7in insan \u015feklini alg\u0131layabilir.<br \/>\nGeni\u015fletilmi\u015f uygulamalar: E-\u00e7it, ge\u00e7i\u015f alg\u0131lama, kalk\u0131\u015f alg\u0131lama ve yolcu ak\u0131\u015f\u0131 istatistikleri<\/td>\n<\/tr>\n<tr style=\"height: 36.00pt;\">\n<td class=\"et5\" style=\"height: 36.00pt; width: 756.60pt; border-right: .5pt solid #000000;\" colspan=\"2\" width=\"1261\" height=\"60\">Ak\u0131ll\u0131 Y\u00fcz Yakalama ve Tan\u0131ma Algoritmas\u0131<\/td>\n<\/tr>\n<tr style=\"height: 38.00pt;\">\n<td class=\"et4\" style=\"height: 38.00pt; width: 129.60pt;\" width=\"216\" height=\"63\">Maske alg\u0131lama<\/td>\n<td class=\"et4\" style=\"width: 627.00pt;\" width=\"1045\">Destek<\/td>\n<\/tr>\n<tr style=\"height: 86.00pt;\">\n<td class=\"et4\" style=\"height: 86.00pt; width: 129.60pt;\" width=\"216\" height=\"143\">Y\u00fcz yakalama<\/td>\n<td class=\"et4\" style=\"width: 627.00pt;\" width=\"1045\">Y\u00fcz tekille\u015ftirmeyi destekler ve h\u0131zl\u0131 yakalama ve kaliteli yakalama modlar\u0131n\u0131 ayarlayabilir.<br \/>\nH\u0131zl\u0131 yakalama: G\u00f6r\u00fcnen y\u00fcz g\u00f6r\u00fcnt\u00fclerini h\u0131zl\u0131ca itin<br \/>\nKaliteli yakalama: Y\u00fcz g\u00f6r\u00fcn\u00fcm\u00fcn\u00fcn zaman diliminde en iyi y\u00fcz g\u00f6r\u00fcnt\u00fcs\u00fcn\u00fc itin<br \/>\nAyarlanabilir y\u00fcz kalitesi, kare ba\u015f\u0131na 6 ki\u015fi y\u00fcz alg\u0131lama ve izlemeyi destekler.<br \/>\nMinimum 20 * 20 y\u00fcz piksel boyutuyla 6 ki\u015fiyi ayn\u0131 anda yakalay\u0131n<\/td>\n<\/tr>\n<tr style=\"height: 86.00pt;\">\n<td class=\"et4\" style=\"height: 86.00pt; width: 129.60pt;\" width=\"216\" height=\"143\">Y\u00fcz kar\u015f\u0131la\u015ft\u0131rmas\u0131<\/td>\n<td class=\"et4\" style=\"width: 627.00pt;\" width=\"1045\">Kar\u015f\u0131la\u015ft\u0131rma i\u015flevini destekler, EasyVMS, APP ve NVR kullanarak cihazlara y\u00fcz kitapl\u0131klar\u0131n\u0131n y\u00fcklenmesini destekler ve tek makineli y\u00fcz kar\u015f\u0131la\u015ft\u0131rmas\u0131n\u0131 destekler.<br \/>\nYabanc\u0131lar\u0131n polise bildirilmesini ve kara ve beyaz liste bildirimini destekleyin.<\/td>\n<\/tr>\n<tr style=\"height: 47.00pt;\">\n<td class=\"et4\" style=\"height: 47.00pt; width: 129.60pt;\" width=\"216\" height=\"78\">Y\u00fcz veritabanlar\u0131n\u0131n say\u0131s\u0131<\/td>\n<td class=\"et4\" style=\"width: 627.00pt;\" width=\"1045\">1000 y\u00fcz veritaban\u0131n\u0131 destekler (N310B, N316B, N336A NVR ile birlikte kullan\u0131l\u0131r)<br \/>\n5,000 y\u00fczl\u00fck bir y\u00fcz veritaban\u0131n\u0131 destekler (EasyVMS ve APP ile birlikte kullan\u0131l\u0131r)<\/td>\n<\/tr>\n<tr style=\"height: 47.00pt;\">\n<td class=\"et4\" style=\"height: 47.00pt; width: 129.60pt;\" width=\"216\" height=\"78\">Tan\u0131ma mesafesi<\/td>\n<td class=\"et4\" style=\"width: 627.00pt;\" width=\"1045\">6mm lens: 3-5 metre<\/td>\n<\/tr>\n<tr style=\"height: 77.00pt;\">\n<td class=\"et4\" style=\"height: 77.00pt; width: 129.60pt;\" width=\"216\" height=\"128\">\u0130\u015flevsel ba\u011flant\u0131<\/td>\n<td class=\"et4\" style=\"width: 627.00pt;\" width=\"1045\">Ses yay\u0131n\u0131, alarm \u00e7\u0131k\u0131\u015f\u0131, TF kart g\u00f6r\u00fcnt\u00fc yakalama, TF kart video kayd\u0131 ve FTP y\u00fcklemeyi destekler;<\/p>\n<p>Ak\u0131ll\u0131 bir NVR ana bilgisayarla e\u015fle\u015ftirildi\u011finde, y\u00fcz veritaban\u0131 y\u00f6netimi, siyah beyaz liste alarm ba\u011flant\u0131s\u0131, h\u0131zl\u0131 yabanc\u0131 sorgusu ve y\u00fcze g\u00f6re video sorgusu gibi i\u015flevleri ger\u00e7ekle\u015ftirebilir. (N310B, N316B, N336A)<\/td>\n<\/tr>\n<tr style=\"height: 29.00pt;\">\n<td class=\"et5\" style=\"height: 29.00pt; width: 756.60pt; border-right: .5pt solid #000000;\" colspan=\"2\" width=\"1261\" height=\"48\">Ak\u0131ll\u0131 Y\u00fcz Yakalama ve Tan\u0131ma Algoritmas\u0131:<\/td>\n<\/tr>\n<tr style=\"height: 93.00pt;\">\n<td class=\"et4\" style=\"height: 93.00pt; width: 129.60pt;\" width=\"216\" height=\"155\">Plaka tan\u0131ma modu<\/td>\n<td class=\"et4\" style=\"width: 627.00pt;\" width=\"1045\">Otomatik modu ve manuel modu destekler;<br \/>\nHem izleme hem de plaka tan\u0131ma i\u00e7in kullan\u0131labilir. Plaka olmad\u0131\u011f\u0131nda, \u00e7evredeki ortam net bir \u015fekilde g\u00f6r\u00fclebilir. Bir plaka tespit edildikten sonra \u0131\u015f\u0131k toplama i\u015flemi ger\u00e7ekle\u015ftirilecektir.<br \/>\nK\u00fcresel plaka yakalama, \u00c7in ve Vietnam'da plaka tan\u0131ma deste\u011fi;<\/td>\n<\/tr>\n<tr style=\"height: 57.00pt;\">\n<td class=\"et4\" style=\"height: 57.00pt; width: 129.60pt;\" width=\"216\" height=\"95\">Tan\u0131mlama y\u00f6ntemi<\/td>\n<td class=\"et4\" style=\"width: 627.00pt;\" width=\"1045\">Plaka yap\u0131land\u0131r\u0131lm\u0131\u015f algoritma tan\u0131ma<\/td>\n<\/tr>\n<tr style=\"height: 57.00pt;\">\n<td class=\"et4\" style=\"height: 57.00pt; width: 129.60pt;\" width=\"216\" height=\"95\">\u00c7\u0131kt\u0131 bilgileri<\/td>\n<td class=\"et4\" style=\"width: 627.00pt;\" width=\"1045\">Plaka rengi, plaka numaras\u0131 ve ara\u00e7 modeli bilgilerinin tan\u0131nmas\u0131n\u0131 destekler.<br \/>\nPlaka bilgilerinin OSD \u00fcst \u00fcste bindirilmi\u015f g\u00f6sterimini destekler;<\/td>\n<\/tr>\n<tr style=\"height: 57.00pt;\">\n<td class=\"et4\" style=\"height: 57.00pt; width: 129.60pt;\" width=\"216\" height=\"95\">Ara\u00e7 h\u0131z\u0131<\/td>\n<td class=\"et4\" style=\"width: 627.00pt;\" width=\"1045\">Otomatik mod: 60Km\/s'nin alt\u0131nda, manuel modda ayarlanabilir h\u0131z.<\/td>\n<\/tr>\n<tr style=\"height: 57.00pt;\">\n<td class=\"et4\" style=\"height: 57.00pt; width: 129.60pt;\" width=\"216\" height=\"95\">Tan\u0131ma mesafesi<\/td>\n<td class=\"et4\" style=\"width: 627.00pt;\" width=\"1045\">6mm lens: 4-13 metre<\/td>\n<\/tr>\n<tr style=\"height: 73.00pt;\">\n<td class=\"et4\" style=\"height: 73.00pt; width: 129.60pt;\" width=\"216\" height=\"121\">\u0130\u015flevsel ba\u011flant\u0131<\/td>\n<td class=\"et4\" style=\"width: 627.00pt;\" width=\"1045\">Ses yay\u0131n\u0131, alarm \u00e7\u0131k\u0131\u015f\u0131, TF kart g\u00f6r\u00fcnt\u00fc yakalama, TF kart video kayd\u0131 ve FTP y\u00fcklemeyi destekler;<\/p>\n<p>Ak\u0131ll\u0131 bir NVR ana bilgisayar ile e\u015fle\u015ftirildi\u011finde, plaka veritaban\u0131 y\u00f6netimi, bilinmeyen plaka kayd\u0131, siyah ve beyaz liste alarm ba\u011flant\u0131s\u0131 ve plaka sorgulama ve video kayd\u0131 gibi i\u015flevleri ger\u00e7ekle\u015ftirebilir. (N310B, N316B, N336A)<\/td>\n<\/tr>\n<tr style=\"height: 43.00pt;\">\n<td class=\"et5\" style=\"height: 43.00pt; width: 756.60pt; border-right: .5pt solid #000000;\" colspan=\"2\" width=\"1261\" height=\"71\">Alev alg\u0131lama<\/td>\n<\/tr>\n<tr style=\"height: 52.00pt;\">\n<td class=\"et4\" style=\"height: 52.00pt; width: 129.60pt;\" width=\"216\" height=\"86\">Tespit y\u00f6ntemi<\/td>\n<td class=\"et4\" style=\"width: 627.00pt;\" width=\"1045\">Alev spektral \u00f6zellikleri ve yang\u0131n g\u00f6vdesi \u00f6zellikleri ile birle\u015ftirilmi\u015f g\u00f6r\u00fcnt\u00fc algoritmas\u0131, yanl\u0131\u015f alarmlar\u0131 ortadan kald\u0131r\u0131rken hassas alg\u0131lama sa\u011flar.<\/td>\n<\/tr>\n<tr style=\"height: 52.00pt;\">\n<td class=\"et4\" style=\"height: 52.00pt; width: 129.60pt;\" width=\"216\" height=\"86\">Alev piksel noktalar\u0131 i\u00e7in minimum gereksinimler<\/td>\n<td class=\"et4\" style=\"width: 627.00pt;\" width=\"1045\">50*80 piksel<\/td>\n<\/tr>\n<tr style=\"height: 52.00pt;\">\n<td class=\"et4\" style=\"height: 52.00pt; width: 129.60pt;\" width=\"216\" height=\"86\">Alg\u0131lama mesafesi<\/td>\n<td class=\"et4\" style=\"width: 627.00pt;\" width=\"1045\">6mm lens: 10-15 metre (alevin b\u00fcy\u00fckl\u00fc\u011f\u00fcne ba\u011fl\u0131 olarak)<\/td>\n<\/tr>\n<tr style=\"height: 52.00pt;\">\n<td class=\"et4\" style=\"height: 52.00pt; width: 129.60pt;\" width=\"216\" height=\"86\">Alarm fonksiyonu<\/td>\n<td class=\"et4\" style=\"width: 627.00pt;\" width=\"1045\">Ses yay\u0131n\u0131, alarm \u00e7\u0131k\u0131\u015f\u0131, TF kart g\u00f6r\u00fcnt\u00fc yakalama, TF kart video kayd\u0131, FTP y\u00fckleme ve APP push'u destekler.<\/td>\n<\/tr>\n<tr style=\"height: 38.00pt;\">\n<td class=\"et3\" style=\"height: 38.00pt; width: 756.60pt;\" colspan=\"2\" width=\"1261\" height=\"63\">Video<\/td>\n<\/tr>\n<tr style=\"height: 38.00pt;\">\n<td class=\"et4\" style=\"height: 38.00pt; width: 129.60pt;\" width=\"216\" height=\"63\">Ethernet<\/td>\n<td class=\"et4\" style=\"width: 627.00pt;\" width=\"1045\">RJ-45 10M\/100M kendi kendine uyarlama<\/td>\n<\/tr>\n<tr style=\"height: 38.00pt;\">\n<td class=\"et8\" style=\"height: 76.00pt; width: 129.60pt; border-bottom: .5pt solid #000000;\" rowspan=\"2\" width=\"216\" height=\"126\">\u00c7\u00f6z\u00fcn\u00fcrl\u00fck<\/td>\n<td class=\"et4\" style=\"width: 627.00pt;\" width=\"1045\">5MP (2880 * 1624) \/ 4MP (2560 * 1440) \/ 3MP (2304 * 1296) \/ 2MP (1920 * 1080)<\/td>\n<\/tr>\n<tr style=\"height: 38.00pt;\">\n<td class=\"et4\" style=\"width: 627.00pt;\" width=\"1045\">Alt Ak\u0131\u015f \u00c7\u00f6z\u00fcn\u00fcrl\u00fckleri: 448P (800 * 448) \/ D1 (704 * 576) \/ 360P (640 * 360) \/ CIF (352 * 288)<\/td>\n<\/tr>\n<tr style=\"height: 38.00pt;\">\n<td class=\"et4\" style=\"height: 38.00pt; width: 129.60pt;\" width=\"216\" height=\"63\">Protokol<\/td>\n<td class=\"et4\" style=\"width: 627.00pt;\" width=\"1045\"><span class=\"font2\">ONVIF<\/span><span class=\"font5\">\uff0c<\/span><span class=\"font2\">P2P<\/span><span class=\"font5\">\uff0c<\/span><span class=\"font2\">CGI<\/span><span class=\"font5\">\uff0c<\/span><span class=\"font2\">HTTP<\/span><span class=\"font5\">\uff0c<\/span><span class=\"font2\">TCP\/IP<\/span><span class=\"font5\">\uff0c<\/span><span class=\"font2\">IPv4<\/span><span class=\"font5\">\uff0c<\/span><span class=\"font2\">RTSP<\/span><span class=\"font5\">\uff0c<\/span><span class=\"font2\">UDP<\/span><span class=\"font5\">\uff0c<\/span><span class=\"font2\">NTP<\/span><span class=\"font5\">\uff0c<\/span><span class=\"font2\">DHCP<\/span><span class=\"font5\">\uff0c<\/span><span class=\"font2\">DNS<\/span><span class=\"font5\">\uff0c<\/span><span class=\"font2\">IP Filtresi<\/span><span class=\"font5\">\uff0c<\/span><span class=\"font2\">FTP<\/span><\/td>\n<\/tr>\n<tr style=\"height: 38.00pt;\">\n<td class=\"et4\" style=\"height: 38.00pt; width: 129.60pt;\" width=\"216\" height=\"63\">Eri\u015fim Protokol\u00fc<\/td>\n<td class=\"et4\" style=\"width: 627.00pt;\" width=\"1045\">ONVIF Protokol\u00fc\/\u00d6zel Protokol \/CGI<\/td>\n<\/tr>\n<tr style=\"height: 38.00pt;\">\n<td class=\"et4\" style=\"height: 38.00pt; width: 129.60pt;\" width=\"216\" height=\"63\">Maksimum ba\u011flant\u0131<\/td>\n<td class=\"et4\" style=\"width: 627.00pt;\" width=\"1045\"><span class=\"font2\">3 ana ak\u0131m<\/span><span class=\"font5\">\uff0c<\/span><span class=\"font2\">3 alt ak\u0131\u015f<\/span><\/td>\n<\/tr>\n<tr style=\"height: 38.00pt;\">\n<td class=\"et4\" style=\"height: 38.00pt; width: 129.60pt;\" width=\"216\" height=\"63\">M\u00fc\u015fteri<\/td>\n<td class=\"et4\" style=\"width: 627.00pt;\" width=\"1045\"><span class=\"font2\">IOS<\/span><span class=\"font5\">\uff0c<\/span><span class=\"font2\">Android<\/span><span class=\"font5\">\uff0c<\/span><span class=\"font2\">Pencereler<\/span><\/td>\n<\/tr>\n<tr style=\"height: 38.00pt;\">\n<td class=\"et3\" style=\"height: 38.00pt; width: 756.60pt;\" colspan=\"2\" width=\"1261\" height=\"63\">Ses<\/td>\n<\/tr>\n<tr style=\"height: 38.00pt;\">\n<td class=\"et4\" style=\"height: 38.00pt; width: 129.60pt;\" width=\"216\" height=\"63\">Ses<\/td>\n<td class=\"et4\" style=\"width: 627.00pt;\" width=\"1045\"><span class=\"font2\">G.711U<\/span><span class=\"font5\">\u3001<\/span><span class=\"font2\">G711A<\/span><\/td>\n<\/tr>\n<tr style=\"height: 38.00pt;\">\n<td class=\"et4\" style=\"height: 38.00pt; width: 129.60pt;\" width=\"216\" height=\"63\">Ses giri\u015fi<\/td>\n<td class=\"et4\" style=\"width: 627.00pt;\" width=\"1045\">Destek<\/td>\n<\/tr>\n<tr style=\"height: 38.00pt;\">\n<td class=\"et4\" style=\"height: 38.00pt; width: 129.60pt;\" width=\"216\" height=\"63\">Ses \u00e7\u0131k\u0131\u015f\u0131<\/td>\n<td class=\"et4\" style=\"width: 627.00pt;\" width=\"1045\">Destek<\/td>\n<\/tr>\n<tr style=\"height: 38.00pt;\">\n<td class=\"et3\" style=\"height: 38.00pt; width: 756.60pt;\" colspan=\"2\" width=\"1261\" height=\"63\">Di\u011fer Aray\u00fczler<\/td>\n<\/tr>\n<tr style=\"height: 38.00pt;\">\n<td class=\"et10\" style=\"height: 38.00pt; width: 129.60pt;\" width=\"216\" height=\"63\">IR Ledler<\/td>\n<td class=\"et10\" style=\"width: 627.00pt;\" width=\"1045\">4 adet Beyaz Led (\u00c7ift I\u015f\u0131k)<\/td>\n<\/tr>\n<tr style=\"height: 38.00pt;\">\n<td class=\"et10\" style=\"height: 38.00pt; width: 129.60pt;\" width=\"216\" height=\"63\">IR Kesim<\/td>\n<td class=\"et10\" style=\"width: 627.00pt;\" width=\"1045\">Evet<\/td>\n<\/tr>\n<tr style=\"height: 38.00pt;\">\n<td class=\"et10\" style=\"height: 38.00pt; width: 129.60pt;\" width=\"216\" height=\"63\">Lens<\/td>\n<td class=\"et10\" style=\"width: 627.00pt;\" width=\"1045\">3,6\/6mm (2,8mm Opsiyonel)<\/td>\n<\/tr>\n<tr style=\"height: 38.00pt;\">\n<td class=\"et10\" style=\"height: 38.00pt; width: 129.60pt;\" width=\"216\" height=\"63\">IR Mesafe<\/td>\n<td class=\"et10\" style=\"width: 627.00pt;\" width=\"1045\">30m<\/td>\n<\/tr>\n<tr style=\"height: 38.00pt;\">\n<td class=\"et10\" style=\"height: 38.00pt; width: 129.60pt;\" width=\"216\" height=\"63\">Su ge\u00e7irmez<\/td>\n<td class=\"et10\" style=\"width: 627.00pt;\" width=\"1045\">IP66<\/td>\n<\/tr>\n<tr style=\"height: 38.00pt;\">\n<td class=\"et4\" style=\"height: 38.00pt; width: 129.60pt;\" width=\"216\" height=\"63\">G\u00fc\u00e7<\/td>\n<td class=\"et4\" style=\"width: 627.00pt;\" width=\"1045\">DC12V \/ POE 48V<\/td>\n<\/tr>\n<tr style=\"height: 38.00pt;\">\n<td class=\"et4\" style=\"height: 38.00pt; width: 129.60pt;\" width=\"216\" height=\"63\">TF kart<\/td>\n<td class=\"et4\" style=\"width: 627.00pt;\" width=\"1045\">512G TF deste\u011fi<\/td>\n<\/tr>\n<tr style=\"height: 38.00pt;\">\n<td class=\"et4\" style=\"height: 38.00pt; width: 129.60pt;\" width=\"216\" height=\"63\">S\u0131cakl\u0131k<\/td>\n<td class=\"et4\" style=\"width: 627.00pt;\" width=\"1045\"><span class=\"font2\">-30\u2103<\/span><span class=\"font5\">\uff5e<\/span><span class=\"font2\">+70\u2103<\/span><\/td>\n<\/tr>\n<\/tbody>\n<\/table>","protected":false},"featured_media":549,"comment_status":"open","ping_status":"closed","template":"","meta":{"_seopress_robots_primary_cat":"","_seopress_titles_title":"5MP AI IP Cameras Support Face Recognition","_seopress_titles_desc":"5MP AI IP camera support Face Recognition, License Plate Recognition, or Flame Detection","_seopress_robots_index":""},"product_brand":[],"product_cat":[46],"product_tag":[],"class_list":{"0":"post-3338","1":"product","2":"type-product","3":"status-publish","4":"has-post-thumbnail","6":"product_cat-ip-cameras","8":"first","9":"instock","10":"shipping-taxable","11":"product-type-simple"},"_links":{"self":[{"href":"https:\/\/jer-tech.com\/tr\/wp-json\/wp\/v2\/product\/3338","targetHints":{"allow":["GET"]}}],"collection":[{"href":"https:\/\/jer-tech.com\/tr\/wp-json\/wp\/v2\/product"}],"about":[{"href":"https:\/\/jer-tech.com\/tr\/wp-json\/wp\/v2\/types\/product"}],"replies":[{"embeddable":true,"href":"https:\/\/jer-tech.com\/tr\/wp-json\/wp\/v2\/comments?post=3338"}],"wp:featuredmedia":[{"embeddable":true,"href":"https:\/\/jer-tech.com\/tr\/wp-json\/wp\/v2\/media\/549"}],"wp:attachment":[{"href":"https:\/\/jer-tech.com\/tr\/wp-json\/wp\/v2\/media?parent=3338"}],"wp:term":[{"taxonomy":"product_brand","embeddable":true,"href":"https:\/\/jer-tech.com\/tr\/wp-json\/wp\/v2\/product_brand?post=3338"},{"taxonomy":"product_cat","embeddable":true,"href":"https:\/\/jer-tech.com\/tr\/wp-json\/wp\/v2\/product_cat?post=3338"},{"taxonomy":"product_tag","embeddable":true,"href":"https:\/\/jer-tech.com\/tr\/wp-json\/wp\/v2\/product_tag?post=3338"}],"curies":[{"name":"wp","href":"https:\/\/api.w.org\/{rel}","templated":true}]}}