{"id":3322,"date":"2025-10-13T10:58:02","date_gmt":"2025-10-13T02:58:02","guid":{"rendered":"https:\/\/jer-tech.com\/?post_type=product&#038;p=3322"},"modified":"2025-10-13T10:58:03","modified_gmt":"2025-10-13T02:58:03","slug":"4g-gunes-enerjili-kamera","status":"publish","type":"product","link":"https:\/\/jer-tech.com\/tr\/urun\/4g-gunes-enerjili-kamera\/","title":{"rendered":"Tek Lensli 4G G\u00fcne\u015f Enerjili Kamera"},"content":{"rendered":"<p>&nbsp;<\/p>\n<p>&nbsp;<\/p>","protected":false},"excerpt":{"rendered":"<p><strong><b>\u00dcr\u00fcn<\/b><\/strong><strong><b>\u00a0<\/b><\/strong><strong><b>\u00d6zellikler<\/b><\/strong><strong><b>\uff1a<\/b><\/strong><\/p>\n<ul>\n<li><b><\/b><strong><b>5<\/b><\/strong><strong><b>T<\/b><\/strong><b><\/b><strong><b>YAPAY ZEKA<\/b><\/strong><strong><b>\u00a0<\/b><\/strong><strong><b>cips<\/b><\/strong><strong><b>, <\/b><\/strong><strong><b>\u00e7ift<\/b><\/strong><strong><b>\u00a0<\/b><\/strong><strong><b>kanal<\/b><\/strong><strong><b>\u00a0<\/b><\/strong><strong><b>1920*1080\uff082<\/b><\/strong><strong><b>MP<\/b><\/strong><strong><b>\uff09<\/b><\/strong><strong><b>\u00a0<\/b><\/strong><strong><b>FHD<\/b><\/strong><strong><b>\u00a0<\/b><\/strong><strong><b>g\u00f6r\u00fcnt\u00fc<\/b><\/strong><strong><b>,<\/b><\/strong><strong><b>\u00a0<\/b><\/strong><strong><b>H.265+<\/b><\/strong><strong><b>\u00a0<\/b><\/strong><strong><b>kod<\/b><\/strong><strong><b>,<\/b><\/strong><strong><b>\u00a0<\/b><\/strong><strong><b>Temiz<\/b><\/strong><strong><b>\u00a0<\/b><\/strong><strong><b>ve<\/b><\/strong><strong><b>\u00a0<\/b><\/strong><strong><b>hassas<\/b><\/strong><strong><b>\u00a0<\/b><\/strong><strong><b>g\u00f6r\u00fcnt\u00fc<\/b><\/strong><\/li>\n<li><b><\/b><strong><b>Tek lensli kamera <\/b><\/strong><strong><b>g\u00f6zetim<\/b><\/strong><strong><b>,<\/b><\/strong><strong><b> a\u00a0<\/b><\/strong><strong><b>Kur\u015fun<\/b><\/strong><strong><b>\u00a0<\/b><\/strong><strong><b>ile<\/b><\/strong><strong><b> k\u00fc\u00e7\u00fck boyutlu<\/b><\/strong><strong><b>\u00a0<\/b><\/strong><strong><b>lens<\/b><\/strong><strong><b>\u00a0<\/b><\/strong><strong><b>i\u00e7in<\/b><\/strong><strong><b> a\u00a0<\/b><\/strong><strong><b>daha b\u00fcy\u00fck<\/b><\/strong><strong><b>\u00a0<\/b><\/strong><strong><b>izleme<\/b><\/strong><strong><b>\u00a0<\/b><\/strong><strong><b>alan<\/b><\/strong><strong><b>,<\/b><\/strong><strong><b> a\u00a0<\/b><\/strong><strong><b>PT<\/b><\/strong><strong><b>\u00a0<\/b><\/strong><strong><b>kubbe<\/b><\/strong><strong><b>\u00a0<\/b><\/strong><strong><b>ile<\/b><\/strong><strong><b> b\u00fcy\u00fck boyutlu<\/b><\/strong><strong><b>\u00a0<\/b><\/strong><strong><b>lens<\/b><\/strong><strong><b>\u00a0<\/b><\/strong><strong><b>i\u00e7in<\/b><\/strong><strong><b>\u00a0<\/b><\/strong><strong><b>izleme<\/b><\/strong><strong><b>\u00a0<\/b><\/strong><strong><b>daha fazla<\/b><\/strong><strong><b>\u00a0<\/b><\/strong><strong><b>Detaylar,<\/b><\/strong><strong><b>\u00a0<\/b><\/strong><strong><b>ve<\/b><\/strong><strong><b>\u00a0<\/b><\/strong><strong><b>trac<\/b><\/strong><strong><b>kral<\/b><\/strong><\/li>\n<li><b><\/b><strong><b>Do\u011fru insan sha<\/b><\/strong><strong><b>pe alg\u0131lama, mesafe<\/b><\/strong><strong><b>\u00a0<\/b><\/strong><strong><b>40 metreye kadar, hassasiyet<\/b><\/strong><strong><b>\u00a0<\/b><\/strong><strong><b>99,88%'ye kadar<\/b><\/strong><\/li>\n<li><b><\/b><strong><b>24 Saat tam <\/b><\/strong><strong><b>Kay\u0131t,<\/b><\/strong><strong><b>\u00a0<\/b><\/strong><strong><b>anahtar<\/b><\/strong><strong><b>\u00a0<\/b><\/strong><strong><b>i\u00e7in<\/b><\/strong><strong><b>\u00a0<\/b><\/strong><strong><b>Tam<\/b><\/strong><strong><b>\u00a0<\/b><\/strong><strong><b>fps<\/b><\/strong><strong><b>\u00a0<\/b><\/strong><strong><b>kay\u0131t<\/b><\/strong><strong><b>\u00a0<\/b><\/strong><strong><b>i\u00e7inde<\/b><\/strong><strong><b>\u00a0<\/b><\/strong><strong><b>50ms<\/b><\/strong><strong><b>\u00a0<\/b><\/strong><strong><b>sonra<\/b><\/strong><strong><b>\u00a0<\/b><\/strong><strong><b>tespit etmek<\/b><\/strong><strong><b>\u00a0<\/b><\/strong><strong><b>insan<\/b><\/strong><strong><b>\u00a0<\/b><\/strong><strong><b>\u015fekil<\/b><\/strong><\/li>\n<li><b><\/b><strong><b>\u0130lk AOV <\/b><\/strong><strong><b>Kamera<\/b><\/strong><strong><b>\u00a0<\/b><\/strong><strong><b>ile<\/b><\/strong><strong><b>\u00a0<\/b><\/strong><strong><b>ses<\/b><\/strong><strong><b>\u00a0<\/b><\/strong><strong><b>kay\u0131t<\/b><\/strong><strong><b>,<\/b><\/strong><strong><b>\u00a0<\/b><\/strong><strong><b>daha iyi<\/b><\/strong><strong><b>\u00a0<\/b><\/strong><strong><b>deneyim<\/b><\/strong><\/li>\n<li><b><\/b><strong><b>265+<\/b><\/strong><b><\/b><strong><b>daha d\u00fc\u015f\u00fck<\/b><\/strong><strong><b>\u00a0<\/b><\/strong><strong><b>kodlama teknolojisi,<\/b><\/strong><strong><b>\u00a0<\/b><\/strong><strong><b>Kaydet<\/b><\/strong><strong><b>\u00a0<\/b><\/strong><strong><b>depolama<\/b><\/strong><strong><b>\u00a0<\/b><\/strong><strong><b>uzay,<\/b><\/strong><strong><b>\u00a0<\/b><\/strong><strong><b>daha d\u00fc\u015f\u00fck<\/b><\/strong><strong><b>\u00a0<\/b><\/strong><strong><b>Bant geni\u015fli\u011fi,<\/b><\/strong><strong><b>\u00a0<\/b><\/strong><strong><b>ve<\/b><\/strong><strong><b>\u00a0<\/b><\/strong><strong><b>4G'yi azalt\u0131n<\/b><\/strong><strong><b>\u00a0<\/b><\/strong><strong><b>Veri<\/b><\/strong><strong><b>\u00a0<\/b><\/strong><strong><b>t\u00fcketim<\/b><\/strong><\/li>\n<li><b><\/b><strong><b>Derin<\/b><\/strong><b><\/b><strong><b>geli\u015ftirilmi\u015f<\/b><\/strong><strong><b>\u00a0<\/b><\/strong><strong><b>Echo<\/b><\/strong><strong><b>\u00a0<\/b><\/strong><strong><b>algoritma<\/b><\/strong><strong><b>,<\/b><\/strong><strong><b>\u00a0<\/b><\/strong><strong><b>daha iyi<\/b><\/strong><strong><b> \u00e7ift y\u00f6nl\u00fc konu\u015fma<\/b><\/strong><strong><b>\u00a0<\/b><\/strong><strong><b>deneyim<\/b><\/strong><\/li>\n<li><b><\/b><strong><b>4'e ba\u011fl\u0131<\/b><\/strong><strong><b>G<\/b><\/strong><strong><b>\u00a0<\/b><\/strong><strong><b>a\u011f<\/b><\/strong><strong><b>, <\/b><\/strong><strong><b>ile<\/b><\/strong><strong><b>\u00a0<\/b><\/strong><strong><b>Tam<\/b><\/strong><strong><b>\u00a0<\/b><\/strong><strong><b>frekans<\/b><\/strong><strong><b>\u00a0<\/b><\/strong><strong><b>bant<\/b><\/strong><strong><b>\u00a0<\/b><\/strong><strong><b>kapsama alan\u0131<\/b><\/strong><strong><b>,<\/b><\/strong><strong><b>\u00a0<\/b><\/strong><strong><b>o<\/b><\/strong><strong><b>\u00a0<\/b><\/strong><strong><b>olabilir<\/b><\/strong><strong><b>\u00a0<\/b><\/strong><strong><b>otomatik olarak<\/b><\/strong><strong><b>\u00a0<\/b><\/strong><strong><b>ba\u011flanmak<\/b><\/strong><strong><b>\u00a0<\/b><\/strong><strong><b>i\u00e7in<\/b><\/strong><strong><b>\u00a0<\/b><\/strong><strong><b>ve<\/b><\/strong><strong><b>\u00a0<\/b><\/strong><strong><b>sunucu \u00fczerine<\/b><\/strong><strong><b>\u00a0<\/b><\/strong><strong><b>g\u00fc\u00e7<\/b><\/strong><strong><b>\u00a0<\/b><\/strong><strong><b>\u00fczerinde,<\/b><\/strong><strong><b>\u00a0<\/b><\/strong><strong><b>tarama<\/b><\/strong><strong><b>\u00a0<\/b><\/strong><strong><b>ve<\/b><\/strong><strong><b>\u00a0<\/b><\/strong><strong><b>kod<\/b><\/strong><strong><b>\u00a0<\/b><\/strong><strong><b>i\u00e7in<\/b><\/strong><strong><b>\u00a0<\/b><\/strong><strong><b>ekle<\/b><\/strong><strong><b>\u00a0<\/b><\/strong><strong><b>cihaz<\/b><\/strong><strong><b>s,<\/b><\/strong><strong><b>\u00a0<\/b><\/strong><strong><b>tamamen<\/b><\/strong><strong><b>\u00a0<\/b><\/strong><strong><b>\u00e7\u00f6zme<\/b><\/strong><strong><b>\u00a0<\/b><\/strong><strong><b>ve<\/b><\/strong><strong><b>\u00a0<\/b><\/strong><strong><b>problem<\/b><\/strong><strong><b>\u00a0<\/b><\/strong><strong><b>.<\/b><\/strong><strong><b>\u00a0<\/b><\/strong><strong><b>zor<\/b><\/strong><strong><b>\u00a0<\/b><\/strong><strong><b>kod<\/b><\/strong><strong><b>\u00a0<\/b><\/strong><strong><b>e\u015fle\u015ftirme<\/b><\/strong><strong><b>\u00a0<\/b><\/strong><strong><b>i\u00e7in<\/b><\/strong><strong><b>\u00a0\u00a0kablosuz<\/b><\/strong><strong><b>\u00a0<\/b><\/strong><strong><b>Kamera<\/b><\/strong><strong><b>\u00a0<\/b><\/strong><strong><b>\u00fcr\u00fcnler<\/b><\/strong><\/li>\n<li><b><\/b><strong><b>Ekipman sa\u011flay\u0131n <\/b><\/strong><strong><b>o<\/b><\/strong><strong><b>\u00a0<\/b><\/strong><strong><b>de\u011fil<\/b><\/strong><strong><b>\u00a0<\/b><\/strong><strong><b>Ba\u011flant\u0131 kesildi,<\/b><\/strong><strong><b>\u00a0<\/b><\/strong><strong><b>destek<\/b><\/strong><strong><b>\u00a0<\/b><\/strong><strong><b>hata<\/b><\/strong><strong><b>\u00a0<\/b><\/strong><strong><b>tespit<\/b><\/strong><strong><b>\u00a0<\/b><\/strong><strong><b>fonksiyon,<\/b><\/strong><strong><b>\u00a0<\/b><\/strong><strong><b>ve<\/b><\/strong><strong><b>\u00a0<\/b><\/strong><strong><b>yard\u0131mc\u0131 olmak<\/b><\/strong><strong><b>\u00a0<\/b><\/strong><strong><b>kurulum<\/b><\/strong><strong><b>\u00a0personel<\/b><\/strong><strong><b>\u00a0<\/b><\/strong><strong><b>i\u00e7inde<\/b><\/strong><strong><b>\u00a0<\/b><\/strong><strong><b>h\u0131zl\u0131 bir \u015fekilde<\/b><\/strong><strong><b>\u00a0<\/b><\/strong><strong><b>YER TESP\u0130T\u0130<\/b><\/strong><strong><b>\u00a0<\/b><\/strong><strong><b>hata<\/b><\/strong><strong><b>\u00a0<\/b><\/strong><strong><b>problemler<\/b><\/strong><strong><b>\uff1b<\/b><\/strong><strong><b>\u00a0<\/b><\/strong><strong><b>\u00dc\u00e7l\u00fc<\/b><\/strong><strong><b>\u00a0<\/b><\/strong><strong><b>BA\u011eLANTI KESME<\/b><\/strong><strong><b>\u00a0<\/b><\/strong><strong><b>koruma<\/b><\/strong><strong><b>\u00a0<\/b><\/strong><strong><b>mekanizmas\u0131<\/b><\/strong><\/li>\n<li><b><\/b><strong><b>Destek insan <\/b><\/strong><strong><b>\u015fekil<\/b><\/strong><strong><b>\u00a0<\/b><\/strong><strong><b>tespit<\/b><\/strong><strong><b>,<\/b><\/strong><strong><b>\u00a0<\/b><\/strong><strong><b>bek\u00e7i<\/b><\/strong><strong><b>\u00a0<\/b><\/strong><strong><b>Pozisyon,<\/b><\/strong><strong><b>\u00a0<\/b><\/strong><strong><b>ve<\/b><\/strong><strong><b> otomatik ayarlama<\/b><\/strong><\/li>\n<li><b><\/b><strong><b>Destek \u00e7al\u0131\u015fma modu<\/b><\/strong><strong><b>\u00a0<\/b><\/strong><strong><b>ak\u0131ll\u0131<\/b><\/strong><strong><b>\u00a0<\/b><\/strong><strong><b>anahtar<\/b><\/strong><\/li>\n<li><b><\/b><strong><b>Sesli ve \u0131\u015f\u0131kl\u0131 alarm<\/b><\/strong><strong><b>\u00a0<\/b><\/strong><strong><b>olmak<\/b><\/strong><strong><b>\u00a0<\/b><\/strong><strong><b>tetiklendi<\/b><\/strong><strong><b>\u00a0<\/b><\/strong><strong><b>onc<\/b><\/strong><strong><b>e<\/b><\/strong><strong><b> a\u00a0<\/b><\/strong><strong><b>hareketli<\/b><\/strong><strong><b>\u00a0<\/b><\/strong><strong><b>nesne<\/b><\/strong><strong><b> o\u00a0<\/b><\/strong><strong><b>tespit edildi<\/b><\/strong><\/li>\n<li><b><\/b><strong><b>\u0130kili deste\u011fi<\/b><\/strong><strong><b>\u00a0<\/b><\/strong><strong><b>\u0131\u015f\u0131k<\/b><\/strong><strong><b>\uff0c4<\/b><\/strong><strong><b>\u00a0<\/b><\/strong><strong><b>gece<\/b><\/strong><strong><b>\u00a0<\/b><\/strong><strong><b>vizyonlar\uff1a<\/b><\/strong><strong><b>\u00a0<\/b><\/strong><strong><b>S\/B\u3001tam renkli\u3001ak\u0131ll\u0131\u3001y\u0131ld\u0131z<\/b><\/strong><strong><b>\u0131\u015f\u0131k<\/b><\/strong><\/li>\n<li><b><\/b><strong><b>7V g\u00fc\u00e7, \u015funlar\u0131 yapmas\u0131n\u0131 sa\u011flar<\/b><\/strong><strong><b>\u00a0g\u00fcne\u015f enerjisi paneli ile \u00e7al\u0131\u015fmak<\/b><\/strong><\/li>\n<li><b><\/b><strong><b>Bulut ve TF deste\u011fi<\/b><\/strong><b><\/b><strong><b>kart<\/b><\/strong><strong><b>\u00a0<\/b><\/strong><strong><b>sto<\/b><\/strong><strong><b>\u00f6fke(maks<\/b><\/strong><strong><b>\u00a0<\/b><\/strong><strong><b>yukar\u0131<\/b><\/strong><strong><b>\u00a0<\/b><\/strong><strong><b>i\u00e7in<\/b><\/strong><strong><b>\u00a0<\/b><\/strong><strong><b>256GB)<\/b><\/strong><strong><b>\u00a0<\/b><\/strong><strong><b>(bulut<\/b><\/strong><strong><b>\u00a0<\/b><\/strong><strong><b>depolama<\/b><\/strong><strong><b>\u00a0<\/b><\/strong><strong><b>takip\uff09<\/b><\/strong><\/li>\n<li><b><\/b><strong><b>APP destekleri <\/b><\/strong><strong><b>17<\/b><\/strong><strong><b>\u00a0<\/b><\/strong><strong><b>diller:<\/b><\/strong><strong><b>\u00a0<\/b><\/strong><strong><b>Basitle\u015ftirilmi\u015f \u00c7ince\/Geleneksel \u00c7ince\/\u0130ngilizce\/Fince\/Korece\/Frans\u0131zca\/<\/b><\/strong><\/li>\n<\/ul>\n<p><strong><b>Portekizce\/Thai\/\u0130spanyolca\/Polonya\/Endonezya\/Almanca\/\u0130talyanca\/Rus\u00e7a<\/b><\/strong><strong><b>\/Japonca\/Vietnamca\/Arap\u00e7a\/T\u00fcrk\u00e7e<\/b><\/strong><\/p>\n<p><img fetchpriority=\"high\" decoding=\"async\" class=\"wp-image-3581 size-full alignleft\" src=\"https:\/\/jer-tech.com\/wp-content\/uploads\/2025\/10\/AOV-Solar-scaled.png\" alt=\"AOV Solar\" width=\"714\" height=\"2560\" srcset=\"https:\/\/jer-tech.com\/wp-content\/uploads\/2025\/10\/AOV-Solar-scaled.png 714w, https:\/\/jer-tech.com\/wp-content\/uploads\/2025\/10\/AOV-Solar-84x300.png 84w, https:\/\/jer-tech.com\/wp-content\/uploads\/2025\/10\/AOV-Solar-428x1536.png 428w, https:\/\/jer-tech.com\/wp-content\/uploads\/2025\/10\/AOV-Solar-571x2048.png 571w, https:\/\/jer-tech.com\/wp-content\/uploads\/2025\/10\/AOV-Solar-3x12.png 3w\" sizes=\"(max-width: 714px) 100vw, 714px\" \/><\/p>","protected":false},"featured_media":3582,"comment_status":"open","ping_status":"closed","template":"","meta":{"_seopress_robots_primary_cat":"","_seopress_titles_title":"4G Solar-Powered Camera - AOV Solar Camera Supplier - JER Company","_seopress_titles_desc":"Hot-selling 4G AOV Solar Powered Camera Support human shape detection. OEM ODM 4G AOV Solar Camera manufacturer in China.","_seopress_robots_index":""},"product_brand":[],"product_cat":[358,107],"product_tag":[],"class_list":{"0":"post-3322","1":"product","2":"type-product","3":"status-publish","4":"has-post-thumbnail","6":"product_cat-4g-solar-camera","7":"product_cat-wireless-camera","9":"first","10":"instock","11":"shipping-taxable","12":"product-type-simple"},"_links":{"self":[{"href":"https:\/\/jer-tech.com\/tr\/wp-json\/wp\/v2\/product\/3322","targetHints":{"allow":["GET"]}}],"collection":[{"href":"https:\/\/jer-tech.com\/tr\/wp-json\/wp\/v2\/product"}],"about":[{"href":"https:\/\/jer-tech.com\/tr\/wp-json\/wp\/v2\/types\/product"}],"replies":[{"embeddable":true,"href":"https:\/\/jer-tech.com\/tr\/wp-json\/wp\/v2\/comments?post=3322"}],"wp:featuredmedia":[{"embeddable":true,"href":"https:\/\/jer-tech.com\/tr\/wp-json\/wp\/v2\/media\/3582"}],"wp:attachment":[{"href":"https:\/\/jer-tech.com\/tr\/wp-json\/wp\/v2\/media?parent=3322"}],"wp:term":[{"taxonomy":"product_brand","embeddable":true,"href":"https:\/\/jer-tech.com\/tr\/wp-json\/wp\/v2\/product_brand?post=3322"},{"taxonomy":"product_cat","embeddable":true,"href":"https:\/\/jer-tech.com\/tr\/wp-json\/wp\/v2\/product_cat?post=3322"},{"taxonomy":"product_tag","embeddable":true,"href":"https:\/\/jer-tech.com\/tr\/wp-json\/wp\/v2\/product_tag?post=3322"}],"curies":[{"name":"wp","href":"https:\/\/api.w.org\/{rel}","templated":true}]}}