{"id":3311,"date":"2025-08-01T22:05:07","date_gmt":"2025-08-01T14:05:07","guid":{"rendered":"https:\/\/jer-tech.com\/?post_type=product&#038;p=3311"},"modified":"2025-08-01T22:05:34","modified_gmt":"2025-08-01T14:05:34","slug":"4g-aov-gunes-kamerasi","status":"publish","type":"product","link":"https:\/\/jer-tech.com\/tr\/urun\/4g-aov-gunes-kamerasi\/","title":{"rendered":"AOV 4 lensli 4G G\u00fcne\u015f Kameras\u0131 Ptz Kamera 8MP Dahili Pil AI \u0130nsan Alg\u0131lama"},"content":{"rendered":"","protected":false},"excerpt":{"rendered":"<p><strong><b>\u00d6zellikler\uff1a<\/b><\/strong><\/p>\n<ul>\n<li>4G AOV (Her Zaman A\u00e7\u0131k Video) g\u00fcne\u015f pili h\u0131zl\u0131 dome kamera<\/li>\n<li>3 in\u00e7 4G g\u00fcne\u015f pilli AI h\u0131zl\u0131 dome kamera<\/li>\n<li>AOV (Her Zaman A\u00e7\u0131k Video) 7*24 tam g\u00fcn video kayd\u0131<\/li>\n<li>\u0130nsan otomatik izleme, hareket alg\u0131lama<\/li>\n<li>\u0130ki y\u00f6nl\u00fc ses deste\u011fi, dahili mikrofon ve hoparl\u00f6r<\/li>\n<li>\u00c7ift \u0131\u015f\u0131kl\u0131 g\u00fcnd\u00fcz ve gece tam renkli g\u00f6r\u00fc\u015f<\/li>\n<li>16W g\u00fcne\u015f paneli, ultra uzun bekleme s\u00fcresi ve uzun kay\u0131t<\/li>\n<li>Destek TF Kart Yuvas\u0131 (maksimum 256G)<\/li>\n<li>Uygulama HiEasy<\/li>\n<\/ul>\n<table>\n<tbody>\n<tr>\n<td width=\"226\"><strong><b>Model <\/b><\/strong><strong><b>HAYIR<\/b><\/strong><strong><b>.<\/b><\/strong><\/td>\n<td width=\"609\"><strong><b>JER-AOV590<\/b><\/strong><\/td>\n<\/tr>\n<tr>\n<td colspan=\"2\" width=\"835\"><strong><b>Kamera<\/b><\/strong><\/td>\n<\/tr>\n<tr>\n<td width=\"226\">G\u00f6r\u00fcnt\u00fc Sens\u00f6r\u00fc<\/td>\n<td width=\"609\">4 adet 1\/3,2\u2033 CMOS 2MP \uff082MP+2MP+2MP+2MP\uff09<\/td>\n<\/tr>\n<tr>\n<td width=\"226\">Lens Odak Uzunlu\u011fu<\/td>\n<td width=\"609\">4MM*4<\/td>\n<\/tr>\n<tr>\n<td width=\"226\">Mini Ayd\u0131nlatma<\/td>\n<td width=\"609\">G\u00fcn: 1Lux<\/p>\n<p>Gece: 0,01 L\u00fcks<\/td>\n<\/tr>\n<tr>\n<td width=\"226\">Dijital G\u00fcr\u00fclt\u00fc Azaltma<\/td>\n<td width=\"609\">2D ve 3D DNR<\/td>\n<\/tr>\n<tr>\n<td width=\"226\">Koku\u015fmu\u015f Ayarlar<\/td>\n<td width=\"609\">KAPALI\/50HZ\/60HZ<\/td>\n<\/tr>\n<tr>\n<td width=\"226\">A\u011f Standard\u0131<\/td>\n<td width=\"609\">4G LTE<\/td>\n<\/tr>\n<tr>\n<td width=\"226\">4G Frekans Band\u0131 (Asya)<\/td>\n<td width=\"609\">LTE-FDD\uff1aB1\/B3\/B5\/B8 LTE-TDD\uff1aB34\/B38\/B39\/B40\/B41<\/td>\n<\/tr>\n<tr>\n<td width=\"226\">4G Frekans Band\u0131 (AB)<\/td>\n<td width=\"609\">LTE-FDD\uff1aB1\/B3\/B5\/B7\/B8\/B20\/B28<\/td>\n<\/tr>\n<tr>\n<td width=\"226\">\u00c7al\u0131\u015fma Modu<\/td>\n<td width=\"609\">Elektrik Modeli, Performans Modu, \u00d6zel Mod<\/td>\n<\/tr>\n<tr>\n<td colspan=\"2\" width=\"835\"><strong><b>Lens<\/b><\/strong><\/td>\n<\/tr>\n<tr>\n<td width=\"226\">Lens Odak Uzunlu\u011fu<\/td>\n<td width=\"609\">4mm\u00b15%<\/td>\n<\/tr>\n<tr>\n<td width=\"226\">Diyafram<\/td>\n<td width=\"609\">F.4\/F2.0\u00b110%<\/td>\n<\/tr>\n<tr>\n<td width=\"226\">G\u00f6r\u00fc\u015f Alan\u0131<\/td>\n<td width=\"609\">Diyagonal 104,0\u00b0 Yatay: 89,2\u00b0 Dikey: 47,8\u00b0<\/td>\n<\/tr>\n<tr>\n<td colspan=\"2\" width=\"835\"><strong><b>Video<\/b><\/strong><\/td>\n<\/tr>\n<tr>\n<td width=\"226\">Ak\u0131\u015f<\/td>\n<td width=\"609\">Ana ak\u0131\u015f, alt ak\u0131\u015f<\/td>\n<\/tr>\n<tr>\n<td width=\"226\">G\u00f6r\u00fcnt\u00fc \u00c7\u0131kt\u0131s\u0131<\/td>\n<td width=\"609\">1920*1080p(2MP)*4<\/td>\n<\/tr>\n<tr>\n<td width=\"226\">Pil G\u00fcc\u00fc G\u00f6stergesi<\/td>\n<td width=\"609\">Destek<\/td>\n<\/tr>\n<tr>\n<td colspan=\"2\" width=\"835\"><strong><b>Ses<\/b><\/strong><\/td>\n<\/tr>\n<tr>\n<td width=\"226\">\u0130ki Y\u00f6nl\u00fc Ses<\/td>\n<td width=\"609\">Destek<\/td>\n<\/tr>\n<tr>\n<td width=\"226\">Mikrofon<\/td>\n<td width=\"609\">Yerle\u015fik<\/td>\n<\/tr>\n<tr>\n<td width=\"226\">Konu\u015fmac\u0131<\/td>\n<td width=\"609\">Yerle\u015fik<\/td>\n<\/tr>\n<tr>\n<td colspan=\"2\" width=\"835\"><strong><b>Depolama<\/b><\/strong><\/td>\n<\/tr>\n<tr>\n<td width=\"226\">Depolama<\/td>\n<td width=\"609\">TF kart (maksimum 256G); 4X h\u0131zl\u0131 ileri oynatma deste\u011fi<\/td>\n<\/tr>\n<tr>\n<td colspan=\"2\" width=\"835\"><strong><b>Liman<\/b><\/strong><\/td>\n<\/tr>\n<tr>\n<td width=\"226\">4G Ba\u011flant\u0131 Noktas\u0131<\/td>\n<td width=\"609\">4G anten aray\u00fcz\u00fc<\/td>\n<\/tr>\n<tr>\n<td width=\"226\">Fabrika Veri S\u0131f\u0131rlama<\/td>\n<td width=\"609\">Destek<\/td>\n<\/tr>\n<tr>\n<td colspan=\"2\" width=\"835\"><strong><b>Ak\u0131ll\u0131 Fonksiyon<\/b><\/strong><\/td>\n<\/tr>\n<tr>\n<td width=\"226\">Alarm<\/td>\n<td width=\"609\">Ak\u0131ll\u0131 insan takibi, hareket alg\u0131lama, \u00e7izgi ge\u00e7i\u015f alarm\u0131<\/td>\n<\/tr>\n<tr>\n<td width=\"226\">Alg\u0131lama Mesafesi<\/td>\n<td width=\"609\">40 metre<\/td>\n<\/tr>\n<tr>\n<td width=\"226\">Do\u011fruluk<\/td>\n<td width=\"609\">AI algoritmas\u0131, 99,9%'ye kadar do\u011fruluk oran\u0131<\/td>\n<\/tr>\n<tr>\n<td colspan=\"2\" width=\"835\"><strong><b>Uzaktan Kumanda<\/b><\/strong><\/td>\n<\/tr>\n<tr>\n<td width=\"226\">APP<\/td>\n<td width=\"609\">UYGULAMA: HiEasy<\/td>\n<\/tr>\n<tr>\n<td width=\"226\">Dil<\/td>\n<td width=\"609\">Basitle\u015ftirilmi\u015f \u00c7ince\/Geleneksel \u00c7ince\/\u0130ngilizce\/Fince\/Korece\/ Frans\u0131zca\/Portekizce\/Thai\/\u0130spanyolca\/Polonya\/Endonezya\/Almanca\/\u0130talyanca\/Rus\u00e7a\/Japonca\/ Vietnamca\/Arap\u00e7a\/T\u00fcrk\u00e7e<\/td>\n<\/tr>\n<tr>\n<td colspan=\"2\" width=\"835\"><strong><b>I\u015f\u0131k<\/b><\/strong><\/td>\n<\/tr>\n<tr>\n<td width=\"226\">I\u015f\u0131k Modu<\/td>\n<td width=\"609\">IR Gece G\u00f6r\u00fc\u015f\u00fc\/ Ak\u0131ll\u0131 Gece G\u00f6r\u00fc\u015f\u00fc\/ Tam Renkli Gece G\u00f6r\u00fc\u015f\u00fc<\/td>\n<\/tr>\n<tr>\n<td width=\"226\">Beyaz I\u015f\u0131k Mesafesi<\/td>\n<td width=\"609\">20 metreye kadar<\/td>\n<\/tr>\n<tr>\n<td width=\"226\">IR I\u015f\u0131k Mesafesi<\/td>\n<td width=\"609\">20 metreye kadar<\/td>\n<\/tr>\n<tr>\n<td width=\"226\">LED'LER<\/td>\n<td width=\"609\">IR LED + Beyaz LED<\/td>\n<\/tr>\n<tr>\n<td colspan=\"2\" width=\"835\"><strong><b>PTZ Kontrol\u00fc<\/b><\/strong><\/td>\n<\/tr>\n<tr>\n<td width=\"226\">D\u00f6n\u00fc\u015f Aral\u0131\u011f\u0131<\/td>\n<td width=\"609\">Kayd\u0131rma\uff1a0- 270\u00ba E\u011fme\uff1a0- 90 \u00ba<\/td>\n<\/tr>\n<tr>\n<td width=\"226\">D\u00f6n\u00fc\u015f H\u0131z\u0131<\/td>\n<td width=\"609\">Kayd\u0131rma\uff1a0~30\u00b0\/s E\u011fme\uff1a0~3\u00b0\/s<\/td>\n<\/tr>\n<tr>\n<td colspan=\"2\" width=\"835\"><strong><b>Genel<\/b><\/strong><\/td>\n<\/tr>\n<tr>\n<td width=\"226\">G\u00fc\u00e7 Kayna\u011f\u0131<\/td>\n<td width=\"609\">3.7V pil g\u00fc\u00e7 kayna\u011f\u0131, solar \u015farj; \u015farj cihaz\u0131 g\u00fc\u00e7 kayna\u011f\u0131n\u0131 destekler<\/td>\n<\/tr>\n<tr>\n<td width=\"226\">G\u00fcne\u015f Paneli<\/td>\n<td width=\"609\">8W; \u00c7\u0131k\u0131\u015f gerilimi 5V<\/td>\n<\/tr>\n<tr>\n<td width=\"226\">G\u00fc\u00e7 Konekt\u00f6r\u00fc<\/td>\n<td width=\"609\">T\u0130P-C<\/td>\n<\/tr>\n<tr>\n<td width=\"226\">Ak\u00fc Kapasitesi<\/td>\n<td width=\"609\">16000mAh<\/td>\n<\/tr>\n<tr>\n<td width=\"226\">Nominal Enerji<\/td>\n<td width=\"609\">39,96Wh<\/td>\n<\/tr>\n<tr>\n<td width=\"226\">\u00c7al\u0131\u015fma Ko\u015fullar\u0131<\/td>\n<td width=\"609\">-20 \u2103 ~ 50 \u2103; 95%'den daha az nem<\/td>\n<\/tr>\n<tr>\n<td width=\"226\">Fabrika Veri S\u0131f\u0131rlama<\/td>\n<td width=\"609\">Destek<\/td>\n<\/tr>\n<tr>\n<td width=\"226\">Malzeme<\/td>\n<td width=\"609\">ABS beyaz<\/td>\n<\/tr>\n<tr>\n<td width=\"226\">Hava Ko\u015fullar\u0131na Dayan\u0131kl\u0131l\u0131k Derecesi<\/td>\n<td width=\"609\">IP66<\/td>\n<\/tr>\n<tr>\n<td width=\"226\">Boyut\/a\u011f\u0131rl\u0131k<\/td>\n<td width=\"609\">Product\uff1a255*177*109mm<\/p>\n<p>Paket\uff1a<\/p>\n<p>275*310*200mm\/adet 2.45KG\/adet<\/p>\n<p>623*530*610mm\/Karton 12 adet\/Karton 32KG\/karton<\/td>\n<\/tr>\n<\/tbody>\n<\/table>","protected":false},"featured_media":3314,"comment_status":"open","ping_status":"closed","template":"","meta":{"_seopress_robots_primary_cat":"none","_seopress_titles_title":"AOV 4-lens 4G Solar Camera Ptz Camera 8MP Built-in Battery AI Human Detection","_seopress_titles_desc":"AOV 4lens 4g Solar Camera Ptz Camera 8MP Built-in Battery PIR AI Human Detection Color Night Vision Outdoor Waterproof Security","_seopress_robots_index":""},"product_brand":[],"product_cat":[358,135],"product_tag":[],"class_list":{"0":"post-3311","1":"product","2":"type-product","3":"status-publish","4":"has-post-thumbnail","6":"product_cat-4g-solar-camera","7":"product_cat-solar-battery-camera","9":"first","10":"instock","11":"shipping-taxable","12":"product-type-simple"},"_links":{"self":[{"href":"https:\/\/jer-tech.com\/tr\/wp-json\/wp\/v2\/product\/3311","targetHints":{"allow":["GET"]}}],"collection":[{"href":"https:\/\/jer-tech.com\/tr\/wp-json\/wp\/v2\/product"}],"about":[{"href":"https:\/\/jer-tech.com\/tr\/wp-json\/wp\/v2\/types\/product"}],"replies":[{"embeddable":true,"href":"https:\/\/jer-tech.com\/tr\/wp-json\/wp\/v2\/comments?post=3311"}],"wp:featuredmedia":[{"embeddable":true,"href":"https:\/\/jer-tech.com\/tr\/wp-json\/wp\/v2\/media\/3314"}],"wp:attachment":[{"href":"https:\/\/jer-tech.com\/tr\/wp-json\/wp\/v2\/media?parent=3311"}],"wp:term":[{"taxonomy":"product_brand","embeddable":true,"href":"https:\/\/jer-tech.com\/tr\/wp-json\/wp\/v2\/product_brand?post=3311"},{"taxonomy":"product_cat","embeddable":true,"href":"https:\/\/jer-tech.com\/tr\/wp-json\/wp\/v2\/product_cat?post=3311"},{"taxonomy":"product_tag","embeddable":true,"href":"https:\/\/jer-tech.com\/tr\/wp-json\/wp\/v2\/product_tag?post=3311"}],"curies":[{"name":"wp","href":"https:\/\/api.w.org\/{rel}","templated":true}]}}