{"id":2197,"date":"2025-02-23T17:17:38","date_gmt":"2025-02-23T09:17:38","guid":{"rendered":"https:\/\/jer-tech.com\/?post_type=product&#038;p=2197"},"modified":"2025-02-23T17:18:06","modified_gmt":"2025-02-23T09:18:06","slug":"cift-lensli-wifi-kamera","status":"publish","type":"product","link":"https:\/\/jer-tech.com\/tr\/urun\/cift-lensli-wifi-kamera\/","title":{"rendered":"\u0130nsans\u0131 Tan\u0131ma Yapay Zeka \u00c7ift Lensli WiFi Kamera"},"content":{"rendered":"","protected":false},"excerpt":{"rendered":"<p><strong>\u0130nsans\u0131 Tan\u0131ma Yapay Zeka \u00c7ift Lensli WiFi Kamera<\/strong><\/p>\n<ul>\n<li>\u00dcst tabanca 3.6MM, top 3.6MM, statik ve dinamik, sinerjik bir ba\u011flant\u0131, a\u011f ile h\u0131zl\u0131 Bluetooth i\u00e7in bir \u00fcst 2 (top + tabanca) deste\u011fi<\/li>\n<li>\u00dcst braket, izleme y\u00f6n\u00fc tasar\u0131m s\u00fcrecini dar\u0131 malzemesi, Anten ba\u011f\u0131ms\u0131z kal\u0131p tasar\u0131m\u0131, 5DB'ye kadar yeni nesil kanallar\u0131 ayarlamak i\u00e7in manuel olarak d\u00f6nd\u00fcr\u00fclebilir;<\/li>\n<li>Biyonik hibrit \u0131\u015f\u0131k a\u00e7\u0131s\u0131 tasar\u0131m\u0131 6 + 6 + \u00fcst tabanca 4 + 4, dolgu \u0131\u015f\u0131\u011f\u0131 daha g\u00fc\u00e7l\u00fc<\/li>\n<li>Ultra d\u00fc\u015f\u00fck ayd\u0131nlatma sens\u00f6r\u00fc, g\u00f6zlerinizin \u00f6n\u00fcnde gece g\u00f6r\u00fc\u015f\u00fc etkisi<\/li>\n<li>\u00c7ift ekranl\u0131 \u00e7ift kanall\u0131 senkronize izleme ekran\u0131 (tek ekranl\u0131 \u00e7ift ekranl\u0131 \u00f6nizlemeyi destekler)<\/li>\n<li>\u0130nsans\u0131 alg\u0131lama, \u00e7ok ki\u015fili alg\u0131lamay\u0131 destekler, mesafe 15m + insans\u0131 otomatik izleme insans\u0131 \u00e7er\u00e7eve kayd\u0131 ile<\/li>\n<li>Gece g\u00f6r\u00fc\u015f\u00fc s\u0131cak du\u015fu ortadan kald\u0131rmak i\u00e7in dahili nano grafen \u0131s\u0131 emici<\/li>\n<li>8-128G TF kart depolama deste\u011fi<\/li>\n<\/ul>\n<table width=\"1016\">\n<tbody>\n<tr>\n<td width=\"141\">Ana Kontrol<\/td>\n<td colspan=\"2\" width=\"875\">\u00c7ift \u00e7ekirdekli 32 bit DSP (XM650V200)<\/td>\n<\/tr>\n<tr>\n<td width=\"141\">Sens\u00f6r<\/td>\n<td colspan=\"2\">2 * 3MP 1\/2,9\u2033 Renkli 2 * MIS2336 y\u00fcksek performansl\u0131 CMOS sens\u00f6rler<\/td>\n<\/tr>\n<tr>\n<td width=\"141\">Minimum Ayd\u0131nlatma<\/td>\n<td colspan=\"2\" width=\"875\">Renk: 0,01Lux @ (F1,2, AGC A\u00c7IK); IR ile 0 Lux\uff1b<br \/>\nSiyah ve beyaz: 0,001 Lux @ (F1,2, AGC A\u00c7IK), IR ile 0 Lux<\/td>\n<\/tr>\n<tr>\n<td width=\"141\">Deklan\u015f\u00f6r<\/td>\n<td colspan=\"2\">1\/50 (1\/60) sn. ila 1\/10.000 sn.<\/td>\n<\/tr>\n<tr>\n<td width=\"141\">Lens<\/td>\n<td colspan=\"2\">Tabanca 3.6MM \/ Top: 3.6MM<\/td>\n<\/tr>\n<tr>\n<td width=\"141\">G\u00fcr\u00fclt\u00fc Azaltma<\/td>\n<td colspan=\"2\">2D\/3D g\u00fcr\u00fclt\u00fc azaltma deste\u011fi<\/td>\n<\/tr>\n<tr>\n<td width=\"141\">Video Format\u0131<\/td>\n<td colspan=\"2\">H.265AI<\/td>\n<\/tr>\n<tr>\n<td width=\"141\">\u00c7\u00f6zme G\u00fcc\u00fc<\/td>\n<td colspan=\"2\">Ana \u00e7\u00f6z\u00fcn\u00fcrl\u00fck: 2304*2592; Alt \u00e7\u00f6z\u00fcn\u00fcrl\u00fck: 640*720<\/td>\n<\/tr>\n<tr>\n<td width=\"141\">Kare h\u0131z\u0131<\/td>\n<td colspan=\"2\" width=\"875\">12 fps<\/td>\n<\/tr>\n<tr>\n<td width=\"141\">Ak\u0131ll\u0131 Analiz<\/td>\n<td colspan=\"2\" width=\"875\">\u0130nsan \u015fekli alg\u0131lamay\u0131 destekleyin<\/td>\n<\/tr>\n<tr>\n<td width=\"141\">\u0130zleme Fonksiyonu<\/td>\n<td colspan=\"2\" width=\"875\">\u0130nsan \u015fekil takibini destekleyin<\/td>\n<\/tr>\n<tr>\n<td width=\"141\">I\u015f\u0131k Kayna\u011f\u0131<\/td>\n<td colspan=\"2\" width=\"875\">10 adet k\u0131z\u0131l\u00f6tesi \u0131\u015f\u0131k + 10 adet beyaz \u0131\u015f\u0131k<\/td>\n<\/tr>\n<tr>\n<td width=\"141\">I\u015f\u0131k Modu<\/td>\n<td colspan=\"2\" width=\"875\">Starlight tam renkli\/k\u0131z\u0131l\u00f6tesi gece g\u00f6r\u00fc\u015f\u00fc\/\u00e7ift \u0131\u015f\u0131kl\u0131 uyar\u0131<\/td>\n<\/tr>\n<tr>\n<td width=\"141\">\u00c7ift Y\u00f6nl\u00fc Ses<\/td>\n<td colspan=\"2\">Destek<\/td>\n<\/tr>\n<tr>\n<td width=\"141\">Bulut Depolama<\/td>\n<td colspan=\"2\">Destek<\/td>\n<\/tr>\n<tr>\n<td width=\"141\">Destek S\u00f6zle\u015fmesi<\/td>\n<td colspan=\"2\" width=\"875\">NETIP protokol\u00fcn\u00fc destekleyin, ONVIF protokol\u00fcn\u00fc destekleyin, Bluetooth da\u011f\u0131t\u0131m a\u011f\u0131n\u0131 destekleyin<\/td>\n<\/tr>\n<tr>\n<td width=\"141\">A\u011f Aray\u00fcz\u00fc<\/td>\n<td colspan=\"2\">10M\/100M uyarlanabilir Ethernet ba\u011flant\u0131 noktas\u0131<\/td>\n<\/tr>\n<tr>\n<td width=\"141\">Depolama Aray\u00fcz\u00fc<\/td>\n<td colspan=\"2\">Yerel TF kart\u0131 (128G'ye kadar destekler)<\/td>\n<\/tr>\n<tr>\n<td width=\"141\">S\u0131f\u0131rlama tu\u015fu Aray\u00fcz<\/td>\n<td colspan=\"2\">Tek t\u0131klamayla kurtarma deste\u011fi<\/td>\n<\/tr>\n<tr>\n<td width=\"141\">Kablosuz Standart<\/td>\n<td colspan=\"2\">IEEE802.11b, 802.11g, 802.11n<\/td>\n<\/tr>\n<tr>\n<td width=\"141\">Frekans Aral\u0131\u011f\u0131<\/td>\n<td colspan=\"2\">2,4 GHz ~ 2,4835 GHz<\/td>\n<\/tr>\n<tr>\n<td width=\"141\">G\u00fc\u00e7 At\u0131klar\u0131<\/td>\n<td colspan=\"2\">24W<\/td>\n<\/tr>\n<tr>\n<td width=\"141\">\u00dcr\u00fcn Boyutu<\/td>\n<td colspan=\"2\">98*127*175mm<\/td>\n<\/tr>\n<tr>\n<td width=\"141\">Renk Kutu Boyutu<\/td>\n<td colspan=\"2\">163*150*110mm<\/td>\n<\/tr>\n<tr>\n<td width=\"141\">S\u0131cakl\u0131k<\/td>\n<td colspan=\"2\">S\u0131f\u0131r 10 \u00b0 C -60 \u00b0 C, 90%'den daha az nem [yo\u011fu\u015fma yok]<\/td>\n<\/tr>\n<tr>\n<td width=\"141\">G\u00fc\u00e7 Kayna\u011f\u0131<\/td>\n<td colspan=\"2\">DC 12V \u00b1 10%<\/td>\n<\/tr>\n<tr>\n<td width=\"141\">A\u011f\u0131rl\u0131k<\/td>\n<td colspan=\"2\">0,453kg(Br\u00fct a\u011f\u0131rl\u0131k)<\/td>\n<\/tr>\n<\/tbody>\n<\/table>","protected":false},"featured_media":2200,"comment_status":"open","ping_status":"closed","template":"","meta":{"_seopress_robots_primary_cat":"none","_seopress_titles_title":"Humanoid Recognition AI Dual-Lens WiFi Camera","_seopress_titles_desc":"Upgrade your security with the Humanoid Recognition AI Dual-Lens WiFi Camera. Featuring advanced AI for humanoid detection, dual-lens clarity, and Wi-Fi connectivity for seamless remote monitoring, ideal for both indoor and outdoor use.","_seopress_robots_index":""},"product_brand":[],"product_cat":[107],"product_tag":[],"class_list":{"0":"post-2197","1":"product","2":"type-product","3":"status-publish","4":"has-post-thumbnail","6":"product_cat-wireless-camera","8":"first","9":"instock","10":"shipping-taxable","11":"product-type-simple"},"_links":{"self":[{"href":"https:\/\/jer-tech.com\/tr\/wp-json\/wp\/v2\/product\/2197","targetHints":{"allow":["GET"]}}],"collection":[{"href":"https:\/\/jer-tech.com\/tr\/wp-json\/wp\/v2\/product"}],"about":[{"href":"https:\/\/jer-tech.com\/tr\/wp-json\/wp\/v2\/types\/product"}],"replies":[{"embeddable":true,"href":"https:\/\/jer-tech.com\/tr\/wp-json\/wp\/v2\/comments?post=2197"}],"wp:featuredmedia":[{"embeddable":true,"href":"https:\/\/jer-tech.com\/tr\/wp-json\/wp\/v2\/media\/2200"}],"wp:attachment":[{"href":"https:\/\/jer-tech.com\/tr\/wp-json\/wp\/v2\/media?parent=2197"}],"wp:term":[{"taxonomy":"product_brand","embeddable":true,"href":"https:\/\/jer-tech.com\/tr\/wp-json\/wp\/v2\/product_brand?post=2197"},{"taxonomy":"product_cat","embeddable":true,"href":"https:\/\/jer-tech.com\/tr\/wp-json\/wp\/v2\/product_cat?post=2197"},{"taxonomy":"product_tag","embeddable":true,"href":"https:\/\/jer-tech.com\/tr\/wp-json\/wp\/v2\/product_tag?post=2197"}],"curies":[{"name":"wp","href":"https:\/\/api.w.org\/{rel}","templated":true}]}}