{"id":2190,"date":"2025-02-23T15:16:12","date_gmt":"2025-02-23T07:16:12","guid":{"rendered":"https:\/\/jer-tech.com\/?post_type=product&#038;p=2190"},"modified":"2025-02-23T15:16:13","modified_gmt":"2025-02-23T07:16:13","slug":"9mp-cift-lensli-kablosuz-guvenlik-kamerasi","status":"publish","type":"product","link":"https:\/\/jer-tech.com\/tr\/urun\/9mp-cift-lensli-kablosuz-guvenlik-kamerasi\/","title":{"rendered":"9MP \u00c7ift lensli kablosuz g\u00fcvenlik kameras\u0131"},"content":{"rendered":"","protected":false},"excerpt":{"rendered":"<p><strong>9MP \u00c7ift lensli kablosuz g\u00fcvenlik kameras\u0131<\/strong><\/p>\n<p>\u00dcst tabanca 3.6MM, top 2.8MM-12MM, maksimum yak\u0131nla\u015ft\u0131rma 250 metreye kadar,<br \/>\nStatik, i\u015fbirli\u011fine dayal\u0131 bir ba\u011flant\u0131, ilk 3 (top + silah)<br \/>\n\u00dcst braket, izleme y\u00f6n\u00fcn\u00fc ayarlamak i\u00e7in manuel olarak d\u00f6nd\u00fcr\u00fclebilir, tasar\u0131m s\u00fcreci dar\u0131 malzemesi<br \/>\nAntenden ba\u011f\u0131ms\u0131z kal\u0131p tasar\u0131m\u0131, 5DB'ye kadar yeni nesil kanallar; a\u011f ile h\u0131zl\u0131 Bluetooth deste\u011fi<br \/>\nBiyonik hibrit \u0131\u015f\u0131k a\u00e7\u0131s\u0131 tasar\u0131m\u0131 6 + 6 + \u00fcst tabanca 4 + 4, dolgu \u0131\u015f\u0131\u011f\u0131 daha g\u00fc\u00e7l\u00fc<br \/>\nGece g\u00f6r\u00fc\u015f\u00fcn\u00fc ve g\u00f6z\u00fcn\u00fcz\u00fcn \u00f6n\u00fcndeki s\u0131cak banyo gece g\u00f6r\u00fc\u015f\u00fcn\u00fc ortadan kald\u0131rmak i\u00e7in macun nano grafen \u0131s\u0131 emicinin i\u00e7indeki ultra d\u00fc\u015f\u00fck ayd\u0131nlatma sens\u00f6r\u00fc<br \/>\n\u00c7ift ekranl\u0131 \u00e7ift y\u00f6nl\u00fc senkronize izleme ekran\u0131 (tek ekranl\u0131 \u00e7ift ekranl\u0131 \u00f6nizlemeyi destekler)<br \/>\n\u0130nsans\u0131 alg\u0131lama \u00e7ok ki\u015fili alg\u0131lamay\u0131 destekler, mesafe 15m + insans\u0131 otomatik izleme yak\u0131nla\u015ft\u0131rma insans\u0131 takip kare kayd\u0131<br \/>\n8-128G TF kart depolama deste\u011fi<\/p>\n<table style=\"border-collapse: collapse; width: 701.43pt;\" border=\"0\" width=\"1169\" cellspacing=\"0\" cellpadding=\"0\">\n<tbody>\n<tr style=\"height: 20.00pt;\">\n<td class=\"et4\" style=\"height: 20.00pt; width: 124.30pt;\" width=\"207\" height=\"33\">ana kontrol<\/td>\n<td class=\"et5\" style=\"width: 577.50pt;\" colspan=\"2\" width=\"962\">\u00c7ift \u00e7ekirdekli 32 bit DSP (XM650V200)<\/td>\n<\/tr>\n<tr style=\"height: 20.00pt;\">\n<td class=\"et4\" style=\"height: 20.00pt; width: 124.30pt;\" width=\"207\" height=\"33\">sens\u00f6r<\/td>\n<td class=\"et5\" colspan=\"2\">3*3MP 1\/2,7\u2033 Renkli 3*MIS2009 y\u00fcksek performansl\u0131 CMOS sens\u00f6rler<\/td>\n<\/tr>\n<tr style=\"height: 28.00pt;\">\n<td class=\"et4\" style=\"height: 28.00pt; width: 124.30pt;\" width=\"207\" height=\"46\">Minimum ayd\u0131nlatma<\/td>\n<td class=\"et7\" style=\"width: 577.50pt;\" colspan=\"2\" width=\"962\">Renk: 0,01Lux @ (F1,2, AGC A\u00c7IK); IR ile 0 Lux\uff1b<br \/>\nSiyah ve beyaz: 0,001 Lux @ (F1,2, AGC A\u00c7IK), IR ile 0 Lux<\/td>\n<\/tr>\n<tr style=\"height: 20.00pt;\">\n<td class=\"et4\" style=\"height: 20.00pt; width: 124.30pt;\" width=\"207\" height=\"33\">deklan\u015f\u00f6r<\/td>\n<td class=\"et9\" colspan=\"2\">1\/50 (1\/60) saniye - 1\/10000 saniye<\/td>\n<\/tr>\n<tr style=\"height: 20.00pt;\">\n<td class=\"et4\" style=\"height: 20.00pt; width: 124.30pt;\" width=\"207\" height=\"33\">yerel mesafe<\/td>\n<td class=\"et9\" colspan=\"2\">Tabanca: F2.0*3.6MM \/ Top: 2.8MM-12MM<\/td>\n<\/tr>\n<tr style=\"height: 20.00pt;\">\n<td class=\"et4\" style=\"height: 20.00pt; width: 124.30pt;\" width=\"207\" height=\"33\">g\u00fcr\u00fclt\u00fc azaltma<\/td>\n<td class=\"et9\" colspan=\"2\">2D\/3D g\u00fcr\u00fclt\u00fc azaltma deste\u011fi<\/td>\n<\/tr>\n<tr style=\"height: 20.00pt;\">\n<td class=\"et4\" style=\"height: 20.00pt; width: 124.30pt;\" width=\"207\" height=\"33\">Video format\u0131<\/td>\n<td class=\"et9\" colspan=\"2\">H.265AI<\/td>\n<\/tr>\n<tr style=\"height: 20.00pt;\">\n<td class=\"et4\" style=\"height: 20.00pt; width: 124.30pt;\" width=\"207\" height=\"33\">\u00e7\u00f6z\u00fcmleme g\u00fcc\u00fc<\/td>\n<td class=\"et9\" colspan=\"2\">Ana \u00e7\u00f6z\u00fcn\u00fcrl\u00fck: 2304*2592; Alt \u00e7\u00f6z\u00fcn\u00fcrl\u00fck: 640*720<\/td>\n<\/tr>\n<tr style=\"height: 20.00pt;\">\n<td class=\"et4\" style=\"height: 20.00pt; width: 124.30pt;\" width=\"207\" height=\"33\">Kare h\u0131z\u0131<\/td>\n<td class=\"et7\" style=\"width: 577.50pt;\" colspan=\"2\" width=\"962\">12 fps<\/td>\n<\/tr>\n<tr style=\"height: 20.00pt;\">\n<td class=\"et4\" style=\"height: 20.00pt; width: 124.30pt;\" width=\"207\" height=\"33\">Ak\u0131ll\u0131 analiz<\/td>\n<td class=\"et7\" style=\"width: 577.50pt;\" colspan=\"2\" width=\"962\">\u0130nsan \u015fekli alg\u0131lamay\u0131 destekleyin<\/td>\n<\/tr>\n<tr style=\"height: 20.00pt;\">\n<td class=\"et4\" style=\"height: 20.00pt; width: 124.30pt;\" width=\"207\" height=\"33\">\u0130zleme fonksiyonu<\/td>\n<td class=\"et7\" style=\"width: 577.50pt;\" colspan=\"2\" width=\"962\">\u0130nsan \u015fekil takibini destekleyin<\/td>\n<\/tr>\n<tr style=\"height: 20.00pt;\">\n<td class=\"et4\" style=\"height: 20.00pt; width: 124.30pt;\" width=\"207\" height=\"33\">\u0131\u015f\u0131k kayna\u011f\u0131<\/td>\n<td class=\"et13\" style=\"width: 577.50pt; border-right: 1.0pt solid #000000;\" colspan=\"2\" width=\"962\">10 adet k\u0131z\u0131l\u00f6tesi \u0131\u015f\u0131k + 10 adet beyaz \u0131\u015f\u0131k<\/td>\n<\/tr>\n<tr style=\"height: 20.00pt;\">\n<td class=\"et4\" style=\"height: 20.00pt; width: 124.30pt;\" width=\"207\" height=\"33\">I\u015f\u0131k modu<\/td>\n<td class=\"et7\" style=\"width: 577.50pt;\" colspan=\"2\" width=\"962\">Starlight tam renkli\/k\u0131z\u0131l\u00f6tesi gece g\u00f6r\u00fc\u015f\u00fc\/\u00e7ift \u0131\u015f\u0131kl\u0131 uyar\u0131<\/td>\n<\/tr>\n<tr style=\"height: 20.00pt;\">\n<td class=\"et4\" style=\"height: 20.00pt; width: 124.30pt;\" width=\"207\" height=\"33\">\u00c7ift y\u00f6nl\u00fc ses<\/td>\n<td class=\"et9\" colspan=\"2\">Destek<\/td>\n<\/tr>\n<tr style=\"height: 20.00pt;\">\n<td class=\"et4\" style=\"height: 20.00pt; width: 124.30pt;\" width=\"207\" height=\"33\">Bulut depolama<\/td>\n<td class=\"et9\" colspan=\"2\">Destek<\/td>\n<\/tr>\n<tr style=\"height: 20.00pt;\">\n<td class=\"et4\" style=\"height: 20.00pt; width: 124.30pt;\" width=\"207\" height=\"33\">Destek S\u00f6zle\u015fmesi<\/td>\n<td class=\"et7\" style=\"width: 577.50pt;\" colspan=\"2\" width=\"962\">NETIP protokol\u00fcn\u00fc ve ONVIF protokol\u00fcn\u00fc ve Bluetooth da\u011f\u0131t\u0131m a\u011f\u0131n\u0131 destekler<\/td>\n<\/tr>\n<tr style=\"height: 20.00pt;\">\n<td class=\"et4\" style=\"height: 20.00pt; width: 124.30pt;\" width=\"207\" height=\"33\">a\u011f aray\u00fcz\u00fc<\/td>\n<td class=\"et9\" colspan=\"2\">10M\/100M uyarlanabilir Ethernet ba\u011flant\u0131 noktas\u0131<\/td>\n<\/tr>\n<tr style=\"height: 20.00pt;\">\n<td class=\"et4\" style=\"height: 20.00pt; width: 124.30pt;\" width=\"207\" height=\"33\">Depolama aray\u00fcz\u00fc<\/td>\n<td class=\"et9\" colspan=\"2\">Yerel TF kart\u0131 (128G'ye kadar)<\/td>\n<\/tr>\n<tr style=\"height: 20.00pt;\">\n<td class=\"et4\" style=\"height: 20.00pt; width: 124.30pt;\" width=\"207\" height=\"33\">S\u0131f\u0131rlama tu\u015fu aray\u00fcz\u00fc<\/td>\n<td class=\"et15\" style=\"border-right: 1.0pt solid #000000;\" colspan=\"2\">Tek t\u0131klamayla kurtarma deste\u011fi<\/td>\n<\/tr>\n<tr style=\"height: 20.00pt;\">\n<td class=\"et4\" style=\"height: 20.00pt; width: 124.30pt;\" width=\"207\" height=\"33\">Kablosuz standard\u0131<\/td>\n<td class=\"et9\" colspan=\"2\">IEEE802.11b, 802.11g, 802.11n<\/td>\n<\/tr>\n<tr style=\"height: 20.00pt;\">\n<td class=\"et4\" style=\"height: 20.00pt; width: 124.30pt;\" width=\"207\" height=\"33\">frekans aral\u0131\u011f\u0131<\/td>\n<td class=\"et9\" colspan=\"2\">2,4 GHz ~ 2,4835 GHz<\/td>\n<\/tr>\n<tr style=\"height: 20.00pt;\">\n<td class=\"et4\" style=\"height: 20.00pt; width: 124.30pt;\" width=\"207\" height=\"33\">g\u00fc\u00e7 israf\u0131<\/td>\n<td class=\"et9\" colspan=\"2\">24W<\/td>\n<\/tr>\n<tr style=\"height: 20.00pt;\">\n<td class=\"et4\" style=\"height: 20.00pt; width: 124.30pt;\" width=\"207\" height=\"33\">\u00dcr\u00fcn boyutu<\/td>\n<td class=\"et9\" colspan=\"2\">98*127*175mm<\/td>\n<\/tr>\n<tr style=\"height: 20.00pt;\">\n<td class=\"et4\" style=\"height: 20.00pt; width: 124.30pt;\" width=\"207\" height=\"33\">Renk kutusu boyutu<\/td>\n<td class=\"et9\" colspan=\"2\">178*164*105mm<\/td>\n<\/tr>\n<tr style=\"height: 20.00pt;\">\n<td class=\"et4\" style=\"height: 20.00pt; width: 124.30pt;\" width=\"207\" height=\"33\">s\u0131cakl\u0131k<\/td>\n<td class=\"et9\" colspan=\"2\">-10\u2103~60\u2103, 90%'den daha az nem [yo\u011fu\u015fma yok]<\/td>\n<\/tr>\n<tr style=\"height: 20.00pt;\">\n<td class=\"et4\" style=\"height: 20.00pt; width: 124.30pt;\" width=\"207\" height=\"33\">G\u00fc\u00e7 Kayna\u011f\u0131<\/td>\n<td class=\"et9\" colspan=\"2\">DC 12V \u00b1 10%<\/td>\n<\/tr>\n<tr style=\"height: 20.00pt;\">\n<td class=\"et17\" style=\"height: 20.00pt; width: 124.30pt;\" width=\"207\" height=\"33\">a\u011f\u0131rl\u0131k<\/td>\n<td class=\"et18\" colspan=\"2\">0.538kg (Br\u00fct a\u011f\u0131rl\u0131k)<\/td>\n<\/tr>\n<\/tbody>\n<\/table>","protected":false},"featured_media":2193,"comment_status":"open","ping_status":"closed","template":"","meta":{"_seopress_robots_primary_cat":"","_seopress_titles_title":"9MP Dual-lens wireless security camera","_seopress_titles_desc":"Enhance your security with the 9MP Dual-lens wireless security camera, offering high-definition clarity and a wide-angle view for round-the-clock protection of your home or office.","_seopress_robots_index":""},"product_brand":[],"product_cat":[107],"product_tag":[],"class_list":{"0":"post-2190","1":"product","2":"type-product","3":"status-publish","4":"has-post-thumbnail","6":"product_cat-wireless-camera","8":"first","9":"instock","10":"shipping-taxable","11":"product-type-simple"},"_links":{"self":[{"href":"https:\/\/jer-tech.com\/tr\/wp-json\/wp\/v2\/product\/2190","targetHints":{"allow":["GET"]}}],"collection":[{"href":"https:\/\/jer-tech.com\/tr\/wp-json\/wp\/v2\/product"}],"about":[{"href":"https:\/\/jer-tech.com\/tr\/wp-json\/wp\/v2\/types\/product"}],"replies":[{"embeddable":true,"href":"https:\/\/jer-tech.com\/tr\/wp-json\/wp\/v2\/comments?post=2190"}],"wp:featuredmedia":[{"embeddable":true,"href":"https:\/\/jer-tech.com\/tr\/wp-json\/wp\/v2\/media\/2193"}],"wp:attachment":[{"href":"https:\/\/jer-tech.com\/tr\/wp-json\/wp\/v2\/media?parent=2190"}],"wp:term":[{"taxonomy":"product_brand","embeddable":true,"href":"https:\/\/jer-tech.com\/tr\/wp-json\/wp\/v2\/product_brand?post=2190"},{"taxonomy":"product_cat","embeddable":true,"href":"https:\/\/jer-tech.com\/tr\/wp-json\/wp\/v2\/product_cat?post=2190"},{"taxonomy":"product_tag","embeddable":true,"href":"https:\/\/jer-tech.com\/tr\/wp-json\/wp\/v2\/product_tag?post=2190"}],"curies":[{"name":"wp","href":"https:\/\/api.w.org\/{rel}","templated":true}]}}