{"id":2160,"date":"2025-02-22T12:24:33","date_gmt":"2025-02-22T04:24:33","guid":{"rendered":"https:\/\/jer-tech.com\/?post_type=product&#038;p=2160"},"modified":"2025-02-22T12:29:07","modified_gmt":"2025-02-22T04:29:07","slug":"24-saat-kayit-yapan-4g-aov-gunes-kamerasi","status":"publish","type":"product","link":"https:\/\/jer-tech.com\/tr\/urun\/24-saat-kayit-yapan-4g-aov-gunes-kamerasi\/","title":{"rendered":"24 Saat Kay\u0131t 4G AOV Solar Kamera"},"content":{"rendered":"","protected":false},"excerpt":{"rendered":"<ul>\n<li>Amazon Amazon Alex\/Echo Show i\u00e7in \u00fccretsiz destek;<\/li>\n<li>AOV-7*24 saat video kayd\u0131, Ultra d\u00fc\u015f\u00fck g\u00fc\u00e7.<\/li>\n<li>Solar d\u00fc\u015f\u00fck g\u00fc\u00e7l\u00fc kamera, 9,2 W g\u00fcne\u015f paneli ile \uff0c 21700 \u0130ki pil;<\/li>\n<li>2 F1.9 y\u0131ld\u0131z \u0131\u015f\u0131\u011f\u0131 toz filtresi 3.6MM lens, 4 + 4 \u00e7ift \u00e7ekirdekli \u0131\u015f\u0131klar, 6 k\u0131z\u0131l\u00f6tesi \u0131\u015f\u0131k, 6 beyaz \u0131\u015f\u0131k, \u00c7ift \u0131\u015f\u0131kl\u0131 tam renkli gece g\u00f6r\u00fc\u015f\u00fc;<\/li>\n<li>\u0130ki y\u00f6nl\u00fc dubleks ses dinleme, interkom, Alarm mesaj\u0131 g\u00f6nderme deste\u011fi;<\/li>\n<li>AI insans\u0131 tarama itme, AI alan izinsiz giri\u015f alg\u0131lama (\u00e7oklu izleme alanlar\u0131) AI alarm sesi DIY;<\/li>\n<li>1 saniye 1 kare video (AOV durumu) + tam kare h\u0131z\u0131nda video (uyanma durumu) deste\u011fi; ;<\/li>\n<li>G\u00fc\u00e7 kayna\u011f\u0131: DC 5V 1,5A (standart d\u0131\u015f\u0131), C Tipi aray\u00fcz;<\/li>\n<li>8-512G TF kart depolama deste\u011fi, \u00e7al\u0131\u015fma s\u0131cakl\u0131\u011f\u0131: -10 \u2103 - \uff0b 55 \u2103;<\/li>\n<\/ul>\n<table width=\"1200\">\n<tbody>\n<tr>\n<td width=\"199\">ana kontrol<\/td>\n<td colspan=\"2\" width=\"1001\">\u00c7ift \u00e7ekirdekli 32 bit DSP (RV1106G2)<\/td>\n<\/tr>\n<tr>\n<td width=\"199\">sens\u00f6r<\/td>\n<td colspan=\"2\">2 adet 1\/3 in\u00e7 d\u00fc\u015f\u00fck \u0131\u015f\u0131k CMOS sens\u00f6r<\/td>\n<\/tr>\n<tr>\n<td width=\"199\">Minimum ayd\u0131nlatma<\/td>\n<td colspan=\"2\" width=\"1001\">Renkli:0,01Lux @ (F1,2,AGC A\u00c7IK); IR ile 0 Lux\uff1b Siyah beyaz:0,001 Lux @ (F1,2,AGC A\u00c7IK), IR ile 0 Lux<\/td>\n<\/tr>\n<tr>\n<td width=\"199\">deklan\u015f\u00f6r<\/td>\n<td colspan=\"2\">1\/50 (1\/60) saniye ila 1\/10000 saniye<\/td>\n<\/tr>\n<tr>\n<td width=\"199\">odak mesafesi<\/td>\n<td colspan=\"2\">Top: F1.9 * 3.6MM\/Silah: F1.9 * 3.6MM<\/td>\n<\/tr>\n<tr>\n<td width=\"199\">g\u00fcr\u00fclt\u00fc azaltma<\/td>\n<td colspan=\"2\">2D\/3D g\u00fcr\u00fclt\u00fc azaltma deste\u011fi<\/td>\n<\/tr>\n<tr>\n<td width=\"199\">Video format\u0131<\/td>\n<td colspan=\"2\">H.265AI<\/td>\n<\/tr>\n<tr>\n<td width=\"199\">\u00e7\u00f6z\u00fcmleme g\u00fcc\u00fc<\/td>\n<td colspan=\"2\">Ana kod ak\u0131\u015f\u0131: 1920*2160; Alt ak\u0131\u015f: 800*896<\/td>\n<\/tr>\n<tr>\n<td width=\"199\">Kare h\u0131z\u0131<\/td>\n<td colspan=\"2\">12 \u00e7er\u00e7eve (uyanma durumu)<\/td>\n<\/tr>\n<tr>\n<td width=\"199\">YAPAY ZEKA<\/td>\n<td colspan=\"2\">Yapay zeka insans\u0131 alg\u0131lama<\/td>\n<\/tr>\n<tr>\n<td width=\"199\">\u00e7al\u0131\u015fma modu<\/td>\n<td colspan=\"2\" width=\"1001\">1 saniye 1 kare video (AOV durumu) + tam kare h\u0131z\u0131nda video (uyanma durumu) deste\u011fi; Alarm mesaj\u0131 itme<\/td>\n<\/tr>\n<tr>\n<td width=\"199\">\u0131\u015f\u0131k kayna\u011f\u0131<\/td>\n<td colspan=\"2\" width=\"1001\">Kubbe makinesi: 6 k\u0131z\u0131l\u00f6tesi \u0131\u015f\u0131k + 6 beyaz \u0131\u015f\u0131k<br \/>\nS\u00fcrg\u00fc: 4 k\u0131z\u0131l\u00f6tesi beyaz \u0131\u015f\u0131k<\/td>\n<\/tr>\n<tr>\n<td width=\"199\">I\u015f\u0131k modu<\/td>\n<td colspan=\"2\">K\u0131z\u0131l\u00f6tesi gece g\u00f6r\u00fc\u015f\u00fc\/ak\u0131ll\u0131 \u00e7ift \u0131\u015f\u0131k<\/td>\n<\/tr>\n<tr>\n<td width=\"199\">\u00c7ift y\u00f6nl\u00fc ses<\/td>\n<td colspan=\"2\">Destek<\/td>\n<\/tr>\n<tr>\n<td width=\"199\">Bulut depolama<\/td>\n<td colspan=\"2\">Destek<\/td>\n<\/tr>\n<tr>\n<td width=\"199\">Destek S\u00f6zle\u015fmesi<\/td>\n<td colspan=\"2\" width=\"1001\">NETIP protokol\u00fcn\u00fc destekleyin<\/td>\n<\/tr>\n<tr>\n<td width=\"199\">a\u011f aray\u00fcz\u00fc<\/td>\n<td colspan=\"2\">4G<\/td>\n<\/tr>\n<tr>\n<td width=\"199\">Depolama aray\u00fcz\u00fc<\/td>\n<td colspan=\"2\">Yerel TF kart\u0131 (256G'ye kadar destekler)<\/td>\n<\/tr>\n<tr>\n<td width=\"199\">S\u0131f\u0131rlama tu\u015fu aray\u00fcz\u00fc<\/td>\n<td colspan=\"2\">Tek t\u0131klamayla kurtarma deste\u011fi<\/td>\n<\/tr>\n<tr>\n<td width=\"199\">frekans aral\u0131\u011f\u0131<\/td>\n<td colspan=\"2\" width=\"1001\">LTE-TDD:B34\/B38\/B39\/B40\/B41 LTE-FDD:B1\/B3\/B5\/B8 (4G Asya Pasifik versiyonu)<\/td>\n<\/tr>\n<tr>\n<td width=\"199\">Solar \u015earj Paneli<\/td>\n<td colspan=\"2\">9.2W g\u00fcne\u015f panelleri<\/td>\n<\/tr>\n<tr>\n<td width=\"199\">Ak\u00fc kapasitesi<\/td>\n<td colspan=\"2\">10400mA\uff0821700 \u0130ki pil\uff09<\/td>\n<\/tr>\n<tr>\n<td width=\"199\">\u00dcr\u00fcn boyutu<\/td>\n<td colspan=\"2\">3,8 in\u00e7<\/td>\n<\/tr>\n<tr>\n<td width=\"199\">Renk kutusu boyutu<\/td>\n<td colspan=\"2\">250*180*165mm<\/td>\n<\/tr>\n<tr>\n<td width=\"199\">s\u0131cakl\u0131k<\/td>\n<td colspan=\"2\">S\u0131f\u0131r 10 \u00b0 C -55 \u00b0 C, 90%'den daha az nem [yo\u011fu\u015fma yok]<\/td>\n<\/tr>\n<tr>\n<td width=\"199\">kaynak<\/td>\n<td colspan=\"2\">DC 5V\uff08C Tipi\uff09<\/td>\n<\/tr>\n<tr>\n<td width=\"199\">a\u011f\u0131rl\u0131k<\/td>\n<td colspan=\"2\" width=\"1001\">1,38 kg (br\u00fct a\u011f\u0131rl\u0131k)<\/td>\n<\/tr>\n<\/tbody>\n<\/table>\n<p>&nbsp;<\/p>\n<p>&nbsp;<\/p>","protected":false},"featured_media":2172,"comment_status":"open","ping_status":"closed","template":"","meta":{"_seopress_robots_primary_cat":"135","_seopress_titles_title":"24 Hours Recording 4G AOV Solar Camera - JER Company","_seopress_titles_desc":"We supply AOV Solar 4G  Camera with AI human\/vehicle detection (99% accuracy), dual-mode recording, solar panel for 15-day rainy endurance. 5V optimized circuit, IP66 weatherproof design.","_seopress_robots_index":""},"product_brand":[],"product_cat":[135,107],"product_tag":[],"class_list":{"0":"post-2160","1":"product","2":"type-product","3":"status-publish","4":"has-post-thumbnail","6":"product_cat-solar-battery-camera","7":"product_cat-wireless-camera","9":"first","10":"instock","11":"shipping-taxable","12":"product-type-simple"},"_links":{"self":[{"href":"https:\/\/jer-tech.com\/tr\/wp-json\/wp\/v2\/product\/2160","targetHints":{"allow":["GET"]}}],"collection":[{"href":"https:\/\/jer-tech.com\/tr\/wp-json\/wp\/v2\/product"}],"about":[{"href":"https:\/\/jer-tech.com\/tr\/wp-json\/wp\/v2\/types\/product"}],"replies":[{"embeddable":true,"href":"https:\/\/jer-tech.com\/tr\/wp-json\/wp\/v2\/comments?post=2160"}],"wp:featuredmedia":[{"embeddable":true,"href":"https:\/\/jer-tech.com\/tr\/wp-json\/wp\/v2\/media\/2172"}],"wp:attachment":[{"href":"https:\/\/jer-tech.com\/tr\/wp-json\/wp\/v2\/media?parent=2160"}],"wp:term":[{"taxonomy":"product_brand","embeddable":true,"href":"https:\/\/jer-tech.com\/tr\/wp-json\/wp\/v2\/product_brand?post=2160"},{"taxonomy":"product_cat","embeddable":true,"href":"https:\/\/jer-tech.com\/tr\/wp-json\/wp\/v2\/product_cat?post=2160"},{"taxonomy":"product_tag","embeddable":true,"href":"https:\/\/jer-tech.com\/tr\/wp-json\/wp\/v2\/product_tag?post=2160"}],"curies":[{"name":"wp","href":"https:\/\/api.w.org\/{rel}","templated":true}]}}