{"id":1624,"date":"2023-03-07T11:31:06","date_gmt":"2023-03-07T03:31:06","guid":{"rendered":"https:\/\/jer-tech.com\/?post_type=product&#038;p=1624"},"modified":"2023-03-07T17:46:35","modified_gmt":"2023-03-07T09:46:35","slug":"4g-gunes-kablosuz-kamera","status":"publish","type":"product","link":"https:\/\/jer-tech.com\/tr\/urun\/4g-gunes-kablosuz-kamera\/","title":{"rendered":"4K \u00c7ift Lens 180\u00b0 S\u00fcper Geni\u015f A\u00e7\u0131l\u0131 4G Solar Kablosuz Kamera"},"content":{"rendered":"","protected":false},"excerpt":{"rendered":"<p><strong>4K \u00c7ift Lens 180\u00b0 S\u00fcper Geni\u015f A\u00e7\u0131l\u0131 4G Solar Kablosuz Kamera<\/strong><\/p>\n<ul>\n<li>4K S\u00fcper Y\u00fcksek \u00c7\u00f6z\u00fcn\u00fcrl\u00fck Kalitesi, kristal netli\u011finde g\u00f6r\u00fcnt\u00fcler ve videolar<\/li>\n<li>Bir g\u00fcnde 100 alg\u0131lama, G\u00fcne\u015f \u0131\u015f\u0131\u011f\u0131 olmadan 80 g\u00fcn kesintisiz pil \u00f6mr\u00fc<\/li>\n<li>Birle\u015ftirme Algoritmas\u0131 Olmayan \u00c7ift Lens, 180\u00b0 Distorsiyonsuz S\u00fcper Geni\u015f A\u00e7\u0131<\/li>\n<li>Ak\u0131ll\u0131 \u0130nsans\u0131 \u0130zleme, her ayr\u0131nt\u0131y\u0131 k\u00fcresel olarak izleme<\/li>\n<li>\u0130nsan Alg\u0131lama i\u00e7in \u00c7ift PIR, zaman\u0131nda Alarm Bildirimleri<\/li>\n<li>Milisaniyeler \u0130\u00e7inde Yakalama, Her Zaman Uzaktan Eri\u015fim, Ak\u0131ll\u0131 Ba\u011flant\u0131<\/li>\n<li>40M K\u0131z\u0131l\u00f6tesi gece g\u00f6r\u00fc\u015f\u00fc, 20M Beyaz \u0131\u015f\u0131k tam renkli g\u00f6r\u00fc\u015f<\/li>\n<li>IP66 Su Ge\u00e7irmez ve Toz Ge\u00e7irmez, a\u00e7\u0131k havada k\u00f6t\u00fc hava korkusu yok<\/li>\n<\/ul>","protected":false},"featured_media":1627,"comment_status":"open","ping_status":"closed","template":"","meta":{"_seopress_robots_primary_cat":"none","_seopress_titles_title":"Dual-Lens 180\u00b0 Super Wide-Angle 4G Solar Wireless Camera | Jer Technology Co., Ltd","_seopress_titles_desc":"Protect your property with our 4G solar wireless camera. This eco-friendly and wireless outdoor security solution provides reliable surveillance in remote locations without the need for electricity or Wi-Fi. With 4G connectivity, you can monitor your property from anywhere. Choose us for reliable and eco-friendly wireless security technology.","_seopress_robots_index":""},"product_brand":[],"product_cat":[135,107],"product_tag":[],"class_list":{"0":"post-1624","1":"product","2":"type-product","3":"status-publish","4":"has-post-thumbnail","6":"product_cat-solar-battery-camera","7":"product_cat-wireless-camera","9":"first","10":"instock","11":"shipping-taxable","12":"product-type-simple"},"_links":{"self":[{"href":"https:\/\/jer-tech.com\/tr\/wp-json\/wp\/v2\/product\/1624","targetHints":{"allow":["GET"]}}],"collection":[{"href":"https:\/\/jer-tech.com\/tr\/wp-json\/wp\/v2\/product"}],"about":[{"href":"https:\/\/jer-tech.com\/tr\/wp-json\/wp\/v2\/types\/product"}],"replies":[{"embeddable":true,"href":"https:\/\/jer-tech.com\/tr\/wp-json\/wp\/v2\/comments?post=1624"}],"wp:featuredmedia":[{"embeddable":true,"href":"https:\/\/jer-tech.com\/tr\/wp-json\/wp\/v2\/media\/1627"}],"wp:attachment":[{"href":"https:\/\/jer-tech.com\/tr\/wp-json\/wp\/v2\/media?parent=1624"}],"wp:term":[{"taxonomy":"product_brand","embeddable":true,"href":"https:\/\/jer-tech.com\/tr\/wp-json\/wp\/v2\/product_brand?post=1624"},{"taxonomy":"product_cat","embeddable":true,"href":"https:\/\/jer-tech.com\/tr\/wp-json\/wp\/v2\/product_cat?post=1624"},{"taxonomy":"product_tag","embeddable":true,"href":"https:\/\/jer-tech.com\/tr\/wp-json\/wp\/v2\/product_tag?post=1624"}],"curies":[{"name":"wp","href":"https:\/\/api.w.org\/{rel}","templated":true}]}}