{"id":1610,"date":"2023-03-07T10:53:58","date_gmt":"2023-03-07T02:53:58","guid":{"rendered":"https:\/\/jer-tech.com\/?post_type=product&#038;p=1610"},"modified":"2023-03-07T10:53:59","modified_gmt":"2023-03-07T02:53:59","slug":"4g-gunes-ptz-kamera","status":"publish","type":"product","link":"https:\/\/jer-tech.com\/tr\/urun\/4g-gunes-ptz-kamera\/","title":{"rendered":"4K \u00c7ift Lensli Hareket Alg\u0131lama 4G Solar PTZ Kamera"},"content":{"rendered":"","protected":false},"excerpt":{"rendered":"<p><strong>4K \u00c7ift Lensli Hareket Alg\u0131lama 4G Solar PTZ Kamera<\/strong><\/p>\n<ol>\n<li>4K \u00e7ift lensli 4G g\u00fcne\u015f enerjili pilli projekt\u00f6r PTZ kamera<\/li>\n<li>Dahili 4G mod\u00fcl\u00fc, farkl\u0131 \u00fclkelerde farkl\u0131 mod\u00fcller<\/li>\n<li>Pan&amp;Tilt:Pan 355 derece&amp;Tilt 90 derece<\/li>\n<li>6 watt g\u00fcne\u015f paneli, dahili 20000mAh piller<\/li>\n<li>\u0130ki y\u00f6nl\u00fc sesli interkom<\/li>\n<li>Bulut depolama ve maksimum 128G TF kart depolama deste\u011fi<\/li>\n<li>Android, IOS APP uzaktan g\u00f6r\u00fcnt\u00fcleme\/oynatma deste\u011fi (APP: NiView)<\/li>\n<li>PIR + insans\u0131 alg\u0131lama uyand\u0131rma video kayd\u0131 ve mesaj iletimi<\/li>\n<li>24 saat kay\u0131t, 24 saat + tetikleme kayd\u0131, tetikleme kayd\u0131 \u00fc\u00e7 \u00e7al\u0131\u015fma modu<\/li>\n<li>2,5 mm geni\u015f a\u00e7\u0131l\u0131 lens + 5-50 mm 10x optik zoom lens, Uzaktan ve yak\u0131ndan net g\u00f6rme<\/li>\n<li>Hareket alg\u0131lama, insans\u0131 alg\u0131lama, insans\u0131 otomatik izleme, video 3D konumland\u0131rma deste\u011fi<\/li>\n<li>Su ge\u00e7irmezlik s\u0131n\u0131f\u0131 IP66<\/li>\n<\/ol>","protected":false},"featured_media":1614,"comment_status":"open","ping_status":"closed","template":"","meta":{"_seopress_robots_primary_cat":"","_seopress_titles_title":"4G Solar PTZ Camera | Wireless Outdoor Security Camera | JER Technology Co., Ltd","_seopress_titles_desc":"As a wholesaler or distributor, offer your clients the best in outdoor security technology with our 4G solar PTZ camera. Our camera features powerful pan-tilt-zoom capabilities and 4G connectivity, making it an ideal solution for remote locations. Choose JER to provide your customers with reliable, wireless security technology.","_seopress_robots_index":""},"product_brand":[],"product_cat":[135,107],"product_tag":[],"class_list":{"0":"post-1610","1":"product","2":"type-product","3":"status-publish","4":"has-post-thumbnail","6":"product_cat-solar-battery-camera","7":"product_cat-wireless-camera","9":"first","10":"instock","11":"shipping-taxable","12":"product-type-simple"},"_links":{"self":[{"href":"https:\/\/jer-tech.com\/tr\/wp-json\/wp\/v2\/product\/1610","targetHints":{"allow":["GET"]}}],"collection":[{"href":"https:\/\/jer-tech.com\/tr\/wp-json\/wp\/v2\/product"}],"about":[{"href":"https:\/\/jer-tech.com\/tr\/wp-json\/wp\/v2\/types\/product"}],"replies":[{"embeddable":true,"href":"https:\/\/jer-tech.com\/tr\/wp-json\/wp\/v2\/comments?post=1610"}],"wp:featuredmedia":[{"embeddable":true,"href":"https:\/\/jer-tech.com\/tr\/wp-json\/wp\/v2\/media\/1614"}],"wp:attachment":[{"href":"https:\/\/jer-tech.com\/tr\/wp-json\/wp\/v2\/media?parent=1610"}],"wp:term":[{"taxonomy":"product_brand","embeddable":true,"href":"https:\/\/jer-tech.com\/tr\/wp-json\/wp\/v2\/product_brand?post=1610"},{"taxonomy":"product_cat","embeddable":true,"href":"https:\/\/jer-tech.com\/tr\/wp-json\/wp\/v2\/product_cat?post=1610"},{"taxonomy":"product_tag","embeddable":true,"href":"https:\/\/jer-tech.com\/tr\/wp-json\/wp\/v2\/product_tag?post=1610"}],"curies":[{"name":"wp","href":"https:\/\/api.w.org\/{rel}","templated":true}]}}