{"id":1476,"date":"2022-07-18T18:03:46","date_gmt":"2022-07-18T10:03:46","guid":{"rendered":"https:\/\/jer-tech.com\/?post_type=product&#038;p=1476"},"modified":"2022-07-18T18:03:47","modified_gmt":"2022-07-18T10:03:47","slug":"4g-gunes-kamerasi","status":"publish","type":"product","link":"https:\/\/jer-tech.com\/tr\/urun\/4g-gunes-kamerasi\/","title":{"rendered":"4G Solar kamera Pan-Tilt Kablosuz kamera"},"content":{"rendered":"","protected":false},"excerpt":{"rendered":"<ul>\n<li>HD g\u00f6r\u00fcnt\u00fc kalitesi: 3.0MP HD g\u00f6r\u00fcnt\u00fc kalitesi, net ve hassas g\u00f6r\u00fcnt\u00fcler.<\/li>\n<li>D\u00fc\u015f\u00fck g\u00fc\u00e7te \u00e7al\u0131\u015fma: Cihaz\u0131n uyku fonksiyonu, ultra d\u00fc\u015f\u00fck g\u00fc\u00e7te \u00e7al\u0131\u015fmas\u0131, uzun bekleme s\u00fcresi, ak\u0131ll\u0131 g\u00fc\u00e7 tasarrufu vard\u0131r ve cep telefonu taraf\u0131ndan uzaktan uyand\u0131r\u0131labilir.<\/li>\n<li>Ak\u0131ll\u0131 PIR: Dahili PIR insan v\u00fccudu k\u0131z\u0131l\u00f6tesi sens\u00f6r\u00fc, cihaz insan v\u00fccudunun dola\u015ft\u0131\u011f\u0131n\u0131 alg\u0131lad\u0131\u011f\u0131nda, otomatik olarak cep telefonuna anormal alarm bilgileri g\u00f6nderecektir.<\/li>\n<li>WeChat\/APP push mesajlar\u0131: alarm bilgilerini Wechat\/APP'ye g\u00f6ndermeyi destekler, alarm mesaj\u0131n\u0131 al\u0131r ve acil durumlarla zaman\u0131nda ilgilenir.<\/li>\n<li>\u0130ste\u011fe ba\u011fl\u0131 \u00e7ift \u0131\u015f\u0131kl\u0131 gece g\u00f6r\u00fc\u015f modu: iste\u011fe g\u00f6re de\u011fi\u015ftirilebilen g\u00fcnd\u00fcz ve gece tam renkli ve k\u0131z\u0131l\u00f6tesi gece g\u00f6r\u00fc\u015f\u00fc.<\/li>\n<li>G\u00fcne\u015f enerjisi kayna\u011f\u0131: Ekipman g\u00fcne\u015f enerjisi ile \u00e7al\u0131\u015f\u0131r (harici bir g\u00fcne\u015f enerjisi kart\u0131 gerektirir).<\/li>\n<li>Sesli interkom: iki y\u00f6nl\u00fc sesli interkom, ileti\u015fim engelsizdir.<\/li>\n<li>PTZ kontrol\u00fc: yatay 350\u00b0, dikey 90\u00b0 d\u00f6n\u00fc\u015f, geni\u015f g\u00f6r\u00fc\u015f alan\u0131, geni\u015f izleme aral\u0131\u011f\u0131.<\/li>\n<li>Depolama y\u00f6netimi: yerel TF kart depolamay\u0131 destekler, maksimum 128G, tam otomatik d\u00f6ng\u00fc kapsam\u0131n\u0131 destekleyebilir; bulut depolamay\u0131 destekler.<\/li>\n<li>Ba\u011flant\u0131 modu: kablosuz ba\u011flant\u0131y\u0131 destekler.<\/li>\n<li>IP66 su ge\u00e7irmez: t\u00fcm makine su ge\u00e7irmezdir, IP66 koruma seviyesine sahiptir ve r\u00fczgar ve ya\u011fmurda korkusuzdur.<\/li>\n<li>Cep telefonu izleme: cep telefonu uzaktan izlemeyi destekler (IOS, Android).<\/li>\n<\/ul>","protected":false},"featured_media":1478,"comment_status":"open","ping_status":"closed","template":"","meta":{"_seopress_robots_primary_cat":"","_seopress_titles_title":"4G Solar camera - JER Company - CCTV Supplier in China","_seopress_titles_desc":"Finding a Reliable 4G Solar camera supplier can save you tons of money. Let JER Technology become your CCTV products partner.","_seopress_robots_index":""},"product_brand":[],"product_cat":[107],"product_tag":[],"class_list":{"0":"post-1476","1":"product","2":"type-product","3":"status-publish","4":"has-post-thumbnail","6":"product_cat-wireless-camera","8":"first","9":"instock","10":"shipping-taxable","11":"product-type-simple"},"_links":{"self":[{"href":"https:\/\/jer-tech.com\/tr\/wp-json\/wp\/v2\/product\/1476","targetHints":{"allow":["GET"]}}],"collection":[{"href":"https:\/\/jer-tech.com\/tr\/wp-json\/wp\/v2\/product"}],"about":[{"href":"https:\/\/jer-tech.com\/tr\/wp-json\/wp\/v2\/types\/product"}],"replies":[{"embeddable":true,"href":"https:\/\/jer-tech.com\/tr\/wp-json\/wp\/v2\/comments?post=1476"}],"wp:featuredmedia":[{"embeddable":true,"href":"https:\/\/jer-tech.com\/tr\/wp-json\/wp\/v2\/media\/1478"}],"wp:attachment":[{"href":"https:\/\/jer-tech.com\/tr\/wp-json\/wp\/v2\/media?parent=1476"}],"wp:term":[{"taxonomy":"product_brand","embeddable":true,"href":"https:\/\/jer-tech.com\/tr\/wp-json\/wp\/v2\/product_brand?post=1476"},{"taxonomy":"product_cat","embeddable":true,"href":"https:\/\/jer-tech.com\/tr\/wp-json\/wp\/v2\/product_cat?post=1476"},{"taxonomy":"product_tag","embeddable":true,"href":"https:\/\/jer-tech.com\/tr\/wp-json\/wp\/v2\/product_tag?post=1476"}],"curies":[{"name":"wp","href":"https:\/\/api.w.org\/{rel}","templated":true}]}}