{"id":1454,"date":"2022-07-18T16:47:03","date_gmt":"2022-07-18T08:47:03","guid":{"rendered":"https:\/\/jer-tech.com\/?post_type=product&#038;p=1454"},"modified":"2022-07-18T16:47:03","modified_gmt":"2022-07-18T08:47:03","slug":"ip-ptz-kamera","status":"publish","type":"product","link":"https:\/\/jer-tech.com\/tr\/urun\/ip-ptz-kamera\/","title":{"rendered":"Tam renkli gece g\u00f6r\u00fc\u015fl\u00fc IP PTZ Kamera POE Opsiyonel"},"content":{"rendered":"","protected":false},"excerpt":{"rendered":"<p>Pan D\u00f6n\u00fc\u015f Aral\u0131\u011f\u0131: 0-360\u00b0, E\u011fim D\u00f6n\u00fc\u015f Aral\u0131\u011f\u0131: 0-93\u00b0.<br \/>\nPan d\u00f6n\u00fc\u015f h\u0131z\u0131: 45\u00b0\/s, E\u011fim d\u00f6n\u00fc\u015f h\u0131z\u0131: 30\u00b0\/s.<br \/>\nIP66 Ne ge\u00e7irmez, Y\u0131ld\u0131r\u0131m korumas\u0131: an\u0131nda 6000V<br \/>\n2 adet Lazer led + 7 adet IR led, IR mesafesi 150 metre<br \/>\nPOE Deste\u011fi (Opsiyonel)<br \/>\nTF Kart Opsiyonel<br \/>\nBoyut: 1 adet 25,5 \u00d7 21,5 \u00d7 41 (3kg)<br \/>\nBoyut: 4 adet 52x42x43.5 (13.6kg)<\/p>","protected":false},"featured_media":1469,"comment_status":"open","ping_status":"closed","template":"","meta":{"_seopress_robots_primary_cat":"","_seopress_titles_title":"Full-color night vision IP PTZ Camera - JER Company - CCTV OEM Manufacturer","_seopress_titles_desc":"Looking for a PTZ IP camera manufacturer where you can buy CCTV Cameras for wholesale price? Let JER Company help you.","_seopress_robots_index":""},"product_brand":[],"product_cat":[46],"product_tag":[],"class_list":{"0":"post-1454","1":"product","2":"type-product","3":"status-publish","4":"has-post-thumbnail","6":"product_cat-ip-cameras","8":"first","9":"instock","10":"shipping-taxable","11":"product-type-simple"},"_links":{"self":[{"href":"https:\/\/jer-tech.com\/tr\/wp-json\/wp\/v2\/product\/1454","targetHints":{"allow":["GET"]}}],"collection":[{"href":"https:\/\/jer-tech.com\/tr\/wp-json\/wp\/v2\/product"}],"about":[{"href":"https:\/\/jer-tech.com\/tr\/wp-json\/wp\/v2\/types\/product"}],"replies":[{"embeddable":true,"href":"https:\/\/jer-tech.com\/tr\/wp-json\/wp\/v2\/comments?post=1454"}],"wp:featuredmedia":[{"embeddable":true,"href":"https:\/\/jer-tech.com\/tr\/wp-json\/wp\/v2\/media\/1469"}],"wp:attachment":[{"href":"https:\/\/jer-tech.com\/tr\/wp-json\/wp\/v2\/media?parent=1454"}],"wp:term":[{"taxonomy":"product_brand","embeddable":true,"href":"https:\/\/jer-tech.com\/tr\/wp-json\/wp\/v2\/product_brand?post=1454"},{"taxonomy":"product_cat","embeddable":true,"href":"https:\/\/jer-tech.com\/tr\/wp-json\/wp\/v2\/product_cat?post=1454"},{"taxonomy":"product_tag","embeddable":true,"href":"https:\/\/jer-tech.com\/tr\/wp-json\/wp\/v2\/product_tag?post=1454"}],"curies":[{"name":"wp","href":"https:\/\/api.w.org\/{rel}","templated":true}]}}