{"id":1365,"date":"2022-05-24T18:30:31","date_gmt":"2022-05-24T10:30:31","guid":{"rendered":"https:\/\/jer-tech.com\/?post_type=product&#038;p=1365"},"modified":"2025-02-23T14:47:26","modified_gmt":"2025-02-23T06:47:26","slug":"kablosuz-ip-kameralar","status":"publish","type":"product","link":"https:\/\/jer-tech.com\/tr\/urun\/kablosuz-ip-kameralar\/","title":{"rendered":"Toptan kablosuz IP Kameralar"},"content":{"rendered":"","protected":false},"excerpt":{"rendered":"<ul>\n<li>Bulut depolama 30 g\u00fcn boyunca \u00fccretsizdir, yurti\u00e7inde ve yurtd\u0131\u015f\u0131nda evrenseldir;<\/li>\n<li>AI Ak\u0131ll\u0131 insan takibi, Watchpoint sabit nokta konumland\u0131rma i\u015flevi [1080P&amp;3.0MP]<\/li>\n<li>AI Ak\u0131ll\u0131 insan alg\u0131lama (\u00e7apraz \u00e7izgi alg\u0131lama\/alan alg\u0131lama) [1080P&amp;3.0MP]<\/li>\n<li>DC 5V\/2A, varsay\u0131lan ABD standart g\u00fc\u00e7 kayna\u011f\u0131; (\u00f6zel Avrupa \/ \u0130ngiliz \/ Avustralya d\u00fczenlemeleri)<\/li>\n<li>Micro SD 8G'den 128G'ye kadar destekler, H.265X kodlama teknolojisi depolama alan\u0131n\u0131 iki kat\u0131na \u00e7\u0131kar\u0131r;<\/li>\n<li>\u0130ki y\u00f6nl\u00fc sesli interkom, insan alg\u0131lama alarm bilgilerini itin;<\/li>\n<li>Alarm mesajlar\u0131n\u0131 do\u011frudan WeChat \u00fczerinden iletin<\/li>\n<li>CMS PC istemcisi arac\u0131l\u0131\u011f\u0131yla ger\u00e7ek zamanl\u0131 kaydetme ve oynatma; kay\u0131t cihaz\u0131 eklemek i\u00e7in ONVIF protokol\u00fcn\u00fc destekler;<\/li>\n<li>Standart pikap ve hoparl\u00f6r;<\/li>\n<li>Kablosuz 2.4Ghz WiFi ve AP hotspot deste\u011fi;<\/li>\n<li>Standart y\u00fcksek yo\u011funluklu 3DB dahili anten sinyalleri iletir ve sinyal g\u00fcc\u00fc yakla\u015f\u0131k 10 metreye ula\u015fabilir;<\/li>\n<li>D\u00f6nd\u00fcrme: yatay: 355 derece ve Dikey: 90 derece;<\/li>\n<li>Standart 8PCS LED nokta vuru\u015flu \u0131\u015f\u0131klar, k\u0131z\u0131l\u00f6tesi siyah ve beyaz gece g\u00f6r\u00fc\u015f fonksiyonu;<\/li>\n<li>End\u00fcstriyel tasar\u0131m ekibi, ba\u011f\u0131ms\u0131z g\u00f6r\u00fcn\u00fcm tasar\u0131m\u0131, g\u00f6r\u00fcn\u00fcm patent yetkisi ile;<\/li>\n<\/ul>\n<table style=\"border-collapse: collapse; width: 589.23pt;\" border=\"0\" width=\"982\" cellspacing=\"0\" cellpadding=\"0\">\n<tbody>\n<tr style=\"height: 20.10pt;\">\n<td class=\"et2\" style=\"height: 20.10pt; width: 97.90pt;\" width=\"163\" height=\"33\">sens\u00f6r<\/td>\n<td class=\"et3\" style=\"width: 491.40pt; border-right: 1.0pt solid #000000;\" colspan=\"2\" width=\"819\">Y\u00fcksek performansl\u0131 CMOS sens\u00f6r<\/td>\n<\/tr>\n<tr style=\"height: 30.00pt;\">\n<td class=\"et2\" style=\"height: 30.00pt; width: 97.90pt;\" width=\"163\" height=\"50\">Minimum ayd\u0131nlatma<\/td>\n<td class=\"et5\" style=\"width: 491.40pt; border-right: 1.0pt solid #000000;\" colspan=\"2\" width=\"819\">Renk: 0,01Lux @ (F1,2, AGC A\u00c7IK); IR ile 0 Lux\uff1b<br \/>\nSiyah ve beyaz: 0,001 Lux @ (F1,2, AGC A\u00c7IK), IR ile 0 Lux<\/td>\n<\/tr>\n<tr style=\"height: 20.10pt;\">\n<td class=\"et2\" style=\"height: 20.10pt; width: 97.90pt;\" width=\"163\" height=\"33\">deklan\u015f\u00f6r<\/td>\n<td class=\"et7\" colspan=\"2\">1\/50 (1\/60) saniye ila 1\/10000 saniye<\/td>\n<\/tr>\n<tr style=\"height: 20.10pt;\">\n<td class=\"et9\" style=\"height: 20.10pt; width: 97.90pt;\" width=\"163\" height=\"33\">odak mesafesi<\/td>\n<td class=\"et10\" style=\"border-right: 1.0pt solid #000000;\" colspan=\"2\">2.8MM<\/td>\n<\/tr>\n<tr style=\"height: 20.10pt;\">\n<td class=\"et2\" style=\"height: 20.10pt; width: 97.90pt;\" width=\"163\" height=\"33\">g\u00fcr\u00fclt\u00fc azaltma<\/td>\n<td class=\"et12\" colspan=\"2\">2D\/3D g\u00fcr\u00fclt\u00fc azaltma deste\u011fi<\/td>\n<\/tr>\n<tr style=\"height: 20.10pt;\">\n<td class=\"et2\" style=\"height: 20.10pt; width: 97.90pt;\" width=\"163\" height=\"33\">Video format\u0131<\/td>\n<td class=\"et14\" colspan=\"2\">H.265AI<\/td>\n<\/tr>\n<tr style=\"height: 20.10pt;\">\n<td class=\"et2\" style=\"height: 20.10pt; width: 97.90pt;\" width=\"163\" height=\"33\">\u00e7\u00f6z\u00fcmleme g\u00fcc\u00fc<\/td>\n<td class=\"et10\" style=\"border-right: 1.0pt solid #000000;\" colspan=\"2\">Ana kod ak\u0131\u015f\u0131: 2304*1296; Alt ak\u0131\u015f: 800*448<\/td>\n<\/tr>\n<tr style=\"height: 20.10pt;\">\n<td class=\"et2\" style=\"height: 20.10pt; width: 97.90pt;\" width=\"163\" height=\"33\">Kare h\u0131z\u0131<\/td>\n<td class=\"et17\" style=\"border-right: 1.0pt solid #000000;\" colspan=\"2\">12 fps<\/td>\n<\/tr>\n<tr style=\"height: 20.10pt;\">\n<td class=\"et2\" style=\"height: 20.10pt; width: 97.90pt;\" width=\"163\" height=\"33\">Ak\u0131ll\u0131 analiz<\/td>\n<td class=\"et19\" colspan=\"2\">\u0130nsan \u015fekli alg\u0131lamay\u0131 destekleyin<\/td>\n<\/tr>\n<tr style=\"height: 20.10pt;\">\n<td class=\"et2\" style=\"height: 20.10pt; width: 97.90pt;\" width=\"163\" height=\"33\">\u0130zleme fonksiyonu<\/td>\n<td class=\"et21\" style=\"border-right: 1.0pt solid #000000;\" colspan=\"2\">\u0130nsan \u015fekil takibini destekleyin<\/td>\n<\/tr>\n<tr style=\"height: 20.10pt;\">\n<td class=\"et2\" style=\"height: 20.10pt; width: 97.90pt;\" width=\"163\" height=\"33\">\u0131\u015f\u0131k kayna\u011f\u0131<\/td>\n<td class=\"et21\" style=\"border-right: 1.0pt solid #000000;\" colspan=\"2\">K\u0131z\u0131l\u00f6tesi 6 \u0131\u015f\u0131k<\/td>\n<\/tr>\n<tr style=\"height: 20.10pt;\">\n<td class=\"et2\" style=\"height: 20.10pt; width: 97.90pt;\" width=\"163\" height=\"33\">I\u015f\u0131k modu<\/td>\n<td class=\"et19\" colspan=\"2\">K\u0131z\u0131l\u00f6tesi modu<\/td>\n<\/tr>\n<tr style=\"height: 20.10pt;\">\n<td class=\"et2\" style=\"height: 20.10pt; width: 97.90pt;\" width=\"163\" height=\"33\">\u00c7ift y\u00f6nl\u00fc ses<\/td>\n<td class=\"et12\" colspan=\"2\">s\u00fcrd\u00fcrmek<\/td>\n<\/tr>\n<tr style=\"height: 20.10pt;\">\n<td class=\"et2\" style=\"height: 20.10pt; width: 97.90pt;\" width=\"163\" height=\"33\">Bulut depolama<\/td>\n<td class=\"et19\" colspan=\"2\">s\u00fcrd\u00fcrmek<\/td>\n<\/tr>\n<tr style=\"height: 20.10pt;\">\n<td class=\"et2\" style=\"height: 20.10pt; width: 97.90pt;\" width=\"163\" height=\"33\">Destek S\u00f6zle\u015fmesi<\/td>\n<td class=\"et23\" style=\"width: 491.40pt;\" colspan=\"2\" width=\"819\">NETIP protokol\u00fcn\u00fc destekleyin<\/td>\n<\/tr>\n<tr style=\"height: 20.10pt;\">\n<td class=\"et2\" style=\"height: 20.10pt; width: 97.90pt;\" width=\"163\" height=\"33\">a\u011f aray\u00fcz\u00fc<\/td>\n<td class=\"et19\" colspan=\"2\">Bunu desteklemeyece\u011fim.<\/td>\n<\/tr>\n<tr style=\"height: 20.10pt;\">\n<td class=\"et2\" style=\"height: 20.10pt; width: 97.90pt;\" width=\"163\" height=\"33\">Depolama aray\u00fcz\u00fc<\/td>\n<td class=\"et19\" colspan=\"2\">Yerel TF kart\u0131 (128G'ye kadar)<\/td>\n<\/tr>\n<tr style=\"height: 20.10pt;\">\n<td class=\"et2\" style=\"height: 20.10pt; width: 97.90pt;\" width=\"163\" height=\"33\">S\u0131f\u0131rlama tu\u015fu aray\u00fcz\u00fc<\/td>\n<td class=\"et21\" style=\"border-right: 1.0pt solid #000000;\" colspan=\"2\">Tek t\u0131klamayla kurtarma deste\u011fi<\/td>\n<\/tr>\n<tr style=\"height: 20.10pt;\">\n<td class=\"et2\" style=\"height: 20.10pt; width: 97.90pt;\" width=\"163\" height=\"33\">Kablosuz standard\u0131<\/td>\n<td class=\"et19\" colspan=\"2\">IEEE802.11b, 802.11g, 802.11n<\/td>\n<\/tr>\n<tr style=\"height: 20.10pt;\">\n<td class=\"et2\" style=\"height: 20.10pt; width: 97.90pt;\" width=\"163\" height=\"33\">frekans aral\u0131\u011f\u0131<\/td>\n<td class=\"et19\" colspan=\"2\">2,4 GHz ~ 2,4835 GHz<\/td>\n<\/tr>\n<tr style=\"height: 20.10pt;\">\n<td class=\"et2\" style=\"height: 20.10pt; width: 97.90pt;\" width=\"163\" height=\"33\">g\u00fc\u00e7 da\u011f\u0131l\u0131m\u0131<\/td>\n<td class=\"et19\" colspan=\"2\">5W<\/td>\n<\/tr>\n<tr style=\"height: 20.10pt;\">\n<td class=\"et2\" style=\"height: 20.10pt; width: 97.90pt;\" width=\"163\" height=\"33\">\u00dcr\u00fcn boyutu<\/td>\n<td class=\"et19\" colspan=\"2\">77*77*115mm<\/td>\n<\/tr>\n<tr style=\"height: 20.10pt;\">\n<td class=\"et2\" style=\"height: 20.10pt; width: 97.90pt;\" width=\"163\" height=\"33\">Renk kutusu boyutu<\/td>\n<td class=\"et19\" colspan=\"2\">92*92*160mm<\/td>\n<\/tr>\n<tr style=\"height: 20.10pt;\">\n<td class=\"et2\" style=\"height: 20.10pt; width: 97.90pt;\" width=\"163\" height=\"33\">s\u0131cakl\u0131k<\/td>\n<td class=\"et19\" colspan=\"2\">-10\u2103~60\u2103, 90%'den daha az nem [yo\u011fu\u015fma yok]<\/td>\n<\/tr>\n<tr style=\"height: 20.10pt;\">\n<td class=\"et2\" style=\"height: 20.10pt; width: 97.90pt;\" width=\"163\" height=\"33\">kaynak<\/td>\n<td class=\"et19\" colspan=\"2\">5V \u3010tip-C\u3011<\/td>\n<\/tr>\n<tr style=\"height: 20.10pt;\">\n<td class=\"et2\" style=\"height: 20.10pt; width: 97.90pt;\" width=\"163\" height=\"33\">a\u011f\u0131rl\u0131k<\/td>\n<td class=\"et25\" colspan=\"2\">0.3128kg (br\u00fct a\u011f\u0131rl\u0131k)<\/td>\n<\/tr>\n<\/tbody>\n<\/table>","protected":false},"featured_media":1383,"comment_status":"open","ping_status":"closed","template":"","meta":{"_seopress_robots_primary_cat":"none","_seopress_titles_title":"Wholesale wireless IP Cameras - JER Company - IP Cameras supplier in China","_seopress_titles_desc":"","_seopress_robots_index":"yes"},"product_brand":[],"product_cat":[107],"product_tag":[],"class_list":{"0":"post-1365","1":"product","2":"type-product","3":"status-publish","4":"has-post-thumbnail","6":"product_cat-wireless-camera","8":"first","9":"instock","10":"shipping-taxable","11":"product-type-simple"},"_links":{"self":[{"href":"https:\/\/jer-tech.com\/tr\/wp-json\/wp\/v2\/product\/1365","targetHints":{"allow":["GET"]}}],"collection":[{"href":"https:\/\/jer-tech.com\/tr\/wp-json\/wp\/v2\/product"}],"about":[{"href":"https:\/\/jer-tech.com\/tr\/wp-json\/wp\/v2\/types\/product"}],"replies":[{"embeddable":true,"href":"https:\/\/jer-tech.com\/tr\/wp-json\/wp\/v2\/comments?post=1365"}],"wp:featuredmedia":[{"embeddable":true,"href":"https:\/\/jer-tech.com\/tr\/wp-json\/wp\/v2\/media\/1383"}],"wp:attachment":[{"href":"https:\/\/jer-tech.com\/tr\/wp-json\/wp\/v2\/media?parent=1365"}],"wp:term":[{"taxonomy":"product_brand","embeddable":true,"href":"https:\/\/jer-tech.com\/tr\/wp-json\/wp\/v2\/product_brand?post=1365"},{"taxonomy":"product_cat","embeddable":true,"href":"https:\/\/jer-tech.com\/tr\/wp-json\/wp\/v2\/product_cat?post=1365"},{"taxonomy":"product_tag","embeddable":true,"href":"https:\/\/jer-tech.com\/tr\/wp-json\/wp\/v2\/product_tag?post=1365"}],"curies":[{"name":"wp","href":"https:\/\/api.w.org\/{rel}","templated":true}]}}