{"id":1360,"date":"2022-05-24T17:15:37","date_gmt":"2022-05-24T09:15:37","guid":{"rendered":"https:\/\/jer-tech.com\/?post_type=product&#038;p=1360"},"modified":"2022-07-20T11:20:55","modified_gmt":"2022-07-20T03:20:55","slug":"wifi-ptz-kamera","status":"publish","type":"product","link":"https:\/\/jer-tech.com\/tr\/product\/wifi-ptz-camera\/","title":{"rendered":"8x Hibrit Yak\u0131nla\u015ft\u0131rma tam renkli gece g\u00f6r\u00fc\u015fl\u00fc WiFi PTZ Kamera"},"content":{"rendered":"","protected":false},"excerpt":{"rendered":"<ul>\n<li>\u00c7ift 4MP FHD Lens: 2 adet * 4MP y\u00fcksek \u00e7\u00f6z\u00fcn\u00fcrl\u00fckl\u00fc video ak\u0131\u015f\u0131 ve g\u00f6r\u00fcnt\u00fc, son derece net ve hassas canl\u0131 sahneyi aktar\u0131r. bu kamera taraf\u0131ndan \u00e7ekilen her \u015fey size ak\u0131c\u0131 videolar arac\u0131l\u0131\u011f\u0131yla sunulacakt\u0131r. Canl\u0131 ak\u0131\u015fa iOS \/ Android cep telefonu ve tablet \/ iPad \/ PC vb. arac\u0131l\u0131\u011f\u0131yla eri\u015filebilir (NOT: Kamera 2.4G WiFi ile \u00e7al\u0131\u015f\u0131r, 5G a\u011f\u0131n\u0131 desteklemez).<\/li>\n<li>Ak\u0131ll\u0131 Kayd\u0131rma\/E\u011fme\/Yak\u0131nla\u015ft\u0131rma: 350\u00b0 yatay ve 110\u00b0 dikey d\u00f6n\u00fc\u015f g\u00f6r\u00fcnt\u00fcleme aral\u0131\u011f\u0131 ve 8X dijital + optik yak\u0131nla\u015ft\u0131rma sa\u011flayarak neredeyse 360\u00b0 panoramik g\u00f6r\u00fcnt\u00fcleme elde eder ve mekan\u0131n\u0131z\u0131n her k\u00f6\u015fesini kapsar.<\/li>\n<li>Hareket Alg\u0131lama ve \u0130ki Y\u00f6nl\u00fc Ses: Hareket alg\u0131land\u0131\u011f\u0131nda, telefonunuza ger\u00e7ek zamanl\u0131 olarak bir uyar\u0131 bildirimi veya alg\u0131lama videosu g\u00f6nderilir, APP arac\u0131l\u0131\u011f\u0131yla kameran\u0131n yak\u0131n\u0131ndaki ki\u015filerle sorunsuz ve net bir \u015fekilde ileti\u015fim kurmak ve davetsiz misafirleri korkutmak i\u00e7in d\u0131\u015f mekanda kullanabilirsiniz. sokaktan ge\u00e7enler veya bah\u00e7enizdeki yapraklar\u0131n hareket etmesi gibi yanl\u0131\u015f alarmlar\u0131 \u00f6nlemek i\u00e7in hareketli insan v\u00fccudu otomatik izleme alarm modunu destekler.<\/li>\n<li>Net Renkli Gece G\u00f6r\u00fc\u015f\u00fc: 10 adet LED ile donat\u0131lm\u0131\u015f, zifiri karanl\u0131kta bile 40 metreye kadar net renkli gece g\u00f6r\u00fc\u015f mesafesi ile size s\u00fcper bir gece g\u00f6r\u00fc\u015f deneyimi sunar.<\/li>\n<li>IP66 Su Ge\u00e7irmezlik ve Toz ge\u00e7irmezlik seviyesi: IP66 m\u00fckemmel su ge\u00e7irmezlik ve toz ge\u00e7irmezlik i\u015flevi, d\u0131\u015f mekan kullan\u0131m\u0131 i\u00e7in iyi bir se\u00e7imdir. 14\u00b0F ila 113\u00b0F (-10\u00b0C ila 45\u00b0C) s\u0131cakl\u0131k aral\u0131\u011f\u0131nda g\u00fcvenli kullan\u0131m sa\u011flamak i\u00e7in y\u00fcksek kaliteli ABS malzemeler kullan\u0131n. \u0130ster ya\u011fmur ister parlakl\u0131k olsun, k\u00f6t\u00fc hava ko\u015fullar\u0131na dayanacak kadar sa\u011flamd\u0131r.<\/li>\n<li>\u0130ki Depolama Yolu: SD kart ve bulut depolama hem mevcuttur hem de iste\u011fe ba\u011fl\u0131d\u0131r, 7\/24 video g\u00f6zetiminizin tamam\u0131n\u0131 depolar, g\u00fcvenlik \u015fifreleme protokol\u00fc ki\u015fisel gizlili\u011finizi korur, ONVIF'i destekler ve \u00e7o\u011fu NVR cihaz\u0131yla uyumludur.<\/li>\n<li>\u00c7oklu Aile \u00dcyeleri Payla\u015f\u0131m\u0131: Ayn\u0131 anda g\u00f6r\u00fcnt\u00fcleyen \u00e7oklu kullan\u0131c\u0131lar\u0131 destekler ve kullanmak i\u00e7in tek bir APP'ye eklenen \u00e7oklu kameralar\u0131 destekler.<\/li>\n<li>AP ba\u011flant\u0131 Modunu destekler: A\u011f\u0131n\u0131z kapal\u0131yken kameran\u0131n ba\u011flant\u0131s\u0131 kesilirse, kameran\u0131n yerle\u015fik bir AP WiFi'si vard\u0131r, yine de 10 metre i\u00e7inde telefonunuzla \u00e7al\u0131\u015fmak i\u00e7in AP WiFi'ye ba\u011flanabilirsiniz.<\/li>\n<li>Kurulumu Kolay: \u00dccretsiz uygulama \u00fczerinden ad\u0131m ad\u0131m talimatlarla. Telefonunuza\/mobil cihaz\u0131n\u0131za uzaktan kolayca eri\u015febilirsiniz.<\/li>\n<\/ul>","protected":false},"featured_media":1389,"comment_status":"open","ping_status":"closed","template":"","meta":{"_seopress_robots_primary_cat":"none","_seopress_titles_title":"Full Color night vision WIFI PTZ Camera - Wholesale PTZ Camera - JER Company","_seopress_titles_desc":"Dual Lens 8X Zoom 2K 4MP High-Quality WIFI PTZ Camera AI Humanoid Tracking Smart Binocular Camera Waterproof.","_seopress_robots_index":""},"product_brand":[],"product_cat":[107],"product_tag":[],"class_list":{"0":"post-1360","1":"product","2":"type-product","3":"status-publish","4":"has-post-thumbnail","6":"product_cat-wireless-camera","8":"first","9":"instock","10":"shipping-taxable","11":"product-type-simple"},"_links":{"self":[{"href":"https:\/\/jer-tech.com\/tr\/wp-json\/wp\/v2\/product\/1360","targetHints":{"allow":["GET"]}}],"collection":[{"href":"https:\/\/jer-tech.com\/tr\/wp-json\/wp\/v2\/product"}],"about":[{"href":"https:\/\/jer-tech.com\/tr\/wp-json\/wp\/v2\/types\/product"}],"replies":[{"embeddable":true,"href":"https:\/\/jer-tech.com\/tr\/wp-json\/wp\/v2\/comments?post=1360"}],"wp:featuredmedia":[{"embeddable":true,"href":"https:\/\/jer-tech.com\/tr\/wp-json\/wp\/v2\/media\/1389"}],"wp:attachment":[{"href":"https:\/\/jer-tech.com\/tr\/wp-json\/wp\/v2\/media?parent=1360"}],"wp:term":[{"taxonomy":"product_brand","embeddable":true,"href":"https:\/\/jer-tech.com\/tr\/wp-json\/wp\/v2\/product_brand?post=1360"},{"taxonomy":"product_cat","embeddable":true,"href":"https:\/\/jer-tech.com\/tr\/wp-json\/wp\/v2\/product_cat?post=1360"},{"taxonomy":"product_tag","embeddable":true,"href":"https:\/\/jer-tech.com\/tr\/wp-json\/wp\/v2\/product_tag?post=1360"}],"curies":[{"name":"wp","href":"https:\/\/api.w.org\/{rel}","templated":true}]}}