{"id":1354,"date":"2022-05-23T15:58:26","date_gmt":"2022-05-23T07:58:26","guid":{"rendered":"https:\/\/jer-tech.com\/?post_type=product&#038;p=1354"},"modified":"2022-06-07T14:54:16","modified_gmt":"2022-06-07T06:54:16","slug":"wifi-ip-kamera","status":"publish","type":"product","link":"https:\/\/jer-tech.com\/tr\/urun\/wifi-ip-kamera\/","title":{"rendered":"3MP WIFI PTZ IP Kamera"},"content":{"rendered":"","protected":false},"excerpt":{"rendered":"<ul>\n<li>Bulut depolama 30 g\u00fcn boyunca \u00fccretsiz, yurti\u00e7i ve yurtd\u0131\u015f\u0131nda evrensel;<\/li>\n<li>AI Ak\u0131ll\u0131 insan takibi, Watchpoint sabit nokta konumland\u0131rma i\u015flevi [1080P&amp;3.0MP]<\/li>\n<li>AI Ak\u0131ll\u0131 insan alg\u0131lama (\u00e7apraz \u00e7izgi alg\u0131lama \/ alan alg\u0131lama) [1080P&amp;3.0MP]<\/li>\n<li>DC 5V\/2A, varsay\u0131lan ABD standart g\u00fc\u00e7 kayna\u011f\u0131; (\u00f6zel Avrupa \/ \u0130ngiliz \/ Avustralya d\u00fczenlemeleri)<\/li>\n<li>Micro SD 8G'den 128G'ye kadar destekler, H.265X kodlama teknolojisi depolama alan\u0131n\u0131 iki kat\u0131na \u00e7\u0131kar\u0131r;<\/li>\n<li>\u0130ki y\u00f6nl\u00fc sesli interkom, insan alg\u0131lama alarm bilgilerini itin;<\/li>\n<li>Alarm mesajlar\u0131n\u0131 do\u011frudan WeChat \u00fczerinden iletin<\/li>\n<li>CMS PC istemcisi arac\u0131l\u0131\u011f\u0131yla ger\u00e7ek zamanl\u0131 kaydetme ve oynatma; kay\u0131t cihaz\u0131 eklemek i\u00e7in ONVIF protokol\u00fcn\u00fc destekler;<\/li>\n<li>Standart pikap ve hoparl\u00f6r;<\/li>\n<li>Kablosuz 2.4Ghz WiFi ve AP hotspot deste\u011fi;<\/li>\n<li>Standart y\u00fcksek yo\u011funluklu 3DB dahili anten sinyalleri iletir ve sinyal g\u00fcc\u00fc yakla\u015f\u0131k 10 metreye ula\u015fabilir;<\/li>\n<li>D\u00f6nd\u00fcrme: yatay: 355 derece ve Dikey: 90 derece;<\/li>\n<li>Standart 8PCS LED nokta vuru\u015flu \u0131\u015f\u0131klar, k\u0131z\u0131l\u00f6tesi siyah ve beyaz gece g\u00f6r\u00fc\u015f fonksiyonu;<\/li>\n<li>End\u00fcstriyel tasar\u0131m ekibi, ba\u011f\u0131ms\u0131z g\u00f6r\u00fcn\u00fcm tasar\u0131m\u0131, g\u00f6r\u00fcn\u00fcm patent yetkisi ile;<\/li>\n<\/ul>","protected":false},"featured_media":1386,"comment_status":"open","ping_status":"closed","template":"","meta":{"_seopress_robots_primary_cat":"none","_seopress_titles_title":"PTZ IP Camera - JER Company - CCTV OEM Manufacturer in China","_seopress_titles_desc":"JER is a global leader in the design, development, and manufacture of predictive PT IP Cameras. Please send us a copy of your purchase order.","_seopress_robots_index":""},"product_brand":[],"product_cat":[107],"product_tag":[],"class_list":{"0":"post-1354","1":"product","2":"type-product","3":"status-publish","4":"has-post-thumbnail","6":"product_cat-wireless-camera","8":"first","9":"instock","10":"shipping-taxable","11":"product-type-simple"},"_links":{"self":[{"href":"https:\/\/jer-tech.com\/tr\/wp-json\/wp\/v2\/product\/1354","targetHints":{"allow":["GET"]}}],"collection":[{"href":"https:\/\/jer-tech.com\/tr\/wp-json\/wp\/v2\/product"}],"about":[{"href":"https:\/\/jer-tech.com\/tr\/wp-json\/wp\/v2\/types\/product"}],"replies":[{"embeddable":true,"href":"https:\/\/jer-tech.com\/tr\/wp-json\/wp\/v2\/comments?post=1354"}],"wp:featuredmedia":[{"embeddable":true,"href":"https:\/\/jer-tech.com\/tr\/wp-json\/wp\/v2\/media\/1386"}],"wp:attachment":[{"href":"https:\/\/jer-tech.com\/tr\/wp-json\/wp\/v2\/media?parent=1354"}],"wp:term":[{"taxonomy":"product_brand","embeddable":true,"href":"https:\/\/jer-tech.com\/tr\/wp-json\/wp\/v2\/product_brand?post=1354"},{"taxonomy":"product_cat","embeddable":true,"href":"https:\/\/jer-tech.com\/tr\/wp-json\/wp\/v2\/product_cat?post=1354"},{"taxonomy":"product_tag","embeddable":true,"href":"https:\/\/jer-tech.com\/tr\/wp-json\/wp\/v2\/product_tag?post=1354"}],"curies":[{"name":"wp","href":"https:\/\/api.w.org\/{rel}","templated":true}]}}