{"id":1345,"date":"2022-07-18T17:30:23","date_gmt":"2022-07-18T09:30:23","guid":{"rendered":"https:\/\/jer-tech.com\/?post_type=product&#038;p=1345"},"modified":"2022-07-18T17:30:23","modified_gmt":"2022-07-18T09:30:23","slug":"dome-ip-kamera","status":"publish","type":"product","link":"https:\/\/jer-tech.com\/tr\/urun\/dome-ip-kamera\/","title":{"rendered":"\u00c7ift I\u015f\u0131kl\u0131 4MP POE dome IP Kamera"},"content":{"rendered":"","protected":false},"excerpt":{"rendered":"<p><strong>2MP, 4MP, 5MP, 8MP dome IP Kamera, POE deste\u011fi, tam renkli gece g\u00f6r\u00fc\u015f\u00fc<\/strong><\/p>\n<ul>\n<li>2MP\/5MP\/4K Ultra HD \u00c7\u00f6z\u00fcn\u00fcrl\u00fck Mevcuttur<\/li>\n<li>Kolay PoE kurulumu, bu PoE IP kamera video sinyallerini iletmek ve ayn\u0131 zamanda g\u00fc\u00e7 almak i\u00e7in yaln\u0131zca bir Ethernet kablosu gerektirir, PoE iste\u011fe ba\u011fl\u0131d\u0131r<\/li>\n<li>H.265 + kodlama format\u0131n\u0131 destekleyin: Bu g\u00f6zetim IP kameras\u0131 H.265 + \/ H.265 \/ H.264 + \/ H.264 kodlama format\u0131n\u0131 destekler.<\/li>\n<li>ONVIF: ONVIF protokol\u00fcn\u00fc destekler ve 7\/24 koruma i\u00e7in entegre bir g\u00fcvenlik sistemi olu\u015fturmak \u00fczere \u00fc\u00e7\u00fcnc\u00fc taraf ONVIF uyumlu NVR'lere ba\u011flanabilir<\/li>\n<li>Telefonunuzla uzaktan g\u00f6r\u00fcnt\u00fcleyebilmeniz i\u00e7in \u00dccretsiz Mobil Uygulama<\/li>\n<li>Windows Bilgisayar\u0131n\u0131z \u00fczerinden canl\u0131 ak\u0131\u015f\u0131 izlemeniz i\u00e7in \u00dccretsiz CMS \u0130zleme Yaz\u0131l\u0131m\u0131<\/li>\n<li>Ak\u0131ll\u0131 Gece G\u00f6r\u00fc\u015f\u00fc: Ak\u0131ll\u0131 ayd\u0131nlatma (Hareket alg\u0131lama) ve Tam renkli g\u00f6r\u00fcnt\u00fc. Beyaz ayd\u0131nlatma 10 saniye sonra otomatik olarak kapanacak ve ard\u0131ndan s\u0131radan Siyah &amp; beyaz gece g\u00f6r\u00fc\u015f\u00fcne ge\u00e7ecektir<\/li>\n<\/ul>","protected":false},"featured_media":1472,"comment_status":"open","ping_status":"closed","template":"","meta":{"_seopress_robots_primary_cat":"none","_seopress_titles_title":"POE dome IP Camera wholesale - JER Company - CCTV Manufacturer in China","_seopress_titles_desc":"JER Company supplies 4MP, 5MP, and 4K POE dome cameras, we accept OEM and ODM Services.","_seopress_robots_index":""},"product_brand":[],"product_cat":[46],"product_tag":[],"class_list":{"0":"post-1345","1":"product","2":"type-product","3":"status-publish","4":"has-post-thumbnail","6":"product_cat-ip-cameras","8":"first","9":"instock","10":"shipping-taxable","11":"product-type-simple"},"_links":{"self":[{"href":"https:\/\/jer-tech.com\/tr\/wp-json\/wp\/v2\/product\/1345","targetHints":{"allow":["GET"]}}],"collection":[{"href":"https:\/\/jer-tech.com\/tr\/wp-json\/wp\/v2\/product"}],"about":[{"href":"https:\/\/jer-tech.com\/tr\/wp-json\/wp\/v2\/types\/product"}],"replies":[{"embeddable":true,"href":"https:\/\/jer-tech.com\/tr\/wp-json\/wp\/v2\/comments?post=1345"}],"wp:featuredmedia":[{"embeddable":true,"href":"https:\/\/jer-tech.com\/tr\/wp-json\/wp\/v2\/media\/1472"}],"wp:attachment":[{"href":"https:\/\/jer-tech.com\/tr\/wp-json\/wp\/v2\/media?parent=1345"}],"wp:term":[{"taxonomy":"product_brand","embeddable":true,"href":"https:\/\/jer-tech.com\/tr\/wp-json\/wp\/v2\/product_brand?post=1345"},{"taxonomy":"product_cat","embeddable":true,"href":"https:\/\/jer-tech.com\/tr\/wp-json\/wp\/v2\/product_cat?post=1345"},{"taxonomy":"product_tag","embeddable":true,"href":"https:\/\/jer-tech.com\/tr\/wp-json\/wp\/v2\/product_tag?post=1345"}],"curies":[{"name":"wp","href":"https:\/\/api.w.org\/{rel}","templated":true}]}}