{"id":1336,"date":"2022-04-13T16:21:45","date_gmt":"2022-04-13T08:21:45","guid":{"rendered":"https:\/\/jer-tech.com\/?post_type=product&#038;p=1336"},"modified":"2022-04-13T16:22:29","modified_gmt":"2022-04-13T08:22:29","slug":"4k-nvr","status":"publish","type":"product","link":"https:\/\/jer-tech.com\/tr\/urun\/4k-nvr\/","title":{"rendered":"9CH\/16CH\/32CH 4K NVR"},"content":{"rendered":"","protected":false},"excerpt":{"rendered":"<ul>\n<li>Bulut hizmeti sayesinde, uzaktan g\u00f6r\u00fcnt\u00fcleme elde etmek i\u00e7in yaln\u0131zca bir ad\u0131mla net penetrasyonu kolayca ger\u00e7ekle\u015ftirin.<\/li>\n<li>Cep telefonu g\u00f6r\u00fcn\u00fcm\u00fcn\u00fc destekleyin. \uff08iPhone Android)<\/li>\n<li>Bir\u00e7ok Web taray\u0131c\u0131s\u0131 t\u00fcr\u00fcn\u00fc destekler (IE\/Chrome\/Firefox\/Safari)<\/li>\n<li>Ayn\u0131 zamanda VGA \u00e7\u0131k\u0131\u015f\u0131n\u0131 da destekler.<\/li>\n<li>G\u00fc\u00e7l\u00fc a\u011f hizmeti \uff08DHCP\u3001PPPOE\u3001FTP\u3001DNS\u3001DDNS\u3001NTP\u3001UPNP\u3001E-posta vb. ) M\u00fckemmel Destek \uff08WEB \u3001 \u0130stemci \u3001 SDK), kolayca ara ba\u011flant\u0131 elde edin.<\/li>\n<li>Daha fazla dil t\u00fcr\u00fcn\u00fc destekleyin.<\/li>\n<li>Temel ak\u0131ll\u0131 alarm ve a\u00e7ma hatt\u0131 \u00e7evre fonksiyonunu destekler.<\/li>\n<li>Tam kanal oynatmay\u0131 destekler.<\/li>\n<li>K\u00fc\u00e7\u00fck pencereler veya kar\u015f\u0131lama logosu i\u00e7in logo de\u011fi\u015ftirme deste\u011fi<\/li>\n<li>Hareket Alg\u0131lama Deste\u011fi<\/li>\n<li>PIR deste\u011fi; y\u00fcz alg\u0131lama (kamera deste\u011fine ihtiya\u00e7 duyar)<\/li>\n<li>\u00c7ift HDD deste\u011fi, daha fazla depolama alan\u0131<\/li>\n<li>\u00c7ok kanall\u0131 ses giri\u015f ve \u00e7\u0131k\u0131\u015f\u0131n\u0131 destekler<\/li>\n<\/ul>","protected":false},"featured_media":1338,"comment_status":"open","ping_status":"closed","template":"","meta":{"_seopress_robots_primary_cat":"none","_seopress_titles_title":"4K NVR Bulk Production - CCTV OEM Manufacturer - JER Company","_seopress_titles_desc":"Are you looking to purchase 4K NVRs in bulk? You have come to the right place! Check out our wide range of CCTV Products now!","_seopress_robots_index":""},"product_brand":[],"product_cat":[60],"product_tag":[],"class_list":{"0":"post-1336","1":"product","2":"type-product","3":"status-publish","4":"has-post-thumbnail","6":"product_cat-nvr","8":"first","9":"instock","10":"shipping-taxable","11":"product-type-simple"},"_links":{"self":[{"href":"https:\/\/jer-tech.com\/tr\/wp-json\/wp\/v2\/product\/1336","targetHints":{"allow":["GET"]}}],"collection":[{"href":"https:\/\/jer-tech.com\/tr\/wp-json\/wp\/v2\/product"}],"about":[{"href":"https:\/\/jer-tech.com\/tr\/wp-json\/wp\/v2\/types\/product"}],"replies":[{"embeddable":true,"href":"https:\/\/jer-tech.com\/tr\/wp-json\/wp\/v2\/comments?post=1336"}],"wp:featuredmedia":[{"embeddable":true,"href":"https:\/\/jer-tech.com\/tr\/wp-json\/wp\/v2\/media\/1338"}],"wp:attachment":[{"href":"https:\/\/jer-tech.com\/tr\/wp-json\/wp\/v2\/media?parent=1336"}],"wp:term":[{"taxonomy":"product_brand","embeddable":true,"href":"https:\/\/jer-tech.com\/tr\/wp-json\/wp\/v2\/product_brand?post=1336"},{"taxonomy":"product_cat","embeddable":true,"href":"https:\/\/jer-tech.com\/tr\/wp-json\/wp\/v2\/product_cat?post=1336"},{"taxonomy":"product_tag","embeddable":true,"href":"https:\/\/jer-tech.com\/tr\/wp-json\/wp\/v2\/product_tag?post=1336"}],"curies":[{"name":"wp","href":"https:\/\/api.w.org\/{rel}","templated":true}]}}