{"id":1331,"date":"2022-04-13T15:58:37","date_gmt":"2022-04-13T07:58:37","guid":{"rendered":"https:\/\/jer-tech.com\/?post_type=product&#038;p=1331"},"modified":"2022-04-13T15:58:37","modified_gmt":"2022-04-13T07:58:37","slug":"8ch-poe-nvr","status":"publish","type":"product","link":"https:\/\/jer-tech.com\/tr\/urun\/8ch-poe-nvr\/","title":{"rendered":"5MP\/4K 8CH POE NVR"},"content":{"rendered":"","protected":false},"excerpt":{"rendered":"<ul>\n<li>Yerle\u015fik POE Anahtar\u0131 8ch 8mp POE NVR<\/li>\n<li>HDMI 4K \/ VGA 1080P e\u015fzamanl\u0131 video \u00e7\u0131k\u0131\u015f\u0131.<\/li>\n<li>H.265\/264 ana ak\u0131\u015f\u0131 ve ekstra buhar kodlamay\u0131 e\u015fzamanl\u0131 olarak destekleyin<\/li>\n<li>USB flash disk, USB ta\u015f\u0131nabilir HDD ve a\u011f.<\/li>\n<li>Elektrik kesintisinden sonra sistem otomatik kurtarma<\/li>\n<li>Karma\u015f\u0131k ayarlar olmadan kolayca ve rahat\u00e7a uzaktan kumanda.<\/li>\n<li>\u00c7oklu dil deste\u011fi<\/li>\n<li>Ayn\u0131 anda canl\u0131 g\u00f6r\u00fcnt\u00fcleme, kay\u0131t, oynatma, yedekleme, a\u011f ve mobil g\u00f6zetime izin verir.<\/li>\n<li>Mobil monit\u00f6r deste\u011fi (iPhone, iPad ve Android telefon).<\/li>\n<li>Kolayca ara ba\u011flant\u0131 sa\u011flamak i\u00e7in net hizmeti (DHCP, PPPOE, FTP, DNS, DDNS, NTP, UPNP, EMAIL, IP yetkilisi, IP arama, Alarm merkezi vb. deste\u011fi), eksiksiz muhafaza (WEB, CMS, SDK) deste\u011fi.<\/li>\n<li>P2P bulut deste\u011fi, 1 adet SATA HDD.<\/li>\n<\/ul>","protected":false},"featured_media":1333,"comment_status":"open","ping_status":"closed","template":"","meta":{"_seopress_robots_primary_cat":"","_seopress_titles_title":"4K 8CH POE NVR  - CCTV OEM Manufacturer - JER Company","_seopress_titles_desc":"No more endlessly wasting time on the lousy 8CH POE NVR supplier. JER\u2019s goal is to let you sit back and relax. We take care of all the dirty works, including trade stuff clearance, logistics, etc.","_seopress_robots_index":""},"product_brand":[],"product_cat":[60],"product_tag":[],"class_list":{"0":"post-1331","1":"product","2":"type-product","3":"status-publish","4":"has-post-thumbnail","6":"product_cat-nvr","8":"first","9":"instock","10":"shipping-taxable","11":"product-type-simple"},"_links":{"self":[{"href":"https:\/\/jer-tech.com\/tr\/wp-json\/wp\/v2\/product\/1331","targetHints":{"allow":["GET"]}}],"collection":[{"href":"https:\/\/jer-tech.com\/tr\/wp-json\/wp\/v2\/product"}],"about":[{"href":"https:\/\/jer-tech.com\/tr\/wp-json\/wp\/v2\/types\/product"}],"replies":[{"embeddable":true,"href":"https:\/\/jer-tech.com\/tr\/wp-json\/wp\/v2\/comments?post=1331"}],"wp:featuredmedia":[{"embeddable":true,"href":"https:\/\/jer-tech.com\/tr\/wp-json\/wp\/v2\/media\/1333"}],"wp:attachment":[{"href":"https:\/\/jer-tech.com\/tr\/wp-json\/wp\/v2\/media?parent=1331"}],"wp:term":[{"taxonomy":"product_brand","embeddable":true,"href":"https:\/\/jer-tech.com\/tr\/wp-json\/wp\/v2\/product_brand?post=1331"},{"taxonomy":"product_cat","embeddable":true,"href":"https:\/\/jer-tech.com\/tr\/wp-json\/wp\/v2\/product_cat?post=1331"},{"taxonomy":"product_tag","embeddable":true,"href":"https:\/\/jer-tech.com\/tr\/wp-json\/wp\/v2\/product_tag?post=1331"}],"curies":[{"name":"wp","href":"https:\/\/api.w.org\/{rel}","templated":true}]}}