{"id":1313,"date":"2022-04-13T14:16:35","date_gmt":"2022-04-13T06:16:35","guid":{"rendered":"https:\/\/jer-tech.com\/?post_type=product&#038;p=1313"},"modified":"2022-04-13T14:16:35","modified_gmt":"2022-04-13T06:16:35","slug":"cctv-dvr","status":"publish","type":"product","link":"https:\/\/jer-tech.com\/tr\/urun\/cctv-dvr\/","title":{"rendered":"4CH 5'i 1 arada 5MP CCTV DVR"},"content":{"rendered":"","protected":false},"excerpt":{"rendered":"<ul>\n<li>Hisilicon \u00e7\u00f6z\u00fcm\u00fc: 5'i 1 arada, Ger\u00e7ek H.265 HVR \u00e7\u00f6z\u00fcm\u00fc<\/li>\n<li>H.265 kodlama teknolojisini, ultra d\u00fc\u015f\u00fck bit h\u0131z\u0131n\u0131, H.264 ile a\u015fa\u011f\u0131 do\u011fru uyumlu deste\u011fi<\/li>\n<li>Tek tu\u015fla uzaktan izleme ger\u00e7ekle\u015ftirmek i\u00e7in uzaktan eri\u015fim, DDNS deste\u011fi<\/li>\n<li>UTC fonksiyonu ile kamera men\u00fc parametreleri UTC fonksiyonu ile ayarlanabilir<\/li>\n<li>AHD\/TVI\/CVI\/CVBS\/IP 5'i 1 arada \uff0c video sinyali-otomatik tan\u0131ma deste\u011fi<\/li>\n<li>Wifi ba\u011flant\u0131 noktas\u0131; wifi deste\u011fi; 4G, 5G'ye geni\u015fletilebilir (USB ile geni\u015fletilmi\u015f) (\u015eu anda tamam de\u011fil, gelecekte g\u00fcncellenecek)<\/li>\n<li>VGA\u3001HDMI e\u015fzamanl\u0131 g\u00f6r\u00fcnt\u00fc deste\u011fi, Maksimum \u00e7\u00f6z\u00fcn\u00fcrl\u00fck HDMI 4K'ya kadar<\/li>\n<li>Kay\u0131t oynatma zamana g\u00f6re g\u00f6sterilebilir, kay\u0131t t\u00fcr\u00fc renkle g\u00f6sterilebilir, rahat ve verimli bir \u015fekilde arama yapmak ve geri almak i\u00e7in<\/li>\n<li>Kay\u0131t yedekleme zaman ve s\u00fcreye g\u00f6re d\u00fczenlenebilir, saniyelere kadar do\u011frudur<\/li>\n<li>IP kamera adresinin toplu olarak de\u011fi\u015ftirilmesini ve kamera cihaz\u0131n\u0131n uzaktan eklenmesini destekler<\/li>\n<li>IP kamera, IP dome ve Onvif destekli ile ba\u011flanabilir<\/li>\n<li class=\"nitro-offscreen\">Piyasadaki ana ak\u0131m IP kamera markalar\u0131na ba\u011flanabilir (\u00f6zel protokol veya Onvif)<\/li>\n<li class=\"nitro-offscreen\">\u00d6n izleme ekran\u0131 rastgele de\u011fi\u015ftirilebilir. Fiziksel adres de\u011fi\u015fmeden resim konumu de\u011fi\u015fti, in\u015faat i\u00e7in uygun<\/li>\n<li class=\"nitro-offscreen\">U-disk arac\u0131l\u0131\u011f\u0131yla video ve resim yedeklemesi ana bilgisayarda oynat\u0131labilir ve sorgulanabilir, bu nedenle \u00e7ok kullan\u0131\u015fl\u0131d\u0131r<\/li>\n<li class=\"nitro-offscreen\">\u00c7oklu oynatma modlar\u0131n\u0131 destekler: h\u0131zl\u0131 ileri, yava\u015f oynatma, h\u0131zl\u0131 geri, vb. Maksimum 16 kez h\u0131zl\u0131 ileri veya h\u0131zl\u0131 geri<\/li>\n<li class=\"nitro-offscreen\">H.264\/H.265 (HEVC) IP kamera deste\u011fi;<\/li>\n<li class=\"nitro-offscreen\">WEB\u3001VMS deste\u011fi, android\/IOS mobil sistem deste\u011fi<\/li>\n<li class=\"nitro-offscreen\">P2P, QR kod tarama ve APP \u00fczerinden oynatma deste\u011fi<\/li>\n<\/ul>","protected":false},"featured_media":1316,"comment_status":"open","ping_status":"closed","template":"","meta":{"_seopress_robots_primary_cat":"none","_seopress_titles_title":"4 Channels CCTV DVR - - CCTV OEM manufacturer from China - JER Company","_seopress_titles_desc":"JER is a reliable CCTV DVR supplier in China. All of our products are made from the finest materials to ensure reliability. Order now!","_seopress_robots_index":""},"product_brand":[],"product_cat":[78],"product_tag":[],"class_list":{"0":"post-1313","1":"product","2":"type-product","3":"status-publish","4":"has-post-thumbnail","6":"product_cat-dvr","8":"first","9":"instock","10":"shipping-taxable","11":"product-type-simple"},"_links":{"self":[{"href":"https:\/\/jer-tech.com\/tr\/wp-json\/wp\/v2\/product\/1313","targetHints":{"allow":["GET"]}}],"collection":[{"href":"https:\/\/jer-tech.com\/tr\/wp-json\/wp\/v2\/product"}],"about":[{"href":"https:\/\/jer-tech.com\/tr\/wp-json\/wp\/v2\/types\/product"}],"replies":[{"embeddable":true,"href":"https:\/\/jer-tech.com\/tr\/wp-json\/wp\/v2\/comments?post=1313"}],"wp:featuredmedia":[{"embeddable":true,"href":"https:\/\/jer-tech.com\/tr\/wp-json\/wp\/v2\/media\/1316"}],"wp:attachment":[{"href":"https:\/\/jer-tech.com\/tr\/wp-json\/wp\/v2\/media?parent=1313"}],"wp:term":[{"taxonomy":"product_brand","embeddable":true,"href":"https:\/\/jer-tech.com\/tr\/wp-json\/wp\/v2\/product_brand?post=1313"},{"taxonomy":"product_cat","embeddable":true,"href":"https:\/\/jer-tech.com\/tr\/wp-json\/wp\/v2\/product_cat?post=1313"},{"taxonomy":"product_tag","embeddable":true,"href":"https:\/\/jer-tech.com\/tr\/wp-json\/wp\/v2\/product_tag?post=1313"}],"curies":[{"name":"wp","href":"https:\/\/api.w.org\/{rel}","templated":true}]}}