{"id":1305,"date":"2022-04-13T11:51:18","date_gmt":"2022-04-13T03:51:18","guid":{"rendered":"https:\/\/jer-tech.com\/?post_type=product&#038;p=1305"},"modified":"2022-04-13T13:40:53","modified_gmt":"2022-04-13T05:40:53","slug":"poe-nvr","status":"publish","type":"product","link":"https:\/\/jer-tech.com\/tr\/urun\/poe-nvr\/","title":{"rendered":"4 Kanal 5MP POE NVR"},"content":{"rendered":"","protected":false},"excerpt":{"rendered":"<ul>\n<li>Birden fazla y\u00fcksek \u00e7\u00f6z\u00fcn\u00fcrl\u00fckl\u00fc a\u011f kameras\u0131 eri\u015fimini destekleyin; 4 * 5MP'ye kadar, 4 POE ba\u011flant\u0131 noktas\u0131 POE g\u00fc\u00e7 kayna\u011f\u0131n\u0131 destekleyin<\/li>\n<li>Ayn\u0131 anda VGA, HDMI 1080P full HD \u00e7\u0131k\u0131\u015f\u0131 destekler;<\/li>\n<li>Web, CMS, MYEYE platformunu destekleyin, SDK geli\u015ftirme sa\u011flay\u0131n;<\/li>\n<li>\u00c7oklu bulut teknolojisini, a\u011f penetrasyonunu, telefonunuza g\u00f6nderilen alarm bilgilerini ve di\u011fer i\u015flevleri destekler;<\/li>\n<li>\u00c7oklu a\u011f hizmetlerini destekleyin (DHCP, FTP, DNS, DDNS, NTP, UPNP, EMAIL, 3G, WIFI, IP aramalar\u0131, Alarm Merkezi vb;)<\/li>\n<li>ONVIF ve GB28181 deste\u011fi;<\/li>\n<li>\u00c7e\u015fitli mobil sistemleri destekleyin (iOS, Android);<\/li>\n<li>\u00c7oklu web taray\u0131c\u0131s\u0131 eri\u015fimini destekleyin (IE, Chrome, Firefox, Safari);<\/li>\n<li>Yirmiden fazla dil;<\/li>\n<li>M\u00fckemmel koruma devresi, benzersiz \u00fc\u00e7l\u00fc watchdog fonksiyonu;<\/li>\n<li>Uzaktan ziyaret, yerle\u015fik ARSP, tek ad\u0131mda uzaktan izleme<\/li>\n<\/ul>","protected":false},"featured_media":1307,"comment_status":"open","ping_status":"closed","template":"","meta":{"_seopress_robots_primary_cat":"none","_seopress_titles_title":"4 Channels 5MP POE NVR - CCTV OEM Manufacturer in China - JER Company","_seopress_titles_desc":"Are you looking to purchase CCTV POE NVR in bulk? You have come to the right place! Check out our wide range of CCTV Products now!","_seopress_robots_index":""},"product_brand":[],"product_cat":[60],"product_tag":[],"class_list":{"0":"post-1305","1":"product","2":"type-product","3":"status-publish","4":"has-post-thumbnail","6":"product_cat-nvr","8":"first","9":"instock","10":"shipping-taxable","11":"product-type-simple"},"_links":{"self":[{"href":"https:\/\/jer-tech.com\/tr\/wp-json\/wp\/v2\/product\/1305","targetHints":{"allow":["GET"]}}],"collection":[{"href":"https:\/\/jer-tech.com\/tr\/wp-json\/wp\/v2\/product"}],"about":[{"href":"https:\/\/jer-tech.com\/tr\/wp-json\/wp\/v2\/types\/product"}],"replies":[{"embeddable":true,"href":"https:\/\/jer-tech.com\/tr\/wp-json\/wp\/v2\/comments?post=1305"}],"wp:featuredmedia":[{"embeddable":true,"href":"https:\/\/jer-tech.com\/tr\/wp-json\/wp\/v2\/media\/1307"}],"wp:attachment":[{"href":"https:\/\/jer-tech.com\/tr\/wp-json\/wp\/v2\/media?parent=1305"}],"wp:term":[{"taxonomy":"product_brand","embeddable":true,"href":"https:\/\/jer-tech.com\/tr\/wp-json\/wp\/v2\/product_brand?post=1305"},{"taxonomy":"product_cat","embeddable":true,"href":"https:\/\/jer-tech.com\/tr\/wp-json\/wp\/v2\/product_cat?post=1305"},{"taxonomy":"product_tag","embeddable":true,"href":"https:\/\/jer-tech.com\/tr\/wp-json\/wp\/v2\/product_tag?post=1305"}],"curies":[{"name":"wp","href":"https:\/\/api.w.org\/{rel}","templated":true}]}}