{"id":1290,"date":"2022-04-12T18:08:06","date_gmt":"2022-04-12T10:08:06","guid":{"rendered":"https:\/\/jer-tech.com\/?post_type=product&#038;p=1290"},"modified":"2022-04-12T18:11:17","modified_gmt":"2022-04-12T10:11:17","slug":"4k-ip-kameralar","status":"publish","type":"product","link":"https:\/\/jer-tech.com\/tr\/urun\/4k-ip-kameralar\/","title":{"rendered":"D\u0131\u015f Mekan 4K IP Kameralar Tam Renkli Gece G\u00f6r\u00fc\u015f\u00fc"},"content":{"rendered":"","protected":false},"excerpt":{"rendered":"<ul>\n<li>2MP\/5MP\/4K Ultra HD \u00c7\u00f6z\u00fcn\u00fcrl\u00fck Mevcuttur<\/li>\n<li>Kolay PoE kurulumu, bu PoE IP kamera video sinyallerini iletmek ve ayn\u0131 zamanda g\u00fc\u00e7 almak i\u00e7in yaln\u0131zca bir Ethernet kablosu gerektirir, PoE iste\u011fe ba\u011fl\u0131d\u0131r<\/li>\n<li>H.265 + kodlama format\u0131n\u0131 destekleyin: Bu g\u00f6zetim IP kameras\u0131 H.265 + \/ H.265 \/ H.264 + \/ H.264 kodlama format\u0131n\u0131 destekler.<\/li>\n<li>ONVIF: ONVIF protokol\u00fcn\u00fc destekler ve 7\/24 koruma i\u00e7in entegre bir g\u00fcvenlik sistemi olu\u015fturmak \u00fczere \u00fc\u00e7\u00fcnc\u00fc taraf ONVIF uyumlu NVR'lere ba\u011flanabilir<\/li>\n<li>Telefonunuzla uzaktan g\u00f6r\u00fcnt\u00fcleyebilmeniz i\u00e7in \u00dccretsiz Mobil Uygulama<\/li>\n<li>Windows Bilgisayar\u0131n\u0131z \u00fczerinden canl\u0131 ak\u0131\u015f\u0131 izlemeniz i\u00e7in \u00dccretsiz CMS \u0130zleme Yaz\u0131l\u0131m\u0131<\/li>\n<li>Tam Renkli Gece G\u00f6r\u00fc\u015fl\u00fc \u00c7ift I\u015f\u0131k<\/li>\n<\/ul>","protected":false},"featured_media":1292,"comment_status":"open","ping_status":"closed","template":"","meta":{"_seopress_robots_primary_cat":"none","_seopress_titles_title":"4K IP Cameras with Full-Color Night Vision | IP CCTV Cameras | Anston Security","_seopress_titles_desc":"1\/3\u2033 5MP POE IP Cameras; 2.8\/3.6\/6mm Lens Optional, 2pcs IR LEDs, 3D DNR; D-WDR; BLC; Motion Detection; Cover Detection; Auto white balance; PAL\/NTSC; ONVIF 2.6","_seopress_robots_index":""},"product_brand":[],"product_cat":[46],"product_tag":[],"class_list":{"0":"post-1290","1":"product","2":"type-product","3":"status-publish","4":"has-post-thumbnail","6":"product_cat-ip-cameras","8":"first","9":"instock","10":"shipping-taxable","11":"product-type-simple"},"_links":{"self":[{"href":"https:\/\/jer-tech.com\/tr\/wp-json\/wp\/v2\/product\/1290","targetHints":{"allow":["GET"]}}],"collection":[{"href":"https:\/\/jer-tech.com\/tr\/wp-json\/wp\/v2\/product"}],"about":[{"href":"https:\/\/jer-tech.com\/tr\/wp-json\/wp\/v2\/types\/product"}],"replies":[{"embeddable":true,"href":"https:\/\/jer-tech.com\/tr\/wp-json\/wp\/v2\/comments?post=1290"}],"wp:featuredmedia":[{"embeddable":true,"href":"https:\/\/jer-tech.com\/tr\/wp-json\/wp\/v2\/media\/1292"}],"wp:attachment":[{"href":"https:\/\/jer-tech.com\/tr\/wp-json\/wp\/v2\/media?parent=1290"}],"wp:term":[{"taxonomy":"product_brand","embeddable":true,"href":"https:\/\/jer-tech.com\/tr\/wp-json\/wp\/v2\/product_brand?post=1290"},{"taxonomy":"product_cat","embeddable":true,"href":"https:\/\/jer-tech.com\/tr\/wp-json\/wp\/v2\/product_cat?post=1290"},{"taxonomy":"product_tag","embeddable":true,"href":"https:\/\/jer-tech.com\/tr\/wp-json\/wp\/v2\/product_tag?post=1290"}],"curies":[{"name":"wp","href":"https:\/\/api.w.org\/{rel}","templated":true}]}}