{"id":1230,"date":"2022-04-11T16:29:39","date_gmt":"2022-04-11T08:29:39","guid":{"rendered":"https:\/\/jer-tech.com\/?post_type=product&#038;p=1230"},"modified":"2022-04-12T17:39:26","modified_gmt":"2022-04-12T09:39:26","slug":"dis-mekan-5mp-ahd-kameralar","status":"publish","type":"product","link":"https:\/\/jer-tech.com\/tr\/urun\/dis-mekan-5mp-ahd-kameralar\/","title":{"rendered":"D\u0131\u015f Mekan 5MP AHD Kameralar"},"content":{"rendered":"","protected":false},"excerpt":{"rendered":"<ul>\n<li>AHD\/TVI\/CVI\/CVBS 4'\u00fc Bir Arada \u00e7\u0131k\u0131\u015f,<\/li>\n<li>720P, 1080P, 4MP, 5MP, 8MP (4K), etkin \u00e7\u00f6z\u00fcn\u00fcrl\u00fck 3840*2160'a kadard\u0131r;<\/li>\n<li>OSD 12 farkl\u0131 dili destekler, pozlama\/beyaz dengesi\/g\u00f6r\u00fcnt\u00fc iyile\u015ftirme\/BLC vb. destekler;<\/li>\n<li>AGC tipi, g\u00fcnd\u00fcz-gece etkisi farkl\u0131d\u0131r, \u00e7e\u015fitli g\u00fcnd\u00fcz-gece modu OSD taraf\u0131ndan serbest\u00e7e de\u011fi\u015ftirilebilir;<\/li>\n<li>UTC i\u015flevini destekleyin, Parlakl\u0131k \/ keskinlik \/ kontrast \/ doygunluk ayar\u0131n\u0131 destekleyin<\/li>\n<\/ul>","protected":false},"featured_media":1272,"comment_status":"open","ping_status":"closed","template":"","meta":{"_seopress_robots_primary_cat":"none","_seopress_titles_title":"","_seopress_titles_desc":" JER is a reliable AHD Camera manufacturer. We bulk production 2MP, 4MP, 5MP, 8MP(4K) AHD cameras.","_seopress_robots_index":""},"product_brand":[],"product_cat":[28],"product_tag":[],"class_list":{"0":"post-1230","1":"product","2":"type-product","3":"status-publish","4":"has-post-thumbnail","6":"product_cat-ahd-cameras","8":"first","9":"instock","10":"shipping-taxable","11":"product-type-simple"},"_links":{"self":[{"href":"https:\/\/jer-tech.com\/tr\/wp-json\/wp\/v2\/product\/1230","targetHints":{"allow":["GET"]}}],"collection":[{"href":"https:\/\/jer-tech.com\/tr\/wp-json\/wp\/v2\/product"}],"about":[{"href":"https:\/\/jer-tech.com\/tr\/wp-json\/wp\/v2\/types\/product"}],"replies":[{"embeddable":true,"href":"https:\/\/jer-tech.com\/tr\/wp-json\/wp\/v2\/comments?post=1230"}],"wp:featuredmedia":[{"embeddable":true,"href":"https:\/\/jer-tech.com\/tr\/wp-json\/wp\/v2\/media\/1272"}],"wp:attachment":[{"href":"https:\/\/jer-tech.com\/tr\/wp-json\/wp\/v2\/media?parent=1230"}],"wp:term":[{"taxonomy":"product_brand","embeddable":true,"href":"https:\/\/jer-tech.com\/tr\/wp-json\/wp\/v2\/product_brand?post=1230"},{"taxonomy":"product_cat","embeddable":true,"href":"https:\/\/jer-tech.com\/tr\/wp-json\/wp\/v2\/product_cat?post=1230"},{"taxonomy":"product_tag","embeddable":true,"href":"https:\/\/jer-tech.com\/tr\/wp-json\/wp\/v2\/product_tag?post=1230"}],"curies":[{"name":"wp","href":"https:\/\/api.w.org\/{rel}","templated":true}]}}