{"id":120,"date":"2022-02-15T16:46:59","date_gmt":"2022-02-15T08:46:59","guid":{"rendered":"https:\/\/jer-tech.com\/?page_id=120"},"modified":"2022-02-15T16:46:59","modified_gmt":"2022-02-15T08:46:59","slug":"sartlar-kosullar","status":"publish","type":"page","link":"https:\/\/jer-tech.com\/tr\/sartlar-kosullar\/","title":{"rendered":"\u015eartlar ve Ko\u015fullar"},"content":{"rendered":"<h3 class=\"wp-block-heading\" id=\"1-terms\">1. \u015eartlar<\/h3>\n\n\n\n<p>adresindeki web sitesine eri\u015ferek\u00a0<a href=\"https:\/\/jer-tech.com\/tr\/\">https:\/\/jer-tech.com<\/a>bu hi\u0307zmet ko\u015fullarina, y\u00fcr\u00fcrl\u00fckteki\u0307 t\u00fcm yasa ve y\u00f6netmeli\u0307klere ba\u011fli kalmayi kabul edi\u0307yor ve y\u00fcr\u00fcrl\u00fckteki\u0307 yerel yasalara uymaktan sorumlu oldu\u011funuzu kabul edi\u0307yorsunuz. Bu \u015fartlardan herhangi birini kabul etmiyorsan\u0131z, bu siteyi kullanman\u0131z veya bu siteye eri\u015fmeniz yasakt\u0131r. Bu web sitesinde yer alan materyaller y\u00fcr\u00fcrl\u00fckteki telif hakk\u0131 ve ticari marka yasalar\u0131 taraf\u0131ndan korunmaktad\u0131r.<\/p>\n\n\n\n<h3 class=\"wp-block-heading\" id=\"2-use-license\">2. Kullan\u0131m Lisans\u0131<\/h3>\n\n\n\n<ol class=\"wp-block-list\" type=\"a\"><li>jer-tech.com web sitesindeki materyallerin (bilgi veya yaz\u0131l\u0131m) bir kopyas\u0131n\u0131 yaln\u0131zca ki\u015fisel, ticari olmayan ge\u00e7ici g\u00f6r\u00fcnt\u00fcleme i\u00e7in ge\u00e7ici olarak indirme izni verilir. Bu, bir lisans\u0131n verilmesidir, bir m\u00fclkiyet devri de\u011fildir ve bu lisans kapsam\u0131nda \u015funlar\u0131 yapamazs\u0131n\u0131z:<ol type=\"i\"><li>materyalleri de\u011fi\u015ftirmek veya kopyalamak;<\/li><li>materyalleri herhangi bir ticari ama\u00e7 i\u00e7in veya herhangi bir kamuya a\u00e7\u0131k g\u00f6sterim (ticari veya ticari olmayan) i\u00e7in kullanmak;<\/li><li>jer-tech.com web sitesinde bulunan herhangi bir yaz\u0131l\u0131m\u0131 kaynak koda d\u00f6n\u00fc\u015ft\u00fcrmeye veya tersine m\u00fchendislik yapmaya \u00e7al\u0131\u015fmak;<\/li><li>materyallerden herhangi bir telif hakk\u0131 veya di\u011fer tescilli notlar\u0131 kald\u0131rmak; veya<\/li><li>materyalleri ba\u015fka bir ki\u015fiye aktarmak veya materyalleri ba\u015fka bir sunucuya \"yans\u0131tmak\".<\/li><\/ol><\/li><li>Bu lisans, bu k\u0131s\u0131tlamalardan herhangi birini ihlal etmeniz halinde otomatik olarak sona erer ve jer-tech.com taraf\u0131ndan herhangi bir zamanda feshedilebilir. Bu materyalleri g\u00f6r\u00fcnt\u00fclemenizin sona ermesi veya bu lisans\u0131n feshedilmesi \u00fczerine, elektronik veya bas\u0131l\u0131 formatta elinizde bulunan indirilmi\u015f materyalleri imha etmeniz gerekir.<\/li><\/ol>\n\n\n\n<h3 class=\"wp-block-heading\" id=\"3-disclaimer\">3. Sorumluluk Reddi<\/h3>\n\n\n\n<ol class=\"wp-block-list\" type=\"a\"><li>jer-tech.com web sitesindeki materyaller 'oldu\u011fu gibi' esas\u0131na g\u00f6re sa\u011flanmaktad\u0131r. JER Technology, a\u00e7\u0131k veya z\u0131mni hi\u00e7bir garanti vermez ve i\u015fbu belgeyle, s\u0131n\u0131rlama olmaks\u0131z\u0131n, z\u0131mni garantiler veya sat\u0131labilirlik ko\u015fullar\u0131, belirli bir amaca uygunluk veya fikri m\u00fclkiyetin ihlal edilmemesi veya di\u011fer hak ihlalleri dahil olmak \u00fczere di\u011fer t\u00fcm garantileri reddeder ve reddeder.<\/li><li>Ayr\u0131ca, JER Technology, web sitesindeki materyallerin kullan\u0131m\u0131n\u0131n do\u011frulu\u011fu, olas\u0131 sonu\u00e7lar\u0131 veya g\u00fcvenilirli\u011fi hakk\u0131nda veya bu t\u00fcr materyallerle veya bu siteyle ba\u011flant\u0131l\u0131 herhangi bir siteyle ilgili olarak herhangi bir garanti vermez veya beyanda bulunmaz.<\/li><\/ol>\n\n\n\n<h3 class=\"wp-block-heading\" id=\"4-limitations\">4. S\u0131n\u0131rlamalar<\/h3>\n\n\n\n<p>JER Technology veya tedarik\u00e7ileri, jer-tech.com web sitesindeki materyallerin kullan\u0131m\u0131 veya kullan\u0131lamamas\u0131ndan kaynaklanan herhangi bir zarardan (veri veya kar kayb\u0131 veya i\u015f kesintisi nedeniyle olu\u015fan zararlar dahil ancak bunlarla s\u0131n\u0131rl\u0131 olmamak \u00fczere), JER Technology veya JER Technology yetkili temsilcisi bu t\u00fcr bir zarar olas\u0131l\u0131\u011f\u0131 hakk\u0131nda s\u00f6zl\u00fc veya yaz\u0131l\u0131 olarak bilgilendirilmi\u015f olsa bile hi\u00e7bir durumda sorumlu tutulamaz. Baz\u0131 yarg\u0131 b\u00f6lgeleri z\u0131mni garantilerin s\u0131n\u0131rland\u0131r\u0131lmas\u0131na veya dolayl\u0131 veya ar\u0131zi zararlar i\u00e7in sorumluluk s\u0131n\u0131rlamalar\u0131na izin vermedi\u011finden, bu s\u0131n\u0131rlamalar sizin i\u00e7in ge\u00e7erli olmayabilir.<\/p>\n\n\n\n<h3 class=\"wp-block-heading\" id=\"5-accuracy-of-materials\">5. Malzemelerin do\u011frulu\u011fu<\/h3>\n\n\n\n<p>jer-tech.com web sitesinde yer alan materyaller teknik, tipografik veya foto\u011frafik hatalar i\u00e7erebilir. JER Technology, web sitesindeki materyallerin hi\u00e7birinin do\u011fru, eksiksiz veya g\u00fcncel oldu\u011funu garanti etmez. JER Technology, web sitesinde yer alan materyallerde herhangi bir zamanda bildirimde bulunmaks\u0131z\u0131n de\u011fi\u015fiklik yapabilir. Ancak, JER Technology materyalleri g\u00fcncellemek i\u00e7in herhangi bir taahh\u00fctte bulunmaz.<\/p>\n\n\n\n<h3 class=\"wp-block-heading\" id=\"6-links\">6. Ba\u011flant\u0131lar<\/h3>\n\n\n\n<p>JER Technology, web sitesine ba\u011flanan t\u00fcm siteleri incelememi\u015ftir ve bu t\u00fcr ba\u011flant\u0131l\u0131 sitelerin i\u00e7eri\u011finden sorumlu de\u011fildir. Herhangi bir ba\u011flant\u0131n\u0131n dahil edilmesi, sitenin JER Technology taraf\u0131ndan onayland\u0131\u011f\u0131 anlam\u0131na gelmez. Bu t\u00fcr ba\u011flant\u0131l\u0131 web sitelerinin kullan\u0131m\u0131 kullan\u0131c\u0131n\u0131n kendi sorumlulu\u011fundad\u0131r.<\/p>\n\n\n\n<h3 class=\"wp-block-heading\" id=\"7-modifications\">7. De\u011fi\u015fiklikler<\/h3>\n\n\n\n<p>JER Technology, web sitesi i\u00e7in bu hizmet \u015fartlar\u0131n\u0131 herhangi bir zamanda bildirimde bulunmaks\u0131z\u0131n revize edebilir. Bu web sitesini kullanarak, bu hizmet ko\u015fullar\u0131n\u0131n o zamanki g\u00fcncel s\u00fcr\u00fcm\u00fcne ba\u011fl\u0131 kalmay\u0131 kabul etmi\u015f olursunuz.<\/p>\n\n\n\n<h3 class=\"wp-block-heading\" id=\"8-governing-law\">8. Ge\u00e7erli Kanun<\/h3>\n\n\n\n<p>Bu h\u00fck\u00fcm ve ko\u015fullar \u00c7in yasalar\u0131na g\u00f6re y\u00f6netilir ve yorumlan\u0131r ve bu Eyalet veya yerdeki mahkemelerin m\u00fcnhas\u0131r yarg\u0131 yetkisine gayri kabili r\u00fccu olarak boyun e\u011fersiniz.<\/p>","protected":false},"excerpt":{"rendered":"<p>1. \u015eartlar https:\/\/jer-tech.com adresindeki web sitesine eri\u015ferek, bu hizmet \u015fartlar\u0131na, y\u00fcr\u00fcrl\u00fckteki t\u00fcm yasa ve y\u00f6netmeliklere ba\u011fl\u0131 kalmay\u0131 ve y\u00fcr\u00fcrl\u00fckteki yerel yasalara uymaktan sorumlu oldu\u011funuzu kabul etmi\u015f olursunuz. Bu \u015fartlardan herhangi birini kabul etmiyorsan\u0131z, bu siteyi kullanman\u0131z veya bu siteye eri\u015fmeniz yasakt\u0131r. [...]<\/p>","protected":false},"author":1,"featured_media":0,"parent":0,"menu_order":0,"comment_status":"closed","ping_status":"closed","template":"","meta":{"_seopress_robots_primary_cat":"","_seopress_titles_title":"","_seopress_titles_desc":"","_seopress_robots_index":"","footnotes":""},"class_list":["post-120","page","type-page","status-publish","hentry"],"_links":{"self":[{"href":"https:\/\/jer-tech.com\/tr\/wp-json\/wp\/v2\/pages\/120","targetHints":{"allow":["GET"]}}],"collection":[{"href":"https:\/\/jer-tech.com\/tr\/wp-json\/wp\/v2\/pages"}],"about":[{"href":"https:\/\/jer-tech.com\/tr\/wp-json\/wp\/v2\/types\/page"}],"author":[{"embeddable":true,"href":"https:\/\/jer-tech.com\/tr\/wp-json\/wp\/v2\/users\/1"}],"replies":[{"embeddable":true,"href":"https:\/\/jer-tech.com\/tr\/wp-json\/wp\/v2\/comments?post=120"}],"version-history":[{"count":1,"href":"https:\/\/jer-tech.com\/tr\/wp-json\/wp\/v2\/pages\/120\/revisions"}],"predecessor-version":[{"id":121,"href":"https:\/\/jer-tech.com\/tr\/wp-json\/wp\/v2\/pages\/120\/revisions\/121"}],"wp:attachment":[{"href":"https:\/\/jer-tech.com\/tr\/wp-json\/wp\/v2\/media?parent=120"}],"curies":[{"name":"wp","href":"https:\/\/api.w.org\/{rel}","templated":true}]}}