{"id":3593,"date":"2025-10-14T18:28:06","date_gmt":"2025-10-14T10:28:06","guid":{"rendered":"https:\/\/jer-tech.com\/?post_type=product&#038;p=3593"},"modified":"2025-10-16T19:24:29","modified_gmt":"2025-10-16T11:24:29","slug":"gravador-de-video-em-rede-de-16-canais","status":"publish","type":"product","link":"https:\/\/jer-tech.com\/pt\/produto\/gravador-de-video-em-rede-de-16-canais\/","title":{"rendered":"Gravador de v\u00eddeo em rede NVR 4K de 16 canais HiEasy suporta a fun\u00e7\u00e3o AI"},"content":{"rendered":"","protected":false},"excerpt":{"rendered":"<p>JER-N316B Especifica\u00e7\u00e3o<br \/>\n\u25cf Suporta 16 canais de acesso 4K; suporta fun\u00e7\u00f5es de captura de rosto, compara\u00e7\u00e3o de rosto e reconhecimento de matr\u00edculas;<br \/>\nModo de trabalho de compara\u00e7\u00e3o de captura de rosto: o modo de canal tem de ser definido Modo de captura frontal e compara\u00e7\u00e3o frontal: ligado a 10 canais de c\u00e2maras de captura e compara\u00e7\u00e3o de rosto, capaz de compara\u00e7\u00e3o de canal completo de 10 canais; c\u00e2mara de captura frontal e de compara\u00e7\u00e3o frontal: T5AI-F Modo misto: Ligar a 10 canais de c\u00e2maras normais, selecionar 1 canal para ativar o suporte de IA e, em seguida, capturar e efetuar a monitoriza\u00e7\u00e3o normal nos outros canais;<br \/>\n\u25cf Suporta sa\u00edda de v\u00eddeo 4K e HDMI suporta sa\u00edda de \u00e1udio simult\u00e2nea;<br \/>\nOtimizar a largura de banda dos recursos e suportar um acesso de 80 Mbps;<br \/>\nBase de dados de rostos incorporada, que pode armazenar at\u00e9 1.000 rostos;<br \/>\n\u25cf Suporta fun\u00e7\u00f5es de alarme, como a dete\u00e7\u00e3o da forma humana e a dete\u00e7\u00e3o da forma do ve\u00edculo com a c\u00e2mara P6S.<br \/>\nSuporta a captura e a compara\u00e7\u00e3o de rostos (utilize um gravador de v\u00eddeo para potenciar a IA ou cooperar com a c\u00e2mara T5AI);<br \/>\nSuporta o armazenamento r\u00e1pido de rostos em p\u00e1ginas capturadas e suporta a importa\u00e7\u00e3o em lote de rostos para a base de dados;<br \/>\nSuporta a pesquisa de v\u00eddeos pelo nome da pessoa e pela imagem do rosto; a pesquisa de v\u00eddeos \u00e9 mais r\u00e1pida<br \/>\n\u25cf Suporta uma variedade de regras de compara\u00e7\u00e3o, suporta alarmes pop-up de gravadores de v\u00eddeo ligados, transmiss\u00f5es de voz e outras fun\u00e7\u00f5es;<br \/>\n\u25cf Suporta interface de altifalante para monitoriza\u00e7\u00e3o no local do som da c\u00e2mara; suporta interface de \u00e1udio de 3,5 mm para entrada e sa\u00edda expans\u00edveis.<br \/>\nSuporta o acesso a discos r\u00edgidos de 1 unidade, sendo que o maior disco r\u00edgido suporta 14 TB;<br \/>\nA reprodu\u00e7\u00e3o de v\u00eddeo \u00e9 apresentada na linha de tempo e o tipo de v\u00eddeo \u00e9 indicado por cores, tornando f\u00e1cil e r\u00e1pida a recupera\u00e7\u00e3o de dados de v\u00eddeo.<br \/>\n\u25cf Suporta a fun\u00e7\u00e3o de c\u00f3pia de seguran\u00e7a de v\u00eddeo e a c\u00f3pia de seguran\u00e7a pode ser exacta ao segundo.<br \/>\nSuporta a modifica\u00e7\u00e3o em lote de endere\u00e7os de c\u00e2maras front-end, sa\u00edda autom\u00e1tica de imagens e fun\u00e7\u00f5es de sa\u00edda de imagens de segmentos de rede cruzada;<br \/>\n\u25cf Suporta o protocolo ONVIF;<br \/>\n\u25cf Suporta a fun\u00e7\u00e3o de controlo dos par\u00e2metros de imagem da c\u00e2mara frontal;<br \/>\nM\u00faltiplos modos de reprodu\u00e7\u00e3o, avan\u00e7o r\u00e1pido, retrocesso e outras fun\u00e7\u00f5es;<br \/>\nO software cliente para computador EasyVMS pode ser utilizado para monitorizar e reproduzir grava\u00e7\u00f5es remotamente.<br \/>\nPode utilizar o software para telem\u00f3vel P6SLite para monitorizar e reproduzir as grava\u00e7\u00f5es remotamente;<\/p>\n<p><strong>Especifica\u00e7\u00e3o:<\/strong><\/p>\n<table width=\"1164\">\n<tbody>\n<tr>\n<td colspan=\"2\" width=\"1164\">Sistema<\/td>\n<\/tr>\n<tr>\n<td>Modelo<\/td>\n<td width=\"970\">JER-N316B<\/td>\n<\/tr>\n<tr>\n<td>Chipset principal<\/td>\n<td width=\"970\">A1N<\/td>\n<\/tr>\n<tr>\n<td>Interface de funcionamento<\/td>\n<td width=\"970\">Interface de opera\u00e7\u00e3o gr\u00e1fica, suporta opera\u00e7\u00e3o com o rato<\/td>\n<\/tr>\n<tr>\n<td>Apresenta\u00e7\u00e3o da imagem<\/td>\n<td width=\"970\">Ecr\u00e3 de 1\/4\/6\/9\/16<\/td>\n<\/tr>\n<tr>\n<td colspan=\"2\">V\u00eddeo<\/td>\n<\/tr>\n<tr>\n<td>Acesso ao v\u00eddeo<\/td>\n<td width=\"970\">16 canais 4K<\/td>\n<\/tr>\n<tr>\n<td>Quadro de v\u00eddeo<\/td>\n<td width=\"970\">\u00a0NTSC@ 30fps\uff0cPAL@25fps<\/td>\n<\/tr>\n<tr>\n<td>Sa\u00edda de v\u00eddeo<\/td>\n<td width=\"970\">VGA*1, HDMI*1<\/td>\n<\/tr>\n<tr>\n<td>Descodifica\u00e7\u00e3o de imagens<\/td>\n<td width=\"970\">H.264\/H.265<\/td>\n<\/tr>\n<tr>\n<td>Oclus\u00e3o de \u00e1rea<\/td>\n<td width=\"970\">Suporte (necessita de suporte para a c\u00e2mara)<\/td>\n<\/tr>\n<tr>\n<td>Dete\u00e7\u00e3o de movimento<\/td>\n<td width=\"970\">Suporte (necessita de suporte para a c\u00e2mara)<\/td>\n<\/tr>\n<tr>\n<td colspan=\"2\">Fun\u00e7\u00e3o inteligente<\/td>\n<\/tr>\n<tr>\n<td>E-fence<\/td>\n<td width=\"970\">Suporte, liga\u00e7\u00e3o push, ecr\u00e3 grande, alarme de voz NVR e outras fun\u00e7\u00f5es de alarme (necessita de suporte de c\u00e2mara)<\/td>\n<\/tr>\n<tr>\n<td>travessia<\/td>\n<td width=\"970\">Suporte, liga\u00e7\u00e3o push, ecr\u00e3 grande, alarme de voz NVR e outras fun\u00e7\u00f5es de alarme (necessita de suporte de c\u00e2mara)<\/td>\n<\/tr>\n<tr>\n<td>Dete\u00e7\u00e3o de desativa\u00e7\u00e3o<\/td>\n<td width=\"970\">Suporte, liga\u00e7\u00e3o push, ecr\u00e3 grande, alarme de voz NVR e outras fun\u00e7\u00f5es de alarme (necessita de suporte de c\u00e2mara)<\/td>\n<\/tr>\n<tr>\n<td>estat\u00edsticas do fluxo de passageiros<\/td>\n<td width=\"970\">Apoiar a consulta do fluxo de passageiros (necessita de suporte de c\u00e2mara)<\/td>\n<\/tr>\n<tr>\n<td rowspan=\"2\">Captura de rosto<\/td>\n<td width=\"970\">Suporte para captura de rosto<\/td>\n<\/tr>\n<tr>\n<td width=\"970\">Captura NVR: Captura simult\u00e2nea de 8 pessoas por segundo, suportando tamanhos de pix\u00e9is de rosto de 20*20-384*384<\/td>\n<\/tr>\n<tr>\n<td rowspan=\"3\" width=\"194\">Compara\u00e7\u00e3o de rostos<\/td>\n<td width=\"970\">Modo de captura e compara\u00e7\u00e3o de c\u00e2maras: Liga\u00e7\u00e3o de 10 c\u00e2maras de captura e compara\u00e7\u00e3o facial, permitindo a compara\u00e7\u00e3o total de 10 canais; (C\u00e2mara de captura e compara\u00e7\u00e3o facial: T5AI-F)<\/p>\n<p>Modo h\u00edbrido: Ligue 10 c\u00e2maras normais, selecione 1 canal para ativar a IA, depois capture e utilize os outros canais para monitoriza\u00e7\u00e3o normal.<\/p>\n<p>Suporta a fun\u00e7\u00e3o de compara\u00e7\u00e3o de listas a preto e branco, suporta v\u00e1rias defini\u00e7\u00f5es de regras e pode ligar v\u00e1rios m\u00e9todos de alarme.<\/p>\n<p>Suporta 1000 faces;<\/td>\n<\/tr>\n<tr>\n<td width=\"970\">Suporta listas brancas e listas negras, suporta a configura\u00e7\u00e3o de v\u00e1rias regras e liga v\u00e1rios formatos.<\/td>\n<\/tr>\n<tr>\n<td width=\"970\">Compara\u00e7\u00e3o NVR: pode comparar 2 pessoas simultaneamente por segundo<\/td>\n<\/tr>\n<tr>\n<td>Fun\u00e7\u00e3o de alarme<\/td>\n<td width=\"970\">Suporta janelas pop-up de alarme NVR, suporta liga\u00e7\u00e3o de transmiss\u00e3o de voz NVR e suporta grava\u00e7\u00e3o inteligente NVR.<br \/>\nSuporta a pesquisa de v\u00eddeos por imagem de rosto\/placa de matr\u00edcula, pesquisa de v\u00eddeos por nome\/n\u00famero de placa de matr\u00edcula e suporta a pesquisa de v\u00eddeos atrav\u00e9s do carregamento de imagens via USB;<\/td>\n<\/tr>\n<tr>\n<td>Reprodu\u00e7\u00e3o inteligente<\/td>\n<td width=\"970\">Suporte para recupera\u00e7\u00e3o e reprodu\u00e7\u00e3o de fun\u00e7\u00f5es de IA; suporte para pesquisar v\u00eddeos por nome pessoal e imagens faciais<\/td>\n<\/tr>\n<tr>\n<td colspan=\"2\">\u00c1udio<\/td>\n<\/tr>\n<tr>\n<td>Alarme de voz<\/td>\n<td width=\"970\">Definir o aviso de alarme por voz da c\u00e2mara (requer que a c\u00e2mara suporte avisos de alarme por voz)<\/td>\n<\/tr>\n<tr>\n<td>Formato de voz<\/td>\n<td width=\"970\">G.711U\u3001G.711A\u3001G.726<\/td>\n<\/tr>\n<tr>\n<td>Intercomunicador \u00e1udio<\/td>\n<td width=\"970\">Suportado, necessita de placa de \u00e1udio alargada<\/td>\n<\/tr>\n<tr>\n<td>Entrada de \u00e1udio<\/td>\n<td width=\"970\">Entrada de \u00e1udio em rede 1:1 de acordo com o n\u00famero de canais<\/td>\n<\/tr>\n<tr>\n<td>Sa\u00edda de \u00e1udio<\/td>\n<td width=\"970\">Suporta sa\u00edda de \u00e1udio HDMI, sa\u00edda de \u00e1udio de 3,5 mm e liga\u00e7\u00e3o de 1,25 pinos com sa\u00edda de som de altifalante<\/td>\n<\/tr>\n<tr>\n<td colspan=\"2\">Reproduzir<\/td>\n<\/tr>\n<tr>\n<td>M\u00e9todo de registo<\/td>\n<td width=\"970\">Grava\u00e7\u00e3o temporizada, grava\u00e7\u00e3o por dete\u00e7\u00e3o de movimento, grava\u00e7\u00e3o manual e grava\u00e7\u00e3o inteligente<\/td>\n<\/tr>\n<tr>\n<td width=\"194\">Canal de reprodu\u00e7\u00e3o<\/td>\n<td width=\"970\">1*4K\/2*5MP<\/td>\n<\/tr>\n<tr>\n<td>Consulta de registos<\/td>\n<td width=\"970\">Reprodu\u00e7\u00e3o de tempo, reprodu\u00e7\u00e3o de navega\u00e7\u00e3o, reprodu\u00e7\u00e3o de eventos inteligentes, pesquisa de imagens e grava\u00e7\u00e3o<\/td>\n<\/tr>\n<tr>\n<td colspan=\"2\">C\u00f3pia de seguran\u00e7a do armazenamento<\/td>\n<\/tr>\n<tr>\n<td>Armazenamento de v\u00eddeo<\/td>\n<td width=\"970\">Disco r\u00edgido local, rede<\/td>\n<\/tr>\n<tr>\n<td>Tipo de c\u00f3pia de seguran\u00e7a<\/td>\n<td width=\"970\">Dispositivo de armazenamento port\u00e1til USB, U-disk<\/td>\n<\/tr>\n<tr>\n<td colspan=\"2\">Monitoriza\u00e7\u00e3o remota<\/td>\n<\/tr>\n<tr>\n<td>Monitoriza\u00e7\u00e3o m\u00f3vel<\/td>\n<td width=\"970\">APP: Hieasy\uff0c PC: EasyVMS<\/td>\n<\/tr>\n<tr>\n<td width=\"194\">N\u00famero de canais remotos<\/td>\n<td width=\"970\">At\u00e9 32 canais de pr\u00e9-visualiza\u00e7\u00e3o em simult\u00e2neo, com um m\u00e1ximo de 8 liga\u00e7\u00f5es de utilizadores em simult\u00e2neo;<\/td>\n<\/tr>\n<tr>\n<td colspan=\"2\">Interface externa<\/td>\n<\/tr>\n<tr>\n<td>Sa\u00edda de v\u00eddeo<\/td>\n<td width=\"970\">1pcs VGA, 1pcs HDMI<\/td>\n<\/tr>\n<tr>\n<td>Rede<\/td>\n<td width=\"970\">1pcs RJ45 100M, interface Ethernet auto-adaptativa<\/td>\n<\/tr>\n<tr>\n<td>USB<\/td>\n<td width=\"970\">2pcs USB 2.0<\/td>\n<\/tr>\n<tr>\n<td>Disco r\u00edgido<\/td>\n<td width=\"970\">1pcs SATA 2.0; suporte m\u00e1ximo 14T<\/td>\n<\/tr>\n<tr>\n<td colspan=\"2\">Outros<\/td>\n<\/tr>\n<tr>\n<td>Controlo da inclina\u00e7\u00e3o da panor\u00e2mica<\/td>\n<td width=\"970\">Controlar c\u00e2maras PTZ atrav\u00e9s da rede<\/td>\n<\/tr>\n<tr>\n<td>ONVIF<\/td>\n<td width=\"970\">Apoio<\/td>\n<\/tr>\n<tr>\n<td>Pot\u00eancia<\/td>\n<td width=\"970\">DC12V 5A<\/td>\n<\/tr>\n<tr>\n<td>Ambiente de trabalho<\/td>\n<td width=\"970\">-10\u2103~+50\u2103 10%\uff5e95%RH<\/td>\n<\/tr>\n<\/tbody>\n<\/table>\n<p>&nbsp;<\/p>\n<p>&nbsp;<\/p>","protected":false},"featured_media":3596,"comment_status":"open","ping_status":"closed","template":"","meta":{"_seopress_robots_primary_cat":"none","_seopress_titles_title":"H.265 HiEasy 16CH NVR 4K Network Video Recorder Support AI Function","_seopress_titles_desc":"Professional 16ch 4K Network Video Recorder support human shape detection and vehicle shape detection. Contact JER Company for CCTV OEM services.","_seopress_robots_index":""},"product_brand":[],"product_cat":[60],"product_tag":[],"class_list":{"0":"post-3593","1":"product","2":"type-product","3":"status-publish","4":"has-post-thumbnail","6":"product_cat-nvr","8":"first","9":"instock","10":"shipping-taxable","11":"product-type-simple"},"_links":{"self":[{"href":"https:\/\/jer-tech.com\/pt\/wp-json\/wp\/v2\/product\/3593","targetHints":{"allow":["GET"]}}],"collection":[{"href":"https:\/\/jer-tech.com\/pt\/wp-json\/wp\/v2\/product"}],"about":[{"href":"https:\/\/jer-tech.com\/pt\/wp-json\/wp\/v2\/types\/product"}],"replies":[{"embeddable":true,"href":"https:\/\/jer-tech.com\/pt\/wp-json\/wp\/v2\/comments?post=3593"}],"wp:featuredmedia":[{"embeddable":true,"href":"https:\/\/jer-tech.com\/pt\/wp-json\/wp\/v2\/media\/3596"}],"wp:attachment":[{"href":"https:\/\/jer-tech.com\/pt\/wp-json\/wp\/v2\/media?parent=3593"}],"wp:term":[{"taxonomy":"product_brand","embeddable":true,"href":"https:\/\/jer-tech.com\/pt\/wp-json\/wp\/v2\/product_brand?post=3593"},{"taxonomy":"product_cat","embeddable":true,"href":"https:\/\/jer-tech.com\/pt\/wp-json\/wp\/v2\/product_cat?post=3593"},{"taxonomy":"product_tag","embeddable":true,"href":"https:\/\/jer-tech.com\/pt\/wp-json\/wp\/v2\/product_tag?post=3593"}],"curies":[{"name":"wp","href":"https:\/\/api.w.org\/{rel}","templated":true}]}}