{"id":3587,"date":"2025-10-14T17:58:21","date_gmt":"2025-10-14T09:58:21","guid":{"rendered":"https:\/\/jer-tech.com\/?post_type=product&#038;p=3587"},"modified":"2025-10-14T18:02:56","modified_gmt":"2025-10-14T10:02:56","slug":"gravador-de-video-4k-de-64-canais","status":"publish","type":"product","link":"https:\/\/jer-tech.com\/pt\/produto\/gravador-de-video-4k-de-64-canais\/","title":{"rendered":"64CH 4K NVR com fun\u00e7\u00e3o AI Suporte 8pcs 10TB disco r\u00edgido"},"content":{"rendered":"","protected":false},"excerpt":{"rendered":"<p><strong>Carater\u00edsticas<\/strong><\/p>\n<p>Acesso de v\u00eddeo em rede em tempo real de 64 canais, acesso 4K de 64 canais, NVR de chassis 2U<\/p>\n<p>Descodifica\u00e7\u00e3o H.265, sistema operativo Linux incorporado<\/p>\n<p>Suporte para grava\u00e7\u00e3o s\u00edncrona, monitoriza\u00e7\u00e3o remota e c\u00f3pia de seguran\u00e7a<\/p>\n<p>Suporta sa\u00edda dupla de fonte hetero HDMI e pr\u00e9-visualiza\u00e7\u00e3o de alta defini\u00e7\u00e3o 4K<\/p>\n<p>Suporte para amplifica\u00e7\u00e3o eletr\u00f3nica de imagens de pr\u00e9-visualiza\u00e7\u00e3o e de reprodu\u00e7\u00e3o<\/p>\n<p>Protocolos padr\u00e3o ONVIF, RTSP, GB28181<\/p>\n<p>Suporta alarme externo, portas de rede duplas, intercomunicador de voz bidirecional, instant\u00e2neo de alarme e fun\u00e7\u00f5es de envio de e-mail de alarme<\/p>\n<p>Suporte para DDNS, EMAIL, UPNP, NTP, P2P e outras fun\u00e7\u00f5es<\/p>\n<p>Suporte WEB, monitoriza\u00e7\u00e3o de telem\u00f3veis, cliente<\/p>\n<p>Suporta dois modos de armazenamento: quota de grupo de discos e grupo de discos, que podem atribuir diferentes capacidades de armazenamento de grava\u00e7\u00e3o para diferentes canais.<\/p>\n<p>Suporte \u00e0 gest\u00e3o centralizada do IPC, incluindo configura\u00e7\u00e3o de par\u00e2metros do IPC, importa\u00e7\u00e3o e exporta\u00e7\u00e3o de informa\u00e7\u00f5es, aquisi\u00e7\u00e3o de informa\u00e7\u00f5es em tempo real e outras fun\u00e7\u00f5es<\/p>\n<p>Placas de rede Gigabit duplas, que suportam defini\u00e7\u00f5es de IP de rede dupla e outras<\/p>\n<p>Suporte RAID0, RAID1, RAID5, RAID6 e RAID10, backup global a quente<\/p>\n<p>Suporte para agrupamento de canais e visita de pr\u00e9-visualiza\u00e7\u00e3o<\/p>\n<p>Suporta a dete\u00e7\u00e3o de rede (monitoriza\u00e7\u00e3o do tr\u00e1fego de rede, captura de pacotes de rede, suavidade da rede) e outras fun\u00e7\u00f5es<\/p>\n<p>Suporta a reprodu\u00e7\u00e3o s\u00edncrona de v\u00eddeo 1080P at\u00e9 16 canais e a reprodu\u00e7\u00e3o inversa s\u00edncrona multicanal<\/p>\n<p>Suporta a fun\u00e7\u00e3o de reprodu\u00e7\u00e3o instant\u00e2nea,<\/p>\n<p>Nova interface de opera\u00e7\u00e3o UI, suporta um clique para iniciar a fun\u00e7\u00e3o de grava\u00e7\u00e3o<\/p>\n<p>Suporte para backup a quente N+1 e filtragem de IP<\/p>\n<p>Suporte para o software cliente EasyVMS para monitoriza\u00e7\u00e3o remota e reprodu\u00e7\u00e3o de v\u00eddeo<\/p>\n<p>Suporte do software para telem\u00f3vel HiEasy para monitoriza\u00e7\u00e3o remota e reprodu\u00e7\u00e3o de v\u00eddeo<\/p>\n<p>&nbsp;<\/p>","protected":false},"featured_media":3592,"comment_status":"open","ping_status":"closed","template":"","meta":{"_seopress_robots_primary_cat":"none","_seopress_titles_title":"H.265 Professional HiEasy 64CH 4K NVR with AI Function Support 8pcs 10TB Hard Disk","_seopress_titles_desc":"Looking for a reliable 64CH4K NVR supplier? Contact JER Company and we will provide you with professional CCTV solutions.","_seopress_robots_index":""},"product_brand":[],"product_cat":[60],"product_tag":[],"class_list":{"0":"post-3587","1":"product","2":"type-product","3":"status-publish","4":"has-post-thumbnail","6":"product_cat-nvr","8":"first","9":"instock","10":"shipping-taxable","11":"product-type-simple"},"_links":{"self":[{"href":"https:\/\/jer-tech.com\/pt\/wp-json\/wp\/v2\/product\/3587","targetHints":{"allow":["GET"]}}],"collection":[{"href":"https:\/\/jer-tech.com\/pt\/wp-json\/wp\/v2\/product"}],"about":[{"href":"https:\/\/jer-tech.com\/pt\/wp-json\/wp\/v2\/types\/product"}],"replies":[{"embeddable":true,"href":"https:\/\/jer-tech.com\/pt\/wp-json\/wp\/v2\/comments?post=3587"}],"wp:featuredmedia":[{"embeddable":true,"href":"https:\/\/jer-tech.com\/pt\/wp-json\/wp\/v2\/media\/3592"}],"wp:attachment":[{"href":"https:\/\/jer-tech.com\/pt\/wp-json\/wp\/v2\/media?parent=3587"}],"wp:term":[{"taxonomy":"product_brand","embeddable":true,"href":"https:\/\/jer-tech.com\/pt\/wp-json\/wp\/v2\/product_brand?post=3587"},{"taxonomy":"product_cat","embeddable":true,"href":"https:\/\/jer-tech.com\/pt\/wp-json\/wp\/v2\/product_cat?post=3587"},{"taxonomy":"product_tag","embeddable":true,"href":"https:\/\/jer-tech.com\/pt\/wp-json\/wp\/v2\/product_tag?post=3587"}],"curies":[{"name":"wp","href":"https:\/\/api.w.org\/{rel}","templated":true}]}}