{"id":3338,"date":"2025-08-16T21:55:53","date_gmt":"2025-08-16T13:55:53","guid":{"rendered":"https:\/\/jer-tech.com\/?post_type=product&#038;p=3338"},"modified":"2025-08-16T21:55:54","modified_gmt":"2025-08-16T13:55:54","slug":"reconhecimento-facial-camara-ip","status":"publish","type":"product","link":"https:\/\/jer-tech.com\/pt\/produto\/reconhecimento-facial-camara-ip\/","title":{"rendered":"As c\u00e2maras IP AI de 5MP suportam o reconhecimento facial"},"content":{"rendered":"","protected":false},"excerpt":{"rendered":"<p>1. 1\/2.7\u2033 T41NQ+SC500AI, Sensor CMOS HD de alta sensibilidade,<br \/>\n2. Suporta os formatos de codifica\u00e7\u00e3o H.264 e H.265<br \/>\nResolu\u00e7\u00f5es de fluxo principal: 5MP (2880 * 1624) \/ 4MP (2560 * 1440) \/ 3MP (2304 * 1296) \/ 2MP (1920 * 1080)<br \/>\nResolu\u00e7\u00f5es de sub-transmiss\u00e3o: 448P (800 * 448) \/ D1 (704 * 576) \/ 360P (640 * 360) \/ CIF (352 * 288)<br \/>\n3. Suporta sa\u00edda simult\u00e2nea de fluxo duplo.<br \/>\n4. Para um desempenho \u00f3timo com algoritmos de rosto\/placa de matr\u00edcula, utilize uma lente HD de 6 mm.<br \/>\n5. Ativa\u00e7\u00e3o opcional de algoritmos inteligentes: Reconhecimento facial, Algoritmo de estrutura\u00e7\u00e3o de matr\u00edculas, Algoritmo de dete\u00e7\u00e3o de chamas.<br \/>\n<strong>6. Algoritmo de dete\u00e7\u00e3o da forma humana\/ve\u00edculo (requer a ativa\u00e7\u00e3o do reconhecimento facial, do reconhecimento de matr\u00edculas ou da dete\u00e7\u00e3o de chamas).<\/strong><br \/>\n1) Aplica\u00e7\u00f5es de extens\u00e3o de IA: Veda\u00e7\u00e3o eletr\u00f3nica, dete\u00e7\u00e3o de intrus\u00f5es, dete\u00e7\u00e3o de postos n\u00e3o vigiados, contagem de pessoas, contagem de ve\u00edculos.<br \/>\n<strong>7. Algoritmo inteligente de captura e reconhecimento de rostos:<\/strong><br \/>\n1) Suporta a dete\u00e7\u00e3o e o seguimento de at\u00e9 6 rostos por fotograma.<br \/>\n2) Suporta captura r\u00e1pida ou captura de qualidade (limiares de qualidade de rosto ajust\u00e1veis); captura at\u00e9 6 rostos simultaneamente; tamanho m\u00ednimo de rosto detet\u00e1vel: 20\u00d720 pix\u00e9is.<br \/>\n3) Suporta a compara\u00e7\u00e3o de rostos.<br \/>\n4) Suporta a dete\u00e7\u00e3o de m\u00e1scaras.<br \/>\n5) Funciona de forma independente (aut\u00f3noma); suporta o carregamento de fotografias de rostos para o dispositivo atrav\u00e9s de VMS, APP ou NVR; suporta a liga\u00e7\u00e3o de alarmes em lista branca\/blacklist.<br \/>\n6) Quando emparelhado com NVRs inteligentes compat\u00edveis (modelos N310B, N316B, N336A), permite fun\u00e7\u00f5es: gest\u00e3o da base de dados de rostos, liga\u00e7\u00e3o de alarmes \u00e0 lista branca\/lista negra, pesquisa de estranhos e pesquisa de grava\u00e7\u00f5es por rosto.<br \/>\n<strong>8. Algoritmo de captura, reconhecimento e estrutura\u00e7\u00e3o de matr\u00edculas:<\/strong><\/p>\n<p>1) Suporta a captura global de matr\u00edculas.<br \/>\n2) Reconhece a cor da matr\u00edcula, a informa\u00e7\u00e3o da matr\u00edcula e a informa\u00e7\u00e3o do tipo de ve\u00edculo.<br \/>\n3) Comuta\u00e7\u00e3o autom\u00e1tica do modo de funcionamento: Optimiza a visibilidade da cena quando n\u00e3o \u00e9 detectada qualquer matr\u00edcula, muda para o modo de reconhecimento de matr\u00edculas e optimiza a exposi\u00e7\u00e3o quando \u00e9 detectada uma matr\u00edcula.<br \/>\n4) As informa\u00e7\u00f5es reconhecidas sobre o n\u00famero da matr\u00edcula e o tipo de ve\u00edculo podem ser sobrepostas no fluxo de v\u00eddeo.<br \/>\n5) Suporta o modo de captura autom\u00e1tica e o modo de captura manual para diversos cen\u00e1rios de aplica\u00e7\u00e3o.<br \/>\n6) Quando emparelhado com NVRs inteligentes compat\u00edveis (modelos N310B, N316B, N336A), ativa as fun\u00e7\u00f5es: gest\u00e3o da base de dados de matr\u00edculas, registo de matr\u00edculas desconhecidas, liga\u00e7\u00e3o de alarmes em lista branca\/lista negra, pesquisa de grava\u00e7\u00f5es por matr\u00edcula.<br \/>\n<strong>9. Algoritmo de dete\u00e7\u00e3o de chamas:<\/strong><br \/>\n1) Monitoriza\u00e7\u00e3o cont\u00ednua 24 horas por dia, 7 dias por semana, para seguran\u00e7a geral\/preven\u00e7\u00e3o de roubos; dispara o alarme de inc\u00eandio ao detetar chamas.<br \/>\n2) Dimens\u00e3o m\u00ednima do p\u00edxel de dete\u00e7\u00e3o: 50\u00d780 p\u00edxeis.<br \/>\n3) Utiliza a an\u00e1lise de imagem combinada com as carater\u00edsticas espectrais da chama e a dete\u00e7\u00e3o das carater\u00edsticas do corpo de fogo para uma elevada sensibilidade, minimizando os falsos alarmes.<br \/>\n10. Suporta entrada e sa\u00edda de \u00e1udio para comunica\u00e7\u00e3o \u00e1udio bidirecional; suporta entrada e sa\u00edda de alarme.<br \/>\n11. Suporta a funcionalidade FTP (incluindo o carregamento de imagens); suporta protocolos: GB28181, MQTT, HTTP\/HTTPS.<br \/>\n12. Suporta armazenamento em cart\u00e3o TF (at\u00e9 512 GB de capacidade).<br \/>\n13. Suporta a m\u00e1scara de privacidade (para ocultar \u00e1reas espec\u00edficas); suporta a sobreposi\u00e7\u00e3o de texto OSD;<br \/>\n14. suporta a sincroniza\u00e7\u00e3o da hora de rede (NTP).<br \/>\n15. Suporta monitoriza\u00e7\u00e3o remota atrav\u00e9s de aplica\u00e7\u00f5es m\u00f3veis (iOS, Android) e clientes de PC.<\/p>\n<table style=\"border-collapse: collapse; width: 756.62pt;\" border=\"0\" width=\"1261\" cellspacing=\"0\" cellpadding=\"0\">\n<tbody>\n<tr style=\"height: 31.00pt;\">\n<td class=\"et3\" style=\"height: 31.00pt; width: 756.60pt;\" colspan=\"2\" width=\"1261\" height=\"51\">Fun\u00e7\u00e3o<\/td>\n<\/tr>\n<tr style=\"height: 38.00pt;\">\n<td class=\"et4\" style=\"height: 38.00pt; width: 129.60pt;\" width=\"216\" height=\"63\">Interruptor D\/N<\/td>\n<td class=\"et4\" style=\"width: 627.00pt;\" width=\"1045\">Suporta comuta\u00e7\u00e3o D\/N (IR-CUT opcional)<\/td>\n<\/tr>\n<tr style=\"height: 38.00pt;\">\n<td class=\"et4\" style=\"height: 38.00pt; width: 129.60pt;\" width=\"216\" height=\"63\">Balan\u00e7o de brancos<\/td>\n<td class=\"et4\" style=\"width: 627.00pt;\" width=\"1045\">Suporte para equil\u00edbrio autom\u00e1tico de brancos<\/td>\n<\/tr>\n<tr style=\"height: 38.00pt;\">\n<td class=\"et4\" style=\"height: 38.00pt; width: 129.60pt;\" width=\"216\" height=\"63\">Redu\u00e7\u00e3o de ru\u00eddo<\/td>\n<td class=\"et4\" style=\"width: 627.00pt;\" width=\"1045\">Apoio 3DNR<\/td>\n<\/tr>\n<tr style=\"height: 38.00pt;\">\n<td class=\"et4\" style=\"height: 38.00pt; width: 129.60pt;\" width=\"216\" height=\"63\">WDR<\/td>\n<td class=\"et4\" style=\"width: 627.00pt;\" width=\"1045\">Apoio<\/td>\n<\/tr>\n<tr style=\"height: 38.00pt;\">\n<td class=\"et4\" style=\"height: 38.00pt; width: 129.60pt;\" width=\"216\" height=\"63\">Prote\u00e7\u00e3o da privacidade<\/td>\n<td class=\"et4\" style=\"width: 627.00pt;\" width=\"1045\">Apoio<\/td>\n<\/tr>\n<tr style=\"height: 38.00pt;\">\n<td class=\"et4\" style=\"height: 38.00pt; width: 129.60pt;\" width=\"216\" height=\"63\">Espelho<\/td>\n<td class=\"et4\" style=\"width: 627.00pt;\" width=\"1045\">Apoio<\/td>\n<\/tr>\n<tr style=\"height: 38.00pt;\">\n<td class=\"et4\" style=\"height: 38.00pt; width: 129.60pt;\" width=\"216\" height=\"63\">OSD<\/td>\n<td class=\"et4\" style=\"width: 627.00pt;\" width=\"1045\">Suporte para defini\u00e7\u00e3o OSD, arrastar a posi\u00e7\u00e3o livremente<\/td>\n<\/tr>\n<tr style=\"height: 38.00pt;\">\n<td class=\"et4\" style=\"height: 38.00pt; width: 129.60pt;\" width=\"216\" height=\"63\">Reiniciar<\/td>\n<td class=\"et4\" style=\"width: 627.00pt;\" width=\"1045\">Apoio<\/td>\n<\/tr>\n<tr style=\"height: 38.00pt;\">\n<td class=\"et3\" style=\"height: 38.00pt; width: 756.60pt;\" colspan=\"2\" width=\"1261\" height=\"63\">Fun\u00e7\u00e3o inteligente<\/td>\n<\/tr>\n<tr style=\"height: 66.00pt;\">\n<td class=\"et4\" style=\"height: 66.00pt; width: 129.60pt;\" width=\"216\" height=\"110\">Dete\u00e7\u00e3o inteligente<\/td>\n<td class=\"et4\" style=\"width: 627.00pt;\" width=\"1045\">Pode detetar a forma humana para alarme inteligente e estat\u00edsticas do n\u00famero de pessoas.<br \/>\nAplica\u00e7\u00f5es alargadas: Cercas electr\u00f3nicas, dete\u00e7\u00e3o de cruzamentos, dete\u00e7\u00e3o de partidas e estat\u00edsticas do fluxo de passageiros<\/td>\n<\/tr>\n<tr style=\"height: 36.00pt;\">\n<td class=\"et5\" style=\"height: 36.00pt; width: 756.60pt; border-right: .5pt solid #000000;\" colspan=\"2\" width=\"1261\" height=\"60\">Algoritmo inteligente de captura e reconhecimento de rostos<\/td>\n<\/tr>\n<tr style=\"height: 38.00pt;\">\n<td class=\"et4\" style=\"height: 38.00pt; width: 129.60pt;\" width=\"216\" height=\"63\">Dete\u00e7\u00e3o de m\u00e1scaras<\/td>\n<td class=\"et4\" style=\"width: 627.00pt;\" width=\"1045\">Apoio<\/td>\n<\/tr>\n<tr style=\"height: 86.00pt;\">\n<td class=\"et4\" style=\"height: 86.00pt; width: 129.60pt;\" width=\"216\" height=\"143\">Captura de rosto<\/td>\n<td class=\"et4\" style=\"width: 627.00pt;\" width=\"1045\">Suporta a elimina\u00e7\u00e3o de duplica\u00e7\u00f5es faciais e pode definir modos de captura r\u00e1pida e de captura de qualidade.<br \/>\nCaptura r\u00e1pida: Enviar rapidamente imagens faciais que aparecem<br \/>\nCaptura de qualidade: Empurrar a melhor imagem facial no per\u00edodo de tempo da apar\u00eancia facial<br \/>\nQualidade facial ajust\u00e1vel, com suporte para dete\u00e7\u00e3o e seguimento de rostos de 6 pessoas por fotograma.<br \/>\nCaptura simult\u00e2nea de 6 pessoas, com um tamanho m\u00ednimo de pixel facial de 20 * 20<\/td>\n<\/tr>\n<tr style=\"height: 86.00pt;\">\n<td class=\"et4\" style=\"height: 86.00pt; width: 129.60pt;\" width=\"216\" height=\"143\">Compara\u00e7\u00e3o de rostos<\/td>\n<td class=\"et4\" style=\"width: 627.00pt;\" width=\"1045\">Suporta a fun\u00e7\u00e3o de compara\u00e7\u00e3o, suporta o carregamento de bibliotecas de rostos para dispositivos utilizando o EasyVMS, APP e NVR e suporta a compara\u00e7\u00e3o de rostos numa \u00fanica m\u00e1quina.<br \/>\nApoiar a den\u00fancia de estranhos \u00e0 pol\u00edcia e a elabora\u00e7\u00e3o de listas negras e brancas.<\/td>\n<\/tr>\n<tr style=\"height: 47.00pt;\">\n<td class=\"et4\" style=\"height: 47.00pt; width: 129.60pt;\" width=\"216\" height=\"78\">O n\u00famero de bases de dados de rostos<\/td>\n<td class=\"et4\" style=\"width: 627.00pt;\" width=\"1045\">Suporta 1000 bases de dados de rostos (utilizado em conjunto com o N310B, N316B, N336A NVR)<br \/>\nSuporta uma base de dados de 5.000 rostos (utilizada em conjunto com o EasyVMS e a APP)<\/td>\n<\/tr>\n<tr style=\"height: 47.00pt;\">\n<td class=\"et4\" style=\"height: 47.00pt; width: 129.60pt;\" width=\"216\" height=\"78\">Dist\u00e2ncia de reconhecimento<\/td>\n<td class=\"et4\" style=\"width: 627.00pt;\" width=\"1045\">Lente de 6 mm: 3-5 metros<\/td>\n<\/tr>\n<tr style=\"height: 77.00pt;\">\n<td class=\"et4\" style=\"height: 77.00pt; width: 129.60pt;\" width=\"216\" height=\"128\">Liga\u00e7\u00e3o funcional<\/td>\n<td class=\"et4\" style=\"width: 627.00pt;\" width=\"1045\">Suporta transmiss\u00e3o de voz, sa\u00edda de alarme, captura de imagem de cart\u00e3o TF, grava\u00e7\u00e3o de v\u00eddeo de cart\u00e3o TF e carregamento de FTP;<\/p>\n<p>Quando emparelhado com um anfitri\u00e3o NVR inteligente, pode realizar fun\u00e7\u00f5es como gest\u00e3o de bases de dados de rostos, liga\u00e7\u00e3o de alarmes de listas a preto e branco, consulta r\u00e1pida de estranhos e consulta de v\u00eddeo por rosto. (N310B, N316B, N336A)<\/td>\n<\/tr>\n<tr style=\"height: 29.00pt;\">\n<td class=\"et5\" style=\"height: 29.00pt; width: 756.60pt; border-right: .5pt solid #000000;\" colspan=\"2\" width=\"1261\" height=\"48\">Algoritmo inteligente de captura e reconhecimento de rostos:<\/td>\n<\/tr>\n<tr style=\"height: 93.00pt;\">\n<td class=\"et4\" style=\"height: 93.00pt; width: 129.60pt;\" width=\"216\" height=\"155\">Modo de reconhecimento de matr\u00edculas<\/td>\n<td class=\"et4\" style=\"width: 627.00pt;\" width=\"1045\">Suporta o modo autom\u00e1tico e o modo manual;<br \/>\nPode ser utilizado tanto para monitoriza\u00e7\u00e3o como para reconhecimento de matr\u00edculas. Quando n\u00e3o h\u00e1 matr\u00edcula, o ambiente circundante pode ser visto claramente. Ap\u00f3s a dete\u00e7\u00e3o de uma matr\u00edcula, \u00e9 efectuada a recolha de luz.<br \/>\nSuporte para captura global de matr\u00edculas, reconhecimento de matr\u00edculas na China e no Vietname;<\/td>\n<\/tr>\n<tr style=\"height: 57.00pt;\">\n<td class=\"et4\" style=\"height: 57.00pt; width: 129.60pt;\" width=\"216\" height=\"95\">M\u00e9todo de identifica\u00e7\u00e3o<\/td>\n<td class=\"et4\" style=\"width: 627.00pt;\" width=\"1045\">Reconhecimento por algoritmo estruturado de matr\u00edculas<\/td>\n<\/tr>\n<tr style=\"height: 57.00pt;\">\n<td class=\"et4\" style=\"height: 57.00pt; width: 129.60pt;\" width=\"216\" height=\"95\">Informa\u00e7\u00f5es de sa\u00edda<\/td>\n<td class=\"et4\" style=\"width: 627.00pt;\" width=\"1045\">Suporta o reconhecimento da cor da matr\u00edcula, do n\u00famero da matr\u00edcula e das informa\u00e7\u00f5es sobre o modelo do ve\u00edculo.<br \/>\nSuporta a apresenta\u00e7\u00e3o sobreposta OSD das informa\u00e7\u00f5es da matr\u00edcula;<\/td>\n<\/tr>\n<tr style=\"height: 57.00pt;\">\n<td class=\"et4\" style=\"height: 57.00pt; width: 129.60pt;\" width=\"216\" height=\"95\">Velocidade do ve\u00edculo<\/td>\n<td class=\"et4\" style=\"width: 627.00pt;\" width=\"1045\">Modo autom\u00e1tico: Abaixo de 60Km\/h, velocidade ajust\u00e1vel no modo manual.<\/td>\n<\/tr>\n<tr style=\"height: 57.00pt;\">\n<td class=\"et4\" style=\"height: 57.00pt; width: 129.60pt;\" width=\"216\" height=\"95\">Dist\u00e2ncia de reconhecimento<\/td>\n<td class=\"et4\" style=\"width: 627.00pt;\" width=\"1045\">Lente de 6 mm: 4-13 metros<\/td>\n<\/tr>\n<tr style=\"height: 73.00pt;\">\n<td class=\"et4\" style=\"height: 73.00pt; width: 129.60pt;\" width=\"216\" height=\"121\">Liga\u00e7\u00e3o funcional<\/td>\n<td class=\"et4\" style=\"width: 627.00pt;\" width=\"1045\">Suporta transmiss\u00e3o de voz, sa\u00edda de alarme, captura de imagem de cart\u00e3o TF, grava\u00e7\u00e3o de v\u00eddeo de cart\u00e3o TF e carregamento de FTP;<\/p>\n<p>Quando emparelhado com um anfitri\u00e3o NVR inteligente, pode realizar fun\u00e7\u00f5es como gest\u00e3o de bases de dados de matr\u00edculas, grava\u00e7\u00e3o de matr\u00edculas desconhecidas, liga\u00e7\u00e3o de alarmes de listas brancas e pretas e consulta de matr\u00edculas e grava\u00e7\u00e3o de v\u00eddeo. (N310B, N316B, N336A)<\/td>\n<\/tr>\n<tr style=\"height: 43.00pt;\">\n<td class=\"et5\" style=\"height: 43.00pt; width: 756.60pt; border-right: .5pt solid #000000;\" colspan=\"2\" width=\"1261\" height=\"71\">Dete\u00e7\u00e3o de chama<\/td>\n<\/tr>\n<tr style=\"height: 52.00pt;\">\n<td class=\"et4\" style=\"height: 52.00pt; width: 129.60pt;\" width=\"216\" height=\"86\">M\u00e9todo de dete\u00e7\u00e3o<\/td>\n<td class=\"et4\" style=\"width: 627.00pt;\" width=\"1045\">O algoritmo de imagem combinado com as carater\u00edsticas espectrais da chama e as carater\u00edsticas do corpo do fogo assegura uma dete\u00e7\u00e3o sens\u00edvel, eliminando os falsos alarmes.<\/td>\n<\/tr>\n<tr style=\"height: 52.00pt;\">\n<td class=\"et4\" style=\"height: 52.00pt; width: 129.60pt;\" width=\"216\" height=\"86\">Requisitos m\u00ednimos para pontos de p\u00edxeis de chama<\/td>\n<td class=\"et4\" style=\"width: 627.00pt;\" width=\"1045\">50*80 pix\u00e9is<\/td>\n<\/tr>\n<tr style=\"height: 52.00pt;\">\n<td class=\"et4\" style=\"height: 52.00pt; width: 129.60pt;\" width=\"216\" height=\"86\">Dist\u00e2ncia de dete\u00e7\u00e3o<\/td>\n<td class=\"et4\" style=\"width: 627.00pt;\" width=\"1045\">Lente de 6 mm: 10-15 metros (em fun\u00e7\u00e3o do tamanho da chama)<\/td>\n<\/tr>\n<tr style=\"height: 52.00pt;\">\n<td class=\"et4\" style=\"height: 52.00pt; width: 129.60pt;\" width=\"216\" height=\"86\">Fun\u00e7\u00e3o de alarme<\/td>\n<td class=\"et4\" style=\"width: 627.00pt;\" width=\"1045\">Suporta transmiss\u00e3o de voz, sa\u00edda de alarme, captura de imagem de cart\u00e3o TF, grava\u00e7\u00e3o de v\u00eddeo de cart\u00e3o TF, carregamento de FTP e envio de APP.<\/td>\n<\/tr>\n<tr style=\"height: 38.00pt;\">\n<td class=\"et3\" style=\"height: 38.00pt; width: 756.60pt;\" colspan=\"2\" width=\"1261\" height=\"63\">V\u00eddeo<\/td>\n<\/tr>\n<tr style=\"height: 38.00pt;\">\n<td class=\"et4\" style=\"height: 38.00pt; width: 129.60pt;\" width=\"216\" height=\"63\">Ethernet<\/td>\n<td class=\"et4\" style=\"width: 627.00pt;\" width=\"1045\">Autoadapta\u00e7\u00e3o RJ-45 10M\/100M<\/td>\n<\/tr>\n<tr style=\"height: 38.00pt;\">\n<td class=\"et8\" style=\"height: 76.00pt; width: 129.60pt; border-bottom: .5pt solid #000000;\" rowspan=\"2\" width=\"216\" height=\"126\">Resolu\u00e7\u00e3o<\/td>\n<td class=\"et4\" style=\"width: 627.00pt;\" width=\"1045\">5MP (2880 * 1624) \/ 4MP (2560 * 1440) \/ 3MP (2304 * 1296) \/ 2MP (1920 * 1080)<\/td>\n<\/tr>\n<tr style=\"height: 38.00pt;\">\n<td class=\"et4\" style=\"width: 627.00pt;\" width=\"1045\">Resolu\u00e7\u00f5es de sub-transmiss\u00e3o: 448P (800 * 448) \/ D1 (704 * 576) \/ 360P (640 * 360) \/ CIF (352 * 288)<\/td>\n<\/tr>\n<tr style=\"height: 38.00pt;\">\n<td class=\"et4\" style=\"height: 38.00pt; width: 129.60pt;\" width=\"216\" height=\"63\">Protocolo<\/td>\n<td class=\"et4\" style=\"width: 627.00pt;\" width=\"1045\"><span class=\"font2\">ONVIF<\/span><span class=\"font5\">\uff0c<\/span><span class=\"font2\">P2P<\/span><span class=\"font5\">\uff0c<\/span><span class=\"font2\">CGI<\/span><span class=\"font5\">\uff0c<\/span><span class=\"font2\">HTTP<\/span><span class=\"font5\">\uff0c<\/span><span class=\"font2\">TCP\/IP<\/span><span class=\"font5\">\uff0c<\/span><span class=\"font2\">IPv4<\/span><span class=\"font5\">\uff0c<\/span><span class=\"font2\">RTSP<\/span><span class=\"font5\">\uff0c<\/span><span class=\"font2\">UDP<\/span><span class=\"font5\">\uff0c<\/span><span class=\"font2\">NTP<\/span><span class=\"font5\">\uff0c<\/span><span class=\"font2\">DHCP<\/span><span class=\"font5\">\uff0c<\/span><span class=\"font2\">DNS<\/span><span class=\"font5\">\uff0c<\/span><span class=\"font2\">Filtro IP<\/span><span class=\"font5\">\uff0c<\/span><span class=\"font2\">FTP<\/span><\/td>\n<\/tr>\n<tr style=\"height: 38.00pt;\">\n<td class=\"et4\" style=\"height: 38.00pt; width: 129.60pt;\" width=\"216\" height=\"63\">Protocolo de acesso<\/td>\n<td class=\"et4\" style=\"width: 627.00pt;\" width=\"1045\">Protocolo ONVIF\/Protocolo Privado \/CGI<\/td>\n<\/tr>\n<tr style=\"height: 38.00pt;\">\n<td class=\"et4\" style=\"height: 38.00pt; width: 129.60pt;\" width=\"216\" height=\"63\">Liga\u00e7\u00e3o m\u00e1xima<\/td>\n<td class=\"et4\" style=\"width: 627.00pt;\" width=\"1045\"><span class=\"font2\">3 fluxo principal<\/span><span class=\"font5\">\uff0c<\/span><span class=\"font2\">3 sub-correntes<\/span><\/td>\n<\/tr>\n<tr style=\"height: 38.00pt;\">\n<td class=\"et4\" style=\"height: 38.00pt; width: 129.60pt;\" width=\"216\" height=\"63\">Cliente<\/td>\n<td class=\"et4\" style=\"width: 627.00pt;\" width=\"1045\"><span class=\"font2\">IOS<\/span><span class=\"font5\">\uff0c<\/span><span class=\"font2\">Android<\/span><span class=\"font5\">\uff0c<\/span><span class=\"font2\">Janelas<\/span><\/td>\n<\/tr>\n<tr style=\"height: 38.00pt;\">\n<td class=\"et3\" style=\"height: 38.00pt; width: 756.60pt;\" colspan=\"2\" width=\"1261\" height=\"63\">\u00c1udio<\/td>\n<\/tr>\n<tr style=\"height: 38.00pt;\">\n<td class=\"et4\" style=\"height: 38.00pt; width: 129.60pt;\" width=\"216\" height=\"63\">\u00c1udio<\/td>\n<td class=\"et4\" style=\"width: 627.00pt;\" width=\"1045\"><span class=\"font2\">G.711U<\/span><span class=\"font5\">\u3001<\/span><span class=\"font2\">G711A<\/span><\/td>\n<\/tr>\n<tr style=\"height: 38.00pt;\">\n<td class=\"et4\" style=\"height: 38.00pt; width: 129.60pt;\" width=\"216\" height=\"63\">Entrada de \u00e1udio<\/td>\n<td class=\"et4\" style=\"width: 627.00pt;\" width=\"1045\">Apoio<\/td>\n<\/tr>\n<tr style=\"height: 38.00pt;\">\n<td class=\"et4\" style=\"height: 38.00pt; width: 129.60pt;\" width=\"216\" height=\"63\">Sa\u00edda de \u00e1udio<\/td>\n<td class=\"et4\" style=\"width: 627.00pt;\" width=\"1045\">Apoio<\/td>\n<\/tr>\n<tr style=\"height: 38.00pt;\">\n<td class=\"et3\" style=\"height: 38.00pt; width: 756.60pt;\" colspan=\"2\" width=\"1261\" height=\"63\">Outras interfaces<\/td>\n<\/tr>\n<tr style=\"height: 38.00pt;\">\n<td class=\"et10\" style=\"height: 38.00pt; width: 129.60pt;\" width=\"216\" height=\"63\">Leds IR<\/td>\n<td class=\"et10\" style=\"width: 627.00pt;\" width=\"1045\">4pcs Led branco (luz dupla)<\/td>\n<\/tr>\n<tr style=\"height: 38.00pt;\">\n<td class=\"et10\" style=\"height: 38.00pt; width: 129.60pt;\" width=\"216\" height=\"63\">Corte IR<\/td>\n<td class=\"et10\" style=\"width: 627.00pt;\" width=\"1045\">Sim<\/td>\n<\/tr>\n<tr style=\"height: 38.00pt;\">\n<td class=\"et10\" style=\"height: 38.00pt; width: 129.60pt;\" width=\"216\" height=\"63\">Lente<\/td>\n<td class=\"et10\" style=\"width: 627.00pt;\" width=\"1045\">3,6\/6 mm (2,8 mm opcional)<\/td>\n<\/tr>\n<tr style=\"height: 38.00pt;\">\n<td class=\"et10\" style=\"height: 38.00pt; width: 129.60pt;\" width=\"216\" height=\"63\">Dist\u00e2ncia IR<\/td>\n<td class=\"et10\" style=\"width: 627.00pt;\" width=\"1045\">30m<\/td>\n<\/tr>\n<tr style=\"height: 38.00pt;\">\n<td class=\"et10\" style=\"height: 38.00pt; width: 129.60pt;\" width=\"216\" height=\"63\">\u00c0 prova de \u00e1gua<\/td>\n<td class=\"et10\" style=\"width: 627.00pt;\" width=\"1045\">IP66<\/td>\n<\/tr>\n<tr style=\"height: 38.00pt;\">\n<td class=\"et4\" style=\"height: 38.00pt; width: 129.60pt;\" width=\"216\" height=\"63\">Pot\u00eancia<\/td>\n<td class=\"et4\" style=\"width: 627.00pt;\" width=\"1045\">DC12V \/ POE 48V<\/td>\n<\/tr>\n<tr style=\"height: 38.00pt;\">\n<td class=\"et4\" style=\"height: 38.00pt; width: 129.60pt;\" width=\"216\" height=\"63\">cart\u00e3o TF<\/td>\n<td class=\"et4\" style=\"width: 627.00pt;\" width=\"1045\">Suporte para 512G TF<\/td>\n<\/tr>\n<tr style=\"height: 38.00pt;\">\n<td class=\"et4\" style=\"height: 38.00pt; width: 129.60pt;\" width=\"216\" height=\"63\">Temperatura<\/td>\n<td class=\"et4\" style=\"width: 627.00pt;\" width=\"1045\"><span class=\"font2\">-30\u2103<\/span><span class=\"font5\">\uff5e<\/span><span class=\"font2\">+70\u2103<\/span><\/td>\n<\/tr>\n<\/tbody>\n<\/table>","protected":false},"featured_media":549,"comment_status":"open","ping_status":"closed","template":"","meta":{"_seopress_robots_primary_cat":"","_seopress_titles_title":"5MP AI IP Cameras Support Face Recognition","_seopress_titles_desc":"5MP AI IP camera support Face Recognition, License Plate Recognition, or Flame Detection","_seopress_robots_index":""},"product_brand":[],"product_cat":[46],"product_tag":[],"class_list":{"0":"post-3338","1":"product","2":"type-product","3":"status-publish","4":"has-post-thumbnail","6":"product_cat-ip-cameras","8":"first","9":"instock","10":"shipping-taxable","11":"product-type-simple"},"_links":{"self":[{"href":"https:\/\/jer-tech.com\/pt\/wp-json\/wp\/v2\/product\/3338","targetHints":{"allow":["GET"]}}],"collection":[{"href":"https:\/\/jer-tech.com\/pt\/wp-json\/wp\/v2\/product"}],"about":[{"href":"https:\/\/jer-tech.com\/pt\/wp-json\/wp\/v2\/types\/product"}],"replies":[{"embeddable":true,"href":"https:\/\/jer-tech.com\/pt\/wp-json\/wp\/v2\/comments?post=3338"}],"wp:featuredmedia":[{"embeddable":true,"href":"https:\/\/jer-tech.com\/pt\/wp-json\/wp\/v2\/media\/549"}],"wp:attachment":[{"href":"https:\/\/jer-tech.com\/pt\/wp-json\/wp\/v2\/media?parent=3338"}],"wp:term":[{"taxonomy":"product_brand","embeddable":true,"href":"https:\/\/jer-tech.com\/pt\/wp-json\/wp\/v2\/product_brand?post=3338"},{"taxonomy":"product_cat","embeddable":true,"href":"https:\/\/jer-tech.com\/pt\/wp-json\/wp\/v2\/product_cat?post=3338"},{"taxonomy":"product_tag","embeddable":true,"href":"https:\/\/jer-tech.com\/pt\/wp-json\/wp\/v2\/product_tag?post=3338"}],"curies":[{"name":"wp","href":"https:\/\/api.w.org\/{rel}","templated":true}]}}