{"id":3322,"date":"2025-10-13T10:58:02","date_gmt":"2025-10-13T02:58:02","guid":{"rendered":"https:\/\/jer-tech.com\/?post_type=product&#038;p=3322"},"modified":"2025-10-13T10:58:03","modified_gmt":"2025-10-13T02:58:03","slug":"camara-4g-alimentada-por-energia-solar","status":"publish","type":"product","link":"https:\/\/jer-tech.com\/pt\/produto\/camara-4g-alimentada-por-energia-solar\/","title":{"rendered":"C\u00e2mara de lente \u00fanica 4G alimentada por energia solar"},"content":{"rendered":"<p>&nbsp;<\/p>\n<p>&nbsp;<\/p>","protected":false},"excerpt":{"rendered":"<p><strong><b>Produto<\/b><\/strong><strong><b>\u00a0<\/b><\/strong><strong><b>Carater\u00edsticas<\/b><\/strong><strong><b>\uff1a<\/b><\/strong><\/p>\n<ul>\n<li><b><\/b><strong><b>5<\/b><\/strong><strong><b>T<\/b><\/strong><b><\/b><strong><b>IA<\/b><\/strong><strong><b>\u00a0<\/b><\/strong><strong><b>fichas<\/b><\/strong><strong><b>, <\/b><\/strong><strong><b>duplo<\/b><\/strong><strong><b>\u00a0<\/b><\/strong><strong><b>canal<\/b><\/strong><strong><b>\u00a0<\/b><\/strong><strong><b>1920*1080\uff082<\/b><\/strong><strong><b>PM<\/b><\/strong><strong><b>\uff09<\/b><\/strong><strong><b>\u00a0<\/b><\/strong><strong><b>FHD<\/b><\/strong><strong><b>\u00a0<\/b><\/strong><strong><b>imagem<\/b><\/strong><strong><b>,<\/b><\/strong><strong><b>\u00a0<\/b><\/strong><strong><b>H.265+<\/b><\/strong><strong><b>\u00a0<\/b><\/strong><strong><b>c\u00f3digo<\/b><\/strong><strong><b>,<\/b><\/strong><strong><b>\u00a0<\/b><\/strong><strong><b>Limpo<\/b><\/strong><strong><b>\u00a0<\/b><\/strong><strong><b>e<\/b><\/strong><strong><b>\u00a0<\/b><\/strong><strong><b>delicado<\/b><\/strong><strong><b>\u00a0<\/b><\/strong><strong><b>imagem<\/b><\/strong><\/li>\n<li><b><\/b><strong><b>C\u00e2mara de lente \u00fanica <\/b><\/strong><strong><b>vigil\u00e2ncia<\/b><\/strong><strong><b>,<\/b><\/strong><strong><b> a\u00a0<\/b><\/strong><strong><b>bala<\/b><\/strong><strong><b>\u00a0<\/b><\/strong><strong><b>com<\/b><\/strong><strong><b> uma pequena dimens\u00e3o<\/b><\/strong><strong><b>\u00a0<\/b><\/strong><strong><b>lente<\/b><\/strong><strong><b>\u00a0<\/b><\/strong><strong><b>para<\/b><\/strong><strong><b> a\u00a0<\/b><\/strong><strong><b>maior<\/b><\/strong><strong><b>\u00a0<\/b><\/strong><strong><b>controlo<\/b><\/strong><strong><b>\u00a0<\/b><\/strong><strong><b>\u00e1rea<\/b><\/strong><strong><b>,<\/b><\/strong><strong><b> a\u00a0<\/b><\/strong><strong><b>PT<\/b><\/strong><strong><b>\u00a0<\/b><\/strong><strong><b>c\u00fapula<\/b><\/strong><strong><b>\u00a0<\/b><\/strong><strong><b>com<\/b><\/strong><strong><b> um grande<\/b><\/strong><strong><b>\u00a0<\/b><\/strong><strong><b>lente<\/b><\/strong><strong><b>\u00a0<\/b><\/strong><strong><b>para<\/b><\/strong><strong><b>\u00a0<\/b><\/strong><strong><b>controlo<\/b><\/strong><strong><b>\u00a0<\/b><\/strong><strong><b>mais<\/b><\/strong><strong><b>\u00a0<\/b><\/strong><strong><b>pormenores,<\/b><\/strong><strong><b>\u00a0<\/b><\/strong><strong><b>e<\/b><\/strong><strong><b>\u00a0<\/b><\/strong><strong><b>trac<\/b><\/strong><strong><b>rei<\/b><\/strong><\/li>\n<li><b><\/b><strong><b>Forma humana exacta<\/b><\/strong><strong><b>dete\u00e7\u00e3o de pe, dist\u00e2ncia<\/b><\/strong><strong><b>\u00a0<\/b><\/strong><strong><b>at\u00e9 40 metros, precis\u00e3o<\/b><\/strong><strong><b>\u00a0<\/b><\/strong><strong><b>at\u00e9 99,88%<\/b><\/strong><\/li>\n<li><b><\/b><strong><b>24 horas completo <\/b><\/strong><strong><b>grava\u00e7\u00e3o,<\/b><\/strong><strong><b>\u00a0<\/b><\/strong><strong><b>interrutor<\/b><\/strong><strong><b>\u00a0<\/b><\/strong><strong><b>para<\/b><\/strong><strong><b>\u00a0<\/b><\/strong><strong><b>completo<\/b><\/strong><strong><b>\u00a0<\/b><\/strong><strong><b>fps<\/b><\/strong><strong><b>\u00a0<\/b><\/strong><strong><b>registo<\/b><\/strong><strong><b>\u00a0<\/b><\/strong><strong><b>dentro de<\/b><\/strong><strong><b>\u00a0<\/b><\/strong><strong><b>50ms<\/b><\/strong><strong><b>\u00a0<\/b><\/strong><strong><b>ap\u00f3s<\/b><\/strong><strong><b>\u00a0<\/b><\/strong><strong><b>dete\u00e7\u00e3o<\/b><\/strong><strong><b>\u00a0<\/b><\/strong><strong><b>humano<\/b><\/strong><strong><b>\u00a0<\/b><\/strong><strong><b>forma<\/b><\/strong><\/li>\n<li><b><\/b><strong><b>Primeiro AOV <\/b><\/strong><strong><b>c\u00e2mara<\/b><\/strong><strong><b>\u00a0<\/b><\/strong><strong><b>com<\/b><\/strong><strong><b>\u00a0<\/b><\/strong><strong><b>\u00e1udio<\/b><\/strong><strong><b>\u00a0<\/b><\/strong><strong><b>registo<\/b><\/strong><strong><b>,<\/b><\/strong><strong><b>\u00a0<\/b><\/strong><strong><b>melhor<\/b><\/strong><strong><b>\u00a0<\/b><\/strong><strong><b>experi\u00eancia<\/b><\/strong><\/li>\n<li><b><\/b><strong><b>265+<\/b><\/strong><b><\/b><strong><b>inferior<\/b><\/strong><strong><b>\u00a0<\/b><\/strong><strong><b>tecnologia de codifica\u00e7\u00e3o,<\/b><\/strong><strong><b>\u00a0<\/b><\/strong><strong><b>salvar<\/b><\/strong><strong><b>\u00a0<\/b><\/strong><strong><b>armazenamento<\/b><\/strong><strong><b>\u00a0<\/b><\/strong><strong><b>espa\u00e7o,<\/b><\/strong><strong><b>\u00a0<\/b><\/strong><strong><b>inferior<\/b><\/strong><strong><b>\u00a0<\/b><\/strong><strong><b>largura de banda,<\/b><\/strong><strong><b>\u00a0<\/b><\/strong><strong><b>e<\/b><\/strong><strong><b>\u00a0<\/b><\/strong><strong><b>reduzir 4G<\/b><\/strong><strong><b>\u00a0<\/b><\/strong><strong><b>dados<\/b><\/strong><strong><b>\u00a0<\/b><\/strong><strong><b>consumo<\/b><\/strong><\/li>\n<li><b><\/b><strong><b>Profundo<\/b><\/strong><b><\/b><strong><b>melhorado<\/b><\/strong><strong><b>\u00a0<\/b><\/strong><strong><b>Eco<\/b><\/strong><strong><b>\u00a0<\/b><\/strong><strong><b>algoritmo<\/b><\/strong><strong><b>,<\/b><\/strong><strong><b>\u00a0<\/b><\/strong><strong><b>melhor<\/b><\/strong><strong><b> conversa\u00e7\u00e3o bidirecional<\/b><\/strong><strong><b>\u00a0<\/b><\/strong><strong><b>experi\u00eancia<\/b><\/strong><\/li>\n<li><b><\/b><strong><b>Ligado a um 4<\/b><\/strong><strong><b>G<\/b><\/strong><strong><b>\u00a0<\/b><\/strong><strong><b>rede<\/b><\/strong><strong><b>, <\/b><\/strong><strong><b>com<\/b><\/strong><strong><b>\u00a0<\/b><\/strong><strong><b>Completo<\/b><\/strong><strong><b>\u00a0<\/b><\/strong><strong><b>frequ\u00eancia<\/b><\/strong><strong><b>\u00a0<\/b><\/strong><strong><b>banda<\/b><\/strong><strong><b>\u00a0<\/b><\/strong><strong><b>cobertura<\/b><\/strong><strong><b>,<\/b><\/strong><strong><b>\u00a0<\/b><\/strong><strong><b>ele<\/b><\/strong><strong><b>\u00a0<\/b><\/strong><strong><b>pode<\/b><\/strong><strong><b>\u00a0<\/b><\/strong><strong><b>automaticamente<\/b><\/strong><strong><b>\u00a0<\/b><\/strong><strong><b>ligar<\/b><\/strong><strong><b>\u00a0<\/b><\/strong><strong><b>para<\/b><\/strong><strong><b>\u00a0<\/b><\/strong><strong><b>a<\/b><\/strong><strong><b>\u00a0<\/b><\/strong><strong><b>servidor em<\/b><\/strong><strong><b>\u00a0<\/b><\/strong><strong><b>pot\u00eancia<\/b><\/strong><strong><b>\u00a0<\/b><\/strong><strong><b>sobre,<\/b><\/strong><strong><b>\u00a0<\/b><\/strong><strong><b>digitaliza\u00e7\u00e3o<\/b><\/strong><strong><b>\u00a0<\/b><\/strong><strong><b>a<\/b><\/strong><strong><b>\u00a0<\/b><\/strong><strong><b>c\u00f3digo<\/b><\/strong><strong><b>\u00a0<\/b><\/strong><strong><b>para<\/b><\/strong><strong><b>\u00a0<\/b><\/strong><strong><b>adicionar<\/b><\/strong><strong><b>\u00a0<\/b><\/strong><strong><b>dispositivo<\/b><\/strong><strong><b>s,<\/b><\/strong><strong><b>\u00a0<\/b><\/strong><strong><b>completamente<\/b><\/strong><strong><b>\u00a0<\/b><\/strong><strong><b>resolu\u00e7\u00e3o<\/b><\/strong><strong><b>\u00a0<\/b><\/strong><strong><b>a<\/b><\/strong><strong><b>\u00a0<\/b><\/strong><strong><b>problema<\/b><\/strong><strong><b>\u00a0<\/b><\/strong><strong><b>de<\/b><\/strong><strong><b>\u00a0<\/b><\/strong><strong><b>dif\u00edcil<\/b><\/strong><strong><b>\u00a0<\/b><\/strong><strong><b>c\u00f3digo<\/b><\/strong><strong><b>\u00a0<\/b><\/strong><strong><b>correspond\u00eancia<\/b><\/strong><strong><b>\u00a0<\/b><\/strong><strong><b>para<\/b><\/strong><strong><b>\u00a0\u00a0sem fios<\/b><\/strong><strong><b>\u00a0<\/b><\/strong><strong><b>c\u00e2mara<\/b><\/strong><strong><b>\u00a0<\/b><\/strong><strong><b>produtos<\/b><\/strong><\/li>\n<li><b><\/b><strong><b>Assegurar o equipamento <\/b><\/strong><strong><b>\u00e9<\/b><\/strong><strong><b>\u00a0<\/b><\/strong><strong><b>n\u00e3o<\/b><\/strong><strong><b>\u00a0<\/b><\/strong><strong><b>desligado,<\/b><\/strong><strong><b>\u00a0<\/b><\/strong><strong><b>apoio<\/b><\/strong><strong><b>\u00a0<\/b><\/strong><strong><b>falha<\/b><\/strong><strong><b>\u00a0<\/b><\/strong><strong><b>dete\u00e7\u00e3o<\/b><\/strong><strong><b>\u00a0<\/b><\/strong><strong><b>fun\u00e7\u00e3o,<\/b><\/strong><strong><b>\u00a0<\/b><\/strong><strong><b>e<\/b><\/strong><strong><b>\u00a0<\/b><\/strong><strong><b>assist\u00eancia<\/b><\/strong><strong><b>\u00a0<\/b><\/strong><strong><b>instala\u00e7\u00e3o<\/b><\/strong><strong><b>\u00a0pessoal<\/b><\/strong><strong><b>\u00a0<\/b><\/strong><strong><b>em<\/b><\/strong><strong><b>\u00a0<\/b><\/strong><strong><b>rapidamente<\/b><\/strong><strong><b>\u00a0<\/b><\/strong><strong><b>localiza\u00e7\u00e3o<\/b><\/strong><strong><b>\u00a0<\/b><\/strong><strong><b>falha<\/b><\/strong><strong><b>\u00a0<\/b><\/strong><strong><b>problemas<\/b><\/strong><strong><b>\uff1b<\/b><\/strong><strong><b>\u00a0<\/b><\/strong><strong><b>Triplo<\/b><\/strong><strong><b>\u00a0<\/b><\/strong><strong><b>desconex\u00e3o<\/b><\/strong><strong><b>\u00a0<\/b><\/strong><strong><b>prote\u00e7\u00e3o<\/b><\/strong><strong><b>\u00a0<\/b><\/strong><strong><b>mecanismo<\/b><\/strong><\/li>\n<li><b><\/b><strong><b>Apoio humano <\/b><\/strong><strong><b>forma<\/b><\/strong><strong><b>\u00a0<\/b><\/strong><strong><b>dete\u00e7\u00e3o<\/b><\/strong><strong><b>,<\/b><\/strong><strong><b>\u00a0<\/b><\/strong><strong><b>guarda<\/b><\/strong><strong><b>\u00a0<\/b><\/strong><strong><b>posi\u00e7\u00e3o,<\/b><\/strong><strong><b>\u00a0<\/b><\/strong><strong><b>e<\/b><\/strong><strong><b> auto-ajuste<\/b><\/strong><\/li>\n<li><b><\/b><strong><b>Modo de trabalho de apoio<\/b><\/strong><strong><b>\u00a0<\/b><\/strong><strong><b>inteligente<\/b><\/strong><strong><b>\u00a0<\/b><\/strong><strong><b>interrutor<\/b><\/strong><\/li>\n<li><b><\/b><strong><b>Alarme sonoro e luminoso<\/b><\/strong><strong><b>\u00a0<\/b><\/strong><strong><b>ser<\/b><\/strong><strong><b>\u00a0<\/b><\/strong><strong><b>acionado<\/b><\/strong><strong><b>\u00a0<\/b><\/strong><strong><b>onc<\/b><\/strong><strong><b>e<\/b><\/strong><strong><b> a\u00a0<\/b><\/strong><strong><b>em movimento<\/b><\/strong><strong><b>\u00a0<\/b><\/strong><strong><b>objeto<\/b><\/strong><strong><b> \u00e9\u00a0<\/b><\/strong><strong><b>detectado<\/b><\/strong><\/li>\n<li><b><\/b><strong><b>Suporte duplo<\/b><\/strong><strong><b>\u00a0<\/b><\/strong><strong><b>luz<\/b><\/strong><strong><b>\uff0c4<\/b><\/strong><strong><b>\u00a0<\/b><\/strong><strong><b>noite<\/b><\/strong><strong><b>\u00a0<\/b><\/strong><strong><b>vis\u00f5es\uff1a<\/b><\/strong><strong><b>\u00a0<\/b><\/strong><strong><b>P\/B\u3001cor cheia\u3001smart\u3001estrela<\/b><\/strong><strong><b>luz<\/b><\/strong><\/li>\n<li><b><\/b><strong><b>7V, permitindo-lhe<\/b><\/strong><strong><b>\u00a0trabalhar com um painel de energia solar<\/b><\/strong><\/li>\n<li><b><\/b><strong><b>Suporte para nuvem e TF<\/b><\/strong><b><\/b><strong><b>cart\u00e3o<\/b><\/strong><strong><b>\u00a0<\/b><\/strong><strong><b>sto<\/b><\/strong><strong><b>raiva(max<\/b><\/strong><strong><b>\u00a0<\/b><\/strong><strong><b>para cima<\/b><\/strong><strong><b>\u00a0<\/b><\/strong><strong><b>para<\/b><\/strong><strong><b>\u00a0<\/b><\/strong><strong><b>256GB)<\/b><\/strong><strong><b>\u00a0<\/b><\/strong><strong><b>(nuvem<\/b><\/strong><strong><b>\u00a0<\/b><\/strong><strong><b>armazenamento<\/b><\/strong><strong><b>\u00a0<\/b><\/strong><strong><b>acompanhamento\uff09<\/b><\/strong><\/li>\n<li><b><\/b><strong><b>A APP suporta <\/b><\/strong><strong><b>17<\/b><\/strong><strong><b>\u00a0<\/b><\/strong><strong><b>l\u00ednguas:<\/b><\/strong><strong><b>\u00a0<\/b><\/strong><strong><b>Chin\u00eas simplificado\/Chin\u00eas tradicional\/Ingl\u00eas\/Finland\u00eas\/Coreano\/Franc\u00eas\/<\/b><\/strong><\/li>\n<\/ul>\n<p><strong><b>Portugu\u00eas\/Tailand\u00eas\/Espanhol\/Polaco\/Indon\u00e9sio\/Alem\u00e3o\/Italiano\/Russo<\/b><\/strong><strong><b>\/Japon\u00eas\/Vietnamita\/\u00c1rabe\/Turco<\/b><\/strong><\/p>\n<p><img fetchpriority=\"high\" decoding=\"async\" class=\"wp-image-3581 size-full alignleft\" src=\"https:\/\/jer-tech.com\/wp-content\/uploads\/2025\/10\/AOV-Solar-scaled.png\" alt=\"AOV Solar\" width=\"714\" height=\"2560\" srcset=\"https:\/\/jer-tech.com\/wp-content\/uploads\/2025\/10\/AOV-Solar-scaled.png 714w, https:\/\/jer-tech.com\/wp-content\/uploads\/2025\/10\/AOV-Solar-84x300.png 84w, https:\/\/jer-tech.com\/wp-content\/uploads\/2025\/10\/AOV-Solar-428x1536.png 428w, https:\/\/jer-tech.com\/wp-content\/uploads\/2025\/10\/AOV-Solar-571x2048.png 571w, https:\/\/jer-tech.com\/wp-content\/uploads\/2025\/10\/AOV-Solar-3x12.png 3w\" sizes=\"(max-width: 714px) 100vw, 714px\" \/><\/p>","protected":false},"featured_media":3582,"comment_status":"open","ping_status":"closed","template":"","meta":{"_seopress_robots_primary_cat":"","_seopress_titles_title":"4G Solar-Powered Camera - AOV Solar Camera Supplier - JER Company","_seopress_titles_desc":"Hot-selling 4G AOV Solar Powered Camera Support human shape detection. OEM ODM 4G AOV Solar Camera manufacturer in China.","_seopress_robots_index":""},"product_brand":[],"product_cat":[358,107],"product_tag":[],"class_list":{"0":"post-3322","1":"product","2":"type-product","3":"status-publish","4":"has-post-thumbnail","6":"product_cat-4g-solar-camera","7":"product_cat-wireless-camera","9":"first","10":"instock","11":"shipping-taxable","12":"product-type-simple"},"_links":{"self":[{"href":"https:\/\/jer-tech.com\/pt\/wp-json\/wp\/v2\/product\/3322","targetHints":{"allow":["GET"]}}],"collection":[{"href":"https:\/\/jer-tech.com\/pt\/wp-json\/wp\/v2\/product"}],"about":[{"href":"https:\/\/jer-tech.com\/pt\/wp-json\/wp\/v2\/types\/product"}],"replies":[{"embeddable":true,"href":"https:\/\/jer-tech.com\/pt\/wp-json\/wp\/v2\/comments?post=3322"}],"wp:featuredmedia":[{"embeddable":true,"href":"https:\/\/jer-tech.com\/pt\/wp-json\/wp\/v2\/media\/3582"}],"wp:attachment":[{"href":"https:\/\/jer-tech.com\/pt\/wp-json\/wp\/v2\/media?parent=3322"}],"wp:term":[{"taxonomy":"product_brand","embeddable":true,"href":"https:\/\/jer-tech.com\/pt\/wp-json\/wp\/v2\/product_brand?post=3322"},{"taxonomy":"product_cat","embeddable":true,"href":"https:\/\/jer-tech.com\/pt\/wp-json\/wp\/v2\/product_cat?post=3322"},{"taxonomy":"product_tag","embeddable":true,"href":"https:\/\/jer-tech.com\/pt\/wp-json\/wp\/v2\/product_tag?post=3322"}],"curies":[{"name":"wp","href":"https:\/\/api.w.org\/{rel}","templated":true}]}}