{"id":3311,"date":"2025-08-01T22:05:07","date_gmt":"2025-08-01T14:05:07","guid":{"rendered":"https:\/\/jer-tech.com\/?post_type=product&#038;p=3311"},"modified":"2025-08-01T22:05:34","modified_gmt":"2025-08-01T14:05:34","slug":"camara-solar-4g-aov","status":"publish","type":"product","link":"https:\/\/jer-tech.com\/pt\/produto\/camara-solar-4g-aov\/","title":{"rendered":"AOV C\u00e2mara solar 4G de 4 lentes C\u00e2mara Ptz 8MP Bateria incorporada Dete\u00e7\u00e3o humana AI"},"content":{"rendered":"","protected":false},"excerpt":{"rendered":"<p><strong><b>Carater\u00edsticas\uff1a<\/b><\/strong><\/p>\n<ul>\n<li>C\u00e2mara de c\u00fapula 4G AOV (Always On Video) com velocidade de bateria solar<\/li>\n<li>C\u00e2mara de c\u00fapula de velocidade AI com bateria solar de 3 polegadas 4G<\/li>\n<li>AOV (Always On Video) 7*24 grava\u00e7\u00e3o de v\u00eddeo durante todo o dia<\/li>\n<li>Seguimento autom\u00e1tico de pessoas, dete\u00e7\u00e3o de movimento<\/li>\n<li>Suporte para \u00e1udio bidirecional, microfone e altifalante incorporados<\/li>\n<li>Vis\u00e3o a cores dia e noite com luz dupla<\/li>\n<li>Painel solar de 16 W, tempo de espera ultra-longo e grava\u00e7\u00e3o longa<\/li>\n<li>Suporte para ranhura de cart\u00e3o TF (m\u00e1x. 256G)<\/li>\n<li>Aplica\u00e7\u00e3o: HiEasy<\/li>\n<\/ul>\n<table>\n<tbody>\n<tr>\n<td width=\"226\"><strong><b>Modelo <\/b><\/strong><strong><b>N\u00c3O<\/b><\/strong><strong><b>.<\/b><\/strong><\/td>\n<td width=\"609\"><strong><b>JER-AOV590<\/b><\/strong><\/td>\n<\/tr>\n<tr>\n<td colspan=\"2\" width=\"835\"><strong><b>C\u00e2mara<\/b><\/strong><\/td>\n<\/tr>\n<tr>\n<td width=\"226\">Sensor de imagem<\/td>\n<td width=\"609\">4 pcs 1\/3.2\u2033 CMOS 2MP \uff082MP+2MP+2MP+2MP\uff09<\/td>\n<\/tr>\n<tr>\n<td width=\"226\">Dist\u00e2ncia focal da lente<\/td>\n<td width=\"609\">4MM*4<\/td>\n<\/tr>\n<tr>\n<td width=\"226\">Mini ilumina\u00e7\u00e3o<\/td>\n<td width=\"609\">Dia: 1Lux<\/p>\n<p>Noite: 0,01 Lux<\/td>\n<\/tr>\n<tr>\n<td width=\"226\">Redu\u00e7\u00e3o de ru\u00eddo digital<\/td>\n<td width=\"609\">2D e 3D DNR<\/td>\n<\/tr>\n<tr>\n<td width=\"226\">Defini\u00e7\u00f5es fedorentas<\/td>\n<td width=\"609\">DESLIGADO\/50HZ\/60HZ<\/td>\n<\/tr>\n<tr>\n<td width=\"226\">Norma de rede<\/td>\n<td width=\"609\">4G LTE<\/td>\n<\/tr>\n<tr>\n<td width=\"226\">Banda de frequ\u00eancia 4G (\u00c1sia)<\/td>\n<td width=\"609\">LTE-FDD\uff1aB1\/B3\/B5\/B8 LTE-TDD\uff1aB34\/B38\/B39\/B40\/B41<\/td>\n<\/tr>\n<tr>\n<td width=\"226\">Banda de frequ\u00eancia 4G (UE)<\/td>\n<td width=\"609\">LTE-FDD\uff1aB1\/B3\/B5\/B7\/B8\/B20\/B28<\/td>\n<\/tr>\n<tr>\n<td width=\"226\">Modo de funcionamento<\/td>\n<td width=\"609\">Modelo de eletricidade, modo de desempenho, modo personalizado<\/td>\n<\/tr>\n<tr>\n<td colspan=\"2\" width=\"835\"><strong><b>Lente<\/b><\/strong><\/td>\n<\/tr>\n<tr>\n<td width=\"226\">Dist\u00e2ncia focal da lente<\/td>\n<td width=\"609\">4mm\u00b15%<\/td>\n<\/tr>\n<tr>\n<td width=\"226\">Abertura<\/td>\n<td width=\"609\">F.4\/F2.0\u00b110%<\/td>\n<\/tr>\n<tr>\n<td width=\"226\">Campo de vis\u00e3o<\/td>\n<td width=\"609\">Diagonal 104,0\u00b0 Horizontal: 89,2\u00b0 Vertical: 47,8\u00b0<\/td>\n<\/tr>\n<tr>\n<td colspan=\"2\" width=\"835\"><strong><b>V\u00eddeo<\/b><\/strong><\/td>\n<\/tr>\n<tr>\n<td width=\"226\">Transmiss\u00e3o em fluxo cont\u00ednuo<\/td>\n<td width=\"609\">Fluxo principal, fluxo secund\u00e1rio<\/td>\n<\/tr>\n<tr>\n<td width=\"226\">Sa\u00edda de imagem<\/td>\n<td width=\"609\">1920*1080p(2MP)*4<\/td>\n<\/tr>\n<tr>\n<td width=\"226\">Ecr\u00e3 de energia da bateria<\/td>\n<td width=\"609\">Apoio<\/td>\n<\/tr>\n<tr>\n<td colspan=\"2\" width=\"835\"><strong><b>\u00c1udio<\/b><\/strong><\/td>\n<\/tr>\n<tr>\n<td width=\"226\">\u00c1udio bidirecional<\/td>\n<td width=\"609\">Apoio<\/td>\n<\/tr>\n<tr>\n<td width=\"226\">Microfone<\/td>\n<td width=\"609\">Incorporado<\/td>\n<\/tr>\n<tr>\n<td width=\"226\">Orador<\/td>\n<td width=\"609\">Incorporado<\/td>\n<\/tr>\n<tr>\n<td colspan=\"2\" width=\"835\"><strong><b>Armazenamento<\/b><\/strong><\/td>\n<\/tr>\n<tr>\n<td width=\"226\">Armazenamento<\/td>\n<td width=\"609\">Cart\u00e3o TF (m\u00e1x. 256G); suporta reprodu\u00e7\u00e3o com avan\u00e7o r\u00e1pido de 4X<\/td>\n<\/tr>\n<tr>\n<td colspan=\"2\" width=\"835\"><strong><b>Porto<\/b><\/strong><\/td>\n<\/tr>\n<tr>\n<td width=\"226\">Porta 4G<\/td>\n<td width=\"609\">Interface de antena 4G<\/td>\n<\/tr>\n<tr>\n<td width=\"226\">Reposi\u00e7\u00e3o de dados de f\u00e1brica<\/td>\n<td width=\"609\">Apoio<\/td>\n<\/tr>\n<tr>\n<td colspan=\"2\" width=\"835\"><strong><b>Fun\u00e7\u00e3o inteligente<\/b><\/strong><\/td>\n<\/tr>\n<tr>\n<td width=\"226\">Alarme<\/td>\n<td width=\"609\">Seguimento inteligente de pessoas, dete\u00e7\u00e3o de movimento, alarme de passagem de linha<\/td>\n<\/tr>\n<tr>\n<td width=\"226\">Dist\u00e2ncia de dete\u00e7\u00e3o<\/td>\n<td width=\"609\">40 metros<\/td>\n<\/tr>\n<tr>\n<td width=\"226\">Exatid\u00e3o<\/td>\n<td width=\"609\">Algoritmo de IA, taxa de precis\u00e3o at\u00e9 99,9%<\/td>\n<\/tr>\n<tr>\n<td colspan=\"2\" width=\"835\"><strong><b>Controlo remoto<\/b><\/strong><\/td>\n<\/tr>\n<tr>\n<td width=\"226\">APP<\/td>\n<td width=\"609\">APP: HiEasy<\/td>\n<\/tr>\n<tr>\n<td width=\"226\">L\u00edngua<\/td>\n<td width=\"609\">Chin\u00eas simplificado\/Chin\u00eas tradicional\/Ingl\u00eas\/Finland\u00eas\/Coreano\/Franc\u00eas\/Portugu\u00eas\/Tailand\u00eas\/Espanhol\/Polaco\/Indon\u00e9sio\/Alem\u00e3o\/Italiano\/Russo\/Japon\u00eas\/Vietnamita\/Ar\u00e1bico\/Turco<\/td>\n<\/tr>\n<tr>\n<td colspan=\"2\" width=\"835\"><strong><b>Luz<\/b><\/strong><\/td>\n<\/tr>\n<tr>\n<td width=\"226\">Modo de luz<\/td>\n<td width=\"609\">Vis\u00e3o nocturna IR\/ Vis\u00e3o nocturna inteligente\/ Vis\u00e3o nocturna a cores<\/td>\n<\/tr>\n<tr>\n<td width=\"226\">Dist\u00e2ncia da luz branca<\/td>\n<td width=\"609\">At\u00e9 20m<\/td>\n<\/tr>\n<tr>\n<td width=\"226\">Dist\u00e2ncia da luz IV<\/td>\n<td width=\"609\">At\u00e9 20m<\/td>\n<\/tr>\n<tr>\n<td width=\"226\">LEDS<\/td>\n<td width=\"609\">LED IR + LED branco<\/td>\n<\/tr>\n<tr>\n<td colspan=\"2\" width=\"835\"><strong><b>Controlo PTZ<\/b><\/strong><\/td>\n<\/tr>\n<tr>\n<td width=\"226\">Gama de rota\u00e7\u00e3o<\/td>\n<td width=\"609\">Panor\u00e2mica\uff1a0- 270\u00ba Inclina\u00e7\u00e3o\uff1a0- 90\u00ba<\/td>\n<\/tr>\n<tr>\n<td width=\"226\">Velocidade de rota\u00e7\u00e3o<\/td>\n<td width=\"609\">Panor\u00e2mica\uff1a0~30\u00b0\/s Inclina\u00e7\u00e3o\uff1a0~3\u00b0\/s<\/td>\n<\/tr>\n<tr>\n<td colspan=\"2\" width=\"835\"><strong><b>Geral<\/b><\/strong><\/td>\n<\/tr>\n<tr>\n<td width=\"226\">Fonte de alimenta\u00e7\u00e3o<\/td>\n<td width=\"609\">Fonte de alimenta\u00e7\u00e3o da bateria de 3,7 V, carregamento solar; suporte da fonte de alimenta\u00e7\u00e3o do carregador<\/td>\n<\/tr>\n<tr>\n<td width=\"226\">Painel solar<\/td>\n<td width=\"609\">8W; Tens\u00e3o de sa\u00edda 5V<\/td>\n<\/tr>\n<tr>\n<td width=\"226\">Conector de alimenta\u00e7\u00e3o<\/td>\n<td width=\"609\">TIPO C<\/td>\n<\/tr>\n<tr>\n<td width=\"226\">Capacidade da bateria<\/td>\n<td width=\"609\">16000mAh<\/td>\n<\/tr>\n<tr>\n<td width=\"226\">Energia nominal<\/td>\n<td width=\"609\">39,96Wh<\/td>\n<\/tr>\n<tr>\n<td width=\"226\">Condi\u00e7\u00f5es de funcionamento<\/td>\n<td width=\"609\">-20\u2103 ~ 50\u2103; humidade inferior a 95%<\/td>\n<\/tr>\n<tr>\n<td width=\"226\">Reposi\u00e7\u00e3o de dados de f\u00e1brica<\/td>\n<td width=\"609\">Apoio<\/td>\n<\/tr>\n<tr>\n<td width=\"226\">Material<\/td>\n<td width=\"609\">ABS branco<\/td>\n<\/tr>\n<tr>\n<td width=\"226\">Classifica\u00e7\u00e3o \u00e0 prova de intemp\u00e9ries<\/td>\n<td width=\"609\">IP66<\/td>\n<\/tr>\n<tr>\n<td width=\"226\">Dimens\u00e3o\/peso<\/td>\n<td width=\"609\">Product\uff1a255*177*109mm<\/p>\n<p>Embalagem\uff1a<\/p>\n<p>275*310*200mm\/pcs 2.45KG\/pcs<\/p>\n<p>623*530*610mm\/Caixa 12pcs\/Caixa 32KG\/caixa<\/td>\n<\/tr>\n<\/tbody>\n<\/table>","protected":false},"featured_media":3314,"comment_status":"open","ping_status":"closed","template":"","meta":{"_seopress_robots_primary_cat":"none","_seopress_titles_title":"AOV 4-lens 4G Solar Camera Ptz Camera 8MP Built-in Battery AI Human Detection","_seopress_titles_desc":"AOV 4lens 4g Solar Camera Ptz Camera 8MP Built-in Battery PIR AI Human Detection Color Night Vision Outdoor Waterproof Security","_seopress_robots_index":""},"product_brand":[],"product_cat":[358,135],"product_tag":[],"class_list":{"0":"post-3311","1":"product","2":"type-product","3":"status-publish","4":"has-post-thumbnail","6":"product_cat-4g-solar-camera","7":"product_cat-solar-battery-camera","9":"first","10":"instock","11":"shipping-taxable","12":"product-type-simple"},"_links":{"self":[{"href":"https:\/\/jer-tech.com\/pt\/wp-json\/wp\/v2\/product\/3311","targetHints":{"allow":["GET"]}}],"collection":[{"href":"https:\/\/jer-tech.com\/pt\/wp-json\/wp\/v2\/product"}],"about":[{"href":"https:\/\/jer-tech.com\/pt\/wp-json\/wp\/v2\/types\/product"}],"replies":[{"embeddable":true,"href":"https:\/\/jer-tech.com\/pt\/wp-json\/wp\/v2\/comments?post=3311"}],"wp:featuredmedia":[{"embeddable":true,"href":"https:\/\/jer-tech.com\/pt\/wp-json\/wp\/v2\/media\/3314"}],"wp:attachment":[{"href":"https:\/\/jer-tech.com\/pt\/wp-json\/wp\/v2\/media?parent=3311"}],"wp:term":[{"taxonomy":"product_brand","embeddable":true,"href":"https:\/\/jer-tech.com\/pt\/wp-json\/wp\/v2\/product_brand?post=3311"},{"taxonomy":"product_cat","embeddable":true,"href":"https:\/\/jer-tech.com\/pt\/wp-json\/wp\/v2\/product_cat?post=3311"},{"taxonomy":"product_tag","embeddable":true,"href":"https:\/\/jer-tech.com\/pt\/wp-json\/wp\/v2\/product_tag?post=3311"}],"curies":[{"name":"wp","href":"https:\/\/api.w.org\/{rel}","templated":true}]}}