{"id":2197,"date":"2025-02-23T17:17:38","date_gmt":"2025-02-23T09:17:38","guid":{"rendered":"https:\/\/jer-tech.com\/?post_type=product&#038;p=2197"},"modified":"2025-02-23T17:18:06","modified_gmt":"2025-02-23T09:18:06","slug":"camara-wifi-de-lente-dupla","status":"publish","type":"product","link":"https:\/\/jer-tech.com\/pt\/produto\/camara-wifi-de-lente-dupla\/","title":{"rendered":"C\u00e2mara WiFi de lente dupla com reconhecimento humanoide de IA"},"content":{"rendered":"","protected":false},"excerpt":{"rendered":"<p><strong>C\u00e2mara WiFi de lente dupla com reconhecimento humanoide de IA<\/strong><\/p>\n<ul>\n<li>Pistola superior 3.6MM, bola 3.6MM, uma liga\u00e7\u00e3o est\u00e1tica e din\u00e2mica, sin\u00e9rgica, um suporte top 2 (bola + pistola) para Bluetooth r\u00e1pido com a rede<\/li>\n<li>O suporte superior pode ser rodado manualmente para ajustar a dire\u00e7\u00e3o de monitoriza\u00e7\u00e3o do processo de conce\u00e7\u00e3o do material de pain\u00e7o, conce\u00e7\u00e3o de molde independente da antena, uma nova gera\u00e7\u00e3o de canais at\u00e9 5DB;<\/li>\n<li>Design h\u00edbrido bi\u00f3nico do \u00e2ngulo de luz 6 + 6 + canh\u00e3o superior 4 + 4, luz de preenchimento mais forte<\/li>\n<li>Sensor de ilumina\u00e7\u00e3o ultra-baixa, efeito de vis\u00e3o nocturna diante dos seus olhos<\/li>\n<li>Visualiza\u00e7\u00e3o de monitoriza\u00e7\u00e3o sincronizada de canal duplo de ecr\u00e3 duplo (suporta pr\u00e9-visualiza\u00e7\u00e3o de ecr\u00e3 \u00fanico de ecr\u00e3 duplo)<\/li>\n<li>A dete\u00e7\u00e3o de human\u00f3ides suporta a dete\u00e7\u00e3o de v\u00e1rias pessoas, dist\u00e2ncia de 15m + humanoide rastreio autom\u00e1tico de human\u00f3ides com grava\u00e7\u00e3o de imagens<\/li>\n<li>Dissipador de calor em nano grafeno incorporado para eliminar a vis\u00e3o nocturna do chuveiro quente<\/li>\n<li>Suporte para cart\u00e3o de mem\u00f3ria TF 8-128G<\/li>\n<\/ul>\n<table width=\"1016\">\n<tbody>\n<tr>\n<td width=\"141\">Controlo principal<\/td>\n<td colspan=\"2\" width=\"875\">DSP de 32 bits de n\u00facleo duplo (XM650V200)<\/td>\n<\/tr>\n<tr>\n<td width=\"141\">Sensor<\/td>\n<td colspan=\"2\">2*3MP 1\/2.9\u2033Color 2*MIS2336 sensores CMOS de elevado desempenho<\/td>\n<\/tr>\n<tr>\n<td width=\"141\">Ilumina\u00e7\u00e3o m\u00ednima<\/td>\n<td colspan=\"2\" width=\"875\">Cor:0.01Lux @(F1.2,AGC ON); 0 Lux com IR\uff1b<br \/>\nPreto e branco:0,001 Lux @ (F1.2, AGC ON),0 Lux com IR<\/td>\n<\/tr>\n<tr>\n<td width=\"141\">Obturador<\/td>\n<td colspan=\"2\">1\/50 (1\/60) seg. a 1\/10.000 seg.<\/td>\n<\/tr>\n<tr>\n<td width=\"141\">Lente<\/td>\n<td colspan=\"2\">Pistola: 3.6MM \/ Bola: 3.6MM<\/td>\n<\/tr>\n<tr>\n<td width=\"141\">Redu\u00e7\u00e3o de ru\u00eddo<\/td>\n<td colspan=\"2\">Suporte para redu\u00e7\u00e3o de ru\u00eddo 2D\/3D<\/td>\n<\/tr>\n<tr>\n<td width=\"141\">Formato de v\u00eddeo<\/td>\n<td colspan=\"2\">H.265AI<\/td>\n<\/tr>\n<tr>\n<td width=\"141\">Poder de resolu\u00e7\u00e3o<\/td>\n<td colspan=\"2\">Resolu\u00e7\u00e3o principal: 2304*2592; Sub-resolu\u00e7\u00e3o: 640*720<\/td>\n<\/tr>\n<tr>\n<td width=\"141\">Taxa de fotogramas<\/td>\n<td colspan=\"2\" width=\"875\">12 fps<\/td>\n<\/tr>\n<tr>\n<td width=\"141\">An\u00e1lise inteligente<\/td>\n<td colspan=\"2\" width=\"875\">Apoio \u00e0 dete\u00e7\u00e3o da forma humana<\/td>\n<\/tr>\n<tr>\n<td width=\"141\">Fun\u00e7\u00e3o de rastreio<\/td>\n<td colspan=\"2\" width=\"875\">Apoiar o rastreio da forma humana<\/td>\n<\/tr>\n<tr>\n<td width=\"141\">Fonte de luz<\/td>\n<td colspan=\"2\" width=\"875\">10 unidades de luzes de infravermelhos + 10 unidades de luzes brancas<\/td>\n<\/tr>\n<tr>\n<td width=\"141\">Modo de luz<\/td>\n<td colspan=\"2\" width=\"875\">Luz estelar a cores\/vis\u00e3o nocturna por infravermelhos\/aviso de luz dupla<\/td>\n<\/tr>\n<tr>\n<td width=\"141\">Voz bidirecional<\/td>\n<td colspan=\"2\">Apoio<\/td>\n<\/tr>\n<tr>\n<td width=\"141\">Armazenamento em nuvem<\/td>\n<td colspan=\"2\">Apoio<\/td>\n<\/tr>\n<tr>\n<td width=\"141\">Acordo de apoio<\/td>\n<td colspan=\"2\" width=\"875\">Suporta o protocolo NETIP, suporta o protocolo ONVIF, suporta a rede de distribui\u00e7\u00e3o Bluetooth<\/td>\n<\/tr>\n<tr>\n<td width=\"141\">Interface de rede<\/td>\n<td colspan=\"2\">Porta Ethernet adapt\u00e1vel 10M\/100M<\/td>\n<\/tr>\n<tr>\n<td width=\"141\">Interface de armazenamento<\/td>\n<td colspan=\"2\">Cart\u00e3o TF local (suporta at\u00e9 128G)<\/td>\n<\/tr>\n<tr>\n<td width=\"141\">Tecla de reinicializa\u00e7\u00e3o Interface<\/td>\n<td colspan=\"2\">Suporte para recupera\u00e7\u00e3o com um clique<\/td>\n<\/tr>\n<tr>\n<td width=\"141\">Norma sem fios<\/td>\n<td colspan=\"2\">IEEE802.11b, 802.11g, 802.11n<\/td>\n<\/tr>\n<tr>\n<td width=\"141\">Gama de frequ\u00eancias<\/td>\n<td colspan=\"2\">2,4 GHz ~ 2,4835 GHz<\/td>\n<\/tr>\n<tr>\n<td width=\"141\">Res\u00edduos de energia<\/td>\n<td colspan=\"2\">24W<\/td>\n<\/tr>\n<tr>\n<td width=\"141\">Tamanho do produto<\/td>\n<td colspan=\"2\">98*127*175mm<\/td>\n<\/tr>\n<tr>\n<td width=\"141\">Cor Caixa Tamanho<\/td>\n<td colspan=\"2\">163*150*110mm<\/td>\n<\/tr>\n<tr>\n<td width=\"141\">Temperatura<\/td>\n<td colspan=\"2\">Zero 10 \u00b0 C -60 \u00b0 C, humidade inferior a 90% [sem condensa\u00e7\u00e3o]<\/td>\n<\/tr>\n<tr>\n<td width=\"141\">Fonte de alimenta\u00e7\u00e3o<\/td>\n<td colspan=\"2\">DC 12V \u00b1 10%<\/td>\n<\/tr>\n<tr>\n<td width=\"141\">Peso<\/td>\n<td colspan=\"2\">0,453kg\uff08Peso bruto\uff09<\/td>\n<\/tr>\n<\/tbody>\n<\/table>","protected":false},"featured_media":2200,"comment_status":"open","ping_status":"closed","template":"","meta":{"_seopress_robots_primary_cat":"none","_seopress_titles_title":"Humanoid Recognition AI Dual-Lens WiFi Camera","_seopress_titles_desc":"Upgrade your security with the Humanoid Recognition AI Dual-Lens WiFi Camera. Featuring advanced AI for humanoid detection, dual-lens clarity, and Wi-Fi connectivity for seamless remote monitoring, ideal for both indoor and outdoor use.","_seopress_robots_index":""},"product_brand":[],"product_cat":[107],"product_tag":[],"class_list":{"0":"post-2197","1":"product","2":"type-product","3":"status-publish","4":"has-post-thumbnail","6":"product_cat-wireless-camera","8":"first","9":"instock","10":"shipping-taxable","11":"product-type-simple"},"_links":{"self":[{"href":"https:\/\/jer-tech.com\/pt\/wp-json\/wp\/v2\/product\/2197","targetHints":{"allow":["GET"]}}],"collection":[{"href":"https:\/\/jer-tech.com\/pt\/wp-json\/wp\/v2\/product"}],"about":[{"href":"https:\/\/jer-tech.com\/pt\/wp-json\/wp\/v2\/types\/product"}],"replies":[{"embeddable":true,"href":"https:\/\/jer-tech.com\/pt\/wp-json\/wp\/v2\/comments?post=2197"}],"wp:featuredmedia":[{"embeddable":true,"href":"https:\/\/jer-tech.com\/pt\/wp-json\/wp\/v2\/media\/2200"}],"wp:attachment":[{"href":"https:\/\/jer-tech.com\/pt\/wp-json\/wp\/v2\/media?parent=2197"}],"wp:term":[{"taxonomy":"product_brand","embeddable":true,"href":"https:\/\/jer-tech.com\/pt\/wp-json\/wp\/v2\/product_brand?post=2197"},{"taxonomy":"product_cat","embeddable":true,"href":"https:\/\/jer-tech.com\/pt\/wp-json\/wp\/v2\/product_cat?post=2197"},{"taxonomy":"product_tag","embeddable":true,"href":"https:\/\/jer-tech.com\/pt\/wp-json\/wp\/v2\/product_tag?post=2197"}],"curies":[{"name":"wp","href":"https:\/\/api.w.org\/{rel}","templated":true}]}}