{"id":2190,"date":"2025-02-23T15:16:12","date_gmt":"2025-02-23T07:16:12","guid":{"rendered":"https:\/\/jer-tech.com\/?post_type=product&#038;p=2190"},"modified":"2025-02-23T15:16:13","modified_gmt":"2025-02-23T07:16:13","slug":"camara-de-seguranca-sem-fios-de-lente-dupla-de-9mp","status":"publish","type":"product","link":"https:\/\/jer-tech.com\/pt\/produto\/camara-de-seguranca-sem-fios-de-lente-dupla-de-9mp\/","title":{"rendered":"C\u00e2mara de seguran\u00e7a sem fios de lente dupla de 9MP"},"content":{"rendered":"","protected":false},"excerpt":{"rendered":"<p><strong>C\u00e2mara de seguran\u00e7a sem fios de lente dupla de 9MP<\/strong><\/p>\n<p>Pistola superior 3,6MM, bola 2,8MM-12MM, zoom m\u00e1ximo de 250 metros,<br \/>\nUma liga\u00e7\u00e3o est\u00e1tica e cooperativa, um top 3 (bola + arma)<br \/>\nO suporte superior pode ser rodado manualmente para ajustar a dire\u00e7\u00e3o de monitoriza\u00e7\u00e3o, o processo de conce\u00e7\u00e3o do material de pain\u00e7o<br \/>\nDesign de molde independente da antena, uma nova gera\u00e7\u00e3o de canais at\u00e9 5DB; suporte para Bluetooth r\u00e1pido com a rede<br \/>\nDesign h\u00edbrido bi\u00f3nico do \u00e2ngulo de luz 6 + 6 + canh\u00e3o superior 4 + 4, luz de preenchimento mais forte<br \/>\nSensor de ilumina\u00e7\u00e3o ultra-baixa no interior do dissipador de calor de nano grafeno para eliminar a vis\u00e3o nocturna e a vis\u00e3o nocturna do banho quente diante dos seus olhos<br \/>\nEcr\u00e3 duplo de monitoriza\u00e7\u00e3o sincronizada de duas vias (suporta pr\u00e9-visualiza\u00e7\u00e3o de ecr\u00e3 \u00fanico e ecr\u00e3 duplo)<br \/>\nA dete\u00e7\u00e3o de human\u00f3ides suporta a dete\u00e7\u00e3o de v\u00e1rias pessoas, dist\u00e2ncia de 15 m + rastreio autom\u00e1tico de human\u00f3ides, zoom de human\u00f3ides, registo de fotogramas de seguimento<br \/>\nSuporte para cart\u00e3o de mem\u00f3ria TF 8-128G<\/p>\n<table style=\"border-collapse: collapse; width: 701.43pt;\" border=\"0\" width=\"1169\" cellspacing=\"0\" cellpadding=\"0\">\n<tbody>\n<tr style=\"height: 20.00pt;\">\n<td class=\"et4\" style=\"height: 20.00pt; width: 124.30pt;\" width=\"207\" height=\"33\">controlo principal<\/td>\n<td class=\"et5\" style=\"width: 577.50pt;\" colspan=\"2\" width=\"962\">DSP de 32 bits de n\u00facleo duplo (XM650V200)<\/td>\n<\/tr>\n<tr style=\"height: 20.00pt;\">\n<td class=\"et4\" style=\"height: 20.00pt; width: 124.30pt;\" width=\"207\" height=\"33\">sensor<\/td>\n<td class=\"et5\" colspan=\"2\">3*3MP 1\/2.7\u2033Color 3*MIS2009 sensores CMOS de elevado desempenho<\/td>\n<\/tr>\n<tr style=\"height: 28.00pt;\">\n<td class=\"et4\" style=\"height: 28.00pt; width: 124.30pt;\" width=\"207\" height=\"46\">Ilumina\u00e7\u00e3o m\u00ednima<\/td>\n<td class=\"et7\" style=\"width: 577.50pt;\" colspan=\"2\" width=\"962\">Cor:0.01Lux @(F1.2,AGC ON); 0 Lux com IR\uff1b<br \/>\nPreto e branco:0,001 Lux @ (F1.2, AGC ON),0 Lux com IR<\/td>\n<\/tr>\n<tr style=\"height: 20.00pt;\">\n<td class=\"et4\" style=\"height: 20.00pt; width: 124.30pt;\" width=\"207\" height=\"33\">obturador<\/td>\n<td class=\"et9\" colspan=\"2\">1\/50(1\/60) segundo - 1\/10000 segundo<\/td>\n<\/tr>\n<tr style=\"height: 20.00pt;\">\n<td class=\"et4\" style=\"height: 20.00pt; width: 124.30pt;\" width=\"207\" height=\"33\">dist\u00e2ncia local<\/td>\n<td class=\"et9\" colspan=\"2\">Pistola: F2.0*3.6MM \/ Bola: 2.8MM-12MM<\/td>\n<\/tr>\n<tr style=\"height: 20.00pt;\">\n<td class=\"et4\" style=\"height: 20.00pt; width: 124.30pt;\" width=\"207\" height=\"33\">redu\u00e7\u00e3o do ru\u00eddo<\/td>\n<td class=\"et9\" colspan=\"2\">Suporte para redu\u00e7\u00e3o de ru\u00eddo 2D\/3D<\/td>\n<\/tr>\n<tr style=\"height: 20.00pt;\">\n<td class=\"et4\" style=\"height: 20.00pt; width: 124.30pt;\" width=\"207\" height=\"33\">Formato de v\u00eddeo<\/td>\n<td class=\"et9\" colspan=\"2\">H.265AI<\/td>\n<\/tr>\n<tr style=\"height: 20.00pt;\">\n<td class=\"et4\" style=\"height: 20.00pt; width: 124.30pt;\" width=\"207\" height=\"33\">poder de resolu\u00e7\u00e3o<\/td>\n<td class=\"et9\" colspan=\"2\">Resolu\u00e7\u00e3o principal: 2304*2592; Sub-resolu\u00e7\u00e3o: 640*720<\/td>\n<\/tr>\n<tr style=\"height: 20.00pt;\">\n<td class=\"et4\" style=\"height: 20.00pt; width: 124.30pt;\" width=\"207\" height=\"33\">Taxa de fotogramas<\/td>\n<td class=\"et7\" style=\"width: 577.50pt;\" colspan=\"2\" width=\"962\">12 fps<\/td>\n<\/tr>\n<tr style=\"height: 20.00pt;\">\n<td class=\"et4\" style=\"height: 20.00pt; width: 124.30pt;\" width=\"207\" height=\"33\">An\u00e1lise inteligente<\/td>\n<td class=\"et7\" style=\"width: 577.50pt;\" colspan=\"2\" width=\"962\">Apoio \u00e0 dete\u00e7\u00e3o da forma humana<\/td>\n<\/tr>\n<tr style=\"height: 20.00pt;\">\n<td class=\"et4\" style=\"height: 20.00pt; width: 124.30pt;\" width=\"207\" height=\"33\">Fun\u00e7\u00e3o de rastreio<\/td>\n<td class=\"et7\" style=\"width: 577.50pt;\" colspan=\"2\" width=\"962\">Apoiar o rastreio da forma humana<\/td>\n<\/tr>\n<tr style=\"height: 20.00pt;\">\n<td class=\"et4\" style=\"height: 20.00pt; width: 124.30pt;\" width=\"207\" height=\"33\">fonte luminosa<\/td>\n<td class=\"et13\" style=\"width: 577.50pt; border-right: 1.0pt solid #000000;\" colspan=\"2\" width=\"962\">10 unidades de luzes de infravermelhos + 10 unidades de luzes brancas<\/td>\n<\/tr>\n<tr style=\"height: 20.00pt;\">\n<td class=\"et4\" style=\"height: 20.00pt; width: 124.30pt;\" width=\"207\" height=\"33\">Modo de luz<\/td>\n<td class=\"et7\" style=\"width: 577.50pt;\" colspan=\"2\" width=\"962\">Luz estelar a cores\/vis\u00e3o nocturna por infravermelhos\/aviso de luz dupla<\/td>\n<\/tr>\n<tr style=\"height: 20.00pt;\">\n<td class=\"et4\" style=\"height: 20.00pt; width: 124.30pt;\" width=\"207\" height=\"33\">Voz bidirecional<\/td>\n<td class=\"et9\" colspan=\"2\">Apoio<\/td>\n<\/tr>\n<tr style=\"height: 20.00pt;\">\n<td class=\"et4\" style=\"height: 20.00pt; width: 124.30pt;\" width=\"207\" height=\"33\">Armazenamento em nuvem<\/td>\n<td class=\"et9\" colspan=\"2\">Apoio<\/td>\n<\/tr>\n<tr style=\"height: 20.00pt;\">\n<td class=\"et4\" style=\"height: 20.00pt; width: 124.30pt;\" width=\"207\" height=\"33\">Acordo de apoio<\/td>\n<td class=\"et7\" style=\"width: 577.50pt;\" colspan=\"2\" width=\"962\">Suporta o protocolo NETIP e o protocolo ONVIF e a rede de distribui\u00e7\u00e3o Bluetooth<\/td>\n<\/tr>\n<tr style=\"height: 20.00pt;\">\n<td class=\"et4\" style=\"height: 20.00pt; width: 124.30pt;\" width=\"207\" height=\"33\">interface de rede<\/td>\n<td class=\"et9\" colspan=\"2\">Porta Ethernet adapt\u00e1vel 10M\/100M<\/td>\n<\/tr>\n<tr style=\"height: 20.00pt;\">\n<td class=\"et4\" style=\"height: 20.00pt; width: 124.30pt;\" width=\"207\" height=\"33\">Interface de armazenamento<\/td>\n<td class=\"et9\" colspan=\"2\">Cart\u00e3o TF local (at\u00e9 128G)<\/td>\n<\/tr>\n<tr style=\"height: 20.00pt;\">\n<td class=\"et4\" style=\"height: 20.00pt; width: 124.30pt;\" width=\"207\" height=\"33\">Interface da tecla Reset<\/td>\n<td class=\"et15\" style=\"border-right: 1.0pt solid #000000;\" colspan=\"2\">Suporte para recupera\u00e7\u00e3o com um clique<\/td>\n<\/tr>\n<tr style=\"height: 20.00pt;\">\n<td class=\"et4\" style=\"height: 20.00pt; width: 124.30pt;\" width=\"207\" height=\"33\">Norma sem fios<\/td>\n<td class=\"et9\" colspan=\"2\">IEEE802.11b, 802.11g, 802.11n<\/td>\n<\/tr>\n<tr style=\"height: 20.00pt;\">\n<td class=\"et4\" style=\"height: 20.00pt; width: 124.30pt;\" width=\"207\" height=\"33\">gama de frequ\u00eancias<\/td>\n<td class=\"et9\" colspan=\"2\">2,4 GHz ~ 2,4835 GHz<\/td>\n<\/tr>\n<tr style=\"height: 20.00pt;\">\n<td class=\"et4\" style=\"height: 20.00pt; width: 124.30pt;\" width=\"207\" height=\"33\">desperd\u00edcio de energia<\/td>\n<td class=\"et9\" colspan=\"2\">24W<\/td>\n<\/tr>\n<tr style=\"height: 20.00pt;\">\n<td class=\"et4\" style=\"height: 20.00pt; width: 124.30pt;\" width=\"207\" height=\"33\">Tamanho do produto<\/td>\n<td class=\"et9\" colspan=\"2\">98*127*175mm<\/td>\n<\/tr>\n<tr style=\"height: 20.00pt;\">\n<td class=\"et4\" style=\"height: 20.00pt; width: 124.30pt;\" width=\"207\" height=\"33\">Tamanho da caixa de cor<\/td>\n<td class=\"et9\" colspan=\"2\">178*164*105mm<\/td>\n<\/tr>\n<tr style=\"height: 20.00pt;\">\n<td class=\"et4\" style=\"height: 20.00pt; width: 124.30pt;\" width=\"207\" height=\"33\">temperatura<\/td>\n<td class=\"et9\" colspan=\"2\">-10\u2103~60\u2103, humidade inferior a 90% [sem condensa\u00e7\u00e3o]<\/td>\n<\/tr>\n<tr style=\"height: 20.00pt;\">\n<td class=\"et4\" style=\"height: 20.00pt; width: 124.30pt;\" width=\"207\" height=\"33\">Fonte de alimenta\u00e7\u00e3o<\/td>\n<td class=\"et9\" colspan=\"2\">DC 12V \u00b1 10%<\/td>\n<\/tr>\n<tr style=\"height: 20.00pt;\">\n<td class=\"et17\" style=\"height: 20.00pt; width: 124.30pt;\" width=\"207\" height=\"33\">peso<\/td>\n<td class=\"et18\" colspan=\"2\">0,538 kg (peso bruto)<\/td>\n<\/tr>\n<\/tbody>\n<\/table>","protected":false},"featured_media":2193,"comment_status":"open","ping_status":"closed","template":"","meta":{"_seopress_robots_primary_cat":"","_seopress_titles_title":"9MP Dual-lens wireless security camera","_seopress_titles_desc":"Enhance your security with the 9MP Dual-lens wireless security camera, offering high-definition clarity and a wide-angle view for round-the-clock protection of your home or office.","_seopress_robots_index":""},"product_brand":[],"product_cat":[107],"product_tag":[],"class_list":{"0":"post-2190","1":"product","2":"type-product","3":"status-publish","4":"has-post-thumbnail","6":"product_cat-wireless-camera","8":"first","9":"instock","10":"shipping-taxable","11":"product-type-simple"},"_links":{"self":[{"href":"https:\/\/jer-tech.com\/pt\/wp-json\/wp\/v2\/product\/2190","targetHints":{"allow":["GET"]}}],"collection":[{"href":"https:\/\/jer-tech.com\/pt\/wp-json\/wp\/v2\/product"}],"about":[{"href":"https:\/\/jer-tech.com\/pt\/wp-json\/wp\/v2\/types\/product"}],"replies":[{"embeddable":true,"href":"https:\/\/jer-tech.com\/pt\/wp-json\/wp\/v2\/comments?post=2190"}],"wp:featuredmedia":[{"embeddable":true,"href":"https:\/\/jer-tech.com\/pt\/wp-json\/wp\/v2\/media\/2193"}],"wp:attachment":[{"href":"https:\/\/jer-tech.com\/pt\/wp-json\/wp\/v2\/media?parent=2190"}],"wp:term":[{"taxonomy":"product_brand","embeddable":true,"href":"https:\/\/jer-tech.com\/pt\/wp-json\/wp\/v2\/product_brand?post=2190"},{"taxonomy":"product_cat","embeddable":true,"href":"https:\/\/jer-tech.com\/pt\/wp-json\/wp\/v2\/product_cat?post=2190"},{"taxonomy":"product_tag","embeddable":true,"href":"https:\/\/jer-tech.com\/pt\/wp-json\/wp\/v2\/product_tag?post=2190"}],"curies":[{"name":"wp","href":"https:\/\/api.w.org\/{rel}","templated":true}]}}