{"id":2160,"date":"2025-02-22T12:24:33","date_gmt":"2025-02-22T04:24:33","guid":{"rendered":"https:\/\/jer-tech.com\/?post_type=product&#038;p=2160"},"modified":"2025-02-22T12:29:07","modified_gmt":"2025-02-22T04:29:07","slug":"camara-solar-4g-aov-com-gravacao-24-horas","status":"publish","type":"product","link":"https:\/\/jer-tech.com\/pt\/produto\/camara-solar-4g-aov-com-gravacao-24-horas\/","title":{"rendered":"C\u00e2mara solar 4G AOV com grava\u00e7\u00e3o 24 horas"},"content":{"rendered":"","protected":false},"excerpt":{"rendered":"<ul>\n<li>Suporte gratuito para o Amazon Alex\/Echo Show;<\/li>\n<li>AOV-7* Grava\u00e7\u00e3o de v\u00eddeo de 24 horas, pot\u00eancia ultra-baixa.<\/li>\n<li>C\u00e2mara solar de baixa pot\u00eancia, com painel solar de 9,2 W\uff0c21700 Duas baterias;<\/li>\n<li>2 F1.9 filtro de poeira de luz das estrelas Lente 3.6MM, 4+4 luzes de n\u00facleo duplo, 6 luzes infravermelhas, 6 luzes brancas, vis\u00e3o nocturna a cores com luz dupla;<\/li>\n<li>Suporta escuta de voz duplex bidirecional, intercomunicador, envio de mensagens de alarme;<\/li>\n<li>Controlo de rastreio humanoide de IA, dete\u00e7\u00e3o de intrus\u00e3o de \u00e1rea de IA (v\u00e1rias \u00e1reas de monitoriza\u00e7\u00e3o), alarme de IA por voz DIY;<\/li>\n<li>Suporta v\u00eddeo de 1 segundo e 1 fotograma (estado AOV) + v\u00eddeo com taxa de fotogramas total (estado de vig\u00edlia); ;<\/li>\n<li>Fonte de alimenta\u00e7\u00e3o: DC 5V 1.5A (n\u00e3o padr\u00e3o), Interface tipo C;<\/li>\n<li>Suporte 8-512G TF armazenamento do cart\u00e3o, temperatura de trabalho: -10 \u2103 - \uff0b 55 \u2103;<\/li>\n<\/ul>\n<table width=\"1200\">\n<tbody>\n<tr>\n<td width=\"199\">controlo principal<\/td>\n<td colspan=\"2\" width=\"1001\">DSP de 32 bits de n\u00facleo duplo (RV1106G2)<\/td>\n<\/tr>\n<tr>\n<td width=\"199\">sensor<\/td>\n<td colspan=\"2\">2 sensores CMOS de 1\/3 polegada para pouca luz<\/td>\n<\/tr>\n<tr>\n<td width=\"199\">Ilumina\u00e7\u00e3o m\u00ednima<\/td>\n<td colspan=\"2\" width=\"1001\">Cor:0.01Lux @(F1.2,AGC ON); 0 Lux com IR\uff1b Preto e branco:0.001 Lux @ (F1.2,AGC ON),0 Lux com IR<\/td>\n<\/tr>\n<tr>\n<td width=\"199\">obturador<\/td>\n<td colspan=\"2\">1\/50 (1\/60) segundo a 1\/10000 segundo<\/td>\n<\/tr>\n<tr>\n<td width=\"199\">dist\u00e2ncia focal<\/td>\n<td colspan=\"2\">Bola: F1.9 * 3.6MM\/Arma: F1.9 * 3.6MM<\/td>\n<\/tr>\n<tr>\n<td width=\"199\">redu\u00e7\u00e3o do ru\u00eddo<\/td>\n<td colspan=\"2\">Suporte para redu\u00e7\u00e3o de ru\u00eddo 2D\/3D<\/td>\n<\/tr>\n<tr>\n<td width=\"199\">Formato de v\u00eddeo<\/td>\n<td colspan=\"2\">H.265AI<\/td>\n<\/tr>\n<tr>\n<td width=\"199\">poder de resolu\u00e7\u00e3o<\/td>\n<td colspan=\"2\">Fluxo de c\u00f3digo principal: 1920*2160; Subfluxo: 800*896<\/td>\n<\/tr>\n<tr>\n<td width=\"199\">Taxa de fotogramas<\/td>\n<td colspan=\"2\">12 fotogramas (estado de vig\u00edlia)<\/td>\n<\/tr>\n<tr>\n<td width=\"199\">IA<\/td>\n<td colspan=\"2\">Dete\u00e7\u00e3o de human\u00f3ides com IA<\/td>\n<\/tr>\n<tr>\n<td width=\"199\">modo de funcionamento<\/td>\n<td colspan=\"2\" width=\"1001\">Suporta v\u00eddeo de 1 segundo e 1 fotograma (estado AOV) + v\u00eddeo com taxa de fotogramas total (estado de vig\u00edlia); envio de mensagem de alarme<\/td>\n<\/tr>\n<tr>\n<td width=\"199\">fonte luminosa<\/td>\n<td colspan=\"2\" width=\"1001\">M\u00e1quina de c\u00fapula: 6 luzes de infravermelhos + 6 luzes brancas<br \/>\nParafuso: 4 luzes brancas de infravermelhos<\/td>\n<\/tr>\n<tr>\n<td width=\"199\">Modo de luz<\/td>\n<td colspan=\"2\">Vis\u00e3o nocturna por infravermelhos\/luz dupla inteligente<\/td>\n<\/tr>\n<tr>\n<td width=\"199\">Voz bidirecional<\/td>\n<td colspan=\"2\">Apoio<\/td>\n<\/tr>\n<tr>\n<td width=\"199\">Armazenamento em nuvem<\/td>\n<td colspan=\"2\">Apoio<\/td>\n<\/tr>\n<tr>\n<td width=\"199\">Acordo de apoio<\/td>\n<td colspan=\"2\" width=\"1001\">Suporta o protocolo NETIP<\/td>\n<\/tr>\n<tr>\n<td width=\"199\">interface de rede<\/td>\n<td colspan=\"2\">4G<\/td>\n<\/tr>\n<tr>\n<td width=\"199\">Interface de armazenamento<\/td>\n<td colspan=\"2\">Cart\u00e3o TF local (suporta at\u00e9 256G)<\/td>\n<\/tr>\n<tr>\n<td width=\"199\">Interface da tecla Reset<\/td>\n<td colspan=\"2\">Suporte para recupera\u00e7\u00e3o com um clique<\/td>\n<\/tr>\n<tr>\n<td width=\"199\">gama de frequ\u00eancias<\/td>\n<td colspan=\"2\" width=\"1001\">LTE-TDD:B34\/B38\/B39\/B40\/B41 LTE-FDD:B1\/B3\/B5\/B8 (vers\u00e3o 4G \u00c1sia-Pac\u00edfico)<\/td>\n<\/tr>\n<tr>\n<td width=\"199\">Painel de carregamento solar<\/td>\n<td colspan=\"2\">Pain\u00e9is solares de 9,2 W<\/td>\n<\/tr>\n<tr>\n<td width=\"199\">Capacidade da bateria<\/td>\n<td colspan=\"2\">10400mA\uff0821700 Duas baterias\uff09<\/td>\n<\/tr>\n<tr>\n<td width=\"199\">Tamanho do produto<\/td>\n<td colspan=\"2\">3,8 polegadas<\/td>\n<\/tr>\n<tr>\n<td width=\"199\">Tamanho da caixa de cor<\/td>\n<td colspan=\"2\">250*180*165mm<\/td>\n<\/tr>\n<tr>\n<td width=\"199\">temperatura<\/td>\n<td colspan=\"2\">Zero 10 \u00b0 C -55 \u00b0 C, humidade inferior a 90% [sem condensa\u00e7\u00e3o]<\/td>\n<\/tr>\n<tr>\n<td width=\"199\">fonte<\/td>\n<td colspan=\"2\">DC 5V\uff08Tipo C\uff09<\/td>\n<\/tr>\n<tr>\n<td width=\"199\">peso<\/td>\n<td colspan=\"2\" width=\"1001\">1,38 kg (peso bruto)<\/td>\n<\/tr>\n<\/tbody>\n<\/table>\n<p>&nbsp;<\/p>\n<p>&nbsp;<\/p>","protected":false},"featured_media":2172,"comment_status":"open","ping_status":"closed","template":"","meta":{"_seopress_robots_primary_cat":"135","_seopress_titles_title":"24 Hours Recording 4G AOV Solar Camera - JER Company","_seopress_titles_desc":"We supply AOV Solar 4G  Camera with AI human\/vehicle detection (99% accuracy), dual-mode recording, solar panel for 15-day rainy endurance. 5V optimized circuit, IP66 weatherproof design.","_seopress_robots_index":""},"product_brand":[],"product_cat":[135,107],"product_tag":[],"class_list":{"0":"post-2160","1":"product","2":"type-product","3":"status-publish","4":"has-post-thumbnail","6":"product_cat-solar-battery-camera","7":"product_cat-wireless-camera","9":"first","10":"instock","11":"shipping-taxable","12":"product-type-simple"},"_links":{"self":[{"href":"https:\/\/jer-tech.com\/pt\/wp-json\/wp\/v2\/product\/2160","targetHints":{"allow":["GET"]}}],"collection":[{"href":"https:\/\/jer-tech.com\/pt\/wp-json\/wp\/v2\/product"}],"about":[{"href":"https:\/\/jer-tech.com\/pt\/wp-json\/wp\/v2\/types\/product"}],"replies":[{"embeddable":true,"href":"https:\/\/jer-tech.com\/pt\/wp-json\/wp\/v2\/comments?post=2160"}],"wp:featuredmedia":[{"embeddable":true,"href":"https:\/\/jer-tech.com\/pt\/wp-json\/wp\/v2\/media\/2172"}],"wp:attachment":[{"href":"https:\/\/jer-tech.com\/pt\/wp-json\/wp\/v2\/media?parent=2160"}],"wp:term":[{"taxonomy":"product_brand","embeddable":true,"href":"https:\/\/jer-tech.com\/pt\/wp-json\/wp\/v2\/product_brand?post=2160"},{"taxonomy":"product_cat","embeddable":true,"href":"https:\/\/jer-tech.com\/pt\/wp-json\/wp\/v2\/product_cat?post=2160"},{"taxonomy":"product_tag","embeddable":true,"href":"https:\/\/jer-tech.com\/pt\/wp-json\/wp\/v2\/product_tag?post=2160"}],"curies":[{"name":"wp","href":"https:\/\/api.w.org\/{rel}","templated":true}]}}