{"id":1624,"date":"2023-03-07T11:31:06","date_gmt":"2023-03-07T03:31:06","guid":{"rendered":"https:\/\/jer-tech.com\/?post_type=product&#038;p=1624"},"modified":"2023-03-07T17:46:35","modified_gmt":"2023-03-07T09:46:35","slug":"camara-solar-sem-fios-4g","status":"publish","type":"product","link":"https:\/\/jer-tech.com\/pt\/produto\/camara-solar-sem-fios-4g\/","title":{"rendered":"C\u00e2mara solar sem fios 4K de lente dupla com \u00e2ngulo super amplo de 180\u00b0 4G"},"content":{"rendered":"","protected":false},"excerpt":{"rendered":"<p><strong>C\u00e2mara solar sem fios 4K de lente dupla com \u00e2ngulo super amplo de 180\u00b0 4G<\/strong><\/p>\n<ul>\n<li>Qualidade de super alta defini\u00e7\u00e3o 4K, imagens e v\u00eddeos n\u00edtidos<\/li>\n<li>100 detec\u00e7\u00f5es por dia, 80 dias de dura\u00e7\u00e3o cont\u00ednua da bateria sem luz solar<\/li>\n<li>Lente dupla sem algoritmo de costura, \u00e2ngulo super largo sem distor\u00e7\u00e3o de 180<\/li>\n<li>Rastreio inteligente de human\u00f3ides, monitorizando todos os pormenores a n\u00edvel global<\/li>\n<li>PIR duplo para dete\u00e7\u00e3o de pessoas, notifica\u00e7\u00f5es de alarme atempadas<\/li>\n<li>Captura em milissegundos, acesso remoto a qualquer momento, liga\u00e7\u00e3o inteligente<\/li>\n<li>Vis\u00e3o nocturna por infravermelhos 40M, vis\u00e3o a cores com luz branca 20M<\/li>\n<li>IP66 \u00e0 prova de \u00e1gua e de poeiras, sem medo do mau tempo no exterior<\/li>\n<\/ul>","protected":false},"featured_media":1627,"comment_status":"open","ping_status":"closed","template":"","meta":{"_seopress_robots_primary_cat":"none","_seopress_titles_title":"Dual-Lens 180\u00b0 Super Wide-Angle 4G Solar Wireless Camera | Jer Technology Co., Ltd","_seopress_titles_desc":"Protect your property with our 4G solar wireless camera. This eco-friendly and wireless outdoor security solution provides reliable surveillance in remote locations without the need for electricity or Wi-Fi. With 4G connectivity, you can monitor your property from anywhere. Choose us for reliable and eco-friendly wireless security technology.","_seopress_robots_index":""},"product_brand":[],"product_cat":[135,107],"product_tag":[],"class_list":{"0":"post-1624","1":"product","2":"type-product","3":"status-publish","4":"has-post-thumbnail","6":"product_cat-solar-battery-camera","7":"product_cat-wireless-camera","9":"first","10":"instock","11":"shipping-taxable","12":"product-type-simple"},"_links":{"self":[{"href":"https:\/\/jer-tech.com\/pt\/wp-json\/wp\/v2\/product\/1624","targetHints":{"allow":["GET"]}}],"collection":[{"href":"https:\/\/jer-tech.com\/pt\/wp-json\/wp\/v2\/product"}],"about":[{"href":"https:\/\/jer-tech.com\/pt\/wp-json\/wp\/v2\/types\/product"}],"replies":[{"embeddable":true,"href":"https:\/\/jer-tech.com\/pt\/wp-json\/wp\/v2\/comments?post=1624"}],"wp:featuredmedia":[{"embeddable":true,"href":"https:\/\/jer-tech.com\/pt\/wp-json\/wp\/v2\/media\/1627"}],"wp:attachment":[{"href":"https:\/\/jer-tech.com\/pt\/wp-json\/wp\/v2\/media?parent=1624"}],"wp:term":[{"taxonomy":"product_brand","embeddable":true,"href":"https:\/\/jer-tech.com\/pt\/wp-json\/wp\/v2\/product_brand?post=1624"},{"taxonomy":"product_cat","embeddable":true,"href":"https:\/\/jer-tech.com\/pt\/wp-json\/wp\/v2\/product_cat?post=1624"},{"taxonomy":"product_tag","embeddable":true,"href":"https:\/\/jer-tech.com\/pt\/wp-json\/wp\/v2\/product_tag?post=1624"}],"curies":[{"name":"wp","href":"https:\/\/api.w.org\/{rel}","templated":true}]}}