{"id":1610,"date":"2023-03-07T10:53:58","date_gmt":"2023-03-07T02:53:58","guid":{"rendered":"https:\/\/jer-tech.com\/?post_type=product&#038;p=1610"},"modified":"2023-03-07T10:53:59","modified_gmt":"2023-03-07T02:53:59","slug":"camara-solar-ptz-4g","status":"publish","type":"product","link":"https:\/\/jer-tech.com\/pt\/produto\/camara-solar-ptz-4g\/","title":{"rendered":"C\u00e2mara PTZ solar 4G de dete\u00e7\u00e3o de movimento de lente dupla 4K"},"content":{"rendered":"","protected":false},"excerpt":{"rendered":"<p><strong>C\u00e2mara PTZ solar 4G de dete\u00e7\u00e3o de movimento de lente dupla 4K<\/strong><\/p>\n<ol>\n<li>C\u00e2mara PTZ 4K de lente dupla 4G com projetor de bateria alimentado a energia solar<\/li>\n<li>M\u00f3dulo 4G incorporado, diferentes m\u00f3dulos em diferentes pa\u00edses<\/li>\n<li>Panor\u00e2mica e inclina\u00e7\u00e3o:Panor\u00e2mica 355 graus e inclina\u00e7\u00e3o 90 graus<\/li>\n<li>Painel solar de 6 watts, baterias incorporadas de 20000mAh<\/li>\n<li>Intercomunicador de voz bidirecional<\/li>\n<li>Suporta armazenamento na nuvem e armazenamento em cart\u00e3o TF com um m\u00e1ximo de 128G<\/li>\n<li>Suporte para visualiza\u00e7\u00e3o\/reprodu\u00e7\u00e3o remota de APP Android e IOS (APP: NiView)<\/li>\n<li>PIR + dete\u00e7\u00e3o de humanoide grava\u00e7\u00e3o de v\u00eddeo de despertar e envio de mensagens<\/li>\n<li>Grava\u00e7\u00e3o de 24 horas, grava\u00e7\u00e3o de 24 horas + disparo, grava\u00e7\u00e3o de disparo tr\u00eas modos de funcionamento<\/li>\n<li>Lente grande angular de 2,5 mm + lente de zoom \u00f3tico de 10x de 5-50 mm, para ver claramente de longe e de perto<\/li>\n<li>Suporta dete\u00e7\u00e3o de movimento, dete\u00e7\u00e3o de humanoide, rastreio autom\u00e1tico de humanoide, posicionamento 3D de v\u00eddeo<\/li>\n<li>Grau de impermeabilidade IP66<\/li>\n<\/ol>","protected":false},"featured_media":1614,"comment_status":"open","ping_status":"closed","template":"","meta":{"_seopress_robots_primary_cat":"","_seopress_titles_title":"4G Solar PTZ Camera | Wireless Outdoor Security Camera | JER Technology Co., Ltd","_seopress_titles_desc":"As a wholesaler or distributor, offer your clients the best in outdoor security technology with our 4G solar PTZ camera. Our camera features powerful pan-tilt-zoom capabilities and 4G connectivity, making it an ideal solution for remote locations. Choose JER to provide your customers with reliable, wireless security technology.","_seopress_robots_index":""},"product_brand":[],"product_cat":[135,107],"product_tag":[],"class_list":{"0":"post-1610","1":"product","2":"type-product","3":"status-publish","4":"has-post-thumbnail","6":"product_cat-solar-battery-camera","7":"product_cat-wireless-camera","9":"first","10":"instock","11":"shipping-taxable","12":"product-type-simple"},"_links":{"self":[{"href":"https:\/\/jer-tech.com\/pt\/wp-json\/wp\/v2\/product\/1610","targetHints":{"allow":["GET"]}}],"collection":[{"href":"https:\/\/jer-tech.com\/pt\/wp-json\/wp\/v2\/product"}],"about":[{"href":"https:\/\/jer-tech.com\/pt\/wp-json\/wp\/v2\/types\/product"}],"replies":[{"embeddable":true,"href":"https:\/\/jer-tech.com\/pt\/wp-json\/wp\/v2\/comments?post=1610"}],"wp:featuredmedia":[{"embeddable":true,"href":"https:\/\/jer-tech.com\/pt\/wp-json\/wp\/v2\/media\/1614"}],"wp:attachment":[{"href":"https:\/\/jer-tech.com\/pt\/wp-json\/wp\/v2\/media?parent=1610"}],"wp:term":[{"taxonomy":"product_brand","embeddable":true,"href":"https:\/\/jer-tech.com\/pt\/wp-json\/wp\/v2\/product_brand?post=1610"},{"taxonomy":"product_cat","embeddable":true,"href":"https:\/\/jer-tech.com\/pt\/wp-json\/wp\/v2\/product_cat?post=1610"},{"taxonomy":"product_tag","embeddable":true,"href":"https:\/\/jer-tech.com\/pt\/wp-json\/wp\/v2\/product_tag?post=1610"}],"curies":[{"name":"wp","href":"https:\/\/api.w.org\/{rel}","templated":true}]}}