{"id":1476,"date":"2022-07-18T18:03:46","date_gmt":"2022-07-18T10:03:46","guid":{"rendered":"https:\/\/jer-tech.com\/?post_type=product&#038;p=1476"},"modified":"2022-07-18T18:03:47","modified_gmt":"2022-07-18T10:03:47","slug":"camara-solar-4g","status":"publish","type":"product","link":"https:\/\/jer-tech.com\/pt\/produto\/camara-solar-4g\/","title":{"rendered":"C\u00e2mara solar 4G C\u00e2mara sem fios Pan-Tilt"},"content":{"rendered":"","protected":false},"excerpt":{"rendered":"<ul>\n<li>Qualidade de imagem HD: qualidade de imagem HD de 3,0 MP, imagens n\u00edtidas e delicadas.<\/li>\n<li>Funcionamento com baixo consumo de energia: O dispositivo tem uma fun\u00e7\u00e3o de suspens\u00e3o, funcionamento com consumo de energia ultra baixo, tempo de espera longo, poupan\u00e7a de energia inteligente e pode ser despertado remotamente pelo telem\u00f3vel.<\/li>\n<li>PIR inteligente: Sensor de infravermelhos PIR integrado no corpo humano, quando o dispositivo detecta a deambula\u00e7\u00e3o do corpo humano, envia automaticamente informa\u00e7\u00f5es de alarme anormal para o telem\u00f3vel.<\/li>\n<li>Mensagens push WeChat\/APP: suporta o envio de informa\u00e7\u00f5es de alarme para Wechat\/APP, recebe a mensagem de alarme e lida com as emerg\u00eancias a tempo.<\/li>\n<li>Modo de vis\u00e3o nocturna de luz dupla opcional: vis\u00e3o nocturna diurna e nocturna a cores e vis\u00e3o nocturna por infravermelhos, que pode ser alternada \u00e0 vontade.<\/li>\n<li>Fonte de alimenta\u00e7\u00e3o solar: O equipamento \u00e9 alimentado por energia solar (requer uma placa de alimenta\u00e7\u00e3o solar externa).<\/li>\n<li>Intercomunicador de voz: intercomunicador de voz bidirecional, a comunica\u00e7\u00e3o n\u00e3o tem barreiras.<\/li>\n<li>Controlo PTZ: rota\u00e7\u00e3o horizontal de 350\u00b0, rota\u00e7\u00e3o vertical de 90\u00b0, amplo campo de vis\u00e3o, grande alcance de monitoriza\u00e7\u00e3o.<\/li>\n<li>Gest\u00e3o de armazenamento: suporte para armazenamento em cart\u00e3o TF local, o m\u00e1ximo pode suportar 128G, cobertura de ciclo autom\u00e1tico completo; suporte para armazenamento na nuvem.<\/li>\n<li>Modo de liga\u00e7\u00e3o: suporta liga\u00e7\u00e3o sem fios.<\/li>\n<li>IP66 \u00e0 prova de \u00e1gua: toda a m\u00e1quina \u00e9 \u00e0 prova de \u00e1gua, n\u00edvel de prote\u00e7\u00e3o IP66, e n\u00e3o tem medo do vento e da chuva.<\/li>\n<li>Monitoriza\u00e7\u00e3o de telem\u00f3veis: suporta a monitoriza\u00e7\u00e3o remota de telem\u00f3veis (IOS, Android).<\/li>\n<\/ul>","protected":false},"featured_media":1478,"comment_status":"open","ping_status":"closed","template":"","meta":{"_seopress_robots_primary_cat":"","_seopress_titles_title":"4G Solar camera - JER Company - CCTV Supplier in China","_seopress_titles_desc":"Finding a Reliable 4G Solar camera supplier can save you tons of money. Let JER Technology become your CCTV products partner.","_seopress_robots_index":""},"product_brand":[],"product_cat":[107],"product_tag":[],"class_list":{"0":"post-1476","1":"product","2":"type-product","3":"status-publish","4":"has-post-thumbnail","6":"product_cat-wireless-camera","8":"first","9":"instock","10":"shipping-taxable","11":"product-type-simple"},"_links":{"self":[{"href":"https:\/\/jer-tech.com\/pt\/wp-json\/wp\/v2\/product\/1476","targetHints":{"allow":["GET"]}}],"collection":[{"href":"https:\/\/jer-tech.com\/pt\/wp-json\/wp\/v2\/product"}],"about":[{"href":"https:\/\/jer-tech.com\/pt\/wp-json\/wp\/v2\/types\/product"}],"replies":[{"embeddable":true,"href":"https:\/\/jer-tech.com\/pt\/wp-json\/wp\/v2\/comments?post=1476"}],"wp:featuredmedia":[{"embeddable":true,"href":"https:\/\/jer-tech.com\/pt\/wp-json\/wp\/v2\/media\/1478"}],"wp:attachment":[{"href":"https:\/\/jer-tech.com\/pt\/wp-json\/wp\/v2\/media?parent=1476"}],"wp:term":[{"taxonomy":"product_brand","embeddable":true,"href":"https:\/\/jer-tech.com\/pt\/wp-json\/wp\/v2\/product_brand?post=1476"},{"taxonomy":"product_cat","embeddable":true,"href":"https:\/\/jer-tech.com\/pt\/wp-json\/wp\/v2\/product_cat?post=1476"},{"taxonomy":"product_tag","embeddable":true,"href":"https:\/\/jer-tech.com\/pt\/wp-json\/wp\/v2\/product_tag?post=1476"}],"curies":[{"name":"wp","href":"https:\/\/api.w.org\/{rel}","templated":true}]}}