{"id":1454,"date":"2022-07-18T16:47:03","date_gmt":"2022-07-18T08:47:03","guid":{"rendered":"https:\/\/jer-tech.com\/?post_type=product&#038;p=1454"},"modified":"2022-07-18T16:47:03","modified_gmt":"2022-07-18T08:47:03","slug":"camara-ip-ptz","status":"publish","type":"product","link":"https:\/\/jer-tech.com\/pt\/produto\/camara-ip-ptz\/","title":{"rendered":"C\u00e2mara IP PTZ com vis\u00e3o nocturna a cores POE Opcional"},"content":{"rendered":"","protected":false},"excerpt":{"rendered":"<p>Gama de rota\u00e7\u00e3o panor\u00e2mica: 0-360\u00b0,Gama de rota\u00e7\u00e3o de inclina\u00e7\u00e3o: 0-93\u00b0.<br \/>\nVelocidade de rota\u00e7\u00e3o da panor\u00e2mica: 45\u00b0\/s, velocidade de rota\u00e7\u00e3o da inclina\u00e7\u00e3o: 30\u00b0\/s.<br \/>\nIP66 \u00e0 prova de \u00e1gua, Prote\u00e7\u00e3o contra raios: instantaneamente 6000V<br \/>\n2pcs Laser led+7pcs IR led, dist\u00e2ncia IR 150metros<br \/>\nSuporte POE (opcional)<br \/>\nCart\u00e3o TF opcional<br \/>\nTamanho: 1 unidade 25,5\u00d721,5\u00d741(3kg)<br \/>\nTamanho: 4pcs 52x42x43.5(13.6kg)<\/p>","protected":false},"featured_media":1469,"comment_status":"open","ping_status":"closed","template":"","meta":{"_seopress_robots_primary_cat":"","_seopress_titles_title":"Full-color night vision IP PTZ Camera - JER Company - CCTV OEM Manufacturer","_seopress_titles_desc":"Looking for a PTZ IP camera manufacturer where you can buy CCTV Cameras for wholesale price? Let JER Company help you.","_seopress_robots_index":""},"product_brand":[],"product_cat":[46],"product_tag":[],"class_list":{"0":"post-1454","1":"product","2":"type-product","3":"status-publish","4":"has-post-thumbnail","6":"product_cat-ip-cameras","8":"first","9":"instock","10":"shipping-taxable","11":"product-type-simple"},"_links":{"self":[{"href":"https:\/\/jer-tech.com\/pt\/wp-json\/wp\/v2\/product\/1454","targetHints":{"allow":["GET"]}}],"collection":[{"href":"https:\/\/jer-tech.com\/pt\/wp-json\/wp\/v2\/product"}],"about":[{"href":"https:\/\/jer-tech.com\/pt\/wp-json\/wp\/v2\/types\/product"}],"replies":[{"embeddable":true,"href":"https:\/\/jer-tech.com\/pt\/wp-json\/wp\/v2\/comments?post=1454"}],"wp:featuredmedia":[{"embeddable":true,"href":"https:\/\/jer-tech.com\/pt\/wp-json\/wp\/v2\/media\/1469"}],"wp:attachment":[{"href":"https:\/\/jer-tech.com\/pt\/wp-json\/wp\/v2\/media?parent=1454"}],"wp:term":[{"taxonomy":"product_brand","embeddable":true,"href":"https:\/\/jer-tech.com\/pt\/wp-json\/wp\/v2\/product_brand?post=1454"},{"taxonomy":"product_cat","embeddable":true,"href":"https:\/\/jer-tech.com\/pt\/wp-json\/wp\/v2\/product_cat?post=1454"},{"taxonomy":"product_tag","embeddable":true,"href":"https:\/\/jer-tech.com\/pt\/wp-json\/wp\/v2\/product_tag?post=1454"}],"curies":[{"name":"wp","href":"https:\/\/api.w.org\/{rel}","templated":true}]}}