{"id":1365,"date":"2022-05-24T18:30:31","date_gmt":"2022-05-24T10:30:31","guid":{"rendered":"https:\/\/jer-tech.com\/?post_type=product&#038;p=1365"},"modified":"2025-02-23T14:47:26","modified_gmt":"2025-02-23T06:47:26","slug":"camaras-ip-sem-fios","status":"publish","type":"product","link":"https:\/\/jer-tech.com\/pt\/produto\/camaras-ip-sem-fios\/","title":{"rendered":"C\u00e2maras IP sem fios por grosso"},"content":{"rendered":"","protected":false},"excerpt":{"rendered":"<ul>\n<li>O armazenamento na nuvem \u00e9 gratuito durante 30 dias, universal no pa\u00eds e no estrangeiro;<\/li>\n<li>Seguimento humano inteligente AI, fun\u00e7\u00e3o de posicionamento de ponto fixo Watchpoint [1080P&amp;3.0MP]<\/li>\n<li>Dete\u00e7\u00e3o humana inteligente AI (dete\u00e7\u00e3o de linha cruzada\/dete\u00e7\u00e3o de \u00e1rea) [1080P&amp;3.0MP]<\/li>\n<li>DC 5V\/2A, fonte de alimenta\u00e7\u00e3o padr\u00e3o dos EUA; (regulamentos europeus \/ brit\u00e2nicos \/ australianos personalizados)<\/li>\n<li>O Micro SD suporta de 8G a 128G, a tecnologia de codifica\u00e7\u00e3o H.265X duplica o armazenamento;<\/li>\n<li>Intercomunicador de voz bidirecional, informa\u00e7\u00e3o de alarme por dete\u00e7\u00e3o humana;<\/li>\n<li>Enviar mensagens de alarme diretamente atrav\u00e9s do WeChat<\/li>\n<li>Grava\u00e7\u00e3o e reprodu\u00e7\u00e3o em tempo real atrav\u00e9s do cliente CMS PC; suporte do protocolo ONVIF para adicionar gravador;<\/li>\n<li>Captador e altifalante padr\u00e3o;<\/li>\n<li>Suporta WiFi sem fios de 2,4Ghz e ponto de acesso AP;<\/li>\n<li>A antena incorporada 3DB de alta intensidade padr\u00e3o transmite sinais, e a intensidade do sinal pode atingir cerca de 10 metros;<\/li>\n<li>Rota\u00e7\u00e3o: horizontal: 355 graus e vertical: 90 graus;<\/li>\n<li>Luzes de matriz de pontos LED 8PCS padr\u00e3o, fun\u00e7\u00e3o de vis\u00e3o nocturna com infravermelhos pretos e brancos;<\/li>\n<li>Equipa de design industrial, design de apar\u00eancia independente, com autoriza\u00e7\u00e3o de patente de apar\u00eancia;<\/li>\n<\/ul>\n<table style=\"border-collapse: collapse; width: 589.23pt;\" border=\"0\" width=\"982\" cellspacing=\"0\" cellpadding=\"0\">\n<tbody>\n<tr style=\"height: 20.10pt;\">\n<td class=\"et2\" style=\"height: 20.10pt; width: 97.90pt;\" width=\"163\" height=\"33\">sensor<\/td>\n<td class=\"et3\" style=\"width: 491.40pt; border-right: 1.0pt solid #000000;\" colspan=\"2\" width=\"819\">Sensor CMOS de elevado desempenho<\/td>\n<\/tr>\n<tr style=\"height: 30.00pt;\">\n<td class=\"et2\" style=\"height: 30.00pt; width: 97.90pt;\" width=\"163\" height=\"50\">Ilumina\u00e7\u00e3o m\u00ednima<\/td>\n<td class=\"et5\" style=\"width: 491.40pt; border-right: 1.0pt solid #000000;\" colspan=\"2\" width=\"819\">Cor:0.01Lux @(F1.2,AGC ON); 0 Lux com IR\uff1b<br \/>\nPreto e branco:0,001 Lux @ (F1.2, AGC ON),0 Lux com IR<\/td>\n<\/tr>\n<tr style=\"height: 20.10pt;\">\n<td class=\"et2\" style=\"height: 20.10pt; width: 97.90pt;\" width=\"163\" height=\"33\">obturador<\/td>\n<td class=\"et7\" colspan=\"2\">1\/50 (1\/60) segundo a 1\/10000 segundo<\/td>\n<\/tr>\n<tr style=\"height: 20.10pt;\">\n<td class=\"et9\" style=\"height: 20.10pt; width: 97.90pt;\" width=\"163\" height=\"33\">dist\u00e2ncia focal<\/td>\n<td class=\"et10\" style=\"border-right: 1.0pt solid #000000;\" colspan=\"2\">2.8MM<\/td>\n<\/tr>\n<tr style=\"height: 20.10pt;\">\n<td class=\"et2\" style=\"height: 20.10pt; width: 97.90pt;\" width=\"163\" height=\"33\">redu\u00e7\u00e3o do ru\u00eddo<\/td>\n<td class=\"et12\" colspan=\"2\">Suporte para redu\u00e7\u00e3o de ru\u00eddo 2D\/3D<\/td>\n<\/tr>\n<tr style=\"height: 20.10pt;\">\n<td class=\"et2\" style=\"height: 20.10pt; width: 97.90pt;\" width=\"163\" height=\"33\">Formato de v\u00eddeo<\/td>\n<td class=\"et14\" colspan=\"2\">H.265AI<\/td>\n<\/tr>\n<tr style=\"height: 20.10pt;\">\n<td class=\"et2\" style=\"height: 20.10pt; width: 97.90pt;\" width=\"163\" height=\"33\">poder de resolu\u00e7\u00e3o<\/td>\n<td class=\"et10\" style=\"border-right: 1.0pt solid #000000;\" colspan=\"2\">Fluxo de c\u00f3digo principal: 2304*1296; Subfluxo: 800 * 448<\/td>\n<\/tr>\n<tr style=\"height: 20.10pt;\">\n<td class=\"et2\" style=\"height: 20.10pt; width: 97.90pt;\" width=\"163\" height=\"33\">Taxa de fotogramas<\/td>\n<td class=\"et17\" style=\"border-right: 1.0pt solid #000000;\" colspan=\"2\">12 fps<\/td>\n<\/tr>\n<tr style=\"height: 20.10pt;\">\n<td class=\"et2\" style=\"height: 20.10pt; width: 97.90pt;\" width=\"163\" height=\"33\">An\u00e1lise inteligente<\/td>\n<td class=\"et19\" colspan=\"2\">Apoio \u00e0 dete\u00e7\u00e3o da forma humana<\/td>\n<\/tr>\n<tr style=\"height: 20.10pt;\">\n<td class=\"et2\" style=\"height: 20.10pt; width: 97.90pt;\" width=\"163\" height=\"33\">Fun\u00e7\u00e3o de rastreio<\/td>\n<td class=\"et21\" style=\"border-right: 1.0pt solid #000000;\" colspan=\"2\">Apoiar o rastreio da forma humana<\/td>\n<\/tr>\n<tr style=\"height: 20.10pt;\">\n<td class=\"et2\" style=\"height: 20.10pt; width: 97.90pt;\" width=\"163\" height=\"33\">fonte luminosa<\/td>\n<td class=\"et21\" style=\"border-right: 1.0pt solid #000000;\" colspan=\"2\">Infravermelhos 6 luzes<\/td>\n<\/tr>\n<tr style=\"height: 20.10pt;\">\n<td class=\"et2\" style=\"height: 20.10pt; width: 97.90pt;\" width=\"163\" height=\"33\">Modo de luz<\/td>\n<td class=\"et19\" colspan=\"2\">Modo de infravermelhos<\/td>\n<\/tr>\n<tr style=\"height: 20.10pt;\">\n<td class=\"et2\" style=\"height: 20.10pt; width: 97.90pt;\" width=\"163\" height=\"33\">Voz bidirecional<\/td>\n<td class=\"et12\" colspan=\"2\">sustentar<\/td>\n<\/tr>\n<tr style=\"height: 20.10pt;\">\n<td class=\"et2\" style=\"height: 20.10pt; width: 97.90pt;\" width=\"163\" height=\"33\">Armazenamento em nuvem<\/td>\n<td class=\"et19\" colspan=\"2\">sustentar<\/td>\n<\/tr>\n<tr style=\"height: 20.10pt;\">\n<td class=\"et2\" style=\"height: 20.10pt; width: 97.90pt;\" width=\"163\" height=\"33\">Acordo de apoio<\/td>\n<td class=\"et23\" style=\"width: 491.40pt;\" colspan=\"2\" width=\"819\">Suporta o protocolo NETIP<\/td>\n<\/tr>\n<tr style=\"height: 20.10pt;\">\n<td class=\"et2\" style=\"height: 20.10pt; width: 97.90pt;\" width=\"163\" height=\"33\">interface de rede<\/td>\n<td class=\"et19\" colspan=\"2\">N\u00e3o o apoiarei<\/td>\n<\/tr>\n<tr style=\"height: 20.10pt;\">\n<td class=\"et2\" style=\"height: 20.10pt; width: 97.90pt;\" width=\"163\" height=\"33\">Interface de armazenamento<\/td>\n<td class=\"et19\" colspan=\"2\">Cart\u00e3o TF local (at\u00e9 128G)<\/td>\n<\/tr>\n<tr style=\"height: 20.10pt;\">\n<td class=\"et2\" style=\"height: 20.10pt; width: 97.90pt;\" width=\"163\" height=\"33\">Interface da tecla Reset<\/td>\n<td class=\"et21\" style=\"border-right: 1.0pt solid #000000;\" colspan=\"2\">Suporte para recupera\u00e7\u00e3o com um clique<\/td>\n<\/tr>\n<tr style=\"height: 20.10pt;\">\n<td class=\"et2\" style=\"height: 20.10pt; width: 97.90pt;\" width=\"163\" height=\"33\">Norma sem fios<\/td>\n<td class=\"et19\" colspan=\"2\">IEEE802.11b, 802.11g, 802.11n<\/td>\n<\/tr>\n<tr style=\"height: 20.10pt;\">\n<td class=\"et2\" style=\"height: 20.10pt; width: 97.90pt;\" width=\"163\" height=\"33\">gama de frequ\u00eancias<\/td>\n<td class=\"et19\" colspan=\"2\">2,4 GHz ~ 2,4835 GHz<\/td>\n<\/tr>\n<tr style=\"height: 20.10pt;\">\n<td class=\"et2\" style=\"height: 20.10pt; width: 97.90pt;\" width=\"163\" height=\"33\">dissipa\u00e7\u00e3o de energia<\/td>\n<td class=\"et19\" colspan=\"2\">5W<\/td>\n<\/tr>\n<tr style=\"height: 20.10pt;\">\n<td class=\"et2\" style=\"height: 20.10pt; width: 97.90pt;\" width=\"163\" height=\"33\">Tamanho do produto<\/td>\n<td class=\"et19\" colspan=\"2\">77*77*115mm<\/td>\n<\/tr>\n<tr style=\"height: 20.10pt;\">\n<td class=\"et2\" style=\"height: 20.10pt; width: 97.90pt;\" width=\"163\" height=\"33\">Tamanho da caixa de cor<\/td>\n<td class=\"et19\" colspan=\"2\">92*92*160mm<\/td>\n<\/tr>\n<tr style=\"height: 20.10pt;\">\n<td class=\"et2\" style=\"height: 20.10pt; width: 97.90pt;\" width=\"163\" height=\"33\">temperatura<\/td>\n<td class=\"et19\" colspan=\"2\">-10\u2103~60\u2103, humidade inferior a 90% [sem condensa\u00e7\u00e3o]<\/td>\n<\/tr>\n<tr style=\"height: 20.10pt;\">\n<td class=\"et2\" style=\"height: 20.10pt; width: 97.90pt;\" width=\"163\" height=\"33\">fonte<\/td>\n<td class=\"et19\" colspan=\"2\">5V\u3010tipo C\u3011<\/td>\n<\/tr>\n<tr style=\"height: 20.10pt;\">\n<td class=\"et2\" style=\"height: 20.10pt; width: 97.90pt;\" width=\"163\" height=\"33\">peso<\/td>\n<td class=\"et25\" colspan=\"2\">0,3128kg (peso bruto)<\/td>\n<\/tr>\n<\/tbody>\n<\/table>","protected":false},"featured_media":1383,"comment_status":"open","ping_status":"closed","template":"","meta":{"_seopress_robots_primary_cat":"none","_seopress_titles_title":"Wholesale wireless IP Cameras - JER Company - IP Cameras supplier in China","_seopress_titles_desc":"","_seopress_robots_index":"yes"},"product_brand":[],"product_cat":[107],"product_tag":[],"class_list":{"0":"post-1365","1":"product","2":"type-product","3":"status-publish","4":"has-post-thumbnail","6":"product_cat-wireless-camera","8":"first","9":"instock","10":"shipping-taxable","11":"product-type-simple"},"_links":{"self":[{"href":"https:\/\/jer-tech.com\/pt\/wp-json\/wp\/v2\/product\/1365","targetHints":{"allow":["GET"]}}],"collection":[{"href":"https:\/\/jer-tech.com\/pt\/wp-json\/wp\/v2\/product"}],"about":[{"href":"https:\/\/jer-tech.com\/pt\/wp-json\/wp\/v2\/types\/product"}],"replies":[{"embeddable":true,"href":"https:\/\/jer-tech.com\/pt\/wp-json\/wp\/v2\/comments?post=1365"}],"wp:featuredmedia":[{"embeddable":true,"href":"https:\/\/jer-tech.com\/pt\/wp-json\/wp\/v2\/media\/1383"}],"wp:attachment":[{"href":"https:\/\/jer-tech.com\/pt\/wp-json\/wp\/v2\/media?parent=1365"}],"wp:term":[{"taxonomy":"product_brand","embeddable":true,"href":"https:\/\/jer-tech.com\/pt\/wp-json\/wp\/v2\/product_brand?post=1365"},{"taxonomy":"product_cat","embeddable":true,"href":"https:\/\/jer-tech.com\/pt\/wp-json\/wp\/v2\/product_cat?post=1365"},{"taxonomy":"product_tag","embeddable":true,"href":"https:\/\/jer-tech.com\/pt\/wp-json\/wp\/v2\/product_tag?post=1365"}],"curies":[{"name":"wp","href":"https:\/\/api.w.org\/{rel}","templated":true}]}}