{"id":1360,"date":"2022-05-24T17:15:37","date_gmt":"2022-05-24T09:15:37","guid":{"rendered":"https:\/\/jer-tech.com\/?post_type=product&#038;p=1360"},"modified":"2022-07-20T11:20:55","modified_gmt":"2022-07-20T03:20:55","slug":"camara-wifi-ptz","status":"publish","type":"product","link":"https:\/\/jer-tech.com\/pt\/produto\/camara-wifi-ptz\/","title":{"rendered":"C\u00e2mara PTZ WiFi com zoom h\u00edbrido de 8x e vis\u00e3o nocturna a cores"},"content":{"rendered":"","protected":false},"excerpt":{"rendered":"<ul>\n<li>Lente dupla de 4MP FHD: 2pcs * 4MP de alta defini\u00e7\u00e3o de v\u00eddeo e imagem transmitem a cena ao vivo extremamente clara e precisa. tudo capturado por esta c\u00e2mara ser\u00e1 apresentado a voc\u00ea atrav\u00e9s de v\u00eddeos fluentes. A transmiss\u00e3o em direto pode ser acedida atrav\u00e9s de telem\u00f3vel e tablet iOS\/Android \/ iPad \/ PC, etc. (NOTA: A c\u00e2mara funciona com WiFi 2.4G, n\u00e3o suporta rede 5G).<\/li>\n<li>Panor\u00e2mica\/inclina\u00e7\u00e3o\/zoom inteligente: Proporciona uma gama de visualiza\u00e7\u00e3o com rota\u00e7\u00e3o horizontal de 350\u00b0 e vertical de 110\u00b0 e zoom digital + \u00f3tico de 8X para obter uma visualiza\u00e7\u00e3o panor\u00e2mica de quase 360\u00b0, cobrindo todos os cantos do seu espa\u00e7o.<\/li>\n<li>Dete\u00e7\u00e3o de movimento e \u00e1udio bidirecional: Quando \u00e9 detectado movimento, \u00e9 enviada uma notifica\u00e7\u00e3o de alerta ou um v\u00eddeo de dete\u00e7\u00e3o para o seu telefone em tempo real. Pode utiliz\u00e1-lo no exterior para comunicar de forma clara e sem problemas com as pessoas pr\u00f3ximas da c\u00e2mara atrav\u00e9s da aplica\u00e7\u00e3o e afugentar os intrusos. Suporta o modo de alarme de rastreio autom\u00e1tico do corpo humano para evitar falsos alarmes, como transeuntes na rua ou folhas em movimento no seu quintal.<\/li>\n<li>Vis\u00e3o nocturna n\u00edtida e colorida: Equipado com 10pcs LEDs, mesmo na escurid\u00e3o total com uma dist\u00e2ncia de vis\u00e3o nocturna n\u00edtida e colorida at\u00e9 40 metros, proporcionando-lhe uma experi\u00eancia de vis\u00e3o nocturna super.<\/li>\n<li>N\u00edvel IP66 \u00e0 prova de \u00e1gua e de poeiras: IP66 excelente fun\u00e7\u00e3o \u00e0 prova d'\u00e1gua e \u00e0 prova de poeira \u00e9 uma boa escolha para uso ao ar livre. Use materiais ABS de alta qualidade para garantir o uso seguro na faixa de temperatura de 14 \u00b0 F a 113 \u00b0 F (-10 \u2103 a 45 \u2103). Fa\u00e7a chuva ou fa\u00e7a sol, \u00e9 resistente o suficiente para resistir ao mau tempo.<\/li>\n<li>Duas formas de armazenamento: O cart\u00e3o SD e o armazenamento na nuvem est\u00e3o dispon\u00edveis e s\u00e3o opcionais, armazenam toda a sua videovigil\u00e2ncia 24\/7, o protocolo de encripta\u00e7\u00e3o de seguran\u00e7a protege a sua privacidade pessoal, suporta ONVIF e \u00e9 compat\u00edvel com a maioria dos dispositivos NVR.<\/li>\n<li>Partilha com v\u00e1rios membros da fam\u00edlia: Suporta a visualiza\u00e7\u00e3o simult\u00e2nea de v\u00e1rios utilizadores e suporta a adi\u00e7\u00e3o de v\u00e1rias c\u00e2maras numa \u00fanica aplica\u00e7\u00e3o.<\/li>\n<li>Suporta o modo de liga\u00e7\u00e3o AP: Se a c\u00e2mara se desligar quando a sua rede estiver em baixo, a c\u00e2mara tem um AP WiFi incorporado, pode ainda ligar-se ao AP WiFi para trabalhar com o seu telefone num raio de 10 metros.<\/li>\n<li>F\u00e1cil de configurar: com as instru\u00e7\u00f5es passo a passo atrav\u00e9s da aplica\u00e7\u00e3o gratuita. Pode aceder remotamente ao seu telefone\/dispositivo m\u00f3vel facilmente.<\/li>\n<\/ul>","protected":false},"featured_media":1389,"comment_status":"open","ping_status":"closed","template":"","meta":{"_seopress_robots_primary_cat":"none","_seopress_titles_title":"Full Color night vision WIFI PTZ Camera - Wholesale PTZ Camera - JER Company","_seopress_titles_desc":"Dual Lens 8X Zoom 2K 4MP High-Quality WIFI PTZ Camera AI Humanoid Tracking Smart Binocular Camera Waterproof.","_seopress_robots_index":""},"product_brand":[],"product_cat":[107],"product_tag":[],"class_list":{"0":"post-1360","1":"product","2":"type-product","3":"status-publish","4":"has-post-thumbnail","6":"product_cat-wireless-camera","8":"first","9":"instock","10":"shipping-taxable","11":"product-type-simple"},"_links":{"self":[{"href":"https:\/\/jer-tech.com\/pt\/wp-json\/wp\/v2\/product\/1360","targetHints":{"allow":["GET"]}}],"collection":[{"href":"https:\/\/jer-tech.com\/pt\/wp-json\/wp\/v2\/product"}],"about":[{"href":"https:\/\/jer-tech.com\/pt\/wp-json\/wp\/v2\/types\/product"}],"replies":[{"embeddable":true,"href":"https:\/\/jer-tech.com\/pt\/wp-json\/wp\/v2\/comments?post=1360"}],"wp:featuredmedia":[{"embeddable":true,"href":"https:\/\/jer-tech.com\/pt\/wp-json\/wp\/v2\/media\/1389"}],"wp:attachment":[{"href":"https:\/\/jer-tech.com\/pt\/wp-json\/wp\/v2\/media?parent=1360"}],"wp:term":[{"taxonomy":"product_brand","embeddable":true,"href":"https:\/\/jer-tech.com\/pt\/wp-json\/wp\/v2\/product_brand?post=1360"},{"taxonomy":"product_cat","embeddable":true,"href":"https:\/\/jer-tech.com\/pt\/wp-json\/wp\/v2\/product_cat?post=1360"},{"taxonomy":"product_tag","embeddable":true,"href":"https:\/\/jer-tech.com\/pt\/wp-json\/wp\/v2\/product_tag?post=1360"}],"curies":[{"name":"wp","href":"https:\/\/api.w.org\/{rel}","templated":true}]}}