{"id":1354,"date":"2022-05-23T15:58:26","date_gmt":"2022-05-23T07:58:26","guid":{"rendered":"https:\/\/jer-tech.com\/?post_type=product&#038;p=1354"},"modified":"2022-06-07T14:54:16","modified_gmt":"2022-06-07T06:54:16","slug":"camara-ip-wifi","status":"publish","type":"product","link":"https:\/\/jer-tech.com\/pt\/produto\/camara-ip-wifi\/","title":{"rendered":"C\u00e2mara IP WIFI PTZ de 3MP"},"content":{"rendered":"","protected":false},"excerpt":{"rendered":"<ul>\n<li>Armazenamento em nuvem gratuito durante 30 dias, universal no pa\u00eds e no estrangeiro;<\/li>\n<li>Seguimento humano inteligente AI, fun\u00e7\u00e3o de posicionamento de ponto fixo Watchpoint [1080P&amp;3.0MP]<\/li>\n<li>Dete\u00e7\u00e3o humana inteligente AI (dete\u00e7\u00e3o de linhas cruzadas \/ dete\u00e7\u00e3o de \u00e1rea) [1080P&amp;3.0MP]<\/li>\n<li>DC 5V\/2A, fonte de alimenta\u00e7\u00e3o padr\u00e3o dos EUA; (regulamentos europeus \/ brit\u00e2nicos \/ australianos personalizados)<\/li>\n<li>O Micro SD suporta de 8G a 128G, a tecnologia de codifica\u00e7\u00e3o H.265X duplica o armazenamento;<\/li>\n<li>Intercomunicador de voz bidirecional, informa\u00e7\u00e3o de alarme por dete\u00e7\u00e3o humana;<\/li>\n<li>Enviar mensagens de alarme diretamente atrav\u00e9s do WeChat<\/li>\n<li>Grava\u00e7\u00e3o e reprodu\u00e7\u00e3o em tempo real atrav\u00e9s do cliente CMS PC; suporte do protocolo ONVIF para adicionar gravador;<\/li>\n<li>Captador e altifalante padr\u00e3o;<\/li>\n<li>Suporta WiFi sem fios de 2,4Ghz e ponto de acesso AP;<\/li>\n<li>A antena incorporada 3DB de alta intensidade padr\u00e3o transmite sinais, e a intensidade do sinal pode atingir cerca de 10 metros;<\/li>\n<li>Rota\u00e7\u00e3o: horizontal: 355 graus e vertical: 90 graus;<\/li>\n<li>Luzes de matriz de pontos LED 8PCS padr\u00e3o, fun\u00e7\u00e3o de vis\u00e3o nocturna com infravermelhos pretos e brancos;<\/li>\n<li>Equipa de design industrial, design de apar\u00eancia independente, com autoriza\u00e7\u00e3o de patente de apar\u00eancia;<\/li>\n<\/ul>","protected":false},"featured_media":1386,"comment_status":"open","ping_status":"closed","template":"","meta":{"_seopress_robots_primary_cat":"none","_seopress_titles_title":"PTZ IP Camera - JER Company - CCTV OEM Manufacturer in China","_seopress_titles_desc":"JER is a global leader in the design, development, and manufacture of predictive PT IP Cameras. Please send us a copy of your purchase order.","_seopress_robots_index":""},"product_brand":[],"product_cat":[107],"product_tag":[],"class_list":{"0":"post-1354","1":"product","2":"type-product","3":"status-publish","4":"has-post-thumbnail","6":"product_cat-wireless-camera","8":"first","9":"instock","10":"shipping-taxable","11":"product-type-simple"},"_links":{"self":[{"href":"https:\/\/jer-tech.com\/pt\/wp-json\/wp\/v2\/product\/1354","targetHints":{"allow":["GET"]}}],"collection":[{"href":"https:\/\/jer-tech.com\/pt\/wp-json\/wp\/v2\/product"}],"about":[{"href":"https:\/\/jer-tech.com\/pt\/wp-json\/wp\/v2\/types\/product"}],"replies":[{"embeddable":true,"href":"https:\/\/jer-tech.com\/pt\/wp-json\/wp\/v2\/comments?post=1354"}],"wp:featuredmedia":[{"embeddable":true,"href":"https:\/\/jer-tech.com\/pt\/wp-json\/wp\/v2\/media\/1386"}],"wp:attachment":[{"href":"https:\/\/jer-tech.com\/pt\/wp-json\/wp\/v2\/media?parent=1354"}],"wp:term":[{"taxonomy":"product_brand","embeddable":true,"href":"https:\/\/jer-tech.com\/pt\/wp-json\/wp\/v2\/product_brand?post=1354"},{"taxonomy":"product_cat","embeddable":true,"href":"https:\/\/jer-tech.com\/pt\/wp-json\/wp\/v2\/product_cat?post=1354"},{"taxonomy":"product_tag","embeddable":true,"href":"https:\/\/jer-tech.com\/pt\/wp-json\/wp\/v2\/product_tag?post=1354"}],"curies":[{"name":"wp","href":"https:\/\/api.w.org\/{rel}","templated":true}]}}