{"id":1345,"date":"2022-07-18T17:30:23","date_gmt":"2022-07-18T09:30:23","guid":{"rendered":"https:\/\/jer-tech.com\/?post_type=product&#038;p=1345"},"modified":"2022-07-18T17:30:23","modified_gmt":"2022-07-18T09:30:23","slug":"camara-ip-com-cupula","status":"publish","type":"product","link":"https:\/\/jer-tech.com\/pt\/produto\/camara-ip-com-cupula\/","title":{"rendered":"C\u00e2mara IP de c\u00fapula POE de 4MP com luz dupla"},"content":{"rendered":"","protected":false},"excerpt":{"rendered":"<p><strong>C\u00e2mara IP de c\u00fapula de 2MP, 4MP, 5MP, 8MP, suporte POE, vis\u00e3o nocturna a cores<\/strong><\/p>\n<ul>\n<li>Resolu\u00e7\u00e3o Ultra HD de 2MP\/5MP\/4K dispon\u00edvel<\/li>\n<li>F\u00e1cil configura\u00e7\u00e3o PoE, esta c\u00e2mara IP PoE requer apenas um cabo Ethernet para transmitir sinais de v\u00eddeo e obter energia ao mesmo tempo, PoE opcional<\/li>\n<li>Suporta o formato de codifica\u00e7\u00e3o H.265 +: Esta c\u00e2mara IP de vigil\u00e2ncia suporta o formato de codifica\u00e7\u00e3o H.265 + \/ H.265 \/ H.264 + \/ H.264.<\/li>\n<li>ONVIF: suporta o protocolo ONVIF e pode ser ligado a NVRs de terceiros compat\u00edveis com ONVIF para criar um sistema de seguran\u00e7a integrado para prote\u00e7\u00e3o 24 horas por dia, 7 dias por semana<\/li>\n<li>Aplica\u00e7\u00e3o m\u00f3vel gratuita para visualizar remotamente atrav\u00e9s do telem\u00f3vel \u00e0 dist\u00e2ncia<\/li>\n<li>Software de monitoriza\u00e7\u00e3o CMS gratuito para assistir a transmiss\u00f5es em direto atrav\u00e9s do seu computador Windows<\/li>\n<li>Vis\u00e3o nocturna inteligente: Ilumina\u00e7\u00e3o inteligente (dete\u00e7\u00e3o de movimento) e imagem a cores. A ilumina\u00e7\u00e3o branca desliga-se automaticamente ap\u00f3s 10 segundos e depois muda para a vis\u00e3o nocturna normal a preto e branco<\/li>\n<\/ul>","protected":false},"featured_media":1472,"comment_status":"open","ping_status":"closed","template":"","meta":{"_seopress_robots_primary_cat":"none","_seopress_titles_title":"POE dome IP Camera wholesale - JER Company - CCTV Manufacturer in China","_seopress_titles_desc":"JER Company supplies 4MP, 5MP, and 4K POE dome cameras, we accept OEM and ODM Services.","_seopress_robots_index":""},"product_brand":[],"product_cat":[46],"product_tag":[],"class_list":{"0":"post-1345","1":"product","2":"type-product","3":"status-publish","4":"has-post-thumbnail","6":"product_cat-ip-cameras","8":"first","9":"instock","10":"shipping-taxable","11":"product-type-simple"},"_links":{"self":[{"href":"https:\/\/jer-tech.com\/pt\/wp-json\/wp\/v2\/product\/1345","targetHints":{"allow":["GET"]}}],"collection":[{"href":"https:\/\/jer-tech.com\/pt\/wp-json\/wp\/v2\/product"}],"about":[{"href":"https:\/\/jer-tech.com\/pt\/wp-json\/wp\/v2\/types\/product"}],"replies":[{"embeddable":true,"href":"https:\/\/jer-tech.com\/pt\/wp-json\/wp\/v2\/comments?post=1345"}],"wp:featuredmedia":[{"embeddable":true,"href":"https:\/\/jer-tech.com\/pt\/wp-json\/wp\/v2\/media\/1472"}],"wp:attachment":[{"href":"https:\/\/jer-tech.com\/pt\/wp-json\/wp\/v2\/media?parent=1345"}],"wp:term":[{"taxonomy":"product_brand","embeddable":true,"href":"https:\/\/jer-tech.com\/pt\/wp-json\/wp\/v2\/product_brand?post=1345"},{"taxonomy":"product_cat","embeddable":true,"href":"https:\/\/jer-tech.com\/pt\/wp-json\/wp\/v2\/product_cat?post=1345"},{"taxonomy":"product_tag","embeddable":true,"href":"https:\/\/jer-tech.com\/pt\/wp-json\/wp\/v2\/product_tag?post=1345"}],"curies":[{"name":"wp","href":"https:\/\/api.w.org\/{rel}","templated":true}]}}