{"id":1336,"date":"2022-04-13T16:21:45","date_gmt":"2022-04-13T08:21:45","guid":{"rendered":"https:\/\/jer-tech.com\/?post_type=product&#038;p=1336"},"modified":"2022-04-13T16:22:29","modified_gmt":"2022-04-13T08:22:29","slug":"gravador-de-video-4k","status":"publish","type":"product","link":"https:\/\/jer-tech.com\/pt\/produto\/gravador-de-video-4k\/","title":{"rendered":"9CH\/16CH\/32CH 4K NVR"},"content":{"rendered":"","protected":false},"excerpt":{"rendered":"<ul>\n<li>Atrav\u00e9s do servi\u00e7o Cloud, \u00e9 f\u00e1cil realizar a penetra\u00e7\u00e3o na rede, bastando um passo para conseguir a visualiza\u00e7\u00e3o remota.<\/li>\n<li>Suporte a visualiza\u00e7\u00e3o do telefone m\u00f3vel. \uff08iPhone Android)<\/li>\n<li>Suporta muitos tipos de navegadores Web (\uff08IE\/Chrome\/Firefox\/Safari)<\/li>\n<li>Suporta sa\u00edda VGA em simult\u00e2neo.<\/li>\n<li>Servi\u00e7o de rede poderoso\uff08DHCP\u3001PPPOE\u3001FTP\u3001DNS\u3001DDNS\u3001NTP\u3001UPNP\u3001Email etc. ) Suporte perfeito \uff08WEB\u3001Cliente \u3001SDK), alcance facilmente a interconex\u00e3o.<\/li>\n<li>Suporta mais tipos de idiomas.<\/li>\n<li>Suporta alarme inteligente b\u00e1sico e fun\u00e7\u00e3o de per\u00edmetro de linha de disparo.<\/li>\n<li>Suporta reprodu\u00e7\u00e3o de canal completo.<\/li>\n<li>Suporte para a altera\u00e7\u00e3o do log\u00f3tipo das janelas pequenas ou do log\u00f3tipo de boas-vindas<\/li>\n<li>Suporte para dete\u00e7\u00e3o de movimento<\/li>\n<li>Suporte PIR; dete\u00e7\u00e3o de rosto (necessita de suporte de c\u00e2mara)<\/li>\n<li>Suporta HDD duplo, mais espa\u00e7o de armazenamento<\/li>\n<li>Suporta entrada e sa\u00edda de \u00e1udio multicanal<\/li>\n<\/ul>","protected":false},"featured_media":1338,"comment_status":"open","ping_status":"closed","template":"","meta":{"_seopress_robots_primary_cat":"none","_seopress_titles_title":"4K NVR Bulk Production - CCTV OEM Manufacturer - JER Company","_seopress_titles_desc":"Are you looking to purchase 4K NVRs in bulk? You have come to the right place! Check out our wide range of CCTV Products now!","_seopress_robots_index":""},"product_brand":[],"product_cat":[60],"product_tag":[],"class_list":{"0":"post-1336","1":"product","2":"type-product","3":"status-publish","4":"has-post-thumbnail","6":"product_cat-nvr","8":"first","9":"instock","10":"shipping-taxable","11":"product-type-simple"},"_links":{"self":[{"href":"https:\/\/jer-tech.com\/pt\/wp-json\/wp\/v2\/product\/1336","targetHints":{"allow":["GET"]}}],"collection":[{"href":"https:\/\/jer-tech.com\/pt\/wp-json\/wp\/v2\/product"}],"about":[{"href":"https:\/\/jer-tech.com\/pt\/wp-json\/wp\/v2\/types\/product"}],"replies":[{"embeddable":true,"href":"https:\/\/jer-tech.com\/pt\/wp-json\/wp\/v2\/comments?post=1336"}],"wp:featuredmedia":[{"embeddable":true,"href":"https:\/\/jer-tech.com\/pt\/wp-json\/wp\/v2\/media\/1338"}],"wp:attachment":[{"href":"https:\/\/jer-tech.com\/pt\/wp-json\/wp\/v2\/media?parent=1336"}],"wp:term":[{"taxonomy":"product_brand","embeddable":true,"href":"https:\/\/jer-tech.com\/pt\/wp-json\/wp\/v2\/product_brand?post=1336"},{"taxonomy":"product_cat","embeddable":true,"href":"https:\/\/jer-tech.com\/pt\/wp-json\/wp\/v2\/product_cat?post=1336"},{"taxonomy":"product_tag","embeddable":true,"href":"https:\/\/jer-tech.com\/pt\/wp-json\/wp\/v2\/product_tag?post=1336"}],"curies":[{"name":"wp","href":"https:\/\/api.w.org\/{rel}","templated":true}]}}