{"id":1331,"date":"2022-04-13T15:58:37","date_gmt":"2022-04-13T07:58:37","guid":{"rendered":"https:\/\/jer-tech.com\/?post_type=product&#038;p=1331"},"modified":"2022-04-13T15:58:37","modified_gmt":"2022-04-13T07:58:37","slug":"nvr-poe-de-8-canais","status":"publish","type":"product","link":"https:\/\/jer-tech.com\/pt\/produto\/nvr-poe-de-8-canais\/","title":{"rendered":"NVR 5MP\/4K 8CH POE"},"content":{"rendered":"","protected":false},"excerpt":{"rendered":"<ul>\n<li>Interruptor POE incorporado NVR POE de 8 canais e 8mp<\/li>\n<li>Sa\u00edda de v\u00eddeo simult\u00e2nea HDMI 4K \/ VGA 1080P.<\/li>\n<li>Suporta codifica\u00e7\u00e3o H.265\/264 de fluxo principal e vapor extra de forma s\u00edncrona<\/li>\n<li>Disco flash USB, disco r\u00edgido port\u00e1til USB e rede.<\/li>\n<li>Recupera\u00e7\u00e3o autom\u00e1tica do sistema ap\u00f3s falha de energia<\/li>\n<li>Controlo remoto f\u00e1cil e conveniente sem configura\u00e7\u00f5es complicadas.<\/li>\n<li>Suporte a v\u00e1rios idiomas<\/li>\n<li>Permite a visualiza\u00e7\u00e3o em direto, grava\u00e7\u00e3o, reprodu\u00e7\u00e3o, c\u00f3pia de seguran\u00e7a, vigil\u00e2ncia em rede e m\u00f3vel ao mesmo tempo.<\/li>\n<li>Suporte para monitor m\u00f3vel (iPhone, iPad e telem\u00f3vel Android).<\/li>\n<li>Suporte de servi\u00e7o de rede (suporte DHCP, PPPOE, FTP, DNS, DDNS, NTP, UPNP, EMAIL, autoridade IP, pesquisa IP, centro de alarme, etc.), gabinete completo (WEB, CMS, SDK), para conseguir facilmente a interliga\u00e7\u00e3o.<\/li>\n<li>Suporta nuvem P2P, 1pcs SATA HDD.<\/li>\n<\/ul>","protected":false},"featured_media":1333,"comment_status":"open","ping_status":"closed","template":"","meta":{"_seopress_robots_primary_cat":"","_seopress_titles_title":"4K 8CH POE NVR  - CCTV OEM Manufacturer - JER Company","_seopress_titles_desc":"No more endlessly wasting time on the lousy 8CH POE NVR supplier. JER\u2019s goal is to let you sit back and relax. We take care of all the dirty works, including trade stuff clearance, logistics, etc.","_seopress_robots_index":""},"product_brand":[],"product_cat":[60],"product_tag":[],"class_list":{"0":"post-1331","1":"product","2":"type-product","3":"status-publish","4":"has-post-thumbnail","6":"product_cat-nvr","8":"first","9":"instock","10":"shipping-taxable","11":"product-type-simple"},"_links":{"self":[{"href":"https:\/\/jer-tech.com\/pt\/wp-json\/wp\/v2\/product\/1331","targetHints":{"allow":["GET"]}}],"collection":[{"href":"https:\/\/jer-tech.com\/pt\/wp-json\/wp\/v2\/product"}],"about":[{"href":"https:\/\/jer-tech.com\/pt\/wp-json\/wp\/v2\/types\/product"}],"replies":[{"embeddable":true,"href":"https:\/\/jer-tech.com\/pt\/wp-json\/wp\/v2\/comments?post=1331"}],"wp:featuredmedia":[{"embeddable":true,"href":"https:\/\/jer-tech.com\/pt\/wp-json\/wp\/v2\/media\/1333"}],"wp:attachment":[{"href":"https:\/\/jer-tech.com\/pt\/wp-json\/wp\/v2\/media?parent=1331"}],"wp:term":[{"taxonomy":"product_brand","embeddable":true,"href":"https:\/\/jer-tech.com\/pt\/wp-json\/wp\/v2\/product_brand?post=1331"},{"taxonomy":"product_cat","embeddable":true,"href":"https:\/\/jer-tech.com\/pt\/wp-json\/wp\/v2\/product_cat?post=1331"},{"taxonomy":"product_tag","embeddable":true,"href":"https:\/\/jer-tech.com\/pt\/wp-json\/wp\/v2\/product_tag?post=1331"}],"curies":[{"name":"wp","href":"https:\/\/api.w.org\/{rel}","templated":true}]}}