{"id":1326,"date":"2022-04-13T14:46:15","date_gmt":"2022-04-13T06:46:15","guid":{"rendered":"https:\/\/jer-tech.com\/?post_type=product&#038;p=1326"},"modified":"2022-04-13T14:46:15","modified_gmt":"2022-04-13T06:46:15","slug":"gravador-de-video-digital","status":"publish","type":"product","link":"https:\/\/jer-tech.com\/pt\/produto\/gravador-de-video-digital\/","title":{"rendered":"Gravador de v\u00eddeo digital 16CH 1080P\/5MP\/8MP"},"content":{"rendered":"","protected":false},"excerpt":{"rendered":"<ul>\n<li>Solu\u00e7\u00e3o Hisilicon: 5 em 1, solu\u00e7\u00e3o HVR H.265 real<\/li>\n<li>Suporta a tecnologia de codifica\u00e7\u00e3o H.265, taxa de bits ultra-baixa, compat\u00edvel com H.264 para baixo<\/li>\n<li>Suporta acesso remoto, DDNS para realizar uma monitoriza\u00e7\u00e3o remota de uma tecla<\/li>\n<li>Com a fun\u00e7\u00e3o UTC, os par\u00e2metros do menu da c\u00e2mara podem ser ajustados atrav\u00e9s da fun\u00e7\u00e3o UTC<\/li>\n<li>Suporte AHD \/ TVI \/ CVI \/ CVBS \/ IP 5 em 1, reconhecimento autom\u00e1tico de sinal de v\u00eddeo<\/li>\n<li>Porta Wifi; suporta wifi; pode ser alargado a 4G, 5G (atrav\u00e9s de USB alargado) (N\u00e3o est\u00e1 bem agora, ser\u00e1 atualizado no futuro)<\/li>\n<li>Suporte para exibi\u00e7\u00e3o simult\u00e2nea VGA \u3001 HDMI, a resolu\u00e7\u00e3o m\u00e1xima \u00e9 de at\u00e9 HDMI 4K<\/li>\n<li>A reprodu\u00e7\u00e3o de registos pode ser apresentada por hora, o tipo de registo \u00e9 apresentado por cor, para pesquisar e recuperar de forma conveniente e eficiente<\/li>\n<li>A c\u00f3pia de seguran\u00e7a dos registos pode ser organizada de acordo com a hora e a dura\u00e7\u00e3o, com precis\u00e3o de segundos<\/li>\n<li>Suporta a modifica\u00e7\u00e3o em massa do endere\u00e7o da c\u00e2mara IP e a adi\u00e7\u00e3o remota de dispositivos de c\u00e2mara<\/li>\n<li>Pode ligar-se a c\u00e2maras IP, c\u00fapulas IP e Onvif suportadas<\/li>\n<li class=\"nitro-offscreen\">Pode ligar-se \u00e0s principais marcas de c\u00e2maras IP do mercado (protocolo privado ou Onvif)<\/li>\n<li class=\"nitro-offscreen\">O ecr\u00e3 de pr\u00e9-visualiza\u00e7\u00e3o pode ser trocado aleatoriamente. A posi\u00e7\u00e3o da imagem \u00e9 alterada sem alterar o endere\u00e7o f\u00edsico, o que \u00e9 conveniente para a constru\u00e7\u00e3o<\/li>\n<li class=\"nitro-offscreen\">A c\u00f3pia de seguran\u00e7a de v\u00eddeo e imagem atrav\u00e9s do disco U pode ser reproduzida e consultada no anfitri\u00e3o principal, pelo que \u00e9 muito conveniente<\/li>\n<li class=\"nitro-offscreen\">Suporta v\u00e1rios modos de reprodu\u00e7\u00e3o: avan\u00e7o r\u00e1pido, reprodu\u00e7\u00e3o lenta, retrocesso r\u00e1pido, etc. M\u00e1ximo de 16 vezes de avan\u00e7o r\u00e1pido ou retrocesso r\u00e1pido<\/li>\n<li class=\"nitro-offscreen\">Suporta c\u00e2maras IP H.264\/H.265(HEVC);<\/li>\n<li class=\"nitro-offscreen\">Suporte WEB\u3001VMS, suporte ao sistema m\u00f3vel android\/IOS<\/li>\n<li class=\"nitro-offscreen\">Suporta P2P, leitura de c\u00f3digo QR e reprodu\u00e7\u00e3o atrav\u00e9s de APP<\/li>\n<\/ul>","protected":false},"featured_media":1328,"comment_status":"open","ping_status":"closed","template":"","meta":{"_seopress_robots_primary_cat":"","_seopress_titles_title":"16ch Digital Video Recorder - CCTV OEM Manufacturer - JER Company","_seopress_titles_desc":"Looking for a Digital Video Recorder where you can buy CCTV Cameras for wholesale price? We got you covered. Learn more about how we can work together.","_seopress_robots_index":"yes"},"product_brand":[],"product_cat":[78],"product_tag":[],"class_list":{"0":"post-1326","1":"product","2":"type-product","3":"status-publish","4":"has-post-thumbnail","6":"product_cat-dvr","8":"first","9":"instock","10":"shipping-taxable","11":"product-type-simple"},"_links":{"self":[{"href":"https:\/\/jer-tech.com\/pt\/wp-json\/wp\/v2\/product\/1326","targetHints":{"allow":["GET"]}}],"collection":[{"href":"https:\/\/jer-tech.com\/pt\/wp-json\/wp\/v2\/product"}],"about":[{"href":"https:\/\/jer-tech.com\/pt\/wp-json\/wp\/v2\/types\/product"}],"replies":[{"embeddable":true,"href":"https:\/\/jer-tech.com\/pt\/wp-json\/wp\/v2\/comments?post=1326"}],"wp:featuredmedia":[{"embeddable":true,"href":"https:\/\/jer-tech.com\/pt\/wp-json\/wp\/v2\/media\/1328"}],"wp:attachment":[{"href":"https:\/\/jer-tech.com\/pt\/wp-json\/wp\/v2\/media?parent=1326"}],"wp:term":[{"taxonomy":"product_brand","embeddable":true,"href":"https:\/\/jer-tech.com\/pt\/wp-json\/wp\/v2\/product_brand?post=1326"},{"taxonomy":"product_cat","embeddable":true,"href":"https:\/\/jer-tech.com\/pt\/wp-json\/wp\/v2\/product_cat?post=1326"},{"taxonomy":"product_tag","embeddable":true,"href":"https:\/\/jer-tech.com\/pt\/wp-json\/wp\/v2\/product_tag?post=1326"}],"curies":[{"name":"wp","href":"https:\/\/api.w.org\/{rel}","templated":true}]}}