{"id":1305,"date":"2022-04-13T11:51:18","date_gmt":"2022-04-13T03:51:18","guid":{"rendered":"https:\/\/jer-tech.com\/?post_type=product&#038;p=1305"},"modified":"2022-04-13T13:40:53","modified_gmt":"2022-04-13T05:40:53","slug":"poe-nvr","status":"publish","type":"product","link":"https:\/\/jer-tech.com\/pt\/produto\/poe-nvr\/","title":{"rendered":"NVR POE de 4 canais 5MP"},"content":{"rendered":"","protected":false},"excerpt":{"rendered":"<ul>\n<li>Suporta o acesso a m\u00faltiplas c\u00e2maras de rede de alta defini\u00e7\u00e3o; at\u00e9 4*5MP, 4 portas POE Suporta fonte de alimenta\u00e7\u00e3o POE<\/li>\n<li>Suporta sa\u00edda VGA, HDMI 1080P full HD em simult\u00e2neo;<\/li>\n<li>Apoiar a plataforma web, CMS, MYEYE, fornecer desenvolvimento de SDK;<\/li>\n<li>Suporta v\u00e1rias tecnologias de nuvem, penetra\u00e7\u00e3o de rede, informa\u00e7\u00f5es de alarme enviadas para o seu telem\u00f3vel e outras fun\u00e7\u00f5es;<\/li>\n<li>Suporte a v\u00e1rios servi\u00e7os de rede (suporte a DHCP, FTP, DNS, DDNS, NTP, UPNP, EMAIL, 3G, WIFI, pesquisas de IP, Centro de Alarme, etc.);<\/li>\n<li>Suporte ONVIF e GB28181;<\/li>\n<li>Suporte de v\u00e1rios sistemas m\u00f3veis (iOS, Android);<\/li>\n<li>Suporta o acesso a v\u00e1rios navegadores Web (IE, Chrome, Firefox, Safari);<\/li>\n<li>Mais de vinte l\u00ednguas;<\/li>\n<li>Circuito de prote\u00e7\u00e3o perfeito, fun\u00e7\u00e3o de vigil\u00e2ncia tripla \u00fanica;<\/li>\n<li>Visita remota, ARSP incorporado, monitoriza\u00e7\u00e3o remota num s\u00f3 passo<\/li>\n<\/ul>","protected":false},"featured_media":1307,"comment_status":"open","ping_status":"closed","template":"","meta":{"_seopress_robots_primary_cat":"none","_seopress_titles_title":"4 Channels 5MP POE NVR - CCTV OEM Manufacturer in China - JER Company","_seopress_titles_desc":"Are you looking to purchase CCTV POE NVR in bulk? You have come to the right place! Check out our wide range of CCTV Products now!","_seopress_robots_index":""},"product_brand":[],"product_cat":[60],"product_tag":[],"class_list":{"0":"post-1305","1":"product","2":"type-product","3":"status-publish","4":"has-post-thumbnail","6":"product_cat-nvr","8":"first","9":"instock","10":"shipping-taxable","11":"product-type-simple"},"_links":{"self":[{"href":"https:\/\/jer-tech.com\/pt\/wp-json\/wp\/v2\/product\/1305","targetHints":{"allow":["GET"]}}],"collection":[{"href":"https:\/\/jer-tech.com\/pt\/wp-json\/wp\/v2\/product"}],"about":[{"href":"https:\/\/jer-tech.com\/pt\/wp-json\/wp\/v2\/types\/product"}],"replies":[{"embeddable":true,"href":"https:\/\/jer-tech.com\/pt\/wp-json\/wp\/v2\/comments?post=1305"}],"wp:featuredmedia":[{"embeddable":true,"href":"https:\/\/jer-tech.com\/pt\/wp-json\/wp\/v2\/media\/1307"}],"wp:attachment":[{"href":"https:\/\/jer-tech.com\/pt\/wp-json\/wp\/v2\/media?parent=1305"}],"wp:term":[{"taxonomy":"product_brand","embeddable":true,"href":"https:\/\/jer-tech.com\/pt\/wp-json\/wp\/v2\/product_brand?post=1305"},{"taxonomy":"product_cat","embeddable":true,"href":"https:\/\/jer-tech.com\/pt\/wp-json\/wp\/v2\/product_cat?post=1305"},{"taxonomy":"product_tag","embeddable":true,"href":"https:\/\/jer-tech.com\/pt\/wp-json\/wp\/v2\/product_tag?post=1305"}],"curies":[{"name":"wp","href":"https:\/\/api.w.org\/{rel}","templated":true}]}}