{"id":1290,"date":"2022-04-12T18:08:06","date_gmt":"2022-04-12T10:08:06","guid":{"rendered":"https:\/\/jer-tech.com\/?post_type=product&#038;p=1290"},"modified":"2022-04-12T18:11:17","modified_gmt":"2022-04-12T10:11:17","slug":"camaras-ip-4k","status":"publish","type":"product","link":"https:\/\/jer-tech.com\/pt\/produto\/camaras-ip-4k\/","title":{"rendered":"C\u00e2maras IP 4K de exterior com vis\u00e3o nocturna a cores"},"content":{"rendered":"","protected":false},"excerpt":{"rendered":"<ul>\n<li>Resolu\u00e7\u00e3o Ultra HD de 2MP\/5MP\/4K dispon\u00edvel<\/li>\n<li>F\u00e1cil configura\u00e7\u00e3o PoE, esta c\u00e2mara IP PoE requer apenas um cabo Ethernet para transmitir sinais de v\u00eddeo e obter energia ao mesmo tempo, PoE opcional<\/li>\n<li>Suporta o formato de codifica\u00e7\u00e3o H.265 +: Esta c\u00e2mara IP de vigil\u00e2ncia suporta o formato de codifica\u00e7\u00e3o H.265 + \/ H.265 \/ H.264 + \/ H.264.<\/li>\n<li>ONVIF: suporta o protocolo ONVIF e pode ser ligado a NVRs de terceiros compat\u00edveis com ONVIF para criar um sistema de seguran\u00e7a integrado para prote\u00e7\u00e3o 24 horas por dia, 7 dias por semana<\/li>\n<li>Aplica\u00e7\u00e3o m\u00f3vel gratuita para visualizar remotamente atrav\u00e9s do telem\u00f3vel \u00e0 dist\u00e2ncia<\/li>\n<li>Software de monitoriza\u00e7\u00e3o CMS gratuito para assistir a transmiss\u00f5es em direto atrav\u00e9s do seu computador Windows<\/li>\n<li>Luz dupla com vis\u00e3o nocturna a cores<\/li>\n<\/ul>","protected":false},"featured_media":1292,"comment_status":"open","ping_status":"closed","template":"","meta":{"_seopress_robots_primary_cat":"none","_seopress_titles_title":"4K IP Cameras with Full-Color Night Vision | IP CCTV Cameras | Anston Security","_seopress_titles_desc":"1\/3\u2033 5MP POE IP Cameras; 2.8\/3.6\/6mm Lens Optional, 2pcs IR LEDs, 3D DNR; D-WDR; BLC; Motion Detection; Cover Detection; Auto white balance; PAL\/NTSC; ONVIF 2.6","_seopress_robots_index":""},"product_brand":[],"product_cat":[46],"product_tag":[],"class_list":{"0":"post-1290","1":"product","2":"type-product","3":"status-publish","4":"has-post-thumbnail","6":"product_cat-ip-cameras","8":"first","9":"instock","10":"shipping-taxable","11":"product-type-simple"},"_links":{"self":[{"href":"https:\/\/jer-tech.com\/pt\/wp-json\/wp\/v2\/product\/1290","targetHints":{"allow":["GET"]}}],"collection":[{"href":"https:\/\/jer-tech.com\/pt\/wp-json\/wp\/v2\/product"}],"about":[{"href":"https:\/\/jer-tech.com\/pt\/wp-json\/wp\/v2\/types\/product"}],"replies":[{"embeddable":true,"href":"https:\/\/jer-tech.com\/pt\/wp-json\/wp\/v2\/comments?post=1290"}],"wp:featuredmedia":[{"embeddable":true,"href":"https:\/\/jer-tech.com\/pt\/wp-json\/wp\/v2\/media\/1292"}],"wp:attachment":[{"href":"https:\/\/jer-tech.com\/pt\/wp-json\/wp\/v2\/media?parent=1290"}],"wp:term":[{"taxonomy":"product_brand","embeddable":true,"href":"https:\/\/jer-tech.com\/pt\/wp-json\/wp\/v2\/product_brand?post=1290"},{"taxonomy":"product_cat","embeddable":true,"href":"https:\/\/jer-tech.com\/pt\/wp-json\/wp\/v2\/product_cat?post=1290"},{"taxonomy":"product_tag","embeddable":true,"href":"https:\/\/jer-tech.com\/pt\/wp-json\/wp\/v2\/product_tag?post=1290"}],"curies":[{"name":"wp","href":"https:\/\/api.w.org\/{rel}","templated":true}]}}