{"id":1230,"date":"2022-04-11T16:29:39","date_gmt":"2022-04-11T08:29:39","guid":{"rendered":"https:\/\/jer-tech.com\/?post_type=product&#038;p=1230"},"modified":"2022-04-12T17:39:26","modified_gmt":"2022-04-12T09:39:26","slug":"camaras-ahd-de-5mp-para-exterior","status":"publish","type":"product","link":"https:\/\/jer-tech.com\/pt\/produto\/camaras-ahd-de-5mp-para-exterior\/","title":{"rendered":"C\u00e2maras AHD de 5MP para exteriores"},"content":{"rendered":"","protected":false},"excerpt":{"rendered":"<ul>\n<li>Sa\u00edda AHD\/TVI\/CVI\/CVBS 4 em 1,<\/li>\n<li>720P, 1080P, 4MP, 5MP, 8MP (4K), a resolu\u00e7\u00e3o efectiva \u00e9 de at\u00e9 3840*2160;<\/li>\n<li>O OSD suporta 12 idiomas diferentes, suporta exposi\u00e7\u00e3o\/equil\u00edbrio de brancos\/aperfei\u00e7oamento de imagem\/BLC, etc;<\/li>\n<li>Tipo AGC, o efeito dia-noite \u00e9 distinto, os v\u00e1rios modos dia-noite podem ser comutados livremente pelo OSD;<\/li>\n<li>Suporta a fun\u00e7\u00e3o UTC, suporta o ajuste de brilho\/nitidez\/contraste\/satura\u00e7\u00e3o<\/li>\n<\/ul>","protected":false},"featured_media":1272,"comment_status":"open","ping_status":"closed","template":"","meta":{"_seopress_robots_primary_cat":"none","_seopress_titles_title":"","_seopress_titles_desc":" JER is a reliable AHD Camera manufacturer. We bulk production 2MP, 4MP, 5MP, 8MP(4K) AHD cameras.","_seopress_robots_index":""},"product_brand":[],"product_cat":[28],"product_tag":[],"class_list":{"0":"post-1230","1":"product","2":"type-product","3":"status-publish","4":"has-post-thumbnail","6":"product_cat-ahd-cameras","8":"first","9":"instock","10":"shipping-taxable","11":"product-type-simple"},"_links":{"self":[{"href":"https:\/\/jer-tech.com\/pt\/wp-json\/wp\/v2\/product\/1230","targetHints":{"allow":["GET"]}}],"collection":[{"href":"https:\/\/jer-tech.com\/pt\/wp-json\/wp\/v2\/product"}],"about":[{"href":"https:\/\/jer-tech.com\/pt\/wp-json\/wp\/v2\/types\/product"}],"replies":[{"embeddable":true,"href":"https:\/\/jer-tech.com\/pt\/wp-json\/wp\/v2\/comments?post=1230"}],"wp:featuredmedia":[{"embeddable":true,"href":"https:\/\/jer-tech.com\/pt\/wp-json\/wp\/v2\/media\/1272"}],"wp:attachment":[{"href":"https:\/\/jer-tech.com\/pt\/wp-json\/wp\/v2\/media?parent=1230"}],"wp:term":[{"taxonomy":"product_brand","embeddable":true,"href":"https:\/\/jer-tech.com\/pt\/wp-json\/wp\/v2\/product_brand?post=1230"},{"taxonomy":"product_cat","embeddable":true,"href":"https:\/\/jer-tech.com\/pt\/wp-json\/wp\/v2\/product_cat?post=1230"},{"taxonomy":"product_tag","embeddable":true,"href":"https:\/\/jer-tech.com\/pt\/wp-json\/wp\/v2\/product_tag?post=1230"}],"curies":[{"name":"wp","href":"https:\/\/api.w.org\/{rel}","templated":true}]}}