{"id":120,"date":"2022-02-15T16:46:59","date_gmt":"2022-02-15T08:46:59","guid":{"rendered":"https:\/\/jer-tech.com\/?page_id=120"},"modified":"2022-02-15T16:46:59","modified_gmt":"2022-02-15T08:46:59","slug":"termos-e-condicoes","status":"publish","type":"page","link":"https:\/\/jer-tech.com\/pt\/termos-e-condicoes\/","title":{"rendered":"Termos e condi\u00e7\u00f5es"},"content":{"rendered":"<h3 class=\"wp-block-heading\" id=\"1-terms\">1. Condi\u00e7\u00f5es<\/h3>\n\n\n\n<p>Acedendo ao s\u00edtio Web em\u00a0<a href=\"https:\/\/jer-tech.com\/pt\/\">https:\/\/jer-tech.com<\/a>Ao aceder ao site, o utilizador concorda em ficar vinculado \u00e0s presentes condi\u00e7\u00f5es de servi\u00e7o, a todas as leis e regulamentos aplic\u00e1veis e concorda que \u00e9 respons\u00e1vel pelo cumprimento de quaisquer leis locais aplic\u00e1veis. Se o utilizador n\u00e3o concordar com qualquer um destes termos, est\u00e1 proibido de utilizar ou aceder a este s\u00edtio. Os materiais contidos neste s\u00edtio Web est\u00e3o protegidos pela legisla\u00e7\u00e3o aplic\u00e1vel em mat\u00e9ria de direitos de autor e marcas comerciais.<\/p>\n\n\n\n<h3 class=\"wp-block-heading\" id=\"2-use-license\">2. Licen\u00e7a de utiliza\u00e7\u00e3o<\/h3>\n\n\n\n<ol class=\"wp-block-list\" type=\"a\"><li>\u00c9 concedida permiss\u00e3o para descarregar temporariamente uma c\u00f3pia dos materiais (informa\u00e7\u00e3o ou software) no s\u00edtio jer-tech.com apenas para visualiza\u00e7\u00e3o transit\u00f3ria pessoal e n\u00e3o comercial. Esta \u00e9 a concess\u00e3o de uma licen\u00e7a, n\u00e3o uma transfer\u00eancia de t\u00edtulo, e sob esta licen\u00e7a voc\u00ea n\u00e3o pode:<ol type=\"i\"><li>modificar ou copiar os materiais;<\/li><li>utilizar os materiais para qualquer fim comercial ou para qualquer apresenta\u00e7\u00e3o p\u00fablica (comercial ou n\u00e3o comercial);<\/li><li>tentar descompilar ou fazer engenharia reversa de qualquer software contido no s\u00edtio web jer-tech.com;<\/li><li>remover quaisquer direitos de autor ou outras nota\u00e7\u00f5es de propriedade dos materiais; ou<\/li><li>transferir os materiais para outra pessoa ou \"espelhar\" os materiais em qualquer outro servidor.<\/li><\/ol><\/li><li>Esta licen\u00e7a terminar\u00e1 automaticamente se o utilizador violar qualquer destas restri\u00e7\u00f5es e pode ser terminada por jer-tech.com em qualquer altura. Ao terminar a visualiza\u00e7\u00e3o destes materiais ou ao terminar esta licen\u00e7a, o utilizador deve destruir quaisquer materiais descarregados na sua posse, quer em formato eletr\u00f3nico ou impresso.<\/li><\/ol>\n\n\n\n<h3 class=\"wp-block-heading\" id=\"3-disclaimer\">3. Isen\u00e7\u00e3o de responsabilidade<\/h3>\n\n\n\n<ol class=\"wp-block-list\" type=\"a\"><li>Os materiais do s\u00edtio web jer-tech.com s\u00e3o fornecidos \"tal como est\u00e3o\". A JER Technology n\u00e3o d\u00e1 garantias, expressas ou impl\u00edcitas, e por este meio renuncia e nega todas as outras garantias, incluindo, sem limita\u00e7\u00e3o, garantias impl\u00edcitas ou condi\u00e7\u00f5es de comercializa\u00e7\u00e3o, adequa\u00e7\u00e3o a um determinado fim, ou n\u00e3o infra\u00e7\u00e3o de propriedade intelectual ou outra viola\u00e7\u00e3o de direitos.<\/li><li>Al\u00e9m disso, a JER Technology n\u00e3o garante nem faz quaisquer representa\u00e7\u00f5es relativamente \u00e0 exatid\u00e3o, resultados prov\u00e1veis ou fiabilidade da utiliza\u00e7\u00e3o dos materiais no seu s\u00edtio Web ou de outra forma relacionados com esses materiais ou em quaisquer s\u00edtios ligados a este s\u00edtio.<\/li><\/ol>\n\n\n\n<h3 class=\"wp-block-heading\" id=\"4-limitations\">4. Limita\u00e7\u00f5es<\/h3>\n\n\n\n<p>Em nenhum caso a JER Technology ou os seus fornecedores ser\u00e3o respons\u00e1veis por quaisquer danos (incluindo, sem limita\u00e7\u00e3o, danos por perda de dados ou lucros, ou devido a interrup\u00e7\u00e3o de neg\u00f3cios) decorrentes da utiliza\u00e7\u00e3o ou incapacidade de utilizar os materiais no site jer-tech.com, mesmo que a JER Technology ou um representante autorizado da JER Technology tenha sido notificado oralmente ou por escrito da possibilidade de tais danos. Como algumas jurisdi\u00e7\u00f5es n\u00e3o permitem limita\u00e7\u00f5es nas garantias impl\u00edcitas, ou limita\u00e7\u00f5es de responsabilidade por danos consequentes ou incidentais, estas limita\u00e7\u00f5es podem n\u00e3o se aplicar a si.<\/p>\n\n\n\n<h3 class=\"wp-block-heading\" id=\"5-accuracy-of-materials\">5. Exatid\u00e3o dos materiais<\/h3>\n\n\n\n<p>Os materiais apresentados no s\u00edtio Web jer-tech.com podem incluir erros t\u00e9cnicos, tipogr\u00e1ficos ou fotogr\u00e1ficos. A JER Technology n\u00e3o garante que os materiais contidos no seu s\u00edtio Web sejam exactos, completos ou actuais. A JER Technology pode fazer altera\u00e7\u00f5es nos materiais contidos em seu site a qualquer momento, sem aviso pr\u00e9vio. No entanto, a JER Technology n\u00e3o se compromete a atualizar os materiais.<\/p>\n\n\n\n<h3 class=\"wp-block-heading\" id=\"6-links\">6. Liga\u00e7\u00f5es<\/h3>\n\n\n\n<p>A JER Technology n\u00e3o analisou todos os sites ligados ao seu s\u00edtio Web e n\u00e3o \u00e9 respons\u00e1vel pelo conte\u00fado de nenhum desses sites ligados. A inclus\u00e3o de qualquer link n\u00e3o implica o endosso do site pela JER Technology. A utiliza\u00e7\u00e3o de qualquer site ligado \u00e9 feita por conta e risco do utilizador.<\/p>\n\n\n\n<h3 class=\"wp-block-heading\" id=\"7-modifications\">7. Modifica\u00e7\u00f5es<\/h3>\n\n\n\n<p>A JER Technology pode rever estes termos de servi\u00e7o do seu s\u00edtio Web em qualquer altura sem aviso pr\u00e9vio. Ao utilizar este s\u00edtio Web, o utilizador concorda em ficar vinculado \u00e0 vers\u00e3o ent\u00e3o em vigor das presentes condi\u00e7\u00f5es de servi\u00e7o.<\/p>\n\n\n\n<h3 class=\"wp-block-heading\" id=\"8-governing-law\">8. Direito aplic\u00e1vel<\/h3>\n\n\n\n<p>Estes termos e condi\u00e7\u00f5es s\u00e3o regidos e interpretados de acordo com as leis da China e o utilizador submete-se irrevogavelmente \u00e0 jurisdi\u00e7\u00e3o exclusiva dos tribunais desse Estado ou localidade.<\/p>","protected":false},"excerpt":{"rendered":"<p>1. Termos Ao aceder ao s\u00edtio Web em https:\/\/jer-tech.com, o utilizador concorda em ficar vinculado aos presentes termos de servi\u00e7o, a todas as leis e regulamentos aplic\u00e1veis e concorda que \u00e9 respons\u00e1vel pelo cumprimento de quaisquer leis locais aplic\u00e1veis. Se o utilizador n\u00e3o concordar com qualquer um destes termos, est\u00e1 proibido de utilizar ou aceder a este s\u00edtio. [...]<\/p>","protected":false},"author":1,"featured_media":0,"parent":0,"menu_order":0,"comment_status":"closed","ping_status":"closed","template":"","meta":{"_seopress_robots_primary_cat":"","_seopress_titles_title":"","_seopress_titles_desc":"","_seopress_robots_index":"","footnotes":""},"class_list":["post-120","page","type-page","status-publish","hentry"],"_links":{"self":[{"href":"https:\/\/jer-tech.com\/pt\/wp-json\/wp\/v2\/pages\/120","targetHints":{"allow":["GET"]}}],"collection":[{"href":"https:\/\/jer-tech.com\/pt\/wp-json\/wp\/v2\/pages"}],"about":[{"href":"https:\/\/jer-tech.com\/pt\/wp-json\/wp\/v2\/types\/page"}],"author":[{"embeddable":true,"href":"https:\/\/jer-tech.com\/pt\/wp-json\/wp\/v2\/users\/1"}],"replies":[{"embeddable":true,"href":"https:\/\/jer-tech.com\/pt\/wp-json\/wp\/v2\/comments?post=120"}],"version-history":[{"count":1,"href":"https:\/\/jer-tech.com\/pt\/wp-json\/wp\/v2\/pages\/120\/revisions"}],"predecessor-version":[{"id":121,"href":"https:\/\/jer-tech.com\/pt\/wp-json\/wp\/v2\/pages\/120\/revisions\/121"}],"wp:attachment":[{"href":"https:\/\/jer-tech.com\/pt\/wp-json\/wp\/v2\/media?parent=120"}],"curies":[{"name":"wp","href":"https:\/\/api.w.org\/{rel}","templated":true}]}}