{"id":3593,"date":"2025-10-14T18:28:06","date_gmt":"2025-10-14T10:28:06","guid":{"rendered":"https:\/\/jer-tech.com\/?post_type=product&#038;p=3593"},"modified":"2025-10-16T19:24:29","modified_gmt":"2025-10-16T11:24:29","slug":"enregistreur-video-en-reseau-a-16-canaux","status":"publish","type":"product","link":"https:\/\/jer-tech.com\/fr\/produit\/enregistreur-video-en-reseau-a-16-canaux\/","title":{"rendered":"HiEasy 16 Channels NVR 4K Network Video Recorder Support AI Function (Enregistreur vid\u00e9o sur r\u00e9seau 4K)"},"content":{"rendered":"","protected":false},"excerpt":{"rendered":"<p>JER-N316B Sp\u00e9cifications<br \/>\n\u25cfPrise en charge de 16 canaux d'acc\u00e8s 4K ; prise en charge des fonctions de capture et de comparaison de visages, et de reconnaissance des plaques d'immatriculation ;<br \/>\n\u25cfMode de travail de la capture de visage et de la comparaison : le mode de canal doit \u00eatre d\u00e9fini Mode de capture frontale et de comparaison frontale : connect\u00e9 \u00e0 10 canaux de cam\u00e9ras de capture de visage et de comparaison, capable de comparer 10 canaux complets ; cam\u00e9ra de capture frontale et de comparaison frontale : T5AI-F Mode mixte : Connexion \u00e0 10 canaux de cam\u00e9ras ordinaires, s\u00e9lection d'un canal pour activer la prise en charge de l'IA, puis capture et surveillance ordinaires sur les autres canaux ;<br \/>\n\u25cfSupporte la sortie vid\u00e9o 4K, et le HDMI prend en charge la sortie audio simultan\u00e9e ;<br \/>\n\u25cfOptimiser la bande passante des ressources et prendre en charge l'acc\u00e8s \u00e0 80 Mbps ;<br \/>\n\u25cfBase de donn\u00e9es de visages int\u00e9gr\u00e9e, pouvant stocker jusqu'\u00e0 1 000 visages ;<br \/>\n\u25cfPrise en charge des fonctions d'alarme telles que la d\u00e9tection de forme humaine et la d\u00e9tection de forme de v\u00e9hicule avec la cam\u00e9ra P6S.<br \/>\n\u25cfPrise en charge de la capture et de la comparaison de visages (utilisez un enregistreur vid\u00e9o pour donner du pouvoir \u00e0 l'IA ou coop\u00e9rez avec la cam\u00e9ra T5AI) ;<br \/>\n\u25cfSupporte le stockage rapide des visages sur les pages captur\u00e9es, et prend en charge l'importation par lots des visages dans la base de donn\u00e9es ;<br \/>\n\u25cfPrise en charge de la recherche de vid\u00e9os par le nom de la personne et l'image de son visage ; la recherche de vid\u00e9os est plus rapide.<br \/>\n\u25cfPrise en charge d'une vari\u00e9t\u00e9 de r\u00e8gles de comparaison, prise en charge des alarmes contextuelles de l'enregistreur vid\u00e9o li\u00e9, des diffusions vocales et d'autres fonctions ;<br \/>\n\u25cfPrise en charge de l'interface de haut-parleur pour la surveillance sur site du son de la cam\u00e9ra ; prise en charge de l'interface audio 3,5 mm pour une entr\u00e9e et une sortie extensibles.<br \/>\n\u25cfSupporte l'acc\u00e8s aux disques durs 1pc, le plus grand disque dur prend en charge 14 To ;<br \/>\n\u25cfLa lecture vid\u00e9o est affich\u00e9e sur la ligne de temps, et le type de vid\u00e9o est indiqu\u00e9 par une couleur, ce qui facilite et acc\u00e9l\u00e8re la r\u00e9cup\u00e9ration des donn\u00e9es vid\u00e9o.<br \/>\n\u25cfPrise en charge de la fonction de sauvegarde vid\u00e9o, et la sauvegarde peut \u00eatre pr\u00e9cise \u00e0 la seconde pr\u00e8s.<br \/>\n\u25cfPrise en charge de la modification par lots des adresses des cam\u00e9ras frontales, de la sortie automatique d'images et des fonctions de sortie d'images de segments inter-r\u00e9seaux ;<br \/>\n\u25cfPrise en charge du protocole ONVIF ;<br \/>\n\u25cfPrise en charge de la fonction de contr\u00f4le des param\u00e8tres d'image de la cam\u00e9ra frontale ;<br \/>\n\u25cfMultiples modes de lecture, avance rapide, retour en arri\u00e8re et autres fonctions ;<br \/>\n\u25cfLe logiciel client pour ordinateur EasyVMS peut \u00eatre utilis\u00e9 pour contr\u00f4ler et lire les enregistrements \u00e0 distance.<br \/>\n\u25cf Vous pouvez utiliser le logiciel pour t\u00e9l\u00e9phone portable P6SLite pour contr\u00f4ler et lire les enregistrements \u00e0 distance ;<\/p>\n<p><strong>Sp\u00e9cification :<\/strong><\/p>\n<table width=\"1164\">\n<tbody>\n<tr>\n<td colspan=\"2\" width=\"1164\">Syst\u00e8me<\/td>\n<\/tr>\n<tr>\n<td>Mod\u00e8le<\/td>\n<td width=\"970\">JER-N316B<\/td>\n<\/tr>\n<tr>\n<td>Puce principale<\/td>\n<td width=\"970\">A1N<\/td>\n<\/tr>\n<tr>\n<td>Interface de fonctionnement<\/td>\n<td width=\"970\">Interface de fonctionnement graphique, prise en charge de l'utilisation de la souris<\/td>\n<\/tr>\n<tr>\n<td>Affichage des images<\/td>\n<td width=\"970\">\u00e9cran 1\/4\/6\/9\/16<\/td>\n<\/tr>\n<tr>\n<td colspan=\"2\">Vid\u00e9o<\/td>\n<\/tr>\n<tr>\n<td>Acc\u00e8s \u00e0 la vid\u00e9o<\/td>\n<td width=\"970\">16 canaux 4K<\/td>\n<\/tr>\n<tr>\n<td>Cadre vid\u00e9o<\/td>\n<td width=\"970\">\u00a0NTSC@ 30fps\uff0cPAL@25fps<\/td>\n<\/tr>\n<tr>\n<td>Sortie vid\u00e9o<\/td>\n<td width=\"970\">VGA*1, HDMI*1<\/td>\n<\/tr>\n<tr>\n<td>D\u00e9codage d'images<\/td>\n<td width=\"970\">H.264\/H.265<\/td>\n<\/tr>\n<tr>\n<td>Occlusion de zone<\/td>\n<td width=\"970\">Support (besoin d'un support de cam\u00e9ra)<\/td>\n<\/tr>\n<tr>\n<td>D\u00e9tection de mouvement<\/td>\n<td width=\"970\">Support (besoin d'un support de cam\u00e9ra)<\/td>\n<\/tr>\n<tr>\n<td colspan=\"2\">Fonction intelligente<\/td>\n<\/tr>\n<tr>\n<td>Cl\u00f4ture \u00e9lectronique<\/td>\n<td width=\"970\">Prise en charge, liaison push, grand \u00e9cran, alarme vocale NVR et autres fonctions d'alarme (la prise en charge de la cam\u00e9ra est n\u00e9cessaire).<\/td>\n<\/tr>\n<tr>\n<td>croisement<\/td>\n<td width=\"970\">Prise en charge, liaison push, grand \u00e9cran, alarme vocale NVR et autres fonctions d'alarme (la prise en charge de la cam\u00e9ra est n\u00e9cessaire).<\/td>\n<\/tr>\n<tr>\n<td>D\u00e9tection d'arr\u00eat<\/td>\n<td width=\"970\">Prise en charge, liaison push, grand \u00e9cran, alarme vocale NVR et autres fonctions d'alarme (la prise en charge de la cam\u00e9ra est n\u00e9cessaire).<\/td>\n<\/tr>\n<tr>\n<td>statistiques sur les flux de passagers<\/td>\n<td width=\"970\">Prise en charge de l'interrogation sur le flux de passagers (besoin d'une cam\u00e9ra)<\/td>\n<\/tr>\n<tr>\n<td rowspan=\"2\">Capture de visage<\/td>\n<td width=\"970\">Prise en charge de la capture de visage<\/td>\n<\/tr>\n<tr>\n<td width=\"970\">Capture NVR : Capture simultan\u00e9e de 8 personnes par seconde, prise en charge de la taille des pixels des visages de 20*20-384*384<\/td>\n<\/tr>\n<tr>\n<td rowspan=\"3\" width=\"194\">Comparaison des visages<\/td>\n<td width=\"970\">Mode capture et comparaison de cam\u00e9ra : Connexion de 10 cam\u00e9ras de capture et de comparaison de visage, permettant une comparaison compl\u00e8te sur 10 canaux ; (cam\u00e9ra de capture et de comparaison de visage : T5AI-F)<\/p>\n<p>Mode hybride : Connectez 10 cam\u00e9ras ordinaires, s\u00e9lectionnez un canal pour activer l'IA, puis capturez, et utilisez les autres canaux pour la surveillance ordinaire.<\/p>\n<p>Il prend en charge la fonction de comparaison des listes noire et blanche, supporte plusieurs param\u00e8tres de r\u00e8gles et peut relier plusieurs m\u00e9thodes d'alarme.<\/p>\n<p>Prend en charge 1000 visages ;<\/td>\n<\/tr>\n<tr>\n<td width=\"970\">Prise en charge de la liste blanche et de la liste noire, prise en charge de la configuration de plusieurs r\u00e8gles et liaison de plusieurs formats.<\/td>\n<\/tr>\n<tr>\n<td width=\"970\">Comparaison NVR : peut comparer 2 personnes simultan\u00e9ment par seconde<\/td>\n<\/tr>\n<tr>\n<td>Fonction d'alarme<\/td>\n<td width=\"970\">Prend en charge les fen\u00eatres contextuelles d'alarme du NVR, les liens de diffusion vocale du NVR et l'enregistrement intelligent du NVR.<br \/>\nPrise en charge de la recherche de vid\u00e9os par visage\/image de plaque d'immatriculation, recherche de vid\u00e9os par nom\/num\u00e9ro de plaque d'immatriculation, et prise en charge de la recherche de vid\u00e9os par t\u00e9l\u00e9chargement d'images via USB ;<\/td>\n<\/tr>\n<tr>\n<td>Lecture intelligente<\/td>\n<td width=\"970\">Prise en charge de l'extraction et de la lecture des fonctions d'IA ; prise en charge de la recherche de vid\u00e9os par nom de personne et images de visage<\/td>\n<\/tr>\n<tr>\n<td colspan=\"2\">Audio<\/td>\n<\/tr>\n<tr>\n<td>Alarme vocale<\/td>\n<td width=\"970\">D\u00e9finir l'invite d'alarme vocale de la cam\u00e9ra (n\u00e9cessite que la cam\u00e9ra prenne en charge les invites d'alarme vocale)<\/td>\n<\/tr>\n<tr>\n<td>Format vocal<\/td>\n<td width=\"970\">G.711U\u3001G.711A\u3001G.726<\/td>\n<\/tr>\n<tr>\n<td>Interphone audio<\/td>\n<td width=\"970\">Pris en charge, n\u00e9cessite une carte audio \u00e9tendue<\/td>\n<\/tr>\n<tr>\n<td>Entr\u00e9e audio<\/td>\n<td width=\"970\">Entr\u00e9e audio en r\u00e9seau 1:1 en fonction du nombre de canaux<\/td>\n<\/tr>\n<tr>\n<td>Sortie audio<\/td>\n<td width=\"970\">Prise en charge de la sortie audio HDMI, de la sortie audio 3,5 mm et de la connexion 1,25 broche avec sortie sonore par haut-parleur.<\/td>\n<\/tr>\n<tr>\n<td colspan=\"2\">Lecture<\/td>\n<\/tr>\n<tr>\n<td>M\u00e9thode d'enregistrement<\/td>\n<td width=\"970\">Enregistrement programm\u00e9, enregistrement par d\u00e9tection de mouvement, enregistrement manuel et enregistrement intelligent<\/td>\n<\/tr>\n<tr>\n<td width=\"194\">Canal de lecture<\/td>\n<td width=\"970\">1*4K\/2*5MP<\/td>\n<\/tr>\n<tr>\n<td>Demande d'enregistrement<\/td>\n<td width=\"970\">Lecture temporelle, lecture de navigation, lecture d'\u00e9v\u00e9nements intelligents, recherche d'images et enregistrement<\/td>\n<\/tr>\n<tr>\n<td colspan=\"2\">Sauvegarde du stockage<\/td>\n<\/tr>\n<tr>\n<td>Stockage vid\u00e9o<\/td>\n<td width=\"970\">Disque dur local, r\u00e9seau<\/td>\n<\/tr>\n<tr>\n<td>Type de sauvegarde<\/td>\n<td width=\"970\">USB Dispositif de stockage portable, U-disk<\/td>\n<\/tr>\n<tr>\n<td colspan=\"2\">Surveillance \u00e0 distance<\/td>\n<\/tr>\n<tr>\n<td>Surveillance mobile<\/td>\n<td width=\"970\">APP : Hieasy\uff0c PC : EasyVMS<\/td>\n<\/tr>\n<tr>\n<td width=\"194\">Nombre de canaux \u00e0 distance<\/td>\n<td width=\"970\">Jusqu'\u00e0 32 canaux de pr\u00e9visualisation simultan\u00e9ment, avec jusqu'\u00e0 8 connexions d'utilisateurs en m\u00eame temps ;<\/td>\n<\/tr>\n<tr>\n<td colspan=\"2\">Interface externe<\/td>\n<\/tr>\n<tr>\n<td>Sortie vid\u00e9o<\/td>\n<td width=\"970\">1pcs VGA, 1pcs HDMI<\/td>\n<\/tr>\n<tr>\n<td>R\u00e9seau<\/td>\n<td width=\"970\">1pcs RJ45 100M, interface Ethernet auto-adaptative<\/td>\n<\/tr>\n<tr>\n<td>USB<\/td>\n<td width=\"970\">2pcs USB 2.0<\/td>\n<\/tr>\n<tr>\n<td>Disque dur<\/td>\n<td width=\"970\">1pcs SATA 2.0 ; support maximum 14T<\/td>\n<\/tr>\n<tr>\n<td colspan=\"2\">Autres<\/td>\n<\/tr>\n<tr>\n<td>Contr\u00f4le de l'inclinaison panoramique<\/td>\n<td width=\"970\">Contr\u00f4le des cam\u00e9ras PTZ via le r\u00e9seau<\/td>\n<\/tr>\n<tr>\n<td>ONVIF<\/td>\n<td width=\"970\">Soutien<\/td>\n<\/tr>\n<tr>\n<td>Puissance<\/td>\n<td width=\"970\">DC12V 5A<\/td>\n<\/tr>\n<tr>\n<td>Environnement de travail<\/td>\n<td width=\"970\">-10\u2103~+50\u2103 10%\uff5e95%RH<\/td>\n<\/tr>\n<\/tbody>\n<\/table>\n<p>&nbsp;<\/p>\n<p>&nbsp;<\/p>","protected":false},"featured_media":3596,"comment_status":"open","ping_status":"closed","template":"","meta":{"_seopress_robots_primary_cat":"none","_seopress_titles_title":"H.265 HiEasy 16CH NVR 4K Network Video Recorder Support AI Function","_seopress_titles_desc":"Professional 16ch 4K Network Video Recorder support human shape detection and vehicle shape detection. Contact JER Company for CCTV OEM services.","_seopress_robots_index":""},"product_brand":[],"product_cat":[60],"product_tag":[],"class_list":{"0":"post-3593","1":"product","2":"type-product","3":"status-publish","4":"has-post-thumbnail","6":"product_cat-nvr","8":"first","9":"instock","10":"shipping-taxable","11":"product-type-simple"},"_links":{"self":[{"href":"https:\/\/jer-tech.com\/fr\/wp-json\/wp\/v2\/product\/3593","targetHints":{"allow":["GET"]}}],"collection":[{"href":"https:\/\/jer-tech.com\/fr\/wp-json\/wp\/v2\/product"}],"about":[{"href":"https:\/\/jer-tech.com\/fr\/wp-json\/wp\/v2\/types\/product"}],"replies":[{"embeddable":true,"href":"https:\/\/jer-tech.com\/fr\/wp-json\/wp\/v2\/comments?post=3593"}],"wp:featuredmedia":[{"embeddable":true,"href":"https:\/\/jer-tech.com\/fr\/wp-json\/wp\/v2\/media\/3596"}],"wp:attachment":[{"href":"https:\/\/jer-tech.com\/fr\/wp-json\/wp\/v2\/media?parent=3593"}],"wp:term":[{"taxonomy":"product_brand","embeddable":true,"href":"https:\/\/jer-tech.com\/fr\/wp-json\/wp\/v2\/product_brand?post=3593"},{"taxonomy":"product_cat","embeddable":true,"href":"https:\/\/jer-tech.com\/fr\/wp-json\/wp\/v2\/product_cat?post=3593"},{"taxonomy":"product_tag","embeddable":true,"href":"https:\/\/jer-tech.com\/fr\/wp-json\/wp\/v2\/product_tag?post=3593"}],"curies":[{"name":"wp","href":"https:\/\/api.w.org\/{rel}","templated":true}]}}