{"id":3587,"date":"2025-10-14T17:58:21","date_gmt":"2025-10-14T09:58:21","guid":{"rendered":"https:\/\/jer-tech.com\/?post_type=product&#038;p=3587"},"modified":"2025-10-14T18:02:56","modified_gmt":"2025-10-14T10:02:56","slug":"64ch-4k-nvr","status":"publish","type":"product","link":"https:\/\/jer-tech.com\/fr\/produit\/64ch-4k-nvr\/","title":{"rendered":"NVR 64CH 4K avec fonction AI Support 8pcs 10TB Hard Disk"},"content":{"rendered":"","protected":false},"excerpt":{"rendered":"<p><strong>Caract\u00e9ristiques<\/strong><\/p>\n<p>Acc\u00e8s vid\u00e9o sur IP en temps r\u00e9el \u00e0 64 canaux, acc\u00e8s 4K \u00e0 64 canaux, NVR \u00e0 ch\u00e2ssis 2U<\/p>\n<p>D\u00e9codage H.265, syst\u00e8me d'exploitation Linux int\u00e9gr\u00e9<\/p>\n<p>\u25c6 Prise en charge de l'enregistrement synchrone, de la surveillance \u00e0 distance et de la sauvegarde<\/p>\n<p>\u25c6 Prise en charge de la sortie HDMI double h\u00e9t\u00e9rosource et de la pr\u00e9visualisation haute d\u00e9finition 4K<\/p>\n<p>\u25c6 Prise en charge de l'amplification \u00e9lectronique des images de pr\u00e9visualisation et de lecture<\/p>\n<p>\u25c6 Protocoles standard ONVIF, RTSP, GB28181<\/p>\n<p>\u25c6 Prise en charge de l'alarme externe, des ports r\u00e9seau doubles, de l'interphone vocal bidirectionnel, des fonctions d'instantan\u00e9 d'alarme et d'envoi d'e-mails d'alarme.<\/p>\n<p>\u25c6 Prise en charge des fonctions DDNS, EMAIL, UPNP, NTP, P2P, etc.<\/p>\n<p>\u25c6 Support WEB, surveillance des t\u00e9l\u00e9phones portables, client<\/p>\n<p>\u25c6 Prise en charge de deux modes de stockage : quota de groupe de disques et groupe de disques, ce qui permet d'allouer diff\u00e9rentes capacit\u00e9s de stockage d'enregistrement pour diff\u00e9rents canaux.<\/p>\n<p>\u25c6 Prise en charge de la gestion centralis\u00e9e de l'IPC, y compris la configuration des param\u00e8tres de l'IPC, l'importation et l'exportation d'informations, l'acquisition d'informations en temps r\u00e9el et d'autres fonctions.<\/p>\n<p>\u25c6 Deux cartes r\u00e9seau Gigabit, prenant en charge les param\u00e8tres IP du double r\u00e9seau et d'autres param\u00e8tres de s\u00e9curit\u00e9.<\/p>\n<p>\u25c6 Prise en charge de RAID0, RAID1, RAID5, RAID6 et RAID10, sauvegarde \u00e0 chaud globale<\/p>\n<p>\u25c6 Prise en charge du regroupement des canaux et de la visite de pr\u00e9visualisation<\/p>\n<p>\u25c6 Prise en charge de la d\u00e9tection de r\u00e9seau (surveillance du trafic r\u00e9seau, capture de paquets r\u00e9seau, fluidit\u00e9 du r\u00e9seau) et d'autres fonctions<\/p>\n<p>\u25c6 Prise en charge de la lecture synchrone de vid\u00e9os 1080P jusqu'\u00e0 16 canaux et de la lecture inverse synchrone multicanal<\/p>\n<p>\u25c6Prise en charge de la fonction de lecture instantan\u00e9e,<\/p>\n<p>\u25c6Nouvelle interface utilisateur, permet de d\u00e9marrer l'enregistrement d'un seul clic<\/p>\n<p>\u25c6 Prise en charge de la sauvegarde \u00e0 chaud N+1 et du filtrage IP<\/p>\n<p>\u25c6 Prise en charge du logiciel client EasyVMS pour la surveillance \u00e0 distance et la lecture vid\u00e9o<\/p>\n<p>\u25c6 Prise en charge du logiciel de t\u00e9l\u00e9phonie mobile HiEasy pour la surveillance \u00e0 distance et la lecture vid\u00e9o<\/p>\n<p>&nbsp;<\/p>","protected":false},"featured_media":3592,"comment_status":"open","ping_status":"closed","template":"","meta":{"_seopress_robots_primary_cat":"none","_seopress_titles_title":"H.265 Professional HiEasy 64CH 4K NVR with AI Function Support 8pcs 10TB Hard Disk","_seopress_titles_desc":"Looking for a reliable 64CH4K NVR supplier? Contact JER Company and we will provide you with professional CCTV solutions.","_seopress_robots_index":""},"product_brand":[],"product_cat":[60],"product_tag":[],"class_list":{"0":"post-3587","1":"product","2":"type-product","3":"status-publish","4":"has-post-thumbnail","6":"product_cat-nvr","8":"first","9":"instock","10":"shipping-taxable","11":"product-type-simple"},"_links":{"self":[{"href":"https:\/\/jer-tech.com\/fr\/wp-json\/wp\/v2\/product\/3587","targetHints":{"allow":["GET"]}}],"collection":[{"href":"https:\/\/jer-tech.com\/fr\/wp-json\/wp\/v2\/product"}],"about":[{"href":"https:\/\/jer-tech.com\/fr\/wp-json\/wp\/v2\/types\/product"}],"replies":[{"embeddable":true,"href":"https:\/\/jer-tech.com\/fr\/wp-json\/wp\/v2\/comments?post=3587"}],"wp:featuredmedia":[{"embeddable":true,"href":"https:\/\/jer-tech.com\/fr\/wp-json\/wp\/v2\/media\/3592"}],"wp:attachment":[{"href":"https:\/\/jer-tech.com\/fr\/wp-json\/wp\/v2\/media?parent=3587"}],"wp:term":[{"taxonomy":"product_brand","embeddable":true,"href":"https:\/\/jer-tech.com\/fr\/wp-json\/wp\/v2\/product_brand?post=3587"},{"taxonomy":"product_cat","embeddable":true,"href":"https:\/\/jer-tech.com\/fr\/wp-json\/wp\/v2\/product_cat?post=3587"},{"taxonomy":"product_tag","embeddable":true,"href":"https:\/\/jer-tech.com\/fr\/wp-json\/wp\/v2\/product_tag?post=3587"}],"curies":[{"name":"wp","href":"https:\/\/api.w.org\/{rel}","templated":true}]}}