{"id":3338,"date":"2025-08-16T21:55:53","date_gmt":"2025-08-16T13:55:53","guid":{"rendered":"https:\/\/jer-tech.com\/?post_type=product&#038;p=3338"},"modified":"2025-08-16T21:55:54","modified_gmt":"2025-08-16T13:55:54","slug":"reconnaissance-des-visages-camera-ip","status":"publish","type":"product","link":"https:\/\/jer-tech.com\/fr\/produit\/reconnaissance-des-visages-camera-ip\/","title":{"rendered":"Les cam\u00e9ras IP AI 5MP prennent en charge la reconnaissance des visages"},"content":{"rendered":"","protected":false},"excerpt":{"rendered":"<p>1. 1\/2.7\u2033 T41NQ+SC500AI, capteur CMOS HD \u00e0 haute sensibilit\u00e9,<br \/>\n2. Prise en charge des formats d'encodage H.264 et H.265<br \/>\nR\u00e9solutions principales : 5MP (2880 * 1624) \/ 4MP (2560 * 1440) \/ 3MP (2304 * 1296) \/ 2MP (1920 * 1080)<br \/>\nR\u00e9solutions du sous-flux : 448P (800 * 448) \/ D1 (704 * 576) \/ 360P (640 * 360) \/ CIF (352 * 288)<br \/>\n3. Prise en charge de la sortie simultan\u00e9e de deux flux.<br \/>\n4. Pour des performances optimales avec les algorithmes de visages et de plaques d'immatriculation, utilisez un objectif HD de 6 mm.<br \/>\n5. Activation d'algorithmes intelligents en option : Reconnaissance des visages, algorithme de structuration des plaques d'immatriculation, algorithme de d\u00e9tection des flammes.<br \/>\n<strong>6. Algorithme de d\u00e9tection des formes humaines\/v\u00e9hicules (n\u00e9cessite l'activation de la reconnaissance des visages, de la reconnaissance des plaques d'immatriculation ou de la d\u00e9tection des flammes).<\/strong><br \/>\n1) Applications d'extension de l'IA : Cl\u00f4ture \u00e9lectronique, d\u00e9tection d'intrusion, d\u00e9tection de poste non surveill\u00e9, comptage de personnes, comptage de v\u00e9hicules.<br \/>\n<strong>7. Algorithme intelligent de capture et de reconnaissance des visages :<\/strong><br \/>\n1) Prise en charge de la d\u00e9tection et du suivi d'un maximum de 6 visages par image.<br \/>\n2) Prise en charge de la capture rapide ou de la capture de qualit\u00e9 (seuils de qualit\u00e9 des visages r\u00e9glables) ; capture jusqu'\u00e0 6 visages simultan\u00e9ment ; taille minimale des visages d\u00e9tectables : 20\u00d720 pixels.<br \/>\n3) Permet la comparaison des visages.<br \/>\n4) Prise en charge de la d\u00e9tection des masques.<br \/>\n5) Fonctionne de mani\u00e8re ind\u00e9pendante (autonome) ; permet de t\u00e9l\u00e9charger des photos de visages vers l'appareil via VMS, APP ou NVR ; permet de relier les alarmes \u00e0 une liste blanche ou noire.<br \/>\n6) Lorsqu'il est associ\u00e9 \u00e0 des NVR intelligents compatibles (mod\u00e8les N310B, N316B, N336A), il permet les fonctions suivantes : gestion de la base de donn\u00e9es des visages, lien d'alarme avec liste blanche\/liste noire, recherche d'un \u00e9tranger et recherche d'enregistrements par visage.<br \/>\n<strong>8. Algorithme de capture, de reconnaissance et de structuration des plaques d'immatriculation :<\/strong><\/p>\n<p>1) Prise en charge de la capture des plaques d'immatriculation au niveau mondial.<br \/>\n2) Reconna\u00eet la couleur de la plaque d'immatriculation, les informations relatives \u00e0 la plaque et au type de v\u00e9hicule.<br \/>\n3) Commutation automatique du mode de fonctionnement : Optimise la visibilit\u00e9 de la sc\u00e8ne lorsqu'aucune plaque n'est d\u00e9tect\u00e9e, passe en mode de reconnaissance des plaques d'immatriculation et optimise l'exposition lorsqu'une plaque est d\u00e9tect\u00e9e.<br \/>\n4) Les informations relatives au num\u00e9ro de plaque et au type de v\u00e9hicule reconnues peuvent \u00eatre superpos\u00e9es au flux vid\u00e9o.<br \/>\n5) Prise en charge du mode de capture automatique et du mode de capture manuelle pour divers sc\u00e9narios d'application.<br \/>\n6) Lorsqu'il est associ\u00e9 \u00e0 un NVR intelligent compatible (mod\u00e8les N310B, N316B, N336A), il active les fonctions suivantes : gestion de la base de donn\u00e9es des plaques d'immatriculation, enregistrement des plaques inconnues, liaison d'alarme avec liste blanche\/liste noire, recherche d'enregistrements par plaque d'immatriculation.<br \/>\n<strong>9. Algorithme de d\u00e9tection des flammes :<\/strong><br \/>\n1) Surveillance continue 24 heures sur 24 et 7 jours sur 7 pour la s\u00e9curit\u00e9 g\u00e9n\u00e9rale et la pr\u00e9vention des vols ; d\u00e9clenchement de l'alarme incendie en cas de d\u00e9tection de flammes.<br \/>\n2) Taille minimale des pixels de d\u00e9tection : 50\u00d780 pixels.<br \/>\n3) L'analyse d'images combin\u00e9e aux caract\u00e9ristiques spectrales des flammes et \u00e0 la d\u00e9tection des caract\u00e9ristiques du corps du feu permet d'obtenir une sensibilit\u00e9 \u00e9lev\u00e9e tout en minimisant les fausses alarmes.<br \/>\n10. Prend en charge l'entr\u00e9e et la sortie audio pour une communication audio bidirectionnelle ; prend en charge l'entr\u00e9e et la sortie d'alarme.<br \/>\n11. Prend en charge la fonctionnalit\u00e9 FTP (y compris le t\u00e9l\u00e9chargement d'images) ; prend en charge les protocoles : GB28181, MQTT, HTTP\/HTTPS.<br \/>\n12. Prend en charge le stockage sur carte TF (jusqu'\u00e0 une capacit\u00e9 de 512 Go).<br \/>\n13. Prise en charge du masquage de la confidentialit\u00e9 (pour masquer des zones sp\u00e9cifiques) ; prise en charge de la superposition du texte de l'OSD ;<br \/>\n14. prend en charge la synchronisation de l'heure du r\u00e9seau (NTP).<br \/>\n15. Prise en charge de la surveillance \u00e0 distance via des applications mobiles (iOS, Android) et des clients PC.<\/p>\n<table style=\"border-collapse: collapse; width: 756.62pt;\" border=\"0\" width=\"1261\" cellspacing=\"0\" cellpadding=\"0\">\n<tbody>\n<tr style=\"height: 31.00pt;\">\n<td class=\"et3\" style=\"height: 31.00pt; width: 756.60pt;\" colspan=\"2\" width=\"1261\" height=\"51\">Fonction<\/td>\n<\/tr>\n<tr style=\"height: 38.00pt;\">\n<td class=\"et4\" style=\"height: 38.00pt; width: 129.60pt;\" width=\"216\" height=\"63\">Commutateur D\/N<\/td>\n<td class=\"et4\" style=\"width: 627.00pt;\" width=\"1045\">Prise en charge de la commutation D\/N (IR-CUT en option)<\/td>\n<\/tr>\n<tr style=\"height: 38.00pt;\">\n<td class=\"et4\" style=\"height: 38.00pt; width: 129.60pt;\" width=\"216\" height=\"63\">Balance des blancs<\/td>\n<td class=\"et4\" style=\"width: 627.00pt;\" width=\"1045\">Balance des blancs automatique<\/td>\n<\/tr>\n<tr style=\"height: 38.00pt;\">\n<td class=\"et4\" style=\"height: 38.00pt; width: 129.60pt;\" width=\"216\" height=\"63\">R\u00e9duction du bruit<\/td>\n<td class=\"et4\" style=\"width: 627.00pt;\" width=\"1045\">Soutenir 3DNR<\/td>\n<\/tr>\n<tr style=\"height: 38.00pt;\">\n<td class=\"et4\" style=\"height: 38.00pt; width: 129.60pt;\" width=\"216\" height=\"63\">WDR<\/td>\n<td class=\"et4\" style=\"width: 627.00pt;\" width=\"1045\">Soutien<\/td>\n<\/tr>\n<tr style=\"height: 38.00pt;\">\n<td class=\"et4\" style=\"height: 38.00pt; width: 129.60pt;\" width=\"216\" height=\"63\">Abri de protection de la vie priv\u00e9e<\/td>\n<td class=\"et4\" style=\"width: 627.00pt;\" width=\"1045\">Soutien<\/td>\n<\/tr>\n<tr style=\"height: 38.00pt;\">\n<td class=\"et4\" style=\"height: 38.00pt; width: 129.60pt;\" width=\"216\" height=\"63\">Miroir<\/td>\n<td class=\"et4\" style=\"width: 627.00pt;\" width=\"1045\">Soutien<\/td>\n<\/tr>\n<tr style=\"height: 38.00pt;\">\n<td class=\"et4\" style=\"height: 38.00pt; width: 129.60pt;\" width=\"216\" height=\"63\">OSD<\/td>\n<td class=\"et4\" style=\"width: 627.00pt;\" width=\"1045\">Prise en charge du r\u00e9glage de l'affichage \u00e0 l'\u00e9cran (OSD), possibilit\u00e9 de faire glisser la position librement<\/td>\n<\/tr>\n<tr style=\"height: 38.00pt;\">\n<td class=\"et4\" style=\"height: 38.00pt; width: 129.60pt;\" width=\"216\" height=\"63\">Red\u00e9marrage<\/td>\n<td class=\"et4\" style=\"width: 627.00pt;\" width=\"1045\">Soutien<\/td>\n<\/tr>\n<tr style=\"height: 38.00pt;\">\n<td class=\"et3\" style=\"height: 38.00pt; width: 756.60pt;\" colspan=\"2\" width=\"1261\" height=\"63\">Fonction intelligente<\/td>\n<\/tr>\n<tr style=\"height: 66.00pt;\">\n<td class=\"et4\" style=\"height: 66.00pt; width: 129.60pt;\" width=\"216\" height=\"110\">D\u00e9tection intelligente<\/td>\n<td class=\"et4\" style=\"width: 627.00pt;\" width=\"1045\">Peut d\u00e9tecter la forme humaine pour une alarme intelligente et des statistiques sur le nombre de personnes.<br \/>\nApplications \u00e9tendues : Cl\u00f4ture \u00e9lectronique, d\u00e9tection des passages \u00e0 niveau, d\u00e9tection des d\u00e9parts et statistiques sur les flux de passagers<\/td>\n<\/tr>\n<tr style=\"height: 36.00pt;\">\n<td class=\"et5\" style=\"height: 36.00pt; width: 756.60pt; border-right: .5pt solid #000000;\" colspan=\"2\" width=\"1261\" height=\"60\">Algorithme intelligent de capture et de reconnaissance des visages<\/td>\n<\/tr>\n<tr style=\"height: 38.00pt;\">\n<td class=\"et4\" style=\"height: 38.00pt; width: 129.60pt;\" width=\"216\" height=\"63\">D\u00e9tection de masque<\/td>\n<td class=\"et4\" style=\"width: 627.00pt;\" width=\"1045\">Soutien<\/td>\n<\/tr>\n<tr style=\"height: 86.00pt;\">\n<td class=\"et4\" style=\"height: 86.00pt; width: 129.60pt;\" width=\"216\" height=\"143\">Capture de visage<\/td>\n<td class=\"et4\" style=\"width: 627.00pt;\" width=\"1045\">Il prend en charge la d\u00e9duplication faciale et permet de d\u00e9finir des modes de capture rapide et de capture de qualit\u00e9.<br \/>\nCapture rapide : Pousser rapidement les images faciales qui apparaissent<br \/>\nCapture de qualit\u00e9 : Permet d'obtenir la meilleure image du visage pendant la p\u00e9riode d'apparition du visage.<br \/>\nQualit\u00e9 faciale r\u00e9glable, prise en charge de la d\u00e9tection et du suivi des visages de 6 personnes par image.<br \/>\nCapture simultan\u00e9e de 6 personnes, avec une taille minimale de pixel facial de 20 * 20<\/td>\n<\/tr>\n<tr style=\"height: 86.00pt;\">\n<td class=\"et4\" style=\"height: 86.00pt; width: 129.60pt;\" width=\"216\" height=\"143\">Comparaison des visages<\/td>\n<td class=\"et4\" style=\"width: 627.00pt;\" width=\"1045\">Prend en charge la fonction de comparaison, le t\u00e9l\u00e9chargement de biblioth\u00e8ques de visages vers des appareils utilisant EasyVMS, APP et NVR, et la comparaison de visages sur une seule machine.<br \/>\nSoutenir le signalement des inconnus \u00e0 la police et le signalement des listes noires et blanches.<\/td>\n<\/tr>\n<tr style=\"height: 47.00pt;\">\n<td class=\"et4\" style=\"height: 47.00pt; width: 129.60pt;\" width=\"216\" height=\"78\">Le nombre de bases de donn\u00e9es de visages<\/td>\n<td class=\"et4\" style=\"width: 627.00pt;\" width=\"1045\">Prise en charge de 1000 bases de donn\u00e9es de visages (utilis\u00e9 avec les NVR N310B, N316B, N336A)<br \/>\nPrise en charge d'une base de donn\u00e9es de 5 000 visages (utilis\u00e9e avec EasyVMS et APP)<\/td>\n<\/tr>\n<tr style=\"height: 47.00pt;\">\n<td class=\"et4\" style=\"height: 47.00pt; width: 129.60pt;\" width=\"216\" height=\"78\">Distance de reconnaissance<\/td>\n<td class=\"et4\" style=\"width: 627.00pt;\" width=\"1045\">Objectif de 6 mm : 3-5 m\u00e8tres<\/td>\n<\/tr>\n<tr style=\"height: 77.00pt;\">\n<td class=\"et4\" style=\"height: 77.00pt; width: 129.60pt;\" width=\"216\" height=\"128\">Lien fonctionnel<\/td>\n<td class=\"et4\" style=\"width: 627.00pt;\" width=\"1045\">Il prend en charge la diffusion vocale, la sortie d'alarme, la capture d'images sur carte TF, l'enregistrement vid\u00e9o sur carte TF et le t\u00e9l\u00e9chargement FTP ;<\/p>\n<p>Associ\u00e9 \u00e0 un NVR intelligent, il peut assurer des fonctions telles que la gestion d'une base de donn\u00e9es de visages, le couplage d'alarmes avec une liste noire et blanche, la recherche rapide de personnes inconnues et la recherche de vid\u00e9os par visage. (N310B, N316B, N336A)<\/td>\n<\/tr>\n<tr style=\"height: 29.00pt;\">\n<td class=\"et5\" style=\"height: 29.00pt; width: 756.60pt; border-right: .5pt solid #000000;\" colspan=\"2\" width=\"1261\" height=\"48\">Algorithme intelligent de capture et de reconnaissance des visages :<\/td>\n<\/tr>\n<tr style=\"height: 93.00pt;\">\n<td class=\"et4\" style=\"height: 93.00pt; width: 129.60pt;\" width=\"216\" height=\"155\">Mode de reconnaissance des plaques d'immatriculation<\/td>\n<td class=\"et4\" style=\"width: 627.00pt;\" width=\"1045\">Prise en charge du mode automatique et du mode manuel ;<br \/>\nIl peut \u00eatre utilis\u00e9 \u00e0 la fois pour la surveillance et la reconnaissance des plaques d'immatriculation. Lorsqu'il n'y a pas de plaque d'immatriculation, l'environnement peut \u00eatre clairement vu. Lorsqu'une plaque d'immatriculation est d\u00e9tect\u00e9e, la lumi\u00e8re est collect\u00e9e.<br \/>\nPrise en charge de la saisie globale des plaques d'immatriculation, de la reconnaissance des plaques d'immatriculation en Chine et au Vi\u00eat Nam ;<\/td>\n<\/tr>\n<tr style=\"height: 57.00pt;\">\n<td class=\"et4\" style=\"height: 57.00pt; width: 129.60pt;\" width=\"216\" height=\"95\">M\u00e9thode d'identification<\/td>\n<td class=\"et4\" style=\"width: 627.00pt;\" width=\"1045\">Reconnaissance algorithmique structur\u00e9e des plaques d'immatriculation<\/td>\n<\/tr>\n<tr style=\"height: 57.00pt;\">\n<td class=\"et4\" style=\"height: 57.00pt; width: 129.60pt;\" width=\"216\" height=\"95\">Informations sur la sortie<\/td>\n<td class=\"et4\" style=\"width: 627.00pt;\" width=\"1045\">Prise en charge de la reconnaissance de la couleur de la plaque d'immatriculation, du num\u00e9ro de la plaque d'immatriculation et des informations sur le mod\u00e8le du v\u00e9hicule.<br \/>\nPrise en charge de l'affichage OSD superpos\u00e9 des informations relatives \u00e0 la plaque d'immatriculation ;<\/td>\n<\/tr>\n<tr style=\"height: 57.00pt;\">\n<td class=\"et4\" style=\"height: 57.00pt; width: 129.60pt;\" width=\"216\" height=\"95\">Vitesse du v\u00e9hicule<\/td>\n<td class=\"et4\" style=\"width: 627.00pt;\" width=\"1045\">Mode automatique : Inf\u00e9rieur \u00e0 60Km\/h, vitesse r\u00e9glable en mode manuel.<\/td>\n<\/tr>\n<tr style=\"height: 57.00pt;\">\n<td class=\"et4\" style=\"height: 57.00pt; width: 129.60pt;\" width=\"216\" height=\"95\">Distance de reconnaissance<\/td>\n<td class=\"et4\" style=\"width: 627.00pt;\" width=\"1045\">Objectif de 6 mm : 4-13 m\u00e8tres<\/td>\n<\/tr>\n<tr style=\"height: 73.00pt;\">\n<td class=\"et4\" style=\"height: 73.00pt; width: 129.60pt;\" width=\"216\" height=\"121\">Lien fonctionnel<\/td>\n<td class=\"et4\" style=\"width: 627.00pt;\" width=\"1045\">Il prend en charge la diffusion vocale, la sortie d'alarme, la capture d'images sur carte TF, l'enregistrement vid\u00e9o sur carte TF et le t\u00e9l\u00e9chargement FTP ;<\/p>\n<p>Associ\u00e9 \u00e0 un NVR intelligent, il peut assurer des fonctions telles que la gestion de la base de donn\u00e9es des plaques d'immatriculation, l'enregistrement des plaques d'immatriculation inconnues, le couplage des alarmes des listes noire et blanche, la consultation des plaques d'immatriculation et l'enregistrement vid\u00e9o. (N310B, N316B, N336A)<\/td>\n<\/tr>\n<tr style=\"height: 43.00pt;\">\n<td class=\"et5\" style=\"height: 43.00pt; width: 756.60pt; border-right: .5pt solid #000000;\" colspan=\"2\" width=\"1261\" height=\"71\">D\u00e9tection de flamme<\/td>\n<\/tr>\n<tr style=\"height: 52.00pt;\">\n<td class=\"et4\" style=\"height: 52.00pt; width: 129.60pt;\" width=\"216\" height=\"86\">M\u00e9thode de d\u00e9tection<\/td>\n<td class=\"et4\" style=\"width: 627.00pt;\" width=\"1045\">L'algorithme d'image combin\u00e9 aux caract\u00e9ristiques spectrales des flammes et aux caract\u00e9ristiques du corps du feu garantit une d\u00e9tection sensible tout en \u00e9liminant les fausses alarmes.<\/td>\n<\/tr>\n<tr style=\"height: 52.00pt;\">\n<td class=\"et4\" style=\"height: 52.00pt; width: 129.60pt;\" width=\"216\" height=\"86\">Exigences minimales pour les points de flamme<\/td>\n<td class=\"et4\" style=\"width: 627.00pt;\" width=\"1045\">50*80 pixels<\/td>\n<\/tr>\n<tr style=\"height: 52.00pt;\">\n<td class=\"et4\" style=\"height: 52.00pt; width: 129.60pt;\" width=\"216\" height=\"86\">Distance de d\u00e9tection<\/td>\n<td class=\"et4\" style=\"width: 627.00pt;\" width=\"1045\">Objectif de 6 mm : 10-15 m\u00e8tres (en fonction de la taille de la flamme)<\/td>\n<\/tr>\n<tr style=\"height: 52.00pt;\">\n<td class=\"et4\" style=\"height: 52.00pt; width: 129.60pt;\" width=\"216\" height=\"86\">Fonction d'alarme<\/td>\n<td class=\"et4\" style=\"width: 627.00pt;\" width=\"1045\">Prise en charge de la diffusion vocale, de la sortie d'alarme, de la capture d'images sur carte TF, de l'enregistrement vid\u00e9o sur carte TF, du t\u00e9l\u00e9chargement FTP et de l'envoi d'APP.<\/td>\n<\/tr>\n<tr style=\"height: 38.00pt;\">\n<td class=\"et3\" style=\"height: 38.00pt; width: 756.60pt;\" colspan=\"2\" width=\"1261\" height=\"63\">Vid\u00e9o<\/td>\n<\/tr>\n<tr style=\"height: 38.00pt;\">\n<td class=\"et4\" style=\"height: 38.00pt; width: 129.60pt;\" width=\"216\" height=\"63\">Ethernet<\/td>\n<td class=\"et4\" style=\"width: 627.00pt;\" width=\"1045\">RJ-45 10M\/100M auto-adaptation<\/td>\n<\/tr>\n<tr style=\"height: 38.00pt;\">\n<td class=\"et8\" style=\"height: 76.00pt; width: 129.60pt; border-bottom: .5pt solid #000000;\" rowspan=\"2\" width=\"216\" height=\"126\">R\u00e9solution<\/td>\n<td class=\"et4\" style=\"width: 627.00pt;\" width=\"1045\">5MP (2880 * 1624) \/ 4MP (2560 * 1440) \/ 3MP (2304 * 1296) \/ 2MP (1920 * 1080)<\/td>\n<\/tr>\n<tr style=\"height: 38.00pt;\">\n<td class=\"et4\" style=\"width: 627.00pt;\" width=\"1045\">R\u00e9solutions du sous-flux : 448P (800 * 448) \/ D1 (704 * 576) \/ 360P (640 * 360) \/ CIF (352 * 288)<\/td>\n<\/tr>\n<tr style=\"height: 38.00pt;\">\n<td class=\"et4\" style=\"height: 38.00pt; width: 129.60pt;\" width=\"216\" height=\"63\">Protocole<\/td>\n<td class=\"et4\" style=\"width: 627.00pt;\" width=\"1045\"><span class=\"font2\">ONVIF<\/span><span class=\"font5\">\uff0c<\/span><span class=\"font2\">P2P<\/span><span class=\"font5\">\uff0c<\/span><span class=\"font2\">CGI<\/span><span class=\"font5\">\uff0c<\/span><span class=\"font2\">HTTP<\/span><span class=\"font5\">\uff0c<\/span><span class=\"font2\">TCP\/IP<\/span><span class=\"font5\">\uff0c<\/span><span class=\"font2\">IPv4<\/span><span class=\"font5\">\uff0c<\/span><span class=\"font2\">RTSP<\/span><span class=\"font5\">\uff0c<\/span><span class=\"font2\">UDP<\/span><span class=\"font5\">\uff0c<\/span><span class=\"font2\">NTP<\/span><span class=\"font5\">\uff0c<\/span><span class=\"font2\">DHCP<\/span><span class=\"font5\">\uff0c<\/span><span class=\"font2\">DNS<\/span><span class=\"font5\">\uff0c<\/span><span class=\"font2\">Filtre IP<\/span><span class=\"font5\">\uff0c<\/span><span class=\"font2\">FTP<\/span><\/td>\n<\/tr>\n<tr style=\"height: 38.00pt;\">\n<td class=\"et4\" style=\"height: 38.00pt; width: 129.60pt;\" width=\"216\" height=\"63\">Protocole d'acc\u00e8s<\/td>\n<td class=\"et4\" style=\"width: 627.00pt;\" width=\"1045\">Protocole ONVIF\/Protocole priv\u00e9\/CGI<\/td>\n<\/tr>\n<tr style=\"height: 38.00pt;\">\n<td class=\"et4\" style=\"height: 38.00pt; width: 129.60pt;\" width=\"216\" height=\"63\">Connexion maximale<\/td>\n<td class=\"et4\" style=\"width: 627.00pt;\" width=\"1045\"><span class=\"font2\">3 flux principaux<\/span><span class=\"font5\">\uff0c<\/span><span class=\"font2\">3 sous-flux<\/span><\/td>\n<\/tr>\n<tr style=\"height: 38.00pt;\">\n<td class=\"et4\" style=\"height: 38.00pt; width: 129.60pt;\" width=\"216\" height=\"63\">Client<\/td>\n<td class=\"et4\" style=\"width: 627.00pt;\" width=\"1045\"><span class=\"font2\">IOS<\/span><span class=\"font5\">\uff0c<\/span><span class=\"font2\">Android<\/span><span class=\"font5\">\uff0c<\/span><span class=\"font2\">Fen\u00eatres<\/span><\/td>\n<\/tr>\n<tr style=\"height: 38.00pt;\">\n<td class=\"et3\" style=\"height: 38.00pt; width: 756.60pt;\" colspan=\"2\" width=\"1261\" height=\"63\">Audio<\/td>\n<\/tr>\n<tr style=\"height: 38.00pt;\">\n<td class=\"et4\" style=\"height: 38.00pt; width: 129.60pt;\" width=\"216\" height=\"63\">Audio<\/td>\n<td class=\"et4\" style=\"width: 627.00pt;\" width=\"1045\"><span class=\"font2\">G.711U<\/span><span class=\"font5\">\u3001<\/span><span class=\"font2\">G711A<\/span><\/td>\n<\/tr>\n<tr style=\"height: 38.00pt;\">\n<td class=\"et4\" style=\"height: 38.00pt; width: 129.60pt;\" width=\"216\" height=\"63\">Entr\u00e9e audio<\/td>\n<td class=\"et4\" style=\"width: 627.00pt;\" width=\"1045\">Soutien<\/td>\n<\/tr>\n<tr style=\"height: 38.00pt;\">\n<td class=\"et4\" style=\"height: 38.00pt; width: 129.60pt;\" width=\"216\" height=\"63\">Sortie audio<\/td>\n<td class=\"et4\" style=\"width: 627.00pt;\" width=\"1045\">Soutien<\/td>\n<\/tr>\n<tr style=\"height: 38.00pt;\">\n<td class=\"et3\" style=\"height: 38.00pt; width: 756.60pt;\" colspan=\"2\" width=\"1261\" height=\"63\">Autres interfaces<\/td>\n<\/tr>\n<tr style=\"height: 38.00pt;\">\n<td class=\"et10\" style=\"height: 38.00pt; width: 129.60pt;\" width=\"216\" height=\"63\">Leds IR<\/td>\n<td class=\"et10\" style=\"width: 627.00pt;\" width=\"1045\">4pcs White Led(Dual-Light) (double \u00e9clairage)<\/td>\n<\/tr>\n<tr style=\"height: 38.00pt;\">\n<td class=\"et10\" style=\"height: 38.00pt; width: 129.60pt;\" width=\"216\" height=\"63\">Coupe IR<\/td>\n<td class=\"et10\" style=\"width: 627.00pt;\" width=\"1045\">Oui<\/td>\n<\/tr>\n<tr style=\"height: 38.00pt;\">\n<td class=\"et10\" style=\"height: 38.00pt; width: 129.60pt;\" width=\"216\" height=\"63\">Lentille<\/td>\n<td class=\"et10\" style=\"width: 627.00pt;\" width=\"1045\">3,6\/6 mm (2,8 mm en option)<\/td>\n<\/tr>\n<tr style=\"height: 38.00pt;\">\n<td class=\"et10\" style=\"height: 38.00pt; width: 129.60pt;\" width=\"216\" height=\"63\">Distance IR<\/td>\n<td class=\"et10\" style=\"width: 627.00pt;\" width=\"1045\">30m<\/td>\n<\/tr>\n<tr style=\"height: 38.00pt;\">\n<td class=\"et10\" style=\"height: 38.00pt; width: 129.60pt;\" width=\"216\" height=\"63\">Imperm\u00e9able \u00e0 l'eau<\/td>\n<td class=\"et10\" style=\"width: 627.00pt;\" width=\"1045\">IP66<\/td>\n<\/tr>\n<tr style=\"height: 38.00pt;\">\n<td class=\"et4\" style=\"height: 38.00pt; width: 129.60pt;\" width=\"216\" height=\"63\">Puissance<\/td>\n<td class=\"et4\" style=\"width: 627.00pt;\" width=\"1045\">DC12V \/ POE 48V<\/td>\n<\/tr>\n<tr style=\"height: 38.00pt;\">\n<td class=\"et4\" style=\"height: 38.00pt; width: 129.60pt;\" width=\"216\" height=\"63\">Carte TF<\/td>\n<td class=\"et4\" style=\"width: 627.00pt;\" width=\"1045\">Prise en charge de 512G TF<\/td>\n<\/tr>\n<tr style=\"height: 38.00pt;\">\n<td class=\"et4\" style=\"height: 38.00pt; width: 129.60pt;\" width=\"216\" height=\"63\">Temp\u00e9rature<\/td>\n<td class=\"et4\" style=\"width: 627.00pt;\" width=\"1045\"><span class=\"font2\">-30\u2103<\/span><span class=\"font5\">\uff5e<\/span><span class=\"font2\">+70\u2103<\/span><\/td>\n<\/tr>\n<\/tbody>\n<\/table>","protected":false},"featured_media":549,"comment_status":"open","ping_status":"closed","template":"","meta":{"_seopress_robots_primary_cat":"","_seopress_titles_title":"5MP AI IP Cameras Support Face Recognition","_seopress_titles_desc":"5MP AI IP camera support Face Recognition, License Plate Recognition, or Flame Detection","_seopress_robots_index":""},"product_brand":[],"product_cat":[46],"product_tag":[],"class_list":{"0":"post-3338","1":"product","2":"type-product","3":"status-publish","4":"has-post-thumbnail","6":"product_cat-ip-cameras","8":"first","9":"instock","10":"shipping-taxable","11":"product-type-simple"},"_links":{"self":[{"href":"https:\/\/jer-tech.com\/fr\/wp-json\/wp\/v2\/product\/3338","targetHints":{"allow":["GET"]}}],"collection":[{"href":"https:\/\/jer-tech.com\/fr\/wp-json\/wp\/v2\/product"}],"about":[{"href":"https:\/\/jer-tech.com\/fr\/wp-json\/wp\/v2\/types\/product"}],"replies":[{"embeddable":true,"href":"https:\/\/jer-tech.com\/fr\/wp-json\/wp\/v2\/comments?post=3338"}],"wp:featuredmedia":[{"embeddable":true,"href":"https:\/\/jer-tech.com\/fr\/wp-json\/wp\/v2\/media\/549"}],"wp:attachment":[{"href":"https:\/\/jer-tech.com\/fr\/wp-json\/wp\/v2\/media?parent=3338"}],"wp:term":[{"taxonomy":"product_brand","embeddable":true,"href":"https:\/\/jer-tech.com\/fr\/wp-json\/wp\/v2\/product_brand?post=3338"},{"taxonomy":"product_cat","embeddable":true,"href":"https:\/\/jer-tech.com\/fr\/wp-json\/wp\/v2\/product_cat?post=3338"},{"taxonomy":"product_tag","embeddable":true,"href":"https:\/\/jer-tech.com\/fr\/wp-json\/wp\/v2\/product_tag?post=3338"}],"curies":[{"name":"wp","href":"https:\/\/api.w.org\/{rel}","templated":true}]}}