{"id":3322,"date":"2025-10-13T10:58:02","date_gmt":"2025-10-13T02:58:02","guid":{"rendered":"https:\/\/jer-tech.com\/?post_type=product&#038;p=3322"},"modified":"2025-10-13T10:58:03","modified_gmt":"2025-10-13T02:58:03","slug":"camera-solaire-4g-2","status":"publish","type":"product","link":"https:\/\/jer-tech.com\/fr\/produit\/camera-solaire-4g-2\/","title":{"rendered":"Cam\u00e9ra solaire 4G \u00e0 objectif unique"},"content":{"rendered":"<p>&nbsp;<\/p>\n<p>&nbsp;<\/p>","protected":false},"excerpt":{"rendered":"<p><strong><b>Produit<\/b><\/strong><strong><b>\u00a0<\/b><\/strong><strong><b>Caract\u00e9ristiques<\/b><\/strong><strong><b>\uff1a<\/b><\/strong><\/p>\n<ul>\n<li><b><\/b><strong><b>5<\/b><\/strong><strong><b>T<\/b><\/strong><b><\/b><strong><b>AI<\/b><\/strong><strong><b>\u00a0<\/b><\/strong><strong><b>copeaux<\/b><\/strong><strong><b>, <\/b><\/strong><strong><b>double<\/b><\/strong><strong><b>\u00a0<\/b><\/strong><strong><b>canal<\/b><\/strong><strong><b>\u00a0<\/b><\/strong><strong><b>1920*1080\uff082<\/b><\/strong><strong><b>MP<\/b><\/strong><strong><b>\uff09<\/b><\/strong><strong><b>\u00a0<\/b><\/strong><strong><b>FHD<\/b><\/strong><strong><b>\u00a0<\/b><\/strong><strong><b>image<\/b><\/strong><strong><b>,<\/b><\/strong><strong><b>\u00a0<\/b><\/strong><strong><b>H.265+<\/b><\/strong><strong><b>\u00a0<\/b><\/strong><strong><b>code<\/b><\/strong><strong><b>,<\/b><\/strong><strong><b>\u00a0<\/b><\/strong><strong><b>Clair<\/b><\/strong><strong><b>\u00a0<\/b><\/strong><strong><b>et<\/b><\/strong><strong><b>\u00a0<\/b><\/strong><strong><b>d\u00e9licate<\/b><\/strong><strong><b>\u00a0<\/b><\/strong><strong><b>image<\/b><\/strong><\/li>\n<li><b><\/b><strong><b>Appareil photo \u00e0 objectif unique <\/b><\/strong><strong><b>surveillance<\/b><\/strong><strong><b>,<\/b><\/strong><strong><b> a\u00a0<\/b><\/strong><strong><b>balle<\/b><\/strong><strong><b>\u00a0<\/b><\/strong><strong><b>avec<\/b><\/strong><strong><b> une petite taille<\/b><\/strong><strong><b>\u00a0<\/b><\/strong><strong><b>lentille<\/b><\/strong><strong><b>\u00a0<\/b><\/strong><strong><b>pour<\/b><\/strong><strong><b> a\u00a0<\/b><\/strong><strong><b>plus grande<\/b><\/strong><strong><b>\u00a0<\/b><\/strong><strong><b>contr\u00f4le<\/b><\/strong><strong><b>\u00a0<\/b><\/strong><strong><b>zone<\/b><\/strong><strong><b>,<\/b><\/strong><strong><b> a\u00a0<\/b><\/strong><strong><b>PT<\/b><\/strong><strong><b>\u00a0<\/b><\/strong><strong><b>d\u00f4me<\/b><\/strong><strong><b>\u00a0<\/b><\/strong><strong><b>avec<\/b><\/strong><strong><b> une grande taille<\/b><\/strong><strong><b>\u00a0<\/b><\/strong><strong><b>lentille<\/b><\/strong><strong><b>\u00a0<\/b><\/strong><strong><b>pour<\/b><\/strong><strong><b>\u00a0<\/b><\/strong><strong><b>contr\u00f4le<\/b><\/strong><strong><b>\u00a0<\/b><\/strong><strong><b>plus<\/b><\/strong><strong><b>\u00a0<\/b><\/strong><strong><b>d\u00e9tails,<\/b><\/strong><strong><b>\u00a0<\/b><\/strong><strong><b>et<\/b><\/strong><strong><b>\u00a0<\/b><\/strong><strong><b>trac<\/b><\/strong><strong><b>roi<\/b><\/strong><\/li>\n<li><b><\/b><strong><b>Des sha humains pr\u00e9cis<\/b><\/strong><strong><b>d\u00e9tection des pe, distance<\/b><\/strong><strong><b>\u00a0<\/b><\/strong><strong><b>jusqu'\u00e0 40 m\u00e8tres, pr\u00e9cision<\/b><\/strong><strong><b>\u00a0<\/b><\/strong><strong><b>jusqu'\u00e0 99,88%<\/b><\/strong><\/li>\n<li><b><\/b><strong><b>24 heures sur 24 <\/b><\/strong><strong><b>l'enregistrement,<\/b><\/strong><strong><b>\u00a0<\/b><\/strong><strong><b>interrupteur<\/b><\/strong><strong><b>\u00a0<\/b><\/strong><strong><b>\u00e0<\/b><\/strong><strong><b>\u00a0<\/b><\/strong><strong><b>complet<\/b><\/strong><strong><b>\u00a0<\/b><\/strong><strong><b>fps<\/b><\/strong><strong><b>\u00a0<\/b><\/strong><strong><b>enregistrement<\/b><\/strong><strong><b>\u00a0<\/b><\/strong><strong><b>\u00e0 l'int\u00e9rieur<\/b><\/strong><strong><b>\u00a0<\/b><\/strong><strong><b>50ms<\/b><\/strong><strong><b>\u00a0<\/b><\/strong><strong><b>apr\u00e8s<\/b><\/strong><strong><b>\u00a0<\/b><\/strong><strong><b>d\u00e9tecter<\/b><\/strong><strong><b>\u00a0<\/b><\/strong><strong><b>humain<\/b><\/strong><strong><b>\u00a0<\/b><\/strong><strong><b>forme<\/b><\/strong><\/li>\n<li><b><\/b><strong><b>Premier AOV <\/b><\/strong><strong><b>cam\u00e9ra<\/b><\/strong><strong><b>\u00a0<\/b><\/strong><strong><b>avec<\/b><\/strong><strong><b>\u00a0<\/b><\/strong><strong><b>audio<\/b><\/strong><strong><b>\u00a0<\/b><\/strong><strong><b>enregistrement<\/b><\/strong><strong><b>,<\/b><\/strong><strong><b>\u00a0<\/b><\/strong><strong><b>meilleur<\/b><\/strong><strong><b>\u00a0<\/b><\/strong><strong><b>exp\u00e9rience<\/b><\/strong><\/li>\n<li><b><\/b><strong><b>265+<\/b><\/strong><b><\/b><strong><b>inf\u00e9rieur<\/b><\/strong><strong><b>\u00a0<\/b><\/strong><strong><b>la technologie de codage,<\/b><\/strong><strong><b>\u00a0<\/b><\/strong><strong><b>sauver<\/b><\/strong><strong><b>\u00a0<\/b><\/strong><strong><b>stockage<\/b><\/strong><strong><b>\u00a0<\/b><\/strong><strong><b>l'espace,<\/b><\/strong><strong><b>\u00a0<\/b><\/strong><strong><b>inf\u00e9rieur<\/b><\/strong><strong><b>\u00a0<\/b><\/strong><strong><b>largeur de bande,<\/b><\/strong><strong><b>\u00a0<\/b><\/strong><strong><b>et<\/b><\/strong><strong><b>\u00a0<\/b><\/strong><strong><b>r\u00e9duire la 4G<\/b><\/strong><strong><b>\u00a0<\/b><\/strong><strong><b>donn\u00e9es<\/b><\/strong><strong><b>\u00a0<\/b><\/strong><strong><b>la consommation<\/b><\/strong><\/li>\n<li><b><\/b><strong><b>Profondeur<\/b><\/strong><b><\/b><strong><b>am\u00e9lior\u00e9e<\/b><\/strong><strong><b>\u00a0<\/b><\/strong><strong><b>Echo<\/b><\/strong><strong><b>\u00a0<\/b><\/strong><strong><b>algorithme<\/b><\/strong><strong><b>,<\/b><\/strong><strong><b>\u00a0<\/b><\/strong><strong><b>meilleur<\/b><\/strong><strong><b> conversation bidirectionnelle<\/b><\/strong><strong><b>\u00a0<\/b><\/strong><strong><b>exp\u00e9rience<\/b><\/strong><\/li>\n<li><b><\/b><strong><b>Connect\u00e9 \u00e0 un r\u00e9seau de 4<\/b><\/strong><strong><b>G<\/b><\/strong><strong><b>\u00a0<\/b><\/strong><strong><b>r\u00e9seau<\/b><\/strong><strong><b>, <\/b><\/strong><strong><b>avec<\/b><\/strong><strong><b>\u00a0<\/b><\/strong><strong><b>Complet<\/b><\/strong><strong><b>\u00a0<\/b><\/strong><strong><b>fr\u00e9quence<\/b><\/strong><strong><b>\u00a0<\/b><\/strong><strong><b>groupe<\/b><\/strong><strong><b>\u00a0<\/b><\/strong><strong><b>couverture<\/b><\/strong><strong><b>,<\/b><\/strong><strong><b>\u00a0<\/b><\/strong><strong><b>il<\/b><\/strong><strong><b>\u00a0<\/b><\/strong><strong><b>peut<\/b><\/strong><strong><b>\u00a0<\/b><\/strong><strong><b>automatiquement<\/b><\/strong><strong><b>\u00a0<\/b><\/strong><strong><b>relier<\/b><\/strong><strong><b>\u00a0<\/b><\/strong><strong><b>\u00e0<\/b><\/strong><strong><b>\u00a0<\/b><\/strong><strong><b>les<\/b><\/strong><strong><b>\u00a0<\/b><\/strong><strong><b>serveur sur<\/b><\/strong><strong><b>\u00a0<\/b><\/strong><strong><b>pouvoir<\/b><\/strong><strong><b>\u00a0<\/b><\/strong><strong><b>sur,<\/b><\/strong><strong><b>\u00a0<\/b><\/strong><strong><b>scanner<\/b><\/strong><strong><b>\u00a0<\/b><\/strong><strong><b>les<\/b><\/strong><strong><b>\u00a0<\/b><\/strong><strong><b>code<\/b><\/strong><strong><b>\u00a0<\/b><\/strong><strong><b>\u00e0<\/b><\/strong><strong><b>\u00a0<\/b><\/strong><strong><b>ajouter<\/b><\/strong><strong><b>\u00a0<\/b><\/strong><strong><b>dispositif<\/b><\/strong><strong><b>s,<\/b><\/strong><strong><b>\u00a0<\/b><\/strong><strong><b>compl\u00e8tement<\/b><\/strong><strong><b>\u00a0<\/b><\/strong><strong><b>la r\u00e9solution<\/b><\/strong><strong><b>\u00a0<\/b><\/strong><strong><b>les<\/b><\/strong><strong><b>\u00a0<\/b><\/strong><strong><b>probl\u00e8me<\/b><\/strong><strong><b>\u00a0<\/b><\/strong><strong><b>de<\/b><\/strong><strong><b>\u00a0<\/b><\/strong><strong><b>difficile<\/b><\/strong><strong><b>\u00a0<\/b><\/strong><strong><b>code<\/b><\/strong><strong><b>\u00a0<\/b><\/strong><strong><b>correspondance<\/b><\/strong><strong><b>\u00a0<\/b><\/strong><strong><b>pour<\/b><\/strong><strong><b>\u00a0\u00a0sans fil<\/b><\/strong><strong><b>\u00a0<\/b><\/strong><strong><b>cam\u00e9ra<\/b><\/strong><strong><b>\u00a0<\/b><\/strong><strong><b>produits<\/b><\/strong><\/li>\n<li><b><\/b><strong><b>Assurer l'\u00e9quipement <\/b><\/strong><strong><b>est<\/b><\/strong><strong><b>\u00a0<\/b><\/strong><strong><b>pas<\/b><\/strong><strong><b>\u00a0<\/b><\/strong><strong><b>d\u00e9connect\u00e9,<\/b><\/strong><strong><b>\u00a0<\/b><\/strong><strong><b>soutien<\/b><\/strong><strong><b>\u00a0<\/b><\/strong><strong><b>faute<\/b><\/strong><strong><b>\u00a0<\/b><\/strong><strong><b>d\u00e9tection<\/b><\/strong><strong><b>\u00a0<\/b><\/strong><strong><b>fonction,<\/b><\/strong><strong><b>\u00a0<\/b><\/strong><strong><b>et<\/b><\/strong><strong><b>\u00a0<\/b><\/strong><strong><b>aider<\/b><\/strong><strong><b>\u00a0<\/b><\/strong><strong><b>installation<\/b><\/strong><strong><b>\u00a0le personnel<\/b><\/strong><strong><b>\u00a0<\/b><\/strong><strong><b>en<\/b><\/strong><strong><b>\u00a0<\/b><\/strong><strong><b>rapidement<\/b><\/strong><strong><b>\u00a0<\/b><\/strong><strong><b>localisation<\/b><\/strong><strong><b>\u00a0<\/b><\/strong><strong><b>faute<\/b><\/strong><strong><b>\u00a0<\/b><\/strong><strong><b>probl\u00e8mes<\/b><\/strong><strong><b>\uff1b<\/b><\/strong><strong><b>\u00a0<\/b><\/strong><strong><b>Triple<\/b><\/strong><strong><b>\u00a0<\/b><\/strong><strong><b>d\u00e9connexion<\/b><\/strong><strong><b>\u00a0<\/b><\/strong><strong><b>protection<\/b><\/strong><strong><b>\u00a0<\/b><\/strong><strong><b>m\u00e9canisme<\/b><\/strong><\/li>\n<li><b><\/b><strong><b>Soutenir l'homme <\/b><\/strong><strong><b>forme<\/b><\/strong><strong><b>\u00a0<\/b><\/strong><strong><b>d\u00e9tection<\/b><\/strong><strong><b>,<\/b><\/strong><strong><b>\u00a0<\/b><\/strong><strong><b>gardien<\/b><\/strong><strong><b>\u00a0<\/b><\/strong><strong><b>position,<\/b><\/strong><strong><b>\u00a0<\/b><\/strong><strong><b>et<\/b><\/strong><strong><b> auto-ajustement<\/b><\/strong><\/li>\n<li><b><\/b><strong><b>Mode de travail support\u00e9<\/b><\/strong><strong><b>\u00a0<\/b><\/strong><strong><b>intelligent<\/b><\/strong><strong><b>\u00a0<\/b><\/strong><strong><b>interrupteur<\/b><\/strong><\/li>\n<li><b><\/b><strong><b>L'alarme sonore et lumineuse<\/b><\/strong><strong><b>\u00a0<\/b><\/strong><strong><b>\u00eatre<\/b><\/strong><strong><b>\u00a0<\/b><\/strong><strong><b>d\u00e9clench\u00e9<\/b><\/strong><strong><b>\u00a0<\/b><\/strong><strong><b>onc<\/b><\/strong><strong><b>e<\/b><\/strong><strong><b> a\u00a0<\/b><\/strong><strong><b>en mouvement<\/b><\/strong><strong><b>\u00a0<\/b><\/strong><strong><b>objet<\/b><\/strong><strong><b> est\u00a0<\/b><\/strong><strong><b>d\u00e9tect\u00e9<\/b><\/strong><\/li>\n<li><b><\/b><strong><b>Support double<\/b><\/strong><strong><b>\u00a0<\/b><\/strong><strong><b>lumi\u00e8re<\/b><\/strong><strong><b>\uff0c4<\/b><\/strong><strong><b>\u00a0<\/b><\/strong><strong><b>nuit<\/b><\/strong><strong><b>\u00a0<\/b><\/strong><strong><b>visions\uff1a<\/b><\/strong><strong><b>\u00a0<\/b><\/strong><strong><b>B\/W\u3001full-color\u3001smart\u3001star<\/b><\/strong><strong><b>lumi\u00e8re<\/b><\/strong><\/li>\n<li><b><\/b><strong><b>7V, ce qui lui permet de<\/b><\/strong><strong><b>\u00a0travailler avec un panneau solaire<\/b><\/strong><\/li>\n<li><b><\/b><strong><b>Prise en charge de l'informatique en nuage et de la technologie de l'information<\/b><\/strong><b><\/b><strong><b>carte<\/b><\/strong><strong><b>\u00a0<\/b><\/strong><strong><b>sto<\/b><\/strong><strong><b>rage(max<\/b><\/strong><strong><b>\u00a0<\/b><\/strong><strong><b>monter<\/b><\/strong><strong><b>\u00a0<\/b><\/strong><strong><b>\u00e0<\/b><\/strong><strong><b>\u00a0<\/b><\/strong><strong><b>256GB)<\/b><\/strong><strong><b>\u00a0<\/b><\/strong><strong><b>(nuage<\/b><\/strong><strong><b>\u00a0<\/b><\/strong><strong><b>stockage<\/b><\/strong><strong><b>\u00a0<\/b><\/strong><strong><b>Suivi\uff09<\/b><\/strong><\/li>\n<li><b><\/b><strong><b>L'APP soutient <\/b><\/strong><strong><b>17<\/b><\/strong><strong><b>\u00a0<\/b><\/strong><strong><b>langues :<\/b><\/strong><strong><b>\u00a0<\/b><\/strong><strong><b>Chinois simplifi\u00e9\/Chinois traditionnel\/Anglais\/Finlandais\/Cor\u00e9en\/Fran\u00e7ais\/<\/b><\/strong><\/li>\n<\/ul>\n<p><strong><b>Portugais\/Tha\u00ef\/Espagnol\/Polonais\/Indon\u00e9sien\/Allemand\/Italien\/Russe<\/b><\/strong><strong><b>\/Japonais\/Vietnamien\/Arabe\/Turc<\/b><\/strong><\/p>\n<p><img fetchpriority=\"high\" decoding=\"async\" class=\"wp-image-3581 size-full alignleft\" src=\"https:\/\/jer-tech.com\/wp-content\/uploads\/2025\/10\/AOV-Solar-scaled.png\" alt=\"AOV Solar\" width=\"714\" height=\"2560\" srcset=\"https:\/\/jer-tech.com\/wp-content\/uploads\/2025\/10\/AOV-Solar-scaled.png 714w, https:\/\/jer-tech.com\/wp-content\/uploads\/2025\/10\/AOV-Solar-84x300.png 84w, https:\/\/jer-tech.com\/wp-content\/uploads\/2025\/10\/AOV-Solar-428x1536.png 428w, https:\/\/jer-tech.com\/wp-content\/uploads\/2025\/10\/AOV-Solar-571x2048.png 571w, https:\/\/jer-tech.com\/wp-content\/uploads\/2025\/10\/AOV-Solar-3x12.png 3w\" sizes=\"(max-width: 714px) 100vw, 714px\" \/><\/p>","protected":false},"featured_media":3582,"comment_status":"open","ping_status":"closed","template":"","meta":{"_seopress_robots_primary_cat":"","_seopress_titles_title":"4G Solar-Powered Camera - AOV Solar Camera Supplier - JER Company","_seopress_titles_desc":"Hot-selling 4G AOV Solar Powered Camera Support human shape detection. OEM ODM 4G AOV Solar Camera manufacturer in China.","_seopress_robots_index":""},"product_brand":[],"product_cat":[358,107],"product_tag":[],"class_list":{"0":"post-3322","1":"product","2":"type-product","3":"status-publish","4":"has-post-thumbnail","6":"product_cat-4g-solar-camera","7":"product_cat-wireless-camera","9":"first","10":"instock","11":"shipping-taxable","12":"product-type-simple"},"_links":{"self":[{"href":"https:\/\/jer-tech.com\/fr\/wp-json\/wp\/v2\/product\/3322","targetHints":{"allow":["GET"]}}],"collection":[{"href":"https:\/\/jer-tech.com\/fr\/wp-json\/wp\/v2\/product"}],"about":[{"href":"https:\/\/jer-tech.com\/fr\/wp-json\/wp\/v2\/types\/product"}],"replies":[{"embeddable":true,"href":"https:\/\/jer-tech.com\/fr\/wp-json\/wp\/v2\/comments?post=3322"}],"wp:featuredmedia":[{"embeddable":true,"href":"https:\/\/jer-tech.com\/fr\/wp-json\/wp\/v2\/media\/3582"}],"wp:attachment":[{"href":"https:\/\/jer-tech.com\/fr\/wp-json\/wp\/v2\/media?parent=3322"}],"wp:term":[{"taxonomy":"product_brand","embeddable":true,"href":"https:\/\/jer-tech.com\/fr\/wp-json\/wp\/v2\/product_brand?post=3322"},{"taxonomy":"product_cat","embeddable":true,"href":"https:\/\/jer-tech.com\/fr\/wp-json\/wp\/v2\/product_cat?post=3322"},{"taxonomy":"product_tag","embeddable":true,"href":"https:\/\/jer-tech.com\/fr\/wp-json\/wp\/v2\/product_tag?post=3322"}],"curies":[{"name":"wp","href":"https:\/\/api.w.org\/{rel}","templated":true}]}}